{"id":120865,"date":"2025-06-07T19:42:59","date_gmt":"2025-06-07T17:42:59","guid":{"rendered":"https:\/\/www.greenpeace.ch\/?page_id=120865"},"modified":"2025-07-07T08:29:18","modified_gmt":"2025-07-07T06:29:18","slug":"extraction-miniere-non-accord","status":"publish","type":"page","link":"https:\/\/www.greenpeace.ch\/fr\/extraction-miniere-non-accord\/","title":{"rendered":"Protection des fonds marins: non \u00e0 l&rsquo;accord avec Trump!"},"content":{"rendered":"\n\n<div class=\"wp-block-group alignfull is-layout-flow wp-block-group-is-layout-flow\">\n<div class=\"wp-block-group container is-layout-flow wp-block-group-is-layout-flow\">\n<div class=\"wp-block-media-text alignfull has-media-on-the-right is-stacked-on-mobile is-pattern-p4-page-header is-style-parallax\"><div class=\"wp-block-media-text__content\">\n<div class=\"wp-block-group is-layout-flow wp-block-group-is-layout-flow\">\n<h1 class=\"wp-block-heading has-white-background-color has-background\"><strong>Protection des fonds marins: non \u00e0 l&rsquo;accord avec Trump!<\/strong><\/h1>\n<\/div>\n\n\n\n<p style=\"font-size:1.25rem\">14&rsquo;510 personnes ont sign\u00e9 <a href=\"https:\/\/www.greenpeace.ch\/fr\/story-fr\/123132\/extraction-miniere-en-eaux-profondes-la-pression-monte-sur-allseas\/\">la lettre ouverte adress\u00e9e au PDG de l\u2019entreprise suisse Allseas<\/a>, Pieter Heerema, lui demandant de renoncer au projet d\u2019extraction mini\u00e8re en eaux profondes.<\/p>\n<\/div><figure class=\"wp-block-media-text__media\"><img loading=\"lazy\" decoding=\"async\" width=\"1024\" height=\"581\" src=\"https:\/\/www.greenpeace.ch\/static\/planet4-switzerland-stateless\/2025\/07\/8575cbf6-trumpfish_hrf_xl-website-1024x581.jpg\" alt=\"\" sizes=\"auto, (min-width: 601px) 50vw, 100vw\" srcset=\"https:\/\/www.greenpeace.ch\/static\/planet4-switzerland-stateless\/2025\/07\/8575cbf6-trumpfish_hrf_xl-website-scaled.jpg 2560w, https:\/\/www.greenpeace.ch\/static\/planet4-switzerland-stateless\/2025\/07\/8575cbf6-trumpfish_hrf_xl-website-300x170.jpg 300w, https:\/\/www.greenpeace.ch\/static\/planet4-switzerland-stateless\/2025\/07\/8575cbf6-trumpfish_hrf_xl-website-1024x581.jpg 1024w, https:\/\/www.greenpeace.ch\/static\/planet4-switzerland-stateless\/2025\/07\/8575cbf6-trumpfish_hrf_xl-website-768x435.jpg 768w, https:\/\/www.greenpeace.ch\/static\/planet4-switzerland-stateless\/2025\/07\/8575cbf6-trumpfish_hrf_xl-website-1536x871.jpg 1536w, https:\/\/www.greenpeace.ch\/static\/planet4-switzerland-stateless\/2025\/07\/8575cbf6-trumpfish_hrf_xl-website-2048x1161.jpg 2048w, https:\/\/www.greenpeace.ch\/static\/planet4-switzerland-stateless\/2025\/07\/8575cbf6-trumpfish_hrf_xl-website-510x289.jpg 510w\" class=\"wp-image-123086 size-full\"\/><\/figure><\/div>\n<\/div>\n<\/div>\n\n\n<div class=\"wp-block-columns has-2-columns is-style-petition-left is-layout-flex wp-container-core-columns-is-layout-9d6595d7 wp-block-columns-is-layout-flex\">\n<div class=\"wp-block-column is-layout-flow wp-block-column-is-layout-flow\">\n<p>La r\u00e9colte des signatures est termin\u00e9e.<\/p>\n\n\n<div class=\"gpch-block-form-progress-outer\" style=\"background-color: #303133;\">\n    <div class=\"gpch-block-form-progress-inner\" style=\"width: 96.733333333333%; background-color: #87bc25\">\n\n    <\/div>\n<\/div>\n\n<p> 14&#039;510 personnes ont sign\u00e9.<\/p><\/div>\n\n\n\n<div class=\"wp-block-column is-layout-flow wp-block-column-is-layout-flow\">\n<h2 class=\"wp-block-heading is-style-default\"><strong>Pas touche aux fonds marins, Monsieur Heerema!<\/strong><\/h2>\n\n\n\n<p><strong>14&rsquo;510 personnes ont sign\u00e9 la lettre ouverte adress\u00e9e \u00e0 Pieter Heerema, directeur g\u00e9n\u00e9ral de la multinationale sp\u00e9cialis\u00e9e dans les grandes infrastructures marines Allseas, dont le si\u00e8ge se trouve \u00e0 Ch\u00e2tel-Saint-Denis, dans le canton de Fribourg\u202f. Cette compagnie d\u00e9veloppe les technologies pour lancer l\u2019extraction mini\u00e8re en eaux profondes.<\/strong><\/p>\n\n\n\n<p>Allseas veut piller les fonds marins pour extraire des m\u00e9taux comme le mangan\u00e8se, le nickel et le cobalt. Partagez notre message: \u00ab\u00a0Allseas, non \u00e0 l\u2019exploitation mini\u00e8re en eaux profondes! Pas touche aux grands fonds marins!\u00a0\u00bb<\/p>\n\n\n\n<h3 class=\"wp-block-heading\">Lettre ouverte<\/h3>\n\n\n\n<div class=\"wp-block-group is-style-quote is-content-justification-left is-layout-constrained wp-container-core-group-is-layout-8c890d92 wp-block-group-is-layout-constrained\">\n<p>Monsieur Heerema<\/p>\n\n\n\n<p>Dans votre fonction de PDG d\u2019Allseas, je vous presse de renoncer \u00e0 l\u2019extraction mini\u00e8re en eaux profondes et de mettre un terme imm\u00e9diat \u00e0 votre collaboration avec la soci\u00e9t\u00e9 canadienne The Metals Company (TMC). Cette derni\u00e8re a obtenu aupr\u00e8s de l\u2019administration Trump une licence pour extraire des mati\u00e8res premi\u00e8res min\u00e9rales en eaux internationales, contournant d\u00e9lib\u00e9r\u00e9ment l&rsquo;Autorit\u00e9 internationale des fonds marins (AIFM), l\u2019organisme onusien charg\u00e9e de r\u00e9guler les activit\u00e9s qui concerne le sous-sol marin.<\/p>\n\n\n\n<p>De nombreuses \u00e9tudes, notamment celle du Centre oc\u00e9anographique national du Royaume-Uni, montrent que les impacts d\u2019activit\u00e9s mini\u00e8res men\u00e9es dans les grands fonds marins restent visibles pendant des d\u00e9cennies. Cette \u00e9tude confirme les avertissements de plus de 800 scientifiques. Le lancement de l\u2019exploitation mini\u00e8re industrielle en eaux profondes aurait des cons\u00e9quences graves et durables pour les oc\u00e9ans.<\/p>\n\n\n\n<p>Des entreprises comme Google, Samsung, Philips et des constructeurs automobiles comme Volkswagen, BMW et Volvo ont pris leurs distances avec l&rsquo;extraction mini\u00e8re en eaux profondes. Le Conseil f\u00e9d\u00e9ral suisse s&rsquo;est prononc\u00e9, avec 31 autres pays, en faveur d&rsquo;un moratoire.<\/p>\n\n\n\n<p>La protection de nos oc\u00e9ans est une priorit\u00e9 absolue. Ils sont notre patrimoine commun. Nous voulons les prot\u00e9ger des activit\u00e9s nocives des entreprises et des gouvernements.<\/p>\n\n\n\n<p>Meilleures salutations,<\/p>\n<\/div>\n\n\n\n<div class=\"wp-block-group is-layout-constrained wp-block-group-is-layout-constrained\">\n<p><\/p>\n\n\n\n<p class=\"is-style-default\"><strong><strong>Qui est Allseas?&nbsp;<\/strong><\/strong><\/p>\n\n\n\n<p>Allseas est un groupe familial n\u00e9erlando-suisse bas\u00e9 \u00e0 Ch\u00e2tel-Saint-Denis, dans le canton de Fribourg. Son c\u0153ur de m\u00e9tier est la construction et le d\u00e9mant\u00e8lement de plateformes de forage p\u00e9trolier et de pipelines sous-marins ainsi que la construction de parcs \u00e9oliens offshore. L\u2019entreprise qui emploie plus de 3\u2019500 personnes \u00e0 travers le monde est aussi un acteur majeur dans le domaine de l\u2019extraction mini\u00e8re en eaux profondes.<\/p>\n\n\n\n<p>Allseas est le principal partenaire de la soci\u00e9t\u00e9 canadienne The Metals Company (TMC), cr\u00e9\u00e9e pour l&rsquo;exploration et l&rsquo;exploitation mini\u00e8re des fonds marins en haute-mer. TMC cherche \u00e0 contourner le droit international et&nbsp; l\u2019autorit\u00e9 de surveillance des Nations Unies et a obtenu de Donald Trump une licence pour exploiter les mati\u00e8res premi\u00e8res min\u00e9rales des grands fonds marins dans les eaux internationales. Le d\u00e9cret r\u00e9cemment adopt\u00e9 par l\u2019actuel pr\u00e9sident \u00e9tats-unien va \u00e0 l\u2019encontre des accords internationaux. Or, le droit international interdit l\u2019extraction mini\u00e8re en eaux profondes.<\/p>\n<\/div>\n<\/div>\n<\/div>\n","protected":false},"excerpt":{"rendered":"<p>Signez la lettre ouverte adress\u00e9e au PDG de l\u2019entreprise suisse Allseas, Pieter Heerema, et demandez-lui de renoncer au projet d\u2019extraction mini\u00e8re en eaux profondes d\u00e9velopp\u00e9 en commun avec The Metals Company et la b\u00e9n\u00e9diction de l\u2019administration Trump.<\/p>\n","protected":false},"author":89,"featured_media":120674,"parent":0,"menu_order":0,"comment_status":"closed","ping_status":"closed","template":"","meta":{"_acf_changed":false,"_planet4_optimize_post_is_variant":false,"_planet4_optimize_experiment_name":"","_planet4_optimize_variant_name":"","ep_exclude_from_search":false,"p4_hide_page_title_checkbox":"on","p4_title":"","p4_subtitle":"","p4_description":"","background_image_id":"295","background_image":"https:\/\/www.greenpeace.ch\/static\/planet4-switzerland-stateless\/2018\/05\/fc54c126-gp0stqmp3.jpg","p4_button_title":"","p4_button_link":"","p4_button_link_checkbox":"","p4_og_title":"","p4_og_description":"","p4_og_image":"","p4_og_image_id":"","p4_seo_canonical_url":"","p4_campaign_name":"not set","p4_local_project":"not set","p4_basket_name":"not set","p4_department":"","footnotes":""},"categories":[124],"tags":[56],"class_list":["post-120865","page","type-page","status-publish","has-post-thumbnail","hentry","category-meer-fr","tag-oceans"],"acf":[],"_links":{"self":[{"href":"https:\/\/www.greenpeace.ch\/fr\/wp-json\/wp\/v2\/pages\/120865","targetHints":{"allow":["GET"]}}],"collection":[{"href":"https:\/\/www.greenpeace.ch\/fr\/wp-json\/wp\/v2\/pages"}],"about":[{"href":"https:\/\/www.greenpeace.ch\/fr\/wp-json\/wp\/v2\/types\/page"}],"author":[{"embeddable":true,"href":"https:\/\/www.greenpeace.ch\/fr\/wp-json\/wp\/v2\/users\/89"}],"replies":[{"embeddable":true,"href":"https:\/\/www.greenpeace.ch\/fr\/wp-json\/wp\/v2\/comments?post=120865"}],"version-history":[{"count":20,"href":"https:\/\/www.greenpeace.ch\/fr\/wp-json\/wp\/v2\/pages\/120865\/revisions"}],"predecessor-version":[{"id":123252,"href":"https:\/\/www.greenpeace.ch\/fr\/wp-json\/wp\/v2\/pages\/120865\/revisions\/123252"}],"wp:featuredmedia":[{"embeddable":true,"href":"https:\/\/www.greenpeace.ch\/fr\/wp-json\/wp\/v2\/media\/120674"}],"wp:attachment":[{"href":"https:\/\/www.greenpeace.ch\/fr\/wp-json\/wp\/v2\/media?parent=120865"}],"wp:term":[{"taxonomy":"category","embeddable":true,"href":"https:\/\/www.greenpeace.ch\/fr\/wp-json\/wp\/v2\/categories?post=120865"},{"taxonomy":"post_tag","embeddable":true,"href":"https:\/\/www.greenpeace.ch\/fr\/wp-json\/wp\/v2\/tags?post=120865"}],"curies":[{"name":"wp","href":"https:\/\/api.w.org\/{rel}","templated":true}]}}