{"id":125009,"date":"2025-09-03T11:04:26","date_gmt":"2025-09-03T09:04:26","guid":{"rendered":"https:\/\/www.greenpeace.ch\/?page_id=125009"},"modified":"2026-02-25T12:54:26","modified_gmt":"2026-02-25T11:54:26","slug":"non-au-retour-du-nucleaire","status":"publish","type":"page","link":"https:\/\/www.greenpeace.ch\/fr\/non-au-retour-du-nucleaire\/","title":{"rendered":"Non au retour du nucl\u00e9aire!"},"content":{"rendered":"\n<div class=\"wp-block-planet4-gpch-plugin-optimize-content-optimization gp-optimize-container\" data-status=\"true\" data-optimization-id=\"fIcmc29C6CDfjFfQ\" data-optimization-name=\"Atom vs Heimat\">\n<div class=\"wp-block-planet4-gpch-plugin-optimize-variant gp-optimize-variant\" data-target-percentage=\"100\" data-variant-id=\"JWnqsPdh\" data-variant-name=\"Variant A\" data-conditionals=\"[{&quot;index&quot;:0,&quot;type&quot;:&quot;url_parameter&quot;,&quot;typeSelection&quot;:&quot;utm_campaign&quot;,&quot;nameInStorage&quot;:&quot;gp_optimize_data&quot;,&quot;dataType&quot;:&quot;string&quot;,&quot;conditionalKey&quot;:&quot;utm_campaign&quot;,&quot;operator&quot;:&quot;does_not_exist&quot;,&quot;value&quot;:&quot;&quot;,&quot;showDetails&quot;:false},{&quot;index&quot;:1,&quot;type&quot;:&quot;url_parameter&quot;,&quot;typeSelection&quot;:null,&quot;nameInStorage&quot;:&quot;gp_optimize_data&quot;,&quot;dataType&quot;:&quot;string&quot;,&quot;conditionalKey&quot;:&quot;utm_content&quot;,&quot;operator&quot;:&quot;is&quot;,&quot;value&quot;:&quot;n&quot;,&quot;showDetails&quot;:false}]\">\n\n<div class=\"wp-block-group alignfull is-layout-flow wp-block-group-is-layout-flow\">\n<div class=\"wp-block-group container is-layout-flow wp-block-group-is-layout-flow\">\n<div class=\"wp-block-media-text alignfull has-media-on-the-right is-stacked-on-mobile is-pattern-p4-page-header is-style-parallax\"><div class=\"wp-block-media-text__content\">\n<div class=\"wp-block-group is-layout-flow wp-block-group-is-layout-flow\">\n<h1 class=\"wp-block-heading has-white-background-color has-background\"><strong>Non au retour du nucl\u00e9aire!<\/strong><\/h1>\n<\/div>\n\n\n\n<p style=\"font-size:1.25rem\">Signez la p\u00e9tition pour emp\u00eacher le retour du nucl\u00e9aire en Suisse.<\/p>\n<\/div><figure class=\"wp-block-media-text__media\"><img loading=\"lazy\" decoding=\"async\" width=\"1024\" height=\"686\" src=\"https:\/\/www.greenpeace.ch\/static\/planet4-switzerland-stateless\/2025\/09\/7e8cf261-anti-atom_neg_umsetzung_b-1024x686.jpg\" alt=\"\" sizes=\"auto, (min-width: 601px) 50vw, 100vw\" srcset=\"https:\/\/www.greenpeace.ch\/static\/planet4-switzerland-stateless\/2025\/09\/7e8cf261-anti-atom_neg_umsetzung_b-scaled.jpg 2560w, https:\/\/www.greenpeace.ch\/static\/planet4-switzerland-stateless\/2025\/09\/7e8cf261-anti-atom_neg_umsetzung_b-300x201.jpg 300w, https:\/\/www.greenpeace.ch\/static\/planet4-switzerland-stateless\/2025\/09\/7e8cf261-anti-atom_neg_umsetzung_b-1024x686.jpg 1024w, https:\/\/www.greenpeace.ch\/static\/planet4-switzerland-stateless\/2025\/09\/7e8cf261-anti-atom_neg_umsetzung_b-768x514.jpg 768w, https:\/\/www.greenpeace.ch\/static\/planet4-switzerland-stateless\/2025\/09\/7e8cf261-anti-atom_neg_umsetzung_b-1536x1028.jpg 1536w, https:\/\/www.greenpeace.ch\/static\/planet4-switzerland-stateless\/2025\/09\/7e8cf261-anti-atom_neg_umsetzung_b-2048x1371.jpg 2048w, https:\/\/www.greenpeace.ch\/static\/planet4-switzerland-stateless\/2025\/09\/7e8cf261-anti-atom_neg_umsetzung_b-2040x1366.jpg 2040w, https:\/\/www.greenpeace.ch\/static\/planet4-switzerland-stateless\/2025\/09\/7e8cf261-anti-atom_neg_umsetzung_b-508x340.jpg 508w\" class=\"wp-image-125233 size-full\"\/><\/figure><\/div>\n<\/div>\n<\/div>\n\n\n\n\n<div class=\"wp-block-columns has-2-columns is-style-petition-left is-layout-flex wp-container-core-columns-is-layout-9d6595d7 wp-block-columns-is-layout-flex\">\n<div class=\"wp-block-column is-layout-flow wp-block-column-is-layout-flow\">\n<h2 class=\"wp-block-heading\">La p\u00e9tition est close<\/h2>\n\n\n\n<p><strong>Plus de <strong>23&rsquo;000 personnes<\/strong> l&rsquo;ont sign\u00e9e. Ensemble, nous envoyons un message clair au Parlement: non \u00e0 la construction de nouveaux r\u00e9acteurs nucl\u00e9aires!<\/strong><\/p>\n<\/div>\n\n\n\n<div class=\"wp-block-column is-layout-flow wp-block-column-is-layout-flow\">\n<h2 class=\"wp-block-heading is-style-default\"><strong><strong><strong><strong>De l\u2019\u00e9nergie propre et s\u00fbre, plut\u00f4t que le nucl\u00e9aire avec ses dangers et ses d\u00e9chets radioactifs<\/strong><\/strong><\/strong><\/strong><\/h2>\n\n\n\n<p>Ch\u00e8res et chers membres du Parlement suisse,<\/p>\n\n\n\n<p>94% de la population suisse souhaite que l\u2019\u00e9nergie soit utilis\u00e9e plus efficacement et que le solaire soit d\u00e9velopp\u00e9 afin de garantir notre s\u00e9curit\u00e9 d\u2019approvisionnement. Une volont\u00e9 clairement exprim\u00e9e dont nous estimons que vous devez tenir compte.<\/p>\n\n\n\n<p>Nous refusons tout retour en arri\u00e8re sur la sortie du nucl\u00e9aire et toute nouvelle construction de r\u00e9acteur en Suisse. Cette technologie est trop dangereuse, trop co\u00fbteuse et laisse un h\u00e9ritage toxique pour nos enfants et les g\u00e9n\u00e9rations futures. Elle nous d\u00e9tourne des v\u00e9ritables solutions aux d\u00e9fis actuels. D\u00e9velopper massivement les \u00e9nergies renouvelables et accro\u00eetre l\u2019efficacit\u00e9 \u00e9nerg\u00e9tique nous permet de b\u00e2tir un avenir s\u00fbr et respectueux du climat.<\/p>\n\n\n\n<p>\u00c0 plusieurs reprises, la population s\u2019est clairement exprim\u00e9e en faveur d&rsquo;un avenir sans nouvelles installations nucl\u00e9aires. Les investissements dans l&rsquo;\u00e9nergie nucl\u00e9aire bloquent le d\u00e9veloppement urgent et n\u00e9cessaire des \u00e9nergies renouvelables, en premier lieu du solaire, de l\u2019\u00e9olien et de l\u2019hydraulique. Ils nous font perdre un temps pr\u00e9cieux dans la lutte contre le r\u00e9chauffement climatique.<br><br><strong>Nous vous demandons, ch\u00e8res et chers membres du Parlement suisse, de vous opposer fermement au retour du nucl\u00e9aire<\/strong>. Offrez \u00e0 la Suisse un avenir \u00e9nerg\u00e9tique s\u00fbr, propre et renouvelable. Nous comptons sur vous.<\/p>\n<\/div>\n<\/div>\n<\/div>\n\n\n\n<div class=\"wp-block-planet4-gpch-plugin-optimize-variant gp-optimize-variant\" data-target-percentage=\"0\" data-variant-id=\"ZXvjt05Y\" data-variant-name=\"Variant B\" data-conditionals=\"[{&quot;index&quot;:0,&quot;type&quot;:&quot;url_parameter&quot;,&quot;typeSelection&quot;:null,&quot;nameInStorage&quot;:&quot;gp_optimize_data&quot;,&quot;dataType&quot;:&quot;string&quot;,&quot;conditionalKey&quot;:&quot;utm_content&quot;,&quot;operator&quot;:&quot;is&quot;,&quot;value&quot;:&quot;p&quot;,&quot;showDetails&quot;:false}]\">\n\n<div class=\"wp-block-group alignfull is-layout-flow wp-block-group-is-layout-flow\">\n<div class=\"wp-block-group container is-layout-flow wp-block-group-is-layout-flow\">\n<div class=\"wp-block-media-text alignfull has-media-on-the-right is-stacked-on-mobile is-pattern-p4-page-header is-style-parallax\"><div class=\"wp-block-media-text__content\">\n<div class=\"wp-block-group is-layout-flow wp-block-group-is-layout-flow\">\n<h1 class=\"wp-block-heading has-white-background-color has-background\"><strong><strong><strong>Pour une \u00e9nergie 100 %  renouvelable<\/strong><br><\/strong><\/strong><\/h1>\n<\/div>\n\n\n\n<p style=\"font-size:1.25rem\">En Suisse nous avons assez d\u2019\u00e9nergies renouvelables pour couvrir nos besoins. Faisons le choix de la souverainet\u00e9 \u00e9nerg\u00e9tique.<\/p>\n<\/div><figure class=\"wp-block-media-text__media\"><img loading=\"lazy\" decoding=\"async\" width=\"1024\" height=\"686\" src=\"https:\/\/www.greenpeace.ch\/static\/planet4-switzerland-stateless\/2025\/09\/30785219-anti-atom_pos_umsetzung_b-1024x686.jpg\" alt=\"\" sizes=\"auto, (min-width: 601px) 50vw, 100vw\" srcset=\"https:\/\/www.greenpeace.ch\/static\/planet4-switzerland-stateless\/2025\/09\/30785219-anti-atom_pos_umsetzung_b-scaled.jpg 2560w, https:\/\/www.greenpeace.ch\/static\/planet4-switzerland-stateless\/2025\/09\/30785219-anti-atom_pos_umsetzung_b-300x201.jpg 300w, https:\/\/www.greenpeace.ch\/static\/planet4-switzerland-stateless\/2025\/09\/30785219-anti-atom_pos_umsetzung_b-1024x686.jpg 1024w, https:\/\/www.greenpeace.ch\/static\/planet4-switzerland-stateless\/2025\/09\/30785219-anti-atom_pos_umsetzung_b-768x514.jpg 768w, https:\/\/www.greenpeace.ch\/static\/planet4-switzerland-stateless\/2025\/09\/30785219-anti-atom_pos_umsetzung_b-1536x1028.jpg 1536w, https:\/\/www.greenpeace.ch\/static\/planet4-switzerland-stateless\/2025\/09\/30785219-anti-atom_pos_umsetzung_b-2048x1371.jpg 2048w, https:\/\/www.greenpeace.ch\/static\/planet4-switzerland-stateless\/2025\/09\/30785219-anti-atom_pos_umsetzung_b-2040x1366.jpg 2040w, https:\/\/www.greenpeace.ch\/static\/planet4-switzerland-stateless\/2025\/09\/30785219-anti-atom_pos_umsetzung_b-508x340.jpg 508w\" class=\"wp-image-125226 size-full\"\/><\/figure><\/div>\n<\/div>\n<\/div>\n\n\n\n\n<div class=\"wp-block-columns has-2-columns is-style-petition-left is-layout-flex wp-container-core-columns-is-layout-9d6595d7 wp-block-columns-is-layout-flex\">\n<div class=\"wp-block-column is-layout-flow wp-block-column-is-layout-flow\">\n<h2 class=\"wp-block-heading\">Signez maintenant<\/h2>\n\n\n\n<p><strong>Pour une Suisse souveraine et ind\u00e9pendante gr\u00e2ce \u00e0 un approvisionnement \u00e9nerg\u00e9tique 100% bas\u00e9 sur les renouvelables<\/strong><\/p>\n\n\n<div class=\"gpch-block-form-progress-outer\" style=\"background-color: #303133;\">\n    <div class=\"gpch-block-form-progress-inner\" style=\"width: 115.245%; background-color: #87bc25\">\n\n    <\/div>\n<\/div>\n\n<p> 23&#039;049 personnes ont d\u00e9j\u00e0 sign\u00e9.<\/p>\n\n<\/div>\n\n\n\n<div class=\"wp-block-column is-layout-flow wp-block-column-is-layout-flow\">\n<h2 class=\"wp-block-heading is-style-default\"><strong><strong><strong><strong>De l\u2019\u00e9nergie propre et s\u00fbre, plut\u00f4t que le nucl\u00e9aire avec ses dangers et ses d\u00e9chets radioactifs<\/strong><\/strong><\/strong><\/strong><\/h2>\n\n\n\n<p>Ch\u00e8res et chers membres du Parlement suisse,<\/p>\n\n\n\n<p>94% de la population suisse souhaite que l\u2019\u00e9nergie soit utilis\u00e9e plus efficacement et que le solaire soit d\u00e9velopp\u00e9 afin de garantir notre s\u00e9curit\u00e9 d\u2019approvisionnement. Une volont\u00e9 clairement exprim\u00e9e dont nous estimons que vous devez tenir compte.<\/p>\n\n\n\n<p>Nous refusons tout retour en arri\u00e8re sur la sortie du nucl\u00e9aire et toute nouvelle construction de r\u00e9acteur en Suisse. Cette technologie est trop dangereuse, trop co\u00fbteuse et laisse un h\u00e9ritage toxique pour nos enfants et les g\u00e9n\u00e9rations futures. Elle nous d\u00e9tourne des v\u00e9ritables solutions aux d\u00e9fis actuels. D\u00e9velopper massivement les \u00e9nergies renouvelables et accro\u00eetre l\u2019efficacit\u00e9 \u00e9nerg\u00e9tique nous permet de b\u00e2tir un avenir s\u00fbr et respectueux du climat.<\/p>\n\n\n\n<p>\u00c0 plusieurs reprises, la population s\u2019est clairement exprim\u00e9e en faveur d&rsquo;un avenir sans nouvelles installations nucl\u00e9aires. Les investissements dans l&rsquo;\u00e9nergie nucl\u00e9aire bloquent le d\u00e9veloppement urgent et n\u00e9cessaire des \u00e9nergies renouvelables, en premier lieu du solaire, de l\u2019\u00e9olien et de l\u2019hydraulique. Ils nous font perdre un temps pr\u00e9cieux dans la lutte contre le r\u00e9chauffement climatique.<br><br><strong>Nous vous demandons, ch\u00e8res et chers membres du Parlement suisse, de vous opposer fermement au retour du nucl\u00e9aire<\/strong>. Offrez \u00e0 la Suisse un avenir \u00e9nerg\u00e9tique s\u00fbr, propre et renouvelable. Nous comptons sur vous.<\/p>\n\n\n\n<p><\/p>\n<\/div>\n<\/div>\n<\/div>\n<\/div>\n","protected":false},"excerpt":{"rendered":"<p>Signez la p\u00e9tition pour emp\u00eacher le retour du nucl\u00e9aire en Suisse.<\/p>\n","protected":false},"author":127,"featured_media":125126,"parent":0,"menu_order":0,"comment_status":"closed","ping_status":"closed","template":"","meta":{"_acf_changed":false,"_planet4_optimize_post_is_variant":false,"_planet4_optimize_experiment_name":"","_planet4_optimize_variant_name":"","ep_exclude_from_search":false,"p4_hide_page_title_checkbox":"on","p4_title":"","p4_subtitle":"","p4_description":"","background_image_id":"","background_image":"","p4_button_title":"","p4_button_link":"","p4_button_link_checkbox":"","p4_og_title":"","p4_og_description":"","p4_og_image":"","p4_og_image_id":"","p4_seo_canonical_url":"","p4_campaign_name":"","p4_local_project":"","p4_basket_name":"","p4_department":"","footnotes":""},"categories":[],"tags":[58,197],"class_list":["post-125009","page","type-page","status-publish","has-post-thumbnail","hentry","tag-climat","tag-energie-fr"],"acf":[],"_links":{"self":[{"href":"https:\/\/www.greenpeace.ch\/fr\/wp-json\/wp\/v2\/pages\/125009","targetHints":{"allow":["GET"]}}],"collection":[{"href":"https:\/\/www.greenpeace.ch\/fr\/wp-json\/wp\/v2\/pages"}],"about":[{"href":"https:\/\/www.greenpeace.ch\/fr\/wp-json\/wp\/v2\/types\/page"}],"author":[{"embeddable":true,"href":"https:\/\/www.greenpeace.ch\/fr\/wp-json\/wp\/v2\/users\/127"}],"replies":[{"embeddable":true,"href":"https:\/\/www.greenpeace.ch\/fr\/wp-json\/wp\/v2\/comments?post=125009"}],"version-history":[{"count":19,"href":"https:\/\/www.greenpeace.ch\/fr\/wp-json\/wp\/v2\/pages\/125009\/revisions"}],"predecessor-version":[{"id":129378,"href":"https:\/\/www.greenpeace.ch\/fr\/wp-json\/wp\/v2\/pages\/125009\/revisions\/129378"}],"wp:featuredmedia":[{"embeddable":true,"href":"https:\/\/www.greenpeace.ch\/fr\/wp-json\/wp\/v2\/media\/125126"}],"wp:attachment":[{"href":"https:\/\/www.greenpeace.ch\/fr\/wp-json\/wp\/v2\/media?parent=125009"}],"wp:term":[{"taxonomy":"category","embeddable":true,"href":"https:\/\/www.greenpeace.ch\/fr\/wp-json\/wp\/v2\/categories?post=125009"},{"taxonomy":"post_tag","embeddable":true,"href":"https:\/\/www.greenpeace.ch\/fr\/wp-json\/wp\/v2\/tags?post=125009"}],"curies":[{"name":"wp","href":"https:\/\/api.w.org\/{rel}","templated":true}]}}