{"id":126163,"date":"2025-10-23T10:48:02","date_gmt":"2025-10-23T08:48:02","guid":{"rendered":"https:\/\/www.greenpeace.ch\/?page_id=126163"},"modified":"2025-10-23T15:18:01","modified_gmt":"2025-10-23T13:18:01","slug":"cest-quoi-leconomie-du-donut","status":"publish","type":"page","link":"https:\/\/www.greenpeace.ch\/fr\/cest-quoi-leconomie-du-donut\/","title":{"rendered":"C\u2019est quoi l\u2019\u00e9conomie du donut?"},"content":{"rendered":"\n\n<div class=\"wp-block-group alignfull is-layout-flow wp-block-group-is-layout-flow\">\n<div class=\"wp-block-group container is-layout-flow wp-block-group-is-layout-flow\">\n<div class=\"wp-block-media-text alignfull has-media-on-the-right is-stacked-on-mobile is-pattern-p4-page-header is-style-parallax\"><div class=\"wp-block-media-text__content\">\n<div class=\"wp-block-group is-layout-flow wp-block-group-is-layout-flow\">\n<h1 class=\"wp-block-heading has-white-background-color has-background\"><strong><strong>C\u2019est quoi l\u2019\u00e9conomie du donut?<\/strong><\/strong><\/h1>\n<\/div>\n\n\n\n<p style=\"font-size:1.25rem\"><strong>Pourquoi le donut peut \u00eatre la clef de notre bonheur.<\/strong><\/p>\n<\/div><figure class=\"wp-block-media-text__media\"><img loading=\"lazy\" decoding=\"async\" width=\"1024\" height=\"682\" src=\"https:\/\/www.greenpeace.ch\/static\/planet4-switzerland-stateless\/2025\/10\/d171a0a7-donut-pink-1024x682.jpg\" alt=\"\" sizes=\"auto, (min-width: 601px) 50vw, 100vw\" srcset=\"https:\/\/www.greenpeace.ch\/static\/planet4-switzerland-stateless\/2025\/10\/d171a0a7-donut-pink.jpg 1750w, https:\/\/www.greenpeace.ch\/static\/planet4-switzerland-stateless\/2025\/10\/d171a0a7-donut-pink-300x200.jpg 300w, https:\/\/www.greenpeace.ch\/static\/planet4-switzerland-stateless\/2025\/10\/d171a0a7-donut-pink-1024x682.jpg 1024w, https:\/\/www.greenpeace.ch\/static\/planet4-switzerland-stateless\/2025\/10\/d171a0a7-donut-pink-768x512.jpg 768w, https:\/\/www.greenpeace.ch\/static\/planet4-switzerland-stateless\/2025\/10\/d171a0a7-donut-pink-1536x1023.jpg 1536w, https:\/\/www.greenpeace.ch\/static\/planet4-switzerland-stateless\/2025\/10\/d171a0a7-donut-pink-510x340.jpg 510w\" class=\"wp-image-127099 size-full\"\/><\/figure><\/div>\n<\/div>\n<\/div>\n\n\n<div class=\"wp-block-columns has-2-columns is-style-default is-layout-flex wp-container-core-columns-is-layout-9d6595d7 wp-block-columns-is-layout-flex\">\n<div class=\"wp-block-column is-layout-flow wp-block-column-is-layout-flow\">\n<p><strong>D\u00e9velopp\u00e9e par l\u2019\u00e9conomiste britannique Kate Raworth, l\u2019\u00e9conomie du donut est une alternative \u00e0 la logique de la croissance \u00e9conomique perp\u00e9tuelle qui met en p\u00e9ril les bases naturelles de nos existences.&nbsp;<\/strong>&nbsp;<\/p>\n\n\n\n<p>La croissance infinie est une chim\u00e8re. Le donut repr\u00e9sente une forme d&rsquo;\u00e9conomie innovante qui rel\u00e8ve les d\u00e9fis du 21e si\u00e8cle. L\u2019objectif, c\u2019est le bien-\u00eatre de tout le monde en ayant conscience que les ressources naturelles comme la terre et l&rsquo;eau sont limit\u00e9es et que le climat se rapproche d\u2019un seuil critique. L\u2019\u00e9conomie du donut nous fournit les outils n\u00e9cessaires pour \u00e9laborer des visions d&rsquo;avenir et des solutions concr\u00e8tes fond\u00e9es scientifiquement, avec une vision collaborative qui permet de d\u00e9passer les clivages politiques.<\/p>\n<\/div>\n\n\n\n<div class=\"wp-block-column is-layout-flow wp-block-column-is-layout-flow\"><div data-render=\"planet4-blocks\/submenu\" data-attributes=\"{&quot;attributes&quot;:{&quot;title&quot;:&quot;Contenu&quot;,&quot;levels&quot;:[{&quot;heading&quot;:2,&quot;link&quot;:true,&quot;style&quot;:&quot;bullet&quot;}],&quot;className&quot;:&quot;is-style-sidebar&quot;,&quot;submenu_style&quot;:0}}\"><\/div><\/div>\n<\/div>\n\n<h2 class=\"wp-block-heading\">Un futur heureux gr\u00e2ce au donut<\/h2>\n\n<div class=\"wp-block-columns is-layout-flex wp-container-core-columns-is-layout-9d6595d7 wp-block-columns-is-layout-flex\">\n<div class=\"wp-block-column is-layout-flow wp-block-column-is-layout-flow\">\n<p>L\u2019anneau du donut est l\u2019espace qui rend possible le respect des limites plan\u00e9taires et la r\u00e9alisation des besoins fondamentaux. Le cercle int\u00e9rieur repr\u00e9sente le socle social, soit les biens, les services et les libert\u00e9s fondamentales qui assurent le niveau de vie minimum que toute soci\u00e9t\u00e9 doit garantir. Il faut s\u2019assurer de n\u2019abandonner personne dans le trou du donut dans des conditions de vie indignes. Les bases d\u2019une vie d\u00e9cente, soit la nourriture, l\u2019eau, le logement, la participation politique, la paix, la stabilit\u00e9 et la s\u00e9curit\u00e9, doivent \u00eatre garantis pour tout le monde.&nbsp;<\/p>\n\n\n\n<p>Le cercle ext\u00e9rieur repr\u00e9sente les limites plan\u00e9taires. Si nous les d\u00e9passons avec notre consommation de ressources naturelles, nous mettons en danger la survie de notre environnement. C\u2019est le plafond \u00e9cologique. Seul le respect de ces seuils critiques nous permettront de survivre au r\u00e9chauffement climatique, de disposer de r\u00e9serves d\u2019eau douce, de sols fertiles et d\u2019une riche biodiversit\u00e9. Notre sant\u00e9 et notre bonheur sont seulement possibles sur une plan\u00e8te en bonne sant\u00e9.<\/p>\n\n\n\n<p><strong>Le donut d\u00e9crit l\u2019espace pour une vie \u00e9cologique et \u00e9quitable.<\/strong> C\u2019est dans cet espace que les limites naturelles et les besoins fondamentaux sont tous les deux respect\u00e9s. Pour nous, nos institutions publiques et nos entreprises, le chemin du donut est celui d\u2019une vie heureuse dans un environnement florissant.<\/p>\n<\/div>\n\n\n\n<div class=\"wp-block-column is-layout-flow wp-block-column-is-layout-flow\">\n<figure class=\"wp-block-image size-large\"><img loading=\"lazy\" decoding=\"async\" width=\"1024\" height=\"1024\" src=\"https:\/\/www.greenpeace.ch\/static\/planet4-switzerland-stateless\/2025\/10\/960ba31a-french-doughnut-1024x1024.jpg\" alt=\"\" class=\"wp-image-127254\" srcset=\"https:\/\/www.greenpeace.ch\/static\/planet4-switzerland-stateless\/2025\/10\/960ba31a-french-doughnut-1024x1024.jpg 1024w, https:\/\/www.greenpeace.ch\/static\/planet4-switzerland-stateless\/2025\/10\/960ba31a-french-doughnut-300x300.jpg 300w, https:\/\/www.greenpeace.ch\/static\/planet4-switzerland-stateless\/2025\/10\/960ba31a-french-doughnut-150x150.jpg 150w, https:\/\/www.greenpeace.ch\/static\/planet4-switzerland-stateless\/2025\/10\/960ba31a-french-doughnut-768x768.jpg 768w, https:\/\/www.greenpeace.ch\/static\/planet4-switzerland-stateless\/2025\/10\/960ba31a-french-doughnut-1536x1536.jpg 1536w, https:\/\/www.greenpeace.ch\/static\/planet4-switzerland-stateless\/2025\/10\/960ba31a-french-doughnut-1366x1366.jpg 1366w, https:\/\/www.greenpeace.ch\/static\/planet4-switzerland-stateless\/2025\/10\/960ba31a-french-doughnut-340x340.jpg 340w\" sizes=\"auto, (max-width: 1024px) 100vw, 1024px\" \/><figcaption class=\"wp-element-caption\">\u00a9Doughnut Economics Action Lab<\/figcaption><\/figure>\n<\/div>\n<\/div>\n\n<h2 class=\"wp-block-heading\"><strong>La pratique du donut<\/strong><\/h2>\n\n<div class=\"wp-block-columns is-layout-flex wp-container-core-columns-is-layout-9d6595d7 wp-block-columns-is-layout-flex\">\n<div class=\"wp-block-column is-layout-flow wp-block-column-is-layout-flow\">\n<p>Des grandes villes comme Amsterdam et Grenoble, mais aussi des villes plus petites comme Bad Nauheim en Allemagne ou de tr\u00e8s petites communes comme Tomelilla en Su\u00e8de ont choisi d\u2019orienter leurs destin\u00e9es vers l\u2019\u00e9conomie du donut.&nbsp;<\/p>\n\n\n\n<p><strong>La d\u00e9marche menant au donut commence syst\u00e9matiquement par une analyse exhaustive de la situation. <\/strong>Elle s&rsquo;appuie sur des donn\u00e9es scientifiques et sur l&rsquo;exp\u00e9rience des personnes sur le terrain.<strong> La population, les responsables politiques et l&rsquo;administration publique en d\u00e9duisent ensemble des objectifs et des mesures concr\u00e8tes.<\/strong><\/p>\n\n\n\n<p>Quelques exemples:<\/p>\n\n\n\n<ul class=\"wp-block-list\">\n<li>Amsterdam travaille avec le mod\u00e8le du donut depuis 2021. D&rsquo;ici 2050, la ville devra entre autres \u00eatre enti\u00e8rement convertie \u00e0 l&rsquo;\u00e9conomie circulaire. Elle utilise d\u00e9j\u00e0 des mat\u00e9riaux recycl\u00e9s dans ses constructions urbaines. Cela permet d&rsquo;\u00e9conomiser des ressources et l&rsquo;argent des contribuables.<\/li>\n\n\n\n<li>La commune allemande de Bad Nauheim aide les restaurateurs \u00e0 mettre en place un syst\u00e8me collaboratif de r\u00e9utilisation des emballages.<\/li>\n\n\n\n<li>Dans la commune rurale su\u00e9doise de Tomelilla, les transports publics sont gratuits pour les plus jeunes et la ville ach\u00e8te uniquement des produits durables.<\/li>\n<\/ul>\n<\/div>\n\n\n\n<div class=\"wp-block-column is-layout-flow wp-block-column-is-layout-flow\">\n<figure class=\"wp-block-image size-large\"><img loading=\"lazy\" decoding=\"async\" width=\"1024\" height=\"683\" src=\"https:\/\/www.greenpeace.ch\/static\/planet4-switzerland-stateless\/2025\/10\/243ef495-tomelilla-\u00a9annina-aeberligreenpeace-1024x683.png\" alt=\"\" class=\"wp-image-126210\" srcset=\"https:\/\/www.greenpeace.ch\/static\/planet4-switzerland-stateless\/2025\/10\/243ef495-tomelilla-\u00a9annina-aeberligreenpeace-1024x683.png 1024w, https:\/\/www.greenpeace.ch\/static\/planet4-switzerland-stateless\/2025\/10\/243ef495-tomelilla-\u00a9annina-aeberligreenpeace-300x200.png 300w, https:\/\/www.greenpeace.ch\/static\/planet4-switzerland-stateless\/2025\/10\/243ef495-tomelilla-\u00a9annina-aeberligreenpeace-768x512.png 768w, https:\/\/www.greenpeace.ch\/static\/planet4-switzerland-stateless\/2025\/10\/243ef495-tomelilla-\u00a9annina-aeberligreenpeace-1536x1024.png 1536w, https:\/\/www.greenpeace.ch\/static\/planet4-switzerland-stateless\/2025\/10\/243ef495-tomelilla-\u00a9annina-aeberligreenpeace-2048x1366.png 2048w, https:\/\/www.greenpeace.ch\/static\/planet4-switzerland-stateless\/2025\/10\/243ef495-tomelilla-\u00a9annina-aeberligreenpeace-510x340.png 510w\" sizes=\"auto, (max-width: 1024px) 100vw, 1024px\" \/><\/figure>\n<\/div>\n<\/div>\n\n<h2 class=\"wp-block-heading\"><strong>Notre plan<\/strong><\/h2>\n\n<div class=\"wp-block-columns is-layout-flex wp-container-core-columns-is-layout-9d6595d7 wp-block-columns-is-layout-flex\">\n<div class=\"wp-block-column is-layout-flow wp-block-column-is-layout-flow\">\n<p><strong>Greenpeace recherche des communes en Suisse al\u00e9manique dot\u00e9es d&rsquo;un esprit pionnier et pr\u00eates \u00e0 se lancer avec nous dans l&rsquo;aventure du \u00abdonut\u00bb. <\/strong>Ouvertes \u00e0 la nouveaut\u00e9, elles consid\u00e8rent la transformation comme un projet commun entre les responsables politiques, l&rsquo;administration et les habitant\u00b7es. Ces municipalit\u00e9s se fixent pour objectif de mener une politique et une gestion \u00e9conomique respectueuses des limites plan\u00e9taires. En m\u00eame temps, elles veillent \u00e0 ce que les personnes disposent de solides fondements sociaux.&nbsp;<\/p>\n\n\n\n<p>Le donut indique la direction \u00e0 suivre. Les ressources telles que les sols et l&rsquo;eau sont limit\u00e9es, et les combustibles fossiles nuisent au climat. Les besoins fondamentaux tels que le logement, l&rsquo;\u00e9ducation, la sant\u00e9 et la participation politique sont accessibles et possibles pour tous.<\/p>\n\n\n\n<p>Dans un premier temps, les communes d\u00e9finissent les principaux d\u00e9fis en dialoguant avec la population et avec le soutien de la communaut\u00e9 scientifique. Ensuite, une assembl\u00e9e est constitu\u00e9e avec des repr\u00e9sentants des habitant\u00b7es et des diff\u00e9rentes institutions publiques. Ce \u201cConseil du donut\u201d approfondit les th\u00e8mes identifi\u00e9s et \u00e9labore des objectifs et des mesures concr\u00e8tes. Le r\u00e9sultat est un portrait tourn\u00e9 vers l&rsquo;avenir des communes, avec des directives sur la mani\u00e8re dont elles peuvent s&rsquo;inscrire dans l\u2019\u00e9conomie du donut. En un mot comme en cent: des personnes heureuses et une plan\u00e8te en bonne sant\u00e9. <\/p>\n\n\n\n<p>Avec notre projet \u201cCommune du bonheur\u201d (<em><a href=\"happhttps:\/\/www.greenpeace.ch\/de\/handeln\/happiness\/\" target=\"_blank\" rel=\"noreferrer noopener\">Gemeindeprojekt<\/a><\/em> &#8211; men\u00e9 uniquement en allemand) nous recherchons deux communes germanophones qui souhaitent \u00e9voluer vers le mod\u00e8le du donut. Pour des raisons de faisabilit\u00e9, nous concentrons pour le moment nos efforts sur des communes de Suisse allemande.<\/p>\n<\/div>\n\n\n\n<div class=\"wp-block-column is-layout-flow wp-block-column-is-layout-flow\">\n<figure class=\"wp-block-image size-large\"><img loading=\"lazy\" decoding=\"async\" width=\"1024\" height=\"683\" src=\"https:\/\/www.greenpeace.ch\/static\/planet4-switzerland-stateless\/2025\/10\/8fa37e97-greenpeace_stills_2500x1667px-1024x683.jpg\" alt=\"\" class=\"wp-image-127210\" srcset=\"https:\/\/www.greenpeace.ch\/static\/planet4-switzerland-stateless\/2025\/10\/8fa37e97-greenpeace_stills_2500x1667px-1024x683.jpg 1024w, https:\/\/www.greenpeace.ch\/static\/planet4-switzerland-stateless\/2025\/10\/8fa37e97-greenpeace_stills_2500x1667px-300x200.jpg 300w, https:\/\/www.greenpeace.ch\/static\/planet4-switzerland-stateless\/2025\/10\/8fa37e97-greenpeace_stills_2500x1667px-768x512.jpg 768w, https:\/\/www.greenpeace.ch\/static\/planet4-switzerland-stateless\/2025\/10\/8fa37e97-greenpeace_stills_2500x1667px-1536x1024.jpg 1536w, https:\/\/www.greenpeace.ch\/static\/planet4-switzerland-stateless\/2025\/10\/8fa37e97-greenpeace_stills_2500x1667px-2048x1366.jpg 2048w, https:\/\/www.greenpeace.ch\/static\/planet4-switzerland-stateless\/2025\/10\/8fa37e97-greenpeace_stills_2500x1667px-510x340.jpg 510w\" sizes=\"auto, (max-width: 1024px) 100vw, 1024px\" \/><\/figure>\n<\/div>\n<\/div>\n\n<p><\/p>\n","protected":false},"excerpt":{"rendered":"<p>Greenpeace recherche des communes dot\u00e9es d&rsquo;un esprit pionnier et pr\u00eates \u00e0 se lancer avec nous dans l&rsquo;aventure du \u00abdonut\u00bb. Elles sont ouvertes \u00e0 la nouveaut\u00e9 et envisagent la transformation comme un projet commun entre la politique, l&rsquo;administration publique et les habitant\u00b7es. Nous voulons accompagner une commune qui m\u00e8ne une politique et une \u00e9conomie respectueuses des limites plan\u00e9taires et qui offre \u00e0 ses habitant\u00b7es un socle social solide.<\/p>\n","protected":false},"author":122,"featured_media":127099,"parent":0,"menu_order":0,"comment_status":"closed","ping_status":"closed","template":"","meta":{"_acf_changed":false,"_planet4_optimize_post_is_variant":false,"_planet4_optimize_experiment_name":"","_planet4_optimize_variant_name":"","ep_exclude_from_search":false,"p4_hide_page_title_checkbox":"on","p4_title":"","p4_subtitle":"","p4_description":"","background_image_id":"295","background_image":"https:\/\/www.greenpeace.ch\/static\/planet4-switzerland-stateless\/2018\/05\/fc54c126-gp0stqmp3.jpg","p4_button_title":"","p4_button_link":"","p4_button_link_checkbox":"","p4_og_title":"","p4_og_description":"","p4_og_image":"","p4_og_image_id":"","p4_seo_canonical_url":"","p4_campaign_name":"not set","p4_local_project":"not set","p4_basket_name":"not set","p4_department":"","footnotes":""},"categories":[235],"tags":[230],"class_list":["post-126163","page","type-page","status-publish","has-post-thumbnail","hentry","category-change-fr","tag-change-fr"],"acf":[],"_links":{"self":[{"href":"https:\/\/www.greenpeace.ch\/fr\/wp-json\/wp\/v2\/pages\/126163","targetHints":{"allow":["GET"]}}],"collection":[{"href":"https:\/\/www.greenpeace.ch\/fr\/wp-json\/wp\/v2\/pages"}],"about":[{"href":"https:\/\/www.greenpeace.ch\/fr\/wp-json\/wp\/v2\/types\/page"}],"author":[{"embeddable":true,"href":"https:\/\/www.greenpeace.ch\/fr\/wp-json\/wp\/v2\/users\/122"}],"replies":[{"embeddable":true,"href":"https:\/\/www.greenpeace.ch\/fr\/wp-json\/wp\/v2\/comments?post=126163"}],"version-history":[{"count":4,"href":"https:\/\/www.greenpeace.ch\/fr\/wp-json\/wp\/v2\/pages\/126163\/revisions"}],"predecessor-version":[{"id":127283,"href":"https:\/\/www.greenpeace.ch\/fr\/wp-json\/wp\/v2\/pages\/126163\/revisions\/127283"}],"wp:featuredmedia":[{"embeddable":true,"href":"https:\/\/www.greenpeace.ch\/fr\/wp-json\/wp\/v2\/media\/127099"}],"wp:attachment":[{"href":"https:\/\/www.greenpeace.ch\/fr\/wp-json\/wp\/v2\/media?parent=126163"}],"wp:term":[{"taxonomy":"category","embeddable":true,"href":"https:\/\/www.greenpeace.ch\/fr\/wp-json\/wp\/v2\/categories?post=126163"},{"taxonomy":"post_tag","embeddable":true,"href":"https:\/\/www.greenpeace.ch\/fr\/wp-json\/wp\/v2\/tags?post=126163"}],"curies":[{"name":"wp","href":"https:\/\/api.w.org\/{rel}","templated":true}]}}