{"id":128656,"date":"2026-02-09T09:54:15","date_gmt":"2026-02-09T08:54:15","guid":{"rendered":"https:\/\/www.greenpeace.ch\/?page_id=128656"},"modified":"2026-02-17T08:55:28","modified_gmt":"2026-02-17T07:55:28","slug":"dialogueur","status":"publish","type":"page","link":"https:\/\/www.greenpeace.ch\/fr\/dialogueur\/","title":{"rendered":"Dialogueur\u00b7euses"},"content":{"rendered":"\n\n<div class=\"wp-block-group alignfull is-layout-flow wp-block-group-is-layout-flow\">\n<div class=\"wp-block-group container is-layout-flow wp-block-group-is-layout-flow\">\n<div class=\"wp-block-media-text alignfull has-media-on-the-right is-stacked-on-mobile is-pattern-p4-page-header is-style-parallax\" style=\"grid-template-columns:auto 52%\"><div class=\"wp-block-media-text__content\">\n<div class=\"wp-block-group is-layout-flow wp-block-group-is-layout-flow\">\n<h1 class=\"wp-block-heading has-white-background-color has-background\">Dialogueur\u00b7euses<\/h1>\n<\/div>\n<\/div><figure class=\"wp-block-media-text__media\"><img loading=\"lazy\" decoding=\"async\" width=\"1024\" height=\"683\" src=\"https:\/\/www.greenpeace.ch\/static\/planet4-switzerland-stateless\/2026\/02\/24474b70-team_dialogerinnen-1024x683.png\" alt=\"\" sizes=\"auto, (min-width: 601px) 52vw, 100vw\" srcset=\"https:\/\/www.greenpeace.ch\/static\/planet4-switzerland-stateless\/2026\/02\/24474b70-team_dialogerinnen.png 1200w, https:\/\/www.greenpeace.ch\/static\/planet4-switzerland-stateless\/2026\/02\/24474b70-team_dialogerinnen-300x200.png 300w, https:\/\/www.greenpeace.ch\/static\/planet4-switzerland-stateless\/2026\/02\/24474b70-team_dialogerinnen-1024x683.png 1024w, https:\/\/www.greenpeace.ch\/static\/planet4-switzerland-stateless\/2026\/02\/24474b70-team_dialogerinnen-768x512.png 768w, https:\/\/www.greenpeace.ch\/static\/planet4-switzerland-stateless\/2026\/02\/24474b70-team_dialogerinnen-510x340.png 510w\" class=\"wp-image-128993 size-full\"\/><\/figure><\/div>\n<\/div>\n<\/div>\n\n\n<h2 class=\"wp-block-heading\">L&rsquo;\u00e9quipe<\/h2>\n\n<p>Au nom de Greenpeace Suisse, des dialogueur\u00b7euses font du porte-\u00e0-porte dans toute la Suisse romande, de janvier \u00e0 fin ao\u00fbt 2026. Les dialogueur\u00b7euses informent sur le travail men\u00e9 par Greenpeace et cherchent de nouveau\u00b7elles donateur\u00b7trices.<\/p>\n\n<div class=\"wp-block-columns has-4-columns columns-portrait is-layout-flex wp-container-core-columns-is-layout-9d6595d7 wp-block-columns-is-layout-flex\">\n<div class=\"wp-block-column is-layout-flow wp-block-column-is-layout-flow\">\n<figure class=\"wp-block-image size-full caption-style-medium caption-alignment-center\"><img loading=\"lazy\" decoding=\"async\" width=\"1024\" height=\"1024\" src=\"https:\/\/www.greenpeace.ch\/static\/planet4-switzerland-stateless\/2026\/02\/5ad6cf07-asma-ben-ali.png\" title=\"Asma Ben Ali\" alt=\"Asma Ben Ali\" class=\"wp-image-128949\" srcset=\"https:\/\/www.greenpeace.ch\/static\/planet4-switzerland-stateless\/2026\/02\/5ad6cf07-asma-ben-ali.png 1024w, https:\/\/www.greenpeace.ch\/static\/planet4-switzerland-stateless\/2026\/02\/5ad6cf07-asma-ben-ali-300x300.png 300w, https:\/\/www.greenpeace.ch\/static\/planet4-switzerland-stateless\/2026\/02\/5ad6cf07-asma-ben-ali-150x150.png 150w, https:\/\/www.greenpeace.ch\/static\/planet4-switzerland-stateless\/2026\/02\/5ad6cf07-asma-ben-ali-768x768.png 768w, https:\/\/www.greenpeace.ch\/static\/planet4-switzerland-stateless\/2026\/02\/5ad6cf07-asma-ben-ali-340x340.png 340w\" sizes=\"auto, (max-width: 1024px) 100vw, 1024px\" \/><figcaption class=\"wp-element-caption\"><strong>Asma Ben Ali<\/strong><\/figcaption><\/figure>\n<\/div>\n\n\n\n<div class=\"wp-block-column is-layout-flow wp-block-column-is-layout-flow\">\n<figure class=\"wp-block-image size-full caption-style-medium caption-alignment-center\"><img loading=\"lazy\" decoding=\"async\" width=\"1024\" height=\"1024\" src=\"https:\/\/www.greenpeace.ch\/static\/planet4-switzerland-stateless\/2026\/02\/e6d9fa31-henri-enfantin.png\" title=\"Henri Enfantin\" alt=\"Henri Enfantin\" class=\"wp-image-128952\" srcset=\"https:\/\/www.greenpeace.ch\/static\/planet4-switzerland-stateless\/2026\/02\/e6d9fa31-henri-enfantin.png 1024w, https:\/\/www.greenpeace.ch\/static\/planet4-switzerland-stateless\/2026\/02\/e6d9fa31-henri-enfantin-300x300.png 300w, https:\/\/www.greenpeace.ch\/static\/planet4-switzerland-stateless\/2026\/02\/e6d9fa31-henri-enfantin-150x150.png 150w, https:\/\/www.greenpeace.ch\/static\/planet4-switzerland-stateless\/2026\/02\/e6d9fa31-henri-enfantin-768x768.png 768w, https:\/\/www.greenpeace.ch\/static\/planet4-switzerland-stateless\/2026\/02\/e6d9fa31-henri-enfantin-340x340.png 340w\" sizes=\"auto, (max-width: 1024px) 100vw, 1024px\" \/><figcaption class=\"wp-element-caption\"><strong>Henri Enfantin<\/strong><\/figcaption><\/figure>\n<\/div>\n\n\n\n<div class=\"wp-block-column is-layout-flow wp-block-column-is-layout-flow\">\n<figure class=\"wp-block-image size-full caption-style-medium caption-alignment-center\"><img loading=\"lazy\" decoding=\"async\" width=\"1024\" height=\"1024\" src=\"https:\/\/www.greenpeace.ch\/static\/planet4-switzerland-stateless\/2026\/02\/819ceab1-luna-bouchardy.png\" title=\"Luna Bouchardy\" alt=\"Luna Bouchardy\" class=\"wp-image-128958\" srcset=\"https:\/\/www.greenpeace.ch\/static\/planet4-switzerland-stateless\/2026\/02\/819ceab1-luna-bouchardy.png 1024w, https:\/\/www.greenpeace.ch\/static\/planet4-switzerland-stateless\/2026\/02\/819ceab1-luna-bouchardy-300x300.png 300w, https:\/\/www.greenpeace.ch\/static\/planet4-switzerland-stateless\/2026\/02\/819ceab1-luna-bouchardy-150x150.png 150w, https:\/\/www.greenpeace.ch\/static\/planet4-switzerland-stateless\/2026\/02\/819ceab1-luna-bouchardy-768x768.png 768w, https:\/\/www.greenpeace.ch\/static\/planet4-switzerland-stateless\/2026\/02\/819ceab1-luna-bouchardy-340x340.png 340w\" sizes=\"auto, (max-width: 1024px) 100vw, 1024px\" \/><figcaption class=\"wp-element-caption\"><strong>Luna Bouchardy<\/strong><\/figcaption><\/figure>\n<\/div>\n<\/div>\n\n<div class=\"wp-block-columns has-4-columns columns-portrait is-layout-flex wp-container-core-columns-is-layout-9d6595d7 wp-block-columns-is-layout-flex\">\n<div class=\"wp-block-column is-layout-flow wp-block-column-is-layout-flow\">\n<figure class=\"wp-block-image size-full caption-style-medium caption-alignment-center\"><img loading=\"lazy\" decoding=\"async\" width=\"1024\" height=\"1024\" src=\"https:\/\/www.greenpeace.ch\/static\/planet4-switzerland-stateless\/2026\/02\/35fb3a27-ibrahima-diallo.png\" title=\"Diallo Ibrahima\" alt=\"Diallo Ibrahima\" class=\"wp-image-128955\" srcset=\"https:\/\/www.greenpeace.ch\/static\/planet4-switzerland-stateless\/2026\/02\/35fb3a27-ibrahima-diallo.png 1024w, https:\/\/www.greenpeace.ch\/static\/planet4-switzerland-stateless\/2026\/02\/35fb3a27-ibrahima-diallo-300x300.png 300w, https:\/\/www.greenpeace.ch\/static\/planet4-switzerland-stateless\/2026\/02\/35fb3a27-ibrahima-diallo-150x150.png 150w, https:\/\/www.greenpeace.ch\/static\/planet4-switzerland-stateless\/2026\/02\/35fb3a27-ibrahima-diallo-768x768.png 768w, https:\/\/www.greenpeace.ch\/static\/planet4-switzerland-stateless\/2026\/02\/35fb3a27-ibrahima-diallo-340x340.png 340w\" sizes=\"auto, (max-width: 1024px) 100vw, 1024px\" \/><figcaption class=\"wp-element-caption\"><strong>Diallo Ibrahima<\/strong><\/figcaption><\/figure>\n<\/div>\n\n\n\n<div class=\"wp-block-column is-layout-flow wp-block-column-is-layout-flow\">\n<figure class=\"wp-block-image size-full caption-style-medium caption-alignment-center\"><img loading=\"lazy\" decoding=\"async\" width=\"1024\" height=\"1024\" src=\"https:\/\/www.greenpeace.ch\/static\/planet4-switzerland-stateless\/2026\/02\/b3b0416b-sofia-rachdi.png\" title=\"Sofia Rachdi\" alt=\"Sofia Rachdi\" class=\"wp-image-128961\" srcset=\"https:\/\/www.greenpeace.ch\/static\/planet4-switzerland-stateless\/2026\/02\/b3b0416b-sofia-rachdi.png 1024w, https:\/\/www.greenpeace.ch\/static\/planet4-switzerland-stateless\/2026\/02\/b3b0416b-sofia-rachdi-300x300.png 300w, https:\/\/www.greenpeace.ch\/static\/planet4-switzerland-stateless\/2026\/02\/b3b0416b-sofia-rachdi-150x150.png 150w, https:\/\/www.greenpeace.ch\/static\/planet4-switzerland-stateless\/2026\/02\/b3b0416b-sofia-rachdi-768x768.png 768w, https:\/\/www.greenpeace.ch\/static\/planet4-switzerland-stateless\/2026\/02\/b3b0416b-sofia-rachdi-340x340.png 340w\" sizes=\"auto, (max-width: 1024px) 100vw, 1024px\" \/><figcaption class=\"wp-element-caption\"><strong>Sofia Rachdi<br><\/strong><\/figcaption><\/figure>\n<\/div>\n\n\n\n<div class=\"wp-block-column is-layout-flow wp-block-column-is-layout-flow\"><\/div>\n<\/div>\n\n<h2 class=\"wp-block-heading is-style-default\" id=\"WeitereInfos\">Notre Partenaire<\/h2>\n\n<div class=\"wp-block-columns has-4-columns is-layout-flex wp-container-core-columns-is-layout-9d6595d7 wp-block-columns-is-layout-flex\">\n<div class=\"wp-block-column is-layout-flow wp-block-column-is-layout-flow\">\n<div class=\"wp-block-columns is-layout-flex wp-container-core-columns-is-layout-9d6595d7 wp-block-columns-is-layout-flex\">\n<div class=\"wp-block-column is-layout-flow wp-block-column-is-layout-flow\" style=\"flex-basis:100%\">\n<figure class=\"wp-block-image alignleft size-full is-resized\"><img loading=\"lazy\" decoding=\"async\" width=\"250\" height=\"100\" src=\"https:\/\/www.greenpeace.ch\/static\/planet4-switzerland-stateless\/2026\/02\/404d19f9-lazoona-logo.png\" alt=\"\" class=\"wp-image-129138\" style=\"aspect-ratio:2.5002712967986978;width:236px;height:auto\"\/><\/figure>\n<\/div>\n<\/div>\n<\/div>\n<\/div>\n","protected":false},"excerpt":{"rendered":"<p>L&rsquo;\u00e9quipe Au nom de Greenpeace Suisse, des dialogueur\u00b7euses font du porte-\u00e0-porte dans toute la Suisse romande, de janvier \u00e0 fin ao\u00fbt 2026. Les dialogueur\u00b7euses informent sur le travail men\u00e9 par Greenpeace et cherchent de nouveau\u00b7elles donateur\u00b7trices. Notre Partenaire<\/p>\n","protected":false},"author":146,"featured_media":128968,"parent":0,"menu_order":0,"comment_status":"closed","ping_status":"closed","template":"","meta":{"_acf_changed":false,"_planet4_optimize_post_is_variant":false,"_planet4_optimize_experiment_name":"","_planet4_optimize_variant_name":"","ep_exclude_from_search":false,"p4_hide_page_title_checkbox":"on","p4_title":"","p4_subtitle":"","p4_description":"","background_image_id":"","background_image":"","p4_button_title":"","p4_button_link":"","p4_button_link_checkbox":"","p4_og_title":"","p4_og_description":"","p4_og_image":"","p4_og_image_id":"","p4_seo_canonical_url":"","p4_campaign_name":"not set","p4_local_project":"not set","p4_basket_name":"not set","p4_department":"","footnotes":""},"categories":[],"tags":[],"class_list":["post-128656","page","type-page","status-publish","has-post-thumbnail","hentry"],"acf":[],"_links":{"self":[{"href":"https:\/\/www.greenpeace.ch\/fr\/wp-json\/wp\/v2\/pages\/128656","targetHints":{"allow":["GET"]}}],"collection":[{"href":"https:\/\/www.greenpeace.ch\/fr\/wp-json\/wp\/v2\/pages"}],"about":[{"href":"https:\/\/www.greenpeace.ch\/fr\/wp-json\/wp\/v2\/types\/page"}],"author":[{"embeddable":true,"href":"https:\/\/www.greenpeace.ch\/fr\/wp-json\/wp\/v2\/users\/146"}],"replies":[{"embeddable":true,"href":"https:\/\/www.greenpeace.ch\/fr\/wp-json\/wp\/v2\/comments?post=128656"}],"version-history":[{"count":12,"href":"https:\/\/www.greenpeace.ch\/fr\/wp-json\/wp\/v2\/pages\/128656\/revisions"}],"predecessor-version":[{"id":129142,"href":"https:\/\/www.greenpeace.ch\/fr\/wp-json\/wp\/v2\/pages\/128656\/revisions\/129142"}],"wp:featuredmedia":[{"embeddable":true,"href":"https:\/\/www.greenpeace.ch\/fr\/wp-json\/wp\/v2\/media\/128968"}],"wp:attachment":[{"href":"https:\/\/www.greenpeace.ch\/fr\/wp-json\/wp\/v2\/media?parent=128656"}],"wp:term":[{"taxonomy":"category","embeddable":true,"href":"https:\/\/www.greenpeace.ch\/fr\/wp-json\/wp\/v2\/categories?post=128656"},{"taxonomy":"post_tag","embeddable":true,"href":"https:\/\/www.greenpeace.ch\/fr\/wp-json\/wp\/v2\/tags?post=128656"}],"curies":[{"name":"wp","href":"https:\/\/api.w.org\/{rel}","templated":true}]}}