{"id":128882,"date":"2026-02-02T16:02:15","date_gmt":"2026-02-02T15:02:15","guid":{"rendered":"https:\/\/www.greenpeace.ch\/?page_id=128882"},"modified":"2026-02-02T16:02:44","modified_gmt":"2026-02-02T15:02:44","slug":"groupe-regional-valais","status":"publish","type":"page","link":"https:\/\/www.greenpeace.ch\/fr\/agir\/benevole\/groupe-regional-valais\/","title":{"rendered":"Groupe r\u00e9gional Valais"},"content":{"rendered":"\n\n<div class=\"wp-block-group alignfull is-layout-flow wp-block-group-is-layout-flow\">\n<div class=\"wp-block-group container is-layout-flow wp-block-group-is-layout-flow\">\n<div class=\"wp-block-media-text alignfull has-media-on-the-right is-stacked-on-mobile is-pattern-p4-page-header is-style-parallax\"><div class=\"wp-block-media-text__content\">\n<div class=\"wp-block-group is-layout-flow wp-block-group-is-layout-flow\">\n<h1 class=\"wp-block-heading has-white-background-color has-background\">Groupe r\u00e9gional Valais <\/h1>\n<\/div>\n<\/div><figure class=\"wp-block-media-text__media\"><img loading=\"lazy\" decoding=\"async\" width=\"1024\" height=\"653\" src=\"https:\/\/www.greenpeace.ch\/static\/planet4-switzerland-stateless\/2026\/02\/cc73c90d-marchesion-14.3.25-3-1024x653.jpg\" alt=\"\" sizes=\"auto, (min-width: 601px) 50vw, 100vw\" srcset=\"https:\/\/www.greenpeace.ch\/static\/planet4-switzerland-stateless\/2026\/02\/cc73c90d-marchesion-14.3.25-3.jpg 1600w, https:\/\/www.greenpeace.ch\/static\/planet4-switzerland-stateless\/2026\/02\/cc73c90d-marchesion-14.3.25-3-300x191.jpg 300w, https:\/\/www.greenpeace.ch\/static\/planet4-switzerland-stateless\/2026\/02\/cc73c90d-marchesion-14.3.25-3-1024x653.jpg 1024w, https:\/\/www.greenpeace.ch\/static\/planet4-switzerland-stateless\/2026\/02\/cc73c90d-marchesion-14.3.25-3-768x490.jpg 768w, https:\/\/www.greenpeace.ch\/static\/planet4-switzerland-stateless\/2026\/02\/cc73c90d-marchesion-14.3.25-3-1536x979.jpg 1536w, https:\/\/www.greenpeace.ch\/static\/planet4-switzerland-stateless\/2026\/02\/cc73c90d-marchesion-14.3.25-3-510x325.jpg 510w\" class=\"wp-image-128869 size-full\"\/><\/figure><\/div>\n<\/div>\n<\/div>\n\n\n<div class=\"wp-block-columns has-2-columns is-layout-flex wp-container-core-columns-is-layout-9d6595d7 wp-block-columns-is-layout-flex\">\n<div class=\"wp-block-column is-layout-flow wp-block-column-is-layout-flow\">\n<figure class=\"wp-block-image size-large is-resized\"><img loading=\"lazy\" decoding=\"async\" width=\"1024\" height=\"768\" src=\"https:\/\/www.greenpeace.ch\/static\/planet4-switzerland-stateless\/2026\/02\/9f685c35-bannervs2-1024x768.jpg\" alt=\"\" class=\"wp-image-128875\" style=\"width:417px;height:auto\" srcset=\"https:\/\/www.greenpeace.ch\/static\/planet4-switzerland-stateless\/2026\/02\/9f685c35-bannervs2-1024x768.jpg 1024w, https:\/\/www.greenpeace.ch\/static\/planet4-switzerland-stateless\/2026\/02\/9f685c35-bannervs2-300x225.jpg 300w, https:\/\/www.greenpeace.ch\/static\/planet4-switzerland-stateless\/2026\/02\/9f685c35-bannervs2-768x576.jpg 768w, https:\/\/www.greenpeace.ch\/static\/planet4-switzerland-stateless\/2026\/02\/9f685c35-bannervs2-1536x1152.jpg 1536w, https:\/\/www.greenpeace.ch\/static\/planet4-switzerland-stateless\/2026\/02\/9f685c35-bannervs2-2048x1536.jpg 2048w, https:\/\/www.greenpeace.ch\/static\/planet4-switzerland-stateless\/2026\/02\/9f685c35-bannervs2-1821x1366.jpg 1821w, https:\/\/www.greenpeace.ch\/static\/planet4-switzerland-stateless\/2026\/02\/9f685c35-bannervs2-453x340.jpg 453w\" sizes=\"auto, (max-width: 1024px) 100vw, 1024px\" \/><\/figure>\n\n\n\n<p><\/p>\n<\/div>\n\n\n\n<div class=\"wp-block-column is-layout-flow wp-block-column-is-layout-flow\">\n<figure class=\"wp-block-image size-large\"><img loading=\"lazy\" decoding=\"async\" width=\"1024\" height=\"682\" src=\"https:\/\/www.greenpeace.ch\/static\/planet4-switzerland-stateless\/2026\/02\/460caded-marchesion-14.3.25-1-1024x682.jpg\" alt=\"\" class=\"wp-image-128872\" srcset=\"https:\/\/www.greenpeace.ch\/static\/planet4-switzerland-stateless\/2026\/02\/460caded-marchesion-14.3.25-1-1024x682.jpg 1024w, https:\/\/www.greenpeace.ch\/static\/planet4-switzerland-stateless\/2026\/02\/460caded-marchesion-14.3.25-1-300x200.jpg 300w, https:\/\/www.greenpeace.ch\/static\/planet4-switzerland-stateless\/2026\/02\/460caded-marchesion-14.3.25-1-768x512.jpg 768w, https:\/\/www.greenpeace.ch\/static\/planet4-switzerland-stateless\/2026\/02\/460caded-marchesion-14.3.25-1-1536x1023.jpg 1536w, https:\/\/www.greenpeace.ch\/static\/planet4-switzerland-stateless\/2026\/02\/460caded-marchesion-14.3.25-1-510x340.jpg 510w, https:\/\/www.greenpeace.ch\/static\/planet4-switzerland-stateless\/2026\/02\/460caded-marchesion-14.3.25-1.jpg 1600w\" sizes=\"auto, (max-width: 1024px) 100vw, 1024px\" \/><\/figure>\n\n\n\n<p><\/p>\n<\/div>\n<\/div>\n\n<h2 class=\"wp-block-heading is-style-underline\"><strong>As-tu envie de t&rsquo;engager?&nbsp;<\/strong><\/h2>\n\n<div class=\"wp-block-columns has-2-columns is-layout-flex wp-container-core-columns-is-layout-9d6595d7 wp-block-columns-is-layout-flex\">\n<div class=\"wp-block-column is-layout-flow wp-block-column-is-layout-flow\">\n<p><meta charset=\"utf-8\">Le groupe r\u00e9gional Valais regroupe des b\u00e9n\u00e9voles de tout \u00e2ge&nbsp;: des gymnasien\u00b7nes, des retrait\u00e9\u00b7es, des \u00e9tudiant\u00b7es, des trentenaires; jeunes d\u2019esprit et motiv\u00e9\u00b7es \u00e0 faire bouger les choses pour un monde plus juste et plus \u00e9cologique.<\/p>\n\n\n\n<p>En nous rejoignant, tu pourras participer \u00e0 des d\u00e9bats anim\u00e9s sur des stands, \u00e0 l\u2019organisation de la marche contre Monsanto ou bien \u00e0 des activit\u00e9s plus ludiques \u00e0 construire ensemble. Nous d\u00e9terminons nos activit\u00e9s en groupe lors de r\u00e9unions conviviales avec du houmous et des cakes bio\/vegan pour stimuler nos id\u00e9es.<\/p>\n<\/div>\n\n\n\n<div class=\"wp-block-column is-layout-flow wp-block-column-is-layout-flow\">\n<p>Si tu vis dans le canton de Valais, que tu en as assez de rester l\u00e0 sans rien faire et souhaite faire concr\u00e8tement bouger les choses, rejoins le&nbsp;Groupe r\u00e9gional de Valais. Tu y seras toujours le ou la bienvenu\u00b7e. Nous organisons r\u00e9guli\u00e8rement des s\u00e9ances d\u2019accueil pour les nouveaux membres.<\/p>\n\n\n\n<div class=\"wp-block-buttons is-layout-flex wp-block-buttons-is-layout-flex\">\n<div class=\"wp-block-button\"><a class=\"wp-block-button__link wp-element-button\" href=\"https:\/\/form.asana.com\/?k=BCp-aawINMrg_FPHrmxuBw&amp;d=8432729103091\" target=\"_blank\" rel=\"noreferrer noopener\">Formulaire de contact<\/a><\/div>\n<\/div>\n<\/div>\n<\/div>\n\n<p><\/p>\n","protected":false},"excerpt":{"rendered":"<p>As-tu envie de t&rsquo;engager?&nbsp; Le groupe r\u00e9gional Valais regroupe des b\u00e9n\u00e9voles de tout \u00e2ge&nbsp;: des gymnasien\u00b7nes, des retrait\u00e9\u00b7es, des \u00e9tudiant\u00b7es, des trentenaires; jeunes d\u2019esprit et motiv\u00e9\u00b7es \u00e0 faire bouger les choses pour un monde plus juste et plus \u00e9cologique. En nous rejoignant, tu pourras participer \u00e0 des d\u00e9bats anim\u00e9s sur des stands, \u00e0 l\u2019organisation de [&hellip;]<\/p>\n","protected":false},"author":23,"featured_media":128870,"parent":33100,"menu_order":0,"comment_status":"closed","ping_status":"closed","template":"","meta":{"_acf_changed":false,"_planet4_optimize_post_is_variant":false,"_planet4_optimize_experiment_name":"","_planet4_optimize_variant_name":"","ep_exclude_from_search":false,"p4_hide_page_title_checkbox":"on","p4_title":"","p4_subtitle":"","p4_description":"","background_image_id":"","background_image":"","p4_button_title":"","p4_button_link":"","p4_button_link_checkbox":"","p4_og_title":"","p4_og_description":"","p4_og_image":"","p4_og_image_id":"","p4_seo_canonical_url":"","p4_campaign_name":"","p4_local_project":"","p4_basket_name":"","p4_department":"","footnotes":""},"categories":[],"tags":[],"class_list":["post-128882","page","type-page","status-publish","has-post-thumbnail","hentry"],"acf":[],"_links":{"self":[{"href":"https:\/\/www.greenpeace.ch\/fr\/wp-json\/wp\/v2\/pages\/128882","targetHints":{"allow":["GET"]}}],"collection":[{"href":"https:\/\/www.greenpeace.ch\/fr\/wp-json\/wp\/v2\/pages"}],"about":[{"href":"https:\/\/www.greenpeace.ch\/fr\/wp-json\/wp\/v2\/types\/page"}],"author":[{"embeddable":true,"href":"https:\/\/www.greenpeace.ch\/fr\/wp-json\/wp\/v2\/users\/23"}],"replies":[{"embeddable":true,"href":"https:\/\/www.greenpeace.ch\/fr\/wp-json\/wp\/v2\/comments?post=128882"}],"version-history":[{"count":2,"href":"https:\/\/www.greenpeace.ch\/fr\/wp-json\/wp\/v2\/pages\/128882\/revisions"}],"predecessor-version":[{"id":128884,"href":"https:\/\/www.greenpeace.ch\/fr\/wp-json\/wp\/v2\/pages\/128882\/revisions\/128884"}],"up":[{"embeddable":true,"href":"https:\/\/www.greenpeace.ch\/fr\/wp-json\/wp\/v2\/pages\/33100"}],"wp:featuredmedia":[{"embeddable":true,"href":"https:\/\/www.greenpeace.ch\/fr\/wp-json\/wp\/v2\/media\/128870"}],"wp:attachment":[{"href":"https:\/\/www.greenpeace.ch\/fr\/wp-json\/wp\/v2\/media?parent=128882"}],"wp:term":[{"taxonomy":"category","embeddable":true,"href":"https:\/\/www.greenpeace.ch\/fr\/wp-json\/wp\/v2\/categories?post=128882"},{"taxonomy":"post_tag","embeddable":true,"href":"https:\/\/www.greenpeace.ch\/fr\/wp-json\/wp\/v2\/tags?post=128882"}],"curies":[{"name":"wp","href":"https:\/\/api.w.org\/{rel}","templated":true}]}}