{"id":32836,"date":"2021-04-05T10:12:00","date_gmt":"2021-04-05T08:12:00","guid":{"rendered":"https:\/\/www.greenpeace.ch\/agir\/fuer-eine-plastikfreie-zukunft\/"},"modified":"2025-05-05T12:06:23","modified_gmt":"2025-05-05T10:06:23","slug":"pour-avenir-sans-plastique","status":"publish","type":"page","link":"https:\/\/www.greenpeace.ch\/fr\/agir\/pour-avenir-sans-plastique\/","title":{"rendered":"Pour un avenir sans plastique"},"content":{"rendered":"\n                \n                <div class=\"wp-block-group alignfull is-layout-flow wp-block-group-is-layout-flow\">\n                \n                <div class=\"wp-block-group container is-layout-flow wp-block-group-is-layout-flow\">\n                \n                <div class=\"wp-block-media-text alignfull has-media-on-the-right is-stacked-on-mobile is-pattern-p4-page-header is-style-parallax\">\n\n                <div class=\"wp-block-media-text__content\">\n                    <div class=\"wp-block-group is-layout-flow wp-block-group-is-layout-flow\">\n                    \n                        <h1 class=\"wp-block-heading has-white-background-color has-background\">\n                            Pour un avenir sans plastique\n                        <\/h1>\n                    <\/div>\n                \n\n                \n\n                \n\n                <\/div>\n                <figure class=\"wp-block-media-text__media\">\n                    <img loading=\"lazy\" decoding=\"async\" width=\"2500\" height=\"1667\"\n                        src=\"https:\/\/www.greenpeace.ch\/static\/planet4-switzerland-stateless\/2020\/01\/2f72cda2-gp0stqt4l_pressmedia.jpg\"\n                        alt=\"\"\n                        sizes=\"auto, (min-width: 601px) 50vw, 100vw\" srcset=\"https:\/\/www.greenpeace.ch\/static\/planet4-switzerland-stateless\/2020\/01\/2f72cda2-gp0stqt4l_pressmedia.jpg 2500w, https:\/\/www.greenpeace.ch\/static\/planet4-switzerland-stateless\/2020\/01\/2f72cda2-gp0stqt4l_pressmedia-300x200.jpg 300w, https:\/\/www.greenpeace.ch\/static\/planet4-switzerland-stateless\/2020\/01\/2f72cda2-gp0stqt4l_pressmedia-1024x683.jpg 1024w, https:\/\/www.greenpeace.ch\/static\/planet4-switzerland-stateless\/2020\/01\/2f72cda2-gp0stqt4l_pressmedia-768x512.jpg 768w, https:\/\/www.greenpeace.ch\/static\/planet4-switzerland-stateless\/2020\/01\/2f72cda2-gp0stqt4l_pressmedia-1536x1024.jpg 1536w, https:\/\/www.greenpeace.ch\/static\/planet4-switzerland-stateless\/2020\/01\/2f72cda2-gp0stqt4l_pressmedia-2048x1366.jpg 2048w, https:\/\/www.greenpeace.ch\/static\/planet4-switzerland-stateless\/2020\/01\/2f72cda2-gp0stqt4l_pressmedia-510x340.jpg 510w\" class=\"wp-image-40771 size-full\"\n                    \/>\n                <\/figure>\n                <\/div>\n                \n                <\/div>\n                \n                <\/div>\n                \n                \n                    <div class=\"wp-block-group is-vertical is-layout-flex wp-container-core-group-is-layout-8cf370e7 wp-block-group-is-layout-flex\">\n                    \n\n                    \n                    <\/div>\n                    \n<div class=\"wp-block-columns is-layout-flex wp-container-core-columns-is-layout-9d6595d7 wp-block-columns-is-layout-flex\">\n<div class=\"wp-block-column is-layout-flow wp-block-column-is-layout-flow\">\n<h3 class=\"wp-block-heading\"><strong>Le plastique est partout&#8230;<\/strong><\/h3>\n\n\n\n<p>Le plastique est litt\u00e9ralement partout&nbsp;: au fond des oc\u00e9ans, au sommet des montagnes, dans l\u2019estomac des oiseaux et des mammif\u00e8res, dans la nourriture que nous consommons et dans l\u2019air que nous respirons. En moins de 70 ans de production de masse, le plastique s\u2019est diffus\u00e9 dans tous les coins et recoins de la plan\u00e8te. Comment a-t-il pu devenir \u00e0 ce point incontr\u00f4lable&nbsp;?<\/p>\n\n\n\n<p>La crise environnementale caus\u00e9e par le plastique est l\u2019un des sympt\u00f4mes les plus apparents d\u2019un syst\u00e8me en faillite qui nous laisse d\u00e9munis, nous et cette plan\u00e8te que nous habitons. Les ressources naturelles sont exploit\u00e9es dans un but de profit maximum, au d\u00e9triment des populations. Les grandes entreprises et les gouvernements encouragent une \u00e9conomie du jetable, dans laquelle le confort et la croissance \u00e9conomique passent avant les cons\u00e9quences \u00e0 supporter par la collectivit\u00e9.<\/p>\n\n\n\n<h3 class=\"wp-block-heading\"><strong>&#8230;cela nous offre une opportunit\u00e9 d&rsquo;agir.<\/strong><\/h3>\n\n\n\n<p>Ensemble, nous pouvons instaurer de nouvelles r\u00e8gles qui nous feront sortir de l\u2019\u00e8re du jetable. Ce faisant, nous pourrons agir non seulement contre la pollution par le plastique, mais aussi contre les syst\u00e8mes \u00e9conomiques qui en sont les profiteurs et qui contribuent \u00e0 alimenter la crise du r\u00e9chauffement climatique. <\/p>\n\n\n\n<p>Pour r\u00e9ussir, nous devons agir \u00e0 deux niveaux&nbsp;: individuel et collectif. Ce qu\u2019il nous faut, ce sont des d\u00e9cisions modestes, des actions gigantesques, et tout ce qu\u2019il y a entre les deux. Et pour cela, nous avons besoin de vous.<\/p>\n<\/div>\n\n\n\n<div class=\"wp-block-column is-layout-flow wp-block-column-is-layout-flow\">\n<figure class=\"wp-block-embed-youtube wp-block-embed is-type-video is-provider-youtube wp-embed-aspect-16-9 wp-has-aspect-ratio\"><div class=\"wp-block-embed__wrapper\">\n<lite-youtube style=\"background-image: url('https:\/\/i.ytimg.com\/vi\/qg9GqzXJC2o\/hqdefault.jpg');\" videoid=\"qg9GqzXJC2o\" params=\"rel=0&#038;enablejsapi=1&#038;origin=https%3A%2F%2Fwww.greenpeace.ch&#038;cc_load_policy=1\"><\/lite-youtube>\n<\/div><\/figure>\n\n\n\n<figure class=\"wp-block-image size-large caption-style-blue-overlay caption-alignment-center\"><img loading=\"lazy\" decoding=\"async\" width=\"1024\" height=\"599\" src=\"https:\/\/www.greenpeace.ch\/static\/planet4-switzerland-stateless\/2019\/10\/GP0STSFNS_High_res-1024x599.jpg\" alt=\"\" class=\"wp-image-37303\" srcset=\"https:\/\/www.greenpeace.ch\/static\/planet4-switzerland-stateless\/2019\/10\/GP0STSFNS_High_res-1024x599.jpg 1024w, https:\/\/www.greenpeace.ch\/static\/planet4-switzerland-stateless\/2019\/10\/GP0STSFNS_High_res-300x176.jpg 300w, https:\/\/www.greenpeace.ch\/static\/planet4-switzerland-stateless\/2019\/10\/GP0STSFNS_High_res-768x449.jpg 768w, https:\/\/www.greenpeace.ch\/static\/planet4-switzerland-stateless\/2019\/10\/GP0STSFNS_High_res-2048x1198.jpg 2048w, https:\/\/www.greenpeace.ch\/static\/planet4-switzerland-stateless\/2019\/10\/GP0STSFNS_High_res-510x298.jpg 510w\" sizes=\"auto, (max-width: 1024px) 100vw, 1024px\" \/><\/figure>\n<\/div>\n<\/div>\n\n<p><\/p>\n<div data-render=\"planet4-blocks\/columns\" data-attributes=\"{&quot;attributes&quot;:{&quot;columns_block_style&quot;:&quot;image&quot;,&quot;columns_title&quot;:&quot;Plus de possibilit\\u00e9s d&#039;action&quot;,&quot;columns&quot;:[{&quot;title&quot;:&quot;Tout savoir sur la pollution par le plastique&quot;,&quot;description&quot;:&quot;Le plastique pollue tous les coins de la terre. Que ce soit au fond de l&#039;oc\\u00e9an, sur les sentiers forestiers isol\\u00e9s, sur la glace arctique ou sur les plages des \\u00eeles o\\u00f9 nichent les tortues g\\u00e9antes : les d\\u00e9chets plastiques sont partout.&quot;,&quot;attachment&quot;:&quot;https:\\\/\\\/www.greenpeace.ch\\\/static\\\/planet4-switzerland-stateless\\\/2020\\\/01\\\/e12d38b9-gp0stqs0e-510x340.jpg&quot;,&quot;cta_link&quot;:&quot;https:\\\/\\\/www.greenpeace.ch\\\/fr\\\/agir\\\/pour-avenir-sans-plastique\\\/tout-savoir-pollution-plastique\\\/&quot;,&quot;link_new_tab&quot;:false,&quot;cta_text&quot;:&quot;Agir&quot;,&quot;attachment_srcset&quot;:&quot;https:\\\/\\\/www.greenpeace.ch\\\/static\\\/planet4-switzerland-stateless\\\/2020\\\/01\\\/e12d38b9-gp0stqs0e-510x340.jpg 510w, https:\\\/\\\/www.greenpeace.ch\\\/static\\\/planet4-switzerland-stateless\\\/2020\\\/01\\\/e12d38b9-gp0stqs0e-300x200.jpg 300w, https:\\\/\\\/www.greenpeace.ch\\\/static\\\/planet4-switzerland-stateless\\\/2020\\\/01\\\/e12d38b9-gp0stqs0e-1024x683.jpg 1024w, https:\\\/\\\/www.greenpeace.ch\\\/static\\\/planet4-switzerland-stateless\\\/2020\\\/01\\\/e12d38b9-gp0stqs0e-768x512.jpg 768w, https:\\\/\\\/www.greenpeace.ch\\\/static\\\/planet4-switzerland-stateless\\\/2020\\\/01\\\/e12d38b9-gp0stqs0e.jpg 1200w&quot;},{&quot;title&quot;:&quot;Organiser un \\u00e9v\\u00e9nement z\\u00e9ro d\\u00e9chets &quot;,&quot;description&quot;:&quot;Qu&#039;il s&#039;agisse d&#039;un d\\u00eener, d&#039;un pique-nique en plein air ou d&#039;une r\\u00e9union de grand groupe : se passer de plastique ne signifie pas se passer de plaisir. Au contraire : c&#039;est une invitation \\u00e0 la cr\\u00e9ativit\\u00e9!&quot;,&quot;attachment&quot;:&quot;https:\\\/\\\/www.greenpeace.ch\\\/static\\\/planet4-switzerland-stateless\\\/2020\\\/01\\\/2cc46838-gp0sttm6m-510x340-1-510x340.jpg&quot;,&quot;cta_link&quot;:&quot;https:\\\/\\\/www.greenpeace.ch\\\/fr\\\/agir\\\/pour-avenir-sans-plastique\\\/evennement-zero-dechets\\\/&quot;,&quot;link_new_tab&quot;:false,&quot;cta_text&quot;:&quot;Agir&quot;,&quot;attachment_srcset&quot;:&quot;https:\\\/\\\/www.greenpeace.ch\\\/static\\\/planet4-switzerland-stateless\\\/2020\\\/01\\\/2cc46838-gp0sttm6m-510x340-1.jpg 510w, https:\\\/\\\/www.greenpeace.ch\\\/static\\\/planet4-switzerland-stateless\\\/2020\\\/01\\\/2cc46838-gp0sttm6m-510x340-1-300x200.jpg 300w&quot;},{&quot;title&quot;:&quot;Misez sur les plats \\u00e0 emporter&quot;,&quot;description&quot;:&quot;Relevez le d\\u00e9fi des contenants r\\u00e9utilisables et faites partie du mouvement qui change nos habitudes alimentaires ! Ainsi, le r\\u00e9utilisable devient la voie normale.&quot;,&quot;attachment&quot;:&quot;https:\\\/\\\/www.greenpeace.ch\\\/static\\\/planet4-switzerland-stateless\\\/2020\\\/01\\\/6226a638-gp0sttj65_high_res-scaled-1-510x340.jpg&quot;,&quot;cta_link&quot;:&quot;https:\\\/\\\/www.greenpeace.ch\\\/fr\\\/agir\\\/pour-avenir-sans-plastique\\\/misez-plats-emporter\\\/&quot;,&quot;link_new_tab&quot;:false,&quot;cta_text&quot;:&quot;Agir&quot;,&quot;attachment_srcset&quot;:&quot;https:\\\/\\\/www.greenpeace.ch\\\/static\\\/planet4-switzerland-stateless\\\/2020\\\/01\\\/6226a638-gp0sttj65_high_res-scaled-1-510x340.jpg 510w, https:\\\/\\\/www.greenpeace.ch\\\/static\\\/planet4-switzerland-stateless\\\/2020\\\/01\\\/6226a638-gp0sttj65_high_res-scaled-1-300x200.jpg 300w, https:\\\/\\\/www.greenpeace.ch\\\/static\\\/planet4-switzerland-stateless\\\/2020\\\/01\\\/6226a638-gp0sttj65_high_res-scaled-1-1024x683.jpg 1024w, https:\\\/\\\/www.greenpeace.ch\\\/static\\\/planet4-switzerland-stateless\\\/2020\\\/01\\\/6226a638-gp0sttj65_high_res-scaled-1-768x512.jpg 768w, https:\\\/\\\/www.greenpeace.ch\\\/static\\\/planet4-switzerland-stateless\\\/2020\\\/01\\\/6226a638-gp0sttj65_high_res-scaled-1-1536x1024.jpg 1536w, https:\\\/\\\/www.greenpeace.ch\\\/static\\\/planet4-switzerland-stateless\\\/2020\\\/01\\\/6226a638-gp0sttj65_high_res-scaled-1-2048x1366.jpg 2048w&quot;},{&quot;title&quot;:&quot;&quot;,&quot;description&quot;:&quot;&quot;,&quot;attachment&quot;:0,&quot;cta_link&quot;:&quot;&quot;,&quot;cta_text&quot;:&quot;&quot;,&quot;link_new_tab&quot;:false}]}}\"><\/div><div data-render=\"planet4-blocks\/columns\" data-attributes=\"{&quot;attributes&quot;:{&quot;columns_block_style&quot;:&quot;image&quot;,&quot;columns&quot;:[{&quot;title&quot;:&quot;Invitez votre supermarch\\u00e9 \\u00e0 participer&quot;,&quot;description&quot;:&quot;Relevez le d\\u00e9fi des contenants consign\\u00e9s et faites partie du mouvement qui change nos habitudes d&#039;achat au supermarch\\u00e9.&quot;,&quot;attachment&quot;:&quot;https:\\\/\\\/www.greenpeace.ch\\\/static\\\/planet4-switzerland-stateless\\\/2019\\\/12\\\/2565ae6e-gp0sttopv-510x340-510x340.jpg&quot;,&quot;cta_link&quot;:&quot;https:\\\/\\\/www.greenpeace.ch\\\/fr\\\/agir\\\/pour-avenir-sans-plastique\\\/invitez-supermarche-participer\\\/&quot;,&quot;link_new_tab&quot;:true,&quot;cta_text&quot;:&quot;Agir&quot;,&quot;attachment_srcset&quot;:&quot;https:\\\/\\\/www.greenpeace.ch\\\/static\\\/planet4-switzerland-stateless\\\/2019\\\/12\\\/2565ae6e-gp0sttopv-510x340.jpg 510w, https:\\\/\\\/www.greenpeace.ch\\\/static\\\/planet4-switzerland-stateless\\\/2019\\\/12\\\/2565ae6e-gp0sttopv-510x340-300x200.jpg 300w&quot;},{&quot;title&quot;:&quot;Participez au Mouvement d\\u2019audit des entreprises du plastique&quot;,&quot;description&quot;:&quot;Les b\\u00e9n\\u00e9voles nettoient les rives, les parcs et les plages locales et utilisent ces \\u00e9v\\u00e9nements pour identifier les entreprises responsables de la pollution plastique.&quot;,&quot;attachment&quot;:&quot;https:\\\/\\\/www.greenpeace.ch\\\/static\\\/planet4-switzerland-stateless\\\/2019\\\/10\\\/f96e4955-gp0sttylb-510x340.jpg&quot;,&quot;cta_link&quot;:&quot;https:\\\/\\\/www.greenpeace.ch\\\/fr\\\/agir\\\/pour-avenir-sans-plastique\\\/participez-audit-entreprises-plastique\\\/&quot;,&quot;link_new_tab&quot;:true,&quot;cta_text&quot;:&quot;Agir&quot;,&quot;attachment_srcset&quot;:&quot;https:\\\/\\\/www.greenpeace.ch\\\/static\\\/planet4-switzerland-stateless\\\/2019\\\/10\\\/f96e4955-gp0sttylb-510x340.jpg 510w, https:\\\/\\\/www.greenpeace.ch\\\/static\\\/planet4-switzerland-stateless\\\/2019\\\/10\\\/f96e4955-gp0sttylb-300x200.jpg 300w, https:\\\/\\\/www.greenpeace.ch\\\/static\\\/planet4-switzerland-stateless\\\/2019\\\/10\\\/f96e4955-gp0sttylb-1024x683.jpg 1024w, https:\\\/\\\/www.greenpeace.ch\\\/static\\\/planet4-switzerland-stateless\\\/2019\\\/10\\\/f96e4955-gp0sttylb-768x512.jpg 768w, https:\\\/\\\/www.greenpeace.ch\\\/static\\\/planet4-switzerland-stateless\\\/2019\\\/10\\\/f96e4955-gp0sttylb.jpg 1200w&quot;}]}}\"><\/div>","protected":false},"excerpt":{"rendered":"<p>Le plastique est partout&#8230; Le plastique est litt\u00e9ralement partout&nbsp;: au fond des oc\u00e9ans, au sommet des montagnes, dans l\u2019estomac des oiseaux et des mammif\u00e8res, dans la nourriture que nous consommons et dans l\u2019air que nous respirons. En moins de 70 ans de production de masse, le plastique s\u2019est diffus\u00e9 dans tous les coins et recoins [&hellip;]<\/p>\n","protected":false},"author":50,"featured_media":40771,"parent":32627,"menu_order":0,"comment_status":"closed","ping_status":"closed","template":"","meta":{"_acf_changed":false,"_planet4_optimize_post_is_variant":false,"_planet4_optimize_experiment_name":"","_planet4_optimize_variant_name":"","ep_exclude_from_search":false,"p4_hide_page_title_checkbox":"on","p4_title":"","p4_subtitle":"","p4_description":"","background_image_id":"","background_image":"","p4_button_title":"","p4_button_link":"","p4_button_link_checkbox":"","p4_og_title":"","p4_og_description":"","p4_og_image":"","p4_og_image_id":"","p4_seo_canonical_url":"","p4_campaign_name":"not set","p4_local_project":"not set","p4_basket_name":"not set","p4_department":"","footnotes":""},"categories":[121,121],"tags":[74],"class_list":{"0":"post-32836","1":"page","2":"type-page","3":"status-publish","4":"has-post-thumbnail","5":"hentry","6":"category-greenpeace-fr","8":"tag-zero-dechet"},"acf":[],"_links":{"self":[{"href":"https:\/\/www.greenpeace.ch\/fr\/wp-json\/wp\/v2\/pages\/32836","targetHints":{"allow":["GET"]}}],"collection":[{"href":"https:\/\/www.greenpeace.ch\/fr\/wp-json\/wp\/v2\/pages"}],"about":[{"href":"https:\/\/www.greenpeace.ch\/fr\/wp-json\/wp\/v2\/types\/page"}],"author":[{"embeddable":true,"href":"https:\/\/www.greenpeace.ch\/fr\/wp-json\/wp\/v2\/users\/50"}],"replies":[{"embeddable":true,"href":"https:\/\/www.greenpeace.ch\/fr\/wp-json\/wp\/v2\/comments?post=32836"}],"version-history":[{"count":3,"href":"https:\/\/www.greenpeace.ch\/fr\/wp-json\/wp\/v2\/pages\/32836\/revisions"}],"predecessor-version":[{"id":119851,"href":"https:\/\/www.greenpeace.ch\/fr\/wp-json\/wp\/v2\/pages\/32836\/revisions\/119851"}],"up":[{"embeddable":true,"href":"https:\/\/www.greenpeace.ch\/fr\/wp-json\/wp\/v2\/pages\/32627"}],"wp:featuredmedia":[{"embeddable":true,"href":"https:\/\/www.greenpeace.ch\/fr\/wp-json\/wp\/v2\/media\/40771"}],"wp:attachment":[{"href":"https:\/\/www.greenpeace.ch\/fr\/wp-json\/wp\/v2\/media?parent=32836"}],"wp:term":[{"taxonomy":"category","embeddable":true,"href":"https:\/\/www.greenpeace.ch\/fr\/wp-json\/wp\/v2\/categories?post=32836"},{"taxonomy":"post_tag","embeddable":true,"href":"https:\/\/www.greenpeace.ch\/fr\/wp-json\/wp\/v2\/tags?post=32836"}],"curies":[{"name":"wp","href":"https:\/\/api.w.org\/{rel}","templated":true}]}}