{"id":33169,"date":"2019-04-11T16:45:34","date_gmt":"2019-04-11T14:45:34","guid":{"rendered":"https:\/\/www.greenpeace.ch\/agir\/dons\/patenschaft\/"},"modified":"2026-04-01T09:34:28","modified_gmt":"2026-04-01T07:34:28","slug":"parrainage","status":"publish","type":"page","link":"https:\/\/www.greenpeace.ch\/fr\/parrainage\/","title":{"rendered":"Parrainage"},"content":{"rendered":"\n<div class=\"wp-block-planet4-blocks-carousel-header\"><div data-hydrate=\"planet4-blocks\/carousel-header\" data-attributes=\"{&quot;carousel_autoplay&quot;:true,&quot;slides&quot;:[{&quot;image&quot;:124610,&quot;focal_points&quot;:{&quot;x&quot;:0.15,&quot;y&quot;:0.19},&quot;header&quot;:&quot;Vous aimez les oc\u00e9ans?&quot;,&quot;description&quot;:&quot;En tant que marraine ou parrain, vous pouvez contribuer \u00e0 prot\u00e9ger les oc\u00e9ans, \u00e0 pr\u00e9venir leur pollution et leur surexploitation, ainsi qu\u2019\u00e0 pr\u00e9server la diversit\u00e9 des esp\u00e8ces vivantes.&quot;,&quot;link_text&quot;:&quot;En savoir plus&quot;,&quot;link_url&quot;:&quot;https:\/\/www.greenpeace.ch\/fr\/parrainage\/#selection&quot;,&quot;link_url_new_tab&quot;:false,&quot;image_url&quot;:&quot;https:\/\/www.greenpeace.ch\/static\/planet4-switzerland-stateless\/2025\/08\/531822bc-gp1sxqfm.jpg&quot;,&quot;image_srcset&quot;:&quot;https:\/\/www.greenpeace.ch\/static\/planet4-switzerland-stateless\/2025\/08\/531822bc-gp1sxqfm-300x218.jpg 300w,https:\/\/www.greenpeace.ch\/static\/planet4-switzerland-stateless\/2025\/08\/531822bc-gp1sxqfm-1024x745.jpg 1024w,https:\/\/www.greenpeace.ch\/static\/planet4-switzerland-stateless\/2025\/08\/531822bc-gp1sxqfm.jpg 8318w&quot;},{&quot;image&quot;:124203,&quot;focal_points&quot;:{&quot;x&quot;:0.29,&quot;y&quot;:0.53},&quot;header&quot;:&quot;Vous aimez les for\u00eats?&quot;,&quot;description&quot;:&quot;En souscrivant un parrainage pour la protection des for\u00eats, vous contribuez \u00e0 pr\u00e9server un habitat pr\u00e9cieux, \u00e0 lutter contre la d\u00e9forestation ill\u00e9gale et \u00e0 prot\u00e9ger le poumon vert de la plan\u00e8te.&quot;,&quot;link_text&quot;:&quot;En savoir plus&quot;,&quot;link_url&quot;:&quot;https:\/\/www.greenpeace.ch\/fr\/parrainage\/#selection&quot;,&quot;link_url_new_tab&quot;:false,&quot;image_url&quot;:&quot;https:\/\/www.greenpeace.ch\/static\/planet4-switzerland-stateless\/2025\/08\/8ed4700d-gp04v6l-scaled.jpg&quot;,&quot;image_srcset&quot;:&quot;https:\/\/www.greenpeace.ch\/static\/planet4-switzerland-stateless\/2025\/08\/8ed4700d-gp04v6l-150x150.jpg 150w,https:\/\/www.greenpeace.ch\/static\/planet4-switzerland-stateless\/2025\/08\/8ed4700d-gp04v6l-300x200.jpg 300w,https:\/\/www.greenpeace.ch\/static\/planet4-switzerland-stateless\/2025\/08\/8ed4700d-gp04v6l-1024x683.jpg 1024w,https:\/\/www.greenpeace.ch\/static\/planet4-switzerland-stateless\/2025\/08\/8ed4700d-gp04v6l-scaled.jpg 2560w&quot;},{&quot;image&quot;:123659,&quot;focal_points&quot;:[],&quot;header&quot;:&quot;Vous prot\u00e9gez le climat?&quot;,&quot;description&quot;:&quot;En souscrivant un parrainage pour la protection du climat, vous vous engagez \u00e0 nos c\u00f4t\u00e9s contre les destructeurs du climat et contribuez \u00e0 pr\u00e9server un monde vivable pour les g\u00e9n\u00e9rations futures.&quot;,&quot;link_text&quot;:&quot;En savoir plus&quot;,&quot;link_url&quot;:&quot;https:\/\/www.greenpeace.ch\/fr\/parrainage\/#selection&quot;,&quot;link_url_new_tab&quot;:false,&quot;image_url&quot;:&quot;https:\/\/www.greenpeace.ch\/static\/planet4-switzerland-stateless\/2025\/07\/6dd08e6f-gp0stuhp3-scaled.jpg&quot;,&quot;image_srcset&quot;:&quot;https:\/\/www.greenpeace.ch\/static\/planet4-switzerland-stateless\/2025\/07\/6dd08e6f-gp0stuhp3-150x150.jpg 150w,https:\/\/www.greenpeace.ch\/static\/planet4-switzerland-stateless\/2025\/07\/6dd08e6f-gp0stuhp3-300x200.jpg 300w,https:\/\/www.greenpeace.ch\/static\/planet4-switzerland-stateless\/2025\/07\/6dd08e6f-gp0stuhp3-1024x683.jpg 1024w,https:\/\/www.greenpeace.ch\/static\/planet4-switzerland-stateless\/2025\/07\/6dd08e6f-gp0stuhp3-scaled.jpg 2560w&quot;}],&quot;currentImageIndex&quot;:0}\"><section class=\"block block-header alignfull carousel-header \"><div class=\"carousel-wrapper-header\"><div class=\"carousel-inner\" role=\"listbox\"><div class=\"carousel-item active\"><div class=\"carousel-item-mask\"><div class=\"background-holder\"><img decoding=\"async\" src=\"https:\/\/www.greenpeace.ch\/static\/planet4-switzerland-stateless\/2025\/08\/531822bc-gp1sxqfm.jpg\" style=\"object-position:15% 19%\" srcSet=\"https:\/\/www.greenpeace.ch\/static\/planet4-switzerland-stateless\/2025\/08\/531822bc-gp1sxqfm-300x218.jpg 300w,https:\/\/www.greenpeace.ch\/static\/planet4-switzerland-stateless\/2025\/08\/531822bc-gp1sxqfm-1024x745.jpg 1024w,https:\/\/www.greenpeace.ch\/static\/planet4-switzerland-stateless\/2025\/08\/531822bc-gp1sxqfm.jpg 8318w\"\/><\/div><div class=\"carousel-caption\"><div class=\"caption-overlay\"><\/div><div class=\"container main-header\"><div class=\"carousel-captions-wrapper\"><h2>Vous aimez les oc\u00e9ans?<\/h2><p>En tant que marraine ou parrain, vous pouvez contribuer \u00e0 prot\u00e9ger les oc\u00e9ans, \u00e0 pr\u00e9venir leur pollution et leur surexploitation, ainsi qu\u2019\u00e0 pr\u00e9server la diversit\u00e9 des esp\u00e8ces vivantes.<\/p><\/div><div class=\"col-xs-12 col-sm-8 col-md-4 action-button\"><a href=\"https:\/\/www.greenpeace.ch\/fr\/parrainage\/#selection\" class=\"btn btn-primary\" data-ga-category=\"Carousel Header\" data-ga-action=\"Call to Action\"><span>En savoir plus<\/span><\/a><\/div><\/div><\/div><\/div><\/div><div class=\"carousel-item \"><div class=\"carousel-item-mask\"><div class=\"background-holder\"><img decoding=\"async\" src=\"https:\/\/www.greenpeace.ch\/static\/planet4-switzerland-stateless\/2025\/08\/531822bc-gp1sxqfm.jpg\" style=\"object-position:15% 19%\" srcSet=\"https:\/\/www.greenpeace.ch\/static\/planet4-switzerland-stateless\/2025\/08\/531822bc-gp1sxqfm-300x218.jpg 300w,https:\/\/www.greenpeace.ch\/static\/planet4-switzerland-stateless\/2025\/08\/531822bc-gp1sxqfm-1024x745.jpg 1024w,https:\/\/www.greenpeace.ch\/static\/planet4-switzerland-stateless\/2025\/08\/531822bc-gp1sxqfm.jpg 8318w\"\/><\/div><div class=\"carousel-caption\"><div class=\"caption-overlay\"><\/div><div class=\"container main-header\"><div class=\"carousel-captions-wrapper\"><h2>Vous aimez les for\u00eats?<\/h2><p>En souscrivant un parrainage pour la protection des for\u00eats, vous contribuez \u00e0 pr\u00e9server un habitat pr\u00e9cieux, \u00e0 lutter contre la d\u00e9forestation ill\u00e9gale et \u00e0 prot\u00e9ger le poumon vert de la plan\u00e8te.<\/p><\/div><div class=\"col-xs-12 col-sm-8 col-md-4 action-button\"><a href=\"https:\/\/www.greenpeace.ch\/fr\/parrainage\/#selection\" class=\"btn btn-primary\" data-ga-category=\"Carousel Header\" data-ga-action=\"Call to Action\"><span>En savoir plus<\/span><\/a><\/div><\/div><\/div><\/div><\/div><div class=\"carousel-item \"><div class=\"carousel-item-mask\"><div class=\"background-holder\"><img decoding=\"async\" src=\"https:\/\/www.greenpeace.ch\/static\/planet4-switzerland-stateless\/2025\/08\/531822bc-gp1sxqfm.jpg\" style=\"object-position:15% 19%\" srcSet=\"https:\/\/www.greenpeace.ch\/static\/planet4-switzerland-stateless\/2025\/08\/531822bc-gp1sxqfm-300x218.jpg 300w,https:\/\/www.greenpeace.ch\/static\/planet4-switzerland-stateless\/2025\/08\/531822bc-gp1sxqfm-1024x745.jpg 1024w,https:\/\/www.greenpeace.ch\/static\/planet4-switzerland-stateless\/2025\/08\/531822bc-gp1sxqfm.jpg 8318w\"\/><\/div><div class=\"carousel-caption\"><div class=\"caption-overlay\"><\/div><div class=\"container main-header\"><div class=\"carousel-captions-wrapper\"><h2>Vous prot\u00e9gez le climat?<\/h2><p>En souscrivant un parrainage pour la protection du climat, vous vous engagez \u00e0 nos c\u00f4t\u00e9s contre les destructeurs du climat et contribuez \u00e0 pr\u00e9server un monde vivable pour les g\u00e9n\u00e9rations futures.<\/p><\/div><div class=\"col-xs-12 col-sm-8 col-md-4 action-button\"><a href=\"https:\/\/www.greenpeace.ch\/fr\/parrainage\/#selection\" class=\"btn btn-primary\" data-ga-category=\"Carousel Header\" data-ga-action=\"Call to Action\"><span>En savoir plus<\/span><\/a><\/div><\/div><\/div><\/div><\/div><button class=\"carousel-control-prev\"><span class=\"carousel-control-prev-icon\" aria-hidden=\"true\"><i><\/i><\/span><span class=\"visually-hidden\">Previous<\/span><\/button><button class=\"carousel-control-next\"><span class=\"carousel-control-next-icon\" aria-hidden=\"true\"><i><\/i><\/span><span class=\"visually-hidden\">Next<\/span><\/button><div class=\"carousel-indicators-wrapper\"><div class=\"container\"><ol class=\"carousel-indicators\"><li class=\"active\" role=\"presentation\"><\/li><li class=\"\" role=\"presentation\"><\/li><li class=\"\" role=\"presentation\"><\/li><\/ol><\/div><\/div><\/div><\/div><\/section><\/div><\/div>\n\n<div class=\"wp-block-group alignfull block has-beige-100-background-color has-background is-layout-flow wp-block-group-is-layout-flow\" id=\"kontakt\" style=\"padding-top:80px;padding-bottom:80px\">\n<p class=\"has-text-align-center is-style-accent-1\">En souscrivant un parrainage Greenpeace, vous faites le bon choix: vous vous engagez de mani\u00e8re cibl\u00e9e en faveur d\u2019une cause qui vous tient \u00e0 c\u0153ur, et votre contribution est int\u00e9gralement consacr\u00e9e \u00e0 cette cause. Vous avez le choix entre cinq grands domaines d\u2019action: les oc\u00e9ans, les for\u00eats, l\u2019agriculture, le climat ou notre flotte. <br><br>Montez \u00e0 bord et recevez d\u00e8s maintenant votre certificat personnel. Nous vous informerons du projet sp\u00e9cifique que nous prot\u00e9geons et vous enverrons un rapport de parrainage. Bienvenue \u00e0 bord!<\/p>\n\n\n\n<p class=\"has-text-align-center\"><strong>Nous nous r\u00e9jouissons de vous accueillir.<\/strong><\/p>\n<\/div>\n\n<div style=\"height:21px\" aria-hidden=\"true\" id=\"selection\" class=\"wp-block-spacer\"><\/div>\n<div data-render=\"planet4-blocks\/columns\" data-attributes=\"{&quot;attributes&quot;:{&quot;columns_block_style&quot;:&quot;image&quot;,&quot;columns_title&quot;:&quot;Nos parrainages: \\u00e0 vous de choisir!&quot;,&quot;columns_description&quot;:&quot;Demandez-vous quelle cause vous tient particuli\\u00e8rement \\u00e0 c\\u0153ur, et vous saurez quel parrainage est fait pour vous. Tous les domaines d\\u2019action sont importants et chaque parrainage compte. En tant que marraine ou parrain, vous soutenez notre action en premi\\u00e8re ligne, jour apr\\u00e8s jour, aux c\\u00f4t\\u00e9s de Greenpeace. Rejoignez-nous!&quot;,&quot;columns&quot;:[{&quot;attachment&quot;:&quot;https:\\\/\\\/www.greenpeace.ch\\\/static\\\/planet4-switzerland-stateless\\\/2025\\\/07\\\/f9b6ebf8-gp0stznhb-510x340.jpg&quot;,&quot;title&quot;:&quot;\\u00c0 bord de la flotte de Greenpeace&quot;,&quot;description&quot;:&quot;Aidez-nous \\u00e0 rassembler des preuves et \\u00e0 d\\u00e9noncer les crimes environnementaux.&quot;,&quot;cta_text&quot;:&quot;Parrainage de la flotte&quot;,&quot;cta_link&quot;:&quot;https:\\\/\\\/www.greenpeace.ch\\\/fr\\\/parrainage\\\/parrainage-flotte\\\/&quot;,&quot;attachment_srcset&quot;:&quot;https:\\\/\\\/www.greenpeace.ch\\\/static\\\/planet4-switzerland-stateless\\\/2025\\\/07\\\/f9b6ebf8-gp0stznhb-510x340.jpg 510w, https:\\\/\\\/www.greenpeace.ch\\\/static\\\/planet4-switzerland-stateless\\\/2025\\\/07\\\/f9b6ebf8-gp0stznhb-300x200.jpg 300w, https:\\\/\\\/www.greenpeace.ch\\\/static\\\/planet4-switzerland-stateless\\\/2025\\\/07\\\/f9b6ebf8-gp0stznhb-1024x683.jpg 1024w, https:\\\/\\\/www.greenpeace.ch\\\/static\\\/planet4-switzerland-stateless\\\/2025\\\/07\\\/f9b6ebf8-gp0stznhb-768x512.jpg 768w, https:\\\/\\\/www.greenpeace.ch\\\/static\\\/planet4-switzerland-stateless\\\/2025\\\/07\\\/f9b6ebf8-gp0stznhb-1536x1024.jpg 1536w, https:\\\/\\\/www.greenpeace.ch\\\/static\\\/planet4-switzerland-stateless\\\/2025\\\/07\\\/f9b6ebf8-gp0stznhb-2048x1366.jpg 2048w&quot;},{&quot;attachment&quot;:&quot;https:\\\/\\\/www.greenpeace.ch\\\/static\\\/planet4-switzerland-stateless\\\/2025\\\/07\\\/f555fed2-gp0stxfz6-510x340.jpg&quot;,&quot;title&quot;:&quot;Au service des oc\\u00e9ans&quot;,&quot;description&quot;:&quot;Aidez-nous \\u00e0 prot\\u00e9ger nos oc\\u00e9ans et la diversit\\u00e9 des esp\\u00e8ces marines.&quot;,&quot;cta_text&quot;:&quot;Parrainage des oc\\u00e9ans&quot;,&quot;cta_link&quot;:&quot;https:\\\/\\\/www.greenpeace.ch\\\/fr\\\/parrainage\\\/parrainage-oceans\\\/&quot;,&quot;attachment_srcset&quot;:&quot;https:\\\/\\\/www.greenpeace.ch\\\/static\\\/planet4-switzerland-stateless\\\/2025\\\/07\\\/f555fed2-gp0stxfz6-510x340.jpg 510w, https:\\\/\\\/www.greenpeace.ch\\\/static\\\/planet4-switzerland-stateless\\\/2025\\\/07\\\/f555fed2-gp0stxfz6-300x200.jpg 300w, https:\\\/\\\/www.greenpeace.ch\\\/static\\\/planet4-switzerland-stateless\\\/2025\\\/07\\\/f555fed2-gp0stxfz6-1024x683.jpg 1024w, https:\\\/\\\/www.greenpeace.ch\\\/static\\\/planet4-switzerland-stateless\\\/2025\\\/07\\\/f555fed2-gp0stxfz6-768x512.jpg 768w&quot;},{&quot;title&quot;:&quot;Agir pour les for\\u00eats primaires&quot;,&quot;description&quot;:&quot;Aidez-nous \\u00e0 pr\\u00e9server nos pr\\u00e9cieux \\u00e9cosyst\\u00e8mes.&quot;,&quot;attachment&quot;:&quot;https:\\\/\\\/www.greenpeace.ch\\\/static\\\/planet4-switzerland-stateless\\\/2025\\\/07\\\/0a161b16-gp0strvj1-510x340.jpg&quot;,&quot;cta_link&quot;:&quot;https:\\\/\\\/www.greenpeace.ch\\\/fr\\\/parrainage\\\/parrainage-forets\\\/&quot;,&quot;cta_text&quot;:&quot;Parrainage des for\\u00eats&quot;,&quot;link_new_tab&quot;:false,&quot;attachment_srcset&quot;:&quot;https:\\\/\\\/www.greenpeace.ch\\\/static\\\/planet4-switzerland-stateless\\\/2025\\\/07\\\/0a161b16-gp0strvj1-510x340.jpg 510w, https:\\\/\\\/www.greenpeace.ch\\\/static\\\/planet4-switzerland-stateless\\\/2025\\\/07\\\/0a161b16-gp0strvj1-300x200.jpg 300w, https:\\\/\\\/www.greenpeace.ch\\\/static\\\/planet4-switzerland-stateless\\\/2025\\\/07\\\/0a161b16-gp0strvj1-1024x683.jpg 1024w, https:\\\/\\\/www.greenpeace.ch\\\/static\\\/planet4-switzerland-stateless\\\/2025\\\/07\\\/0a161b16-gp0strvj1-768x512.jpg 768w, https:\\\/\\\/www.greenpeace.ch\\\/static\\\/planet4-switzerland-stateless\\\/2025\\\/07\\\/0a161b16-gp0strvj1-1536x1024.jpg 1536w, https:\\\/\\\/www.greenpeace.ch\\\/static\\\/planet4-switzerland-stateless\\\/2025\\\/07\\\/0a161b16-gp0strvj1-2048x1366.jpg 2048w&quot;}],&quot;className&quot;:&quot;is-style-image&quot;}}\"><\/div>\n<div class=\"wp-block-group is-layout-flow wp-block-group-is-layout-flow\">\n<div style=\"height:19px\" aria-hidden=\"true\" class=\"wp-block-spacer\"><\/div>\n<\/div>\n\n<h2 class=\"wp-block-heading\"><strong>Avantages de votre parrainage<\/strong><\/h2>\n\n<ul class=\"wp-block-list is-style-default\">\n<li><strong>Direct:<\/strong>&nbsp;votre parrainage est li\u00e9 \u00e0 une cause qui vous tient particuli\u00e8rement \u00e0 c\u0153ur, et votre c<strong>ontribution est enti\u00e8rement revers\u00e9e au programme de votre choix<\/strong>.<br><\/li>\n\n\n\n<li><strong>Personnel:<\/strong>&nbsp;en guise de bienvenue, vous recevez votre <strong>certificat de parrainage personnel<\/strong> et votre <strong>premier rapport de parrainage<\/strong>. Chaque ann\u00e9e, vous pouvez participer \u00e0 notre <strong>\u00e9v\u00e9nement de parrainage<\/strong>.<br><\/li>\n\n\n\n<li><strong>Libre:<\/strong>&nbsp;vous pouvez <strong>r\u00e9silier votre parrainage \u00e0 tout moment<\/strong> et, comme pour tout autre don \u00e0 Greenpeace, le <strong>d\u00e9duire de vos imp\u00f4ts<\/strong>. Si les r\u00e9sultats ne vous satisfont pas, votre argent vous sera rembours\u00e9!<\/li>\n<\/ul>\n\n<div class=\"wp-block-buttons is-content-justification-left is-layout-flex wp-container-core-buttons-is-layout-fdcfc74e wp-block-buttons-is-layout-flex\">\n<div class=\"wp-block-button is-style-cta\"><a class=\"wp-block-button__link wp-element-button\" href=\"https:\/\/www.greenpeace.ch\/fr\/parrainage\/#selection\">Devenir marraine\/parrain maintenant<\/a><\/div>\n<\/div>\n\n<div class=\"wp-block-group alignfull block has-beige-100-background-color has-background is-layout-flow wp-block-group-is-layout-flow\" id=\"kontakt\" style=\"padding-top:80px;padding-bottom:80px\">\n<h3 class=\"wp-block-heading has-text-align-center is-style-no-underline\" id=\"kontakt\" style=\"margin-bottom:24px\"><strong>Nous sommes l\u00e0 pour vous<\/strong><\/h3>\n\n\n\n<p class=\"has-text-align-center is-style-accent-1\">Nous sommes \u00e0 votre disposition et accordons une grande importance \u00e0 votre engagement. Nous prenons le temps de r\u00e9pondre \u00e0 vos questions et suggestions dans un esprit d\u2019\u00e9galit\u00e9. Nous partageons avec vous des informations sp\u00e9cialis\u00e9es et les derni\u00e8res nouvelles concernant le projet en toute transparence. <br><br>Les parrains et marraines appr\u00e9cient tout particuli\u00e8rement les \u00e9changes et les rencontres lors des \u00e9v\u00e9nements, d\u2019autant que nous nous connaissons depuis des ann\u00e9es. Engagez-vous et rejoignez-nous!<\/p>\n\n\n\n<h3 class=\"wp-block-heading has-text-align-center\">Shibo Tsch\u00e4ppeler<\/h3>\n\n\n\n<figure class=\"wp-block-image aligncenter size-medium is-resized\"><img loading=\"lazy\" decoding=\"async\" width=\"200\" height=\"300\" src=\"https:\/\/www.greenpeace.ch\/static\/planet4-switzerland-stateless\/2026\/04\/9012bca4-img_6396_mm_final-200x300.jpg\" title=\"Shibo_Tschaeppeler\" alt=\"Shibo_Tschaeppeler\" class=\"wp-image-130862\" style=\"width:212px\" srcset=\"https:\/\/www.greenpeace.ch\/static\/planet4-switzerland-stateless\/2026\/04\/9012bca4-img_6396_mm_final-200x300.jpg 200w, https:\/\/www.greenpeace.ch\/static\/planet4-switzerland-stateless\/2026\/04\/9012bca4-img_6396_mm_final-683x1024.jpg 683w, https:\/\/www.greenpeace.ch\/static\/planet4-switzerland-stateless\/2026\/04\/9012bca4-img_6396_mm_final-768x1152.jpg 768w, https:\/\/www.greenpeace.ch\/static\/planet4-switzerland-stateless\/2026\/04\/9012bca4-img_6396_mm_final-1024x1536.jpg 1024w, https:\/\/www.greenpeace.ch\/static\/planet4-switzerland-stateless\/2026\/04\/9012bca4-img_6396_mm_final-1365x2048.jpg 1365w, https:\/\/www.greenpeace.ch\/static\/planet4-switzerland-stateless\/2026\/04\/9012bca4-img_6396_mm_final-911x1366.jpg 911w, https:\/\/www.greenpeace.ch\/static\/planet4-switzerland-stateless\/2026\/04\/9012bca4-img_6396_mm_final-227x340.jpg 227w, https:\/\/www.greenpeace.ch\/static\/planet4-switzerland-stateless\/2026\/04\/9012bca4-img_6396_mm_final-scaled.jpg 1706w\" sizes=\"auto, (max-width: 200px) 100vw, 200px\" \/><\/figure>\n\n\n\n<p class=\"has-text-align-center\">Responsable des parrainages<\/p>\n\n\n\n<p class=\"has-text-align-center\"><a href=\"mailto:shibo.tschaeppeler@greenpeace.org\" target=\"_blank\" rel=\"noreferrer noopener\">shibo.tschaeppeler@greenpeace.org<\/a><\/p>\n<\/div>\n","protected":false},"excerpt":{"rendered":"<p>En souscrivant un parrainage Greenpeace, vous avez le choix entre cinq grands domaines d\u2019action: les oc\u00e9ans, les for\u00eats, l\u2019agriculture, le climat ou notre flotte.<\/p>\n","protected":false},"author":25,"featured_media":123660,"parent":92570,"menu_order":0,"comment_status":"closed","ping_status":"closed","template":"","meta":{"_acf_changed":false,"_planet4_optimize_post_is_variant":false,"_planet4_optimize_experiment_name":"","_planet4_optimize_variant_name":"","ep_exclude_from_search":false,"p4_hide_page_title_checkbox":"on","p4_title":"","p4_subtitle":"","p4_description":"","background_image_id":"","background_image":"","p4_button_title":"","p4_button_link":"","p4_button_link_checkbox":"","p4_og_title":"","p4_og_description":"","p4_og_image":"","p4_og_image_id":"","p4_seo_canonical_url":"","p4_campaign_name":"not set","p4_local_project":"not set","p4_basket_name":"not set","p4_department":"","footnotes":""},"categories":[],"tags":[135],"class_list":["post-33169","page","type-page","status-publish","has-post-thumbnail","hentry","tag-soutenez-nous"],"acf":[],"_links":{"self":[{"href":"https:\/\/www.greenpeace.ch\/fr\/wp-json\/wp\/v2\/pages\/33169","targetHints":{"allow":["GET"]}}],"collection":[{"href":"https:\/\/www.greenpeace.ch\/fr\/wp-json\/wp\/v2\/pages"}],"about":[{"href":"https:\/\/www.greenpeace.ch\/fr\/wp-json\/wp\/v2\/types\/page"}],"author":[{"embeddable":true,"href":"https:\/\/www.greenpeace.ch\/fr\/wp-json\/wp\/v2\/users\/25"}],"replies":[{"embeddable":true,"href":"https:\/\/www.greenpeace.ch\/fr\/wp-json\/wp\/v2\/comments?post=33169"}],"version-history":[{"count":4,"href":"https:\/\/www.greenpeace.ch\/fr\/wp-json\/wp\/v2\/pages\/33169\/revisions"}],"predecessor-version":[{"id":130871,"href":"https:\/\/www.greenpeace.ch\/fr\/wp-json\/wp\/v2\/pages\/33169\/revisions\/130871"}],"up":[{"embeddable":true,"href":"https:\/\/www.greenpeace.ch\/fr\/wp-json\/"}],"wp:featuredmedia":[{"embeddable":true,"href":"https:\/\/www.greenpeace.ch\/fr\/wp-json\/wp\/v2\/media\/123660"}],"wp:attachment":[{"href":"https:\/\/www.greenpeace.ch\/fr\/wp-json\/wp\/v2\/media?parent=33169"}],"wp:term":[{"taxonomy":"category","embeddable":true,"href":"https:\/\/www.greenpeace.ch\/fr\/wp-json\/wp\/v2\/categories?post=33169"},{"taxonomy":"post_tag","embeddable":true,"href":"https:\/\/www.greenpeace.ch\/fr\/wp-json\/wp\/v2\/tags?post=33169"}],"curies":[{"name":"wp","href":"https:\/\/api.w.org\/{rel}","templated":true}]}}