{"id":33233,"date":"2019-04-11T16:49:33","date_gmt":"2019-04-11T14:49:33","guid":{"rendered":"https:\/\/www.greenpeace.ch\/agir\/dons\/parrainage\/patenschaft-landwirtschaft\/"},"modified":"2025-05-05T12:08:03","modified_gmt":"2025-05-05T10:08:03","slug":"parrainage-agriculture","status":"publish","type":"page","link":"https:\/\/www.greenpeace.ch\/fr\/parrainage\/parrainage-agriculture\/","title":{"rendered":"Parrainage agriculture"},"content":{"rendered":"\n                \n                <div class=\"wp-block-group alignfull is-layout-flow wp-block-group-is-layout-flow\">\n                \n                <div class=\"wp-block-group container is-layout-flow wp-block-group-is-layout-flow\">\n                \n                <div class=\"wp-block-media-text alignfull has-media-on-the-right is-stacked-on-mobile is-pattern-p4-page-header is-style-parallax\">\n\n                <div class=\"wp-block-media-text__content\">\n                    <div class=\"wp-block-group is-layout-flow wp-block-group-is-layout-flow\">\n                    \n                        <h1 class=\"wp-block-heading has-white-background-color has-background\">\n                            Parrainage agriculture\n                        <\/h1>\n                    <\/div>\n                \n\n                \n\n                \n\n                <\/div>\n                <figure class=\"wp-block-media-text__media\">\n                    <img loading=\"lazy\" decoding=\"async\" width=\"1200\" height=\"675\"\n                        src=\"https:\/\/www.greenpeace.ch\/static\/planet4-switzerland-stateless\/2019\/05\/fd8d25b6-gp0strfu8_16-9.jpg\"\n                        alt=\"\"\n                        sizes=\"auto, (min-width: 601px) 50vw, 100vw\" srcset=\"https:\/\/www.greenpeace.ch\/static\/planet4-switzerland-stateless\/2019\/05\/fd8d25b6-gp0strfu8_16-9.jpg 1200w, https:\/\/www.greenpeace.ch\/static\/planet4-switzerland-stateless\/2019\/05\/fd8d25b6-gp0strfu8_16-9-300x169.jpg 300w, https:\/\/www.greenpeace.ch\/static\/planet4-switzerland-stateless\/2019\/05\/fd8d25b6-gp0strfu8_16-9-768x432.jpg 768w, https:\/\/www.greenpeace.ch\/static\/planet4-switzerland-stateless\/2019\/05\/fd8d25b6-gp0strfu8_16-9-1024x576.jpg 1024w, https:\/\/www.greenpeace.ch\/static\/planet4-switzerland-stateless\/2019\/05\/fd8d25b6-gp0strfu8_16-9-510x287.jpg 510w\" class=\"wp-image-4486 size-full\"\n                    \/>\n                <\/figure>\n                <\/div>\n                \n                <\/div>\n                \n                <\/div>\n                \n                \n                    <div class=\"wp-block-group is-vertical is-layout-flex wp-container-core-group-is-layout-8cf370e7 wp-block-group-is-layout-flex\">\n                    \n\n                    \n                    <\/div>\n                    \n<h2 class=\"is-style-underline wp-block-heading\">Conclure un parrainage agricole<\/h2>\n\n<p>Pesticides, monocultures, d\u00e9chets et pouvoir des grandes entreprises &#8211; l&rsquo;agriculture industrielle d&rsquo;aujourd&rsquo;hui menace la s\u00e9curit\u00e9 alimentaire de demain. Greenpeace s&rsquo;engage pour une agriculture qui produit des aliments sains pour tous sans d\u00e9truire la biodiversit\u00e9. Par votre parrainage, vous soutenez notre engagement en faveur de l&rsquo;agriculture durable.<\/p>\n\n<div class=\"wp-block-columns has-2-columns is-layout-flex wp-container-core-columns-is-layout-9d6595d7 wp-block-columns-is-layout-flex\">\n<div class=\"wp-block-column is-layout-flow wp-block-column-is-layout-flow\">\n<p><strong>Veuillez choisir un montant donn\u00e9 ou entrer un montant diff\u00e9rent :<\/strong><\/p>\n\n\n<div class=\"wp-block-planet4-gpch-tamaro-tamaro-widget\">\n\n\t<div class=\"rnw-widget-container\"><\/div>\n\n\t<script src=\"https:\/\/tamaro.raisenow.com\/greenpeace-ch-default\/latest\/widget.js\"><\/script>\n\n\t<script>\n\t\twindow.rnw.tamaro.runWidget('.rnw-widget-container', {\n\t\t\tdebug: false,\n\t\t\ttestMode: false,\n\t\t\tlanguage: 'fr',\n\t\t\tdefaultPaymentType: 'recurring',\n\t\t\tdefaultRecurringInterval: 'yearly',\n\t\t\tshowStoredCustomerEmailPermission: true,\n\t\t\tshowStoredCustomerDonationReceipt: false,\n\t\t\tshow_submit_button: false,\n\t\t\tshow_footer: false,\n\t\t\tpaymentFormPrefill: {\n\t\t\t\tstored_customer_email_permission: true,\n\t\t\t\tstored_customer_donation_receipt: true,\n\t\t\t\tstored_sf_Contact_Source__c: 'Internet',\n\t\t\t\tgpch_product: 'Sponsorship Agriculture',\n\t\t\t\tstored_sf_Opportunity_Product__c: '',\n\t\t\t\tstored_sf_npe03__Recurring_Donation__c_Product__c: ''\n\t\t\t},\n\t\t\tpaymentMethods: [\n\t\t\t\t'twint',\n\t\t\t\t'card',\n\t\t\t\t{\n\t\t\t\t\t\"if\": \"paymentType() != recurring\",\n\t\t\t\t\t\"then\": [\n\t\t\t\t\t\t\"chqr\"\n\t\t\t\t\t]\n\t\t\t\t},\n\t\t\t\t{\n\t\t\t\t\t\"if\": \"paymentType() == recurring\",\n\t\t\t\t\t\"then\": [\n\t\t\t\t\t\t\"dd\"\n\t\t\t\t\t]\n\t\t\t\t},\n\t\t\t\t{\n\t\t\t\t\t\"if\": \"paymentType() != recurring\",\n\t\t\t\t\t\"then\": [\n\t\t\t\t\t\t\"paypal\"\n\t\t\t\t\t]\n\t\t\t\t},\n\t\t\t],\n\t\t\tshowBlocks: {\n                \t\t\t},\n            forceShowBlocks: {\n                payment_amounts_and_intervals: true,\n                slot_gpch_next_step_button: true,\n                payment_purposes: false,\n                payment_payment_methods: false,\n                payment_profile: false,\n                payment_address: false,\n                payment_cover_fee: false,\n            },\n\t\t\tpurposes: ['p1'],\n\t\t\tpurposeDetails: {\n\t\t\t\tp1: {\n\t\t\t\t\tstored_campaign_id: '701090000005VkZAAU'\n\t\t\t\t}\n\t\t\t},\n            blocksOrder: [\n                                'payment_purposes',\n                'payment_amounts_and_intervals',\n                                'slot_gpch_next_step_button',\n                'payment_payment_methods',\n                'payment_profile',\n                'payment_profile_short',\n                'payment_address',\n                'payment_email_permission',\n                'payment_cover_fee',\n                'payment_sepa_mandate_terms',\n                            ],\n\t\t\tslots: {\n\t\t\t\tslot_gpch_next_step_button: [{\n\t\t\t\t\tcomponent: \"block\",\n\t\t\t\t\tchildren: [{\n\t\t\t\t\t\tcomponent: \"block_content\",\n\t\t\t\t\t\tchildren: [{\n\t\t\t\t\t\t\tcomponent: \"content\",\n\t\t\t\t\t\t\ttext_html: \"gpch_next_step_button\"\n\t\t\t\t\t\t}]\n\t\t\t\t\t}]\n\t\t\t\t}],\n                \t\t\t},\n            paymentValidations: {\n                            },\n\t\t\ttranslations: {\n\t\t\t\ten: {\n\t\t\t\t\tpurposes: {\n\t\t\t\t\t\tp1: 'Greenpeace Switzerland'\n\t\t\t\t\t},\n\t\t\t\t\tblocks: {\n\t\t\t\t\t\tpayment_profile: {\n\t\t\t\t\t\t\temail_permission_info_html: \"<p>I would like Greenpeace Switzerland to inform me by e-mail about ongoing projects.<\/p>\\n\"\n\t\t\t\t\t\t}\n\t\t\t\t\t},\n\t\t\t\t\tgpch_next_step_button: '<button type=\"button\" class=\"btn btn-block btn-primary\" onClick=\"gpchTamaro.nextStep()\"><span class=\"btn-text\">Suite<\/span><\/button>',\n                    custom_fields_text: '',\n                },\n\t\t\t\tde: {\n\t\t\t\t\tpurposes: {\n\t\t\t\t\t\tp1: 'Greenpeace Schweiz'\n\t\t\t\t\t},\n\t\t\t\t\tblocks: {\n\t\t\t\t\t\tpayment_profile: {\n\t\t\t\t\t\t\temail_permission_info_html: \"<p>Ich m\u00f6chte, dass Greenpeace Schweiz mich per E-Mail \u00fcber laufende Projekte informiert.<\/p>\\n\"\n\t\t\t\t\t\t}\n\t\t\t\t\t}\n\t\t\t\t},\n\t\t\t\tfr: {\n\t\t\t\t\tpurposes: {\n\t\t\t\t\t\tp1: 'Greenpeace Suisse'\n\t\t\t\t\t},\n\t\t\t\t\tblocks: {\n\t\t\t\t\t\tpayment_profile: {\n\t\t\t\t\t\t\temail_permission_info_html: \"<p>Je veux que Greenpeace Suisse m'informe par e-mail des projets en cours.<\/p>\\n\"\n\t\t\t\t\t\t}\n\t\t\t\t\t}\n\t\t\t\t},\n\t\t\t\tit: {\n\t\t\t\t\tpurposes: {\n\t\t\t\t\t\tp1: 'Greenpeace Svizzera'\n\t\t\t\t\t},\n\t\t\t\t\tblocks: {\n\t\t\t\t\t\tpayment_profile: {\n\t\t\t\t\t\t\temail_permission_info_html: \"<p>Desidero che Greenpeace Svizzera mi informi via e-mail sui progetti in corso.<\/p>\\n\"\n\t\t\t\t\t\t}\n\t\t\t\t\t}\n\t\t\t\t}\n\t\t\t},\n\t\t\tamounts: [\n\t\t\t\t{\n\t\t\t\t\t\"if\": \"paymentType() == onetime\",\n\t\t\t\t\t\"then\": [234,280,400,600]\n\t\t\t\t},\n\t\t\t\t{\n\t\t\t\t\t\"if\": \"paymentType() == recurring && recurringInterval() == monthly\",\n\t\t\t\t\t\"then\": [20,40,75,100]\n\t\t\t\t},\n\t\t\t\t{\n\t\t\t\t\t\"if\": \"paymentType() == recurring && recurringInterval() == quarterly\",\n\t\t\t\t\t\"then\": [60,120,225,300]\n\t\t\t\t},\n\t\t\t\t{\n\t\t\t\t\t\"if\": \"paymentType() == recurring && recurringInterval() == semestral\",\n\t\t\t\t\t\"then\": [120,240,450,600]\n\t\t\t\t},\n\t\t\t\t{\n\t\t\t\t\t\"if\": \"paymentType() == recurring && recurringInterval() == yearly\",\n\t\t\t\t\t\"then\": [240,480,900,1200]\n\t\t\t\t}\n\t\t\t],\n\t\t\tminimumCustomAmount: [\n\t\t\t\t{\n\t\t\t\t\t\"if\": \"paymentType() == onetime\",\n\t\t\t\t\t\"then\": 234\n\t\t\t\t},\n\t\t\t\t{\n\t\t\t\t\t\"if\": \"paymentType() == recurring && recurringInterval() == monthly\",\n\t\t\t\t\t\"then\": 20\n\t\t\t\t},\n\t\t\t\t{\n\t\t\t\t\t\"if\": \"paymentType() == recurring && recurringInterval() == quarterly\",\n\t\t\t\t\t\"then\": 60\n\t\t\t\t},\n\t\t\t\t{\n\t\t\t\t\t\"if\": \"paymentType() == recurring && recurringInterval() == semestral\",\n\t\t\t\t\t\"then\": 120\n\t\t\t\t},\n\t\t\t\t{\n\t\t\t\t\t\"if\": \"paymentType() == recurring && recurringInterval() == yearly\",\n\t\t\t\t\t\"then\": 240\n\t\t\t\t}\n\t\t\t],\n\t\t\tcoverFeePercentage: [\n\t\t\t\t\t{\n\t\t\t\t\t\"if\": \"paymentMethod() == twint\", \/\/ TWINT\n\t\t\t\t\t\"then\": 2\n\t\t\t\t},\n\t\t\t\t{\n\t\t\t\t\t\"if\": \"paymentMethod() == card\", \/\/ Credit Card (vis & eca)\n\t\t\t\t\t\"then\": 2\n\t\t\t\t},\n\t\t\t\t{\n\t\t\t\t\t\"if\": \"paymentMethod() == chqr\", \/\/ QR-Bill\n\t\t\t\t\t\"then\": 0\n\t\t\t\t},\n\t\t\t\t{\n\t\t\t\t\t\"if\": \"paymentMethod() == paypal\", \/\/ PayPal\n\t\t\t\t\t\"then\": 2\n\t\t\t\t},\n\t\t\t\t{\n\t\t\t\t\t\"if\": \"paymentMethod() == dd\", \/\/ DD & LSV\n\t\t\t\t\t\"then\": 0\n\t\t\t\t},\n\t\t\t\t5\n\t\t\t]\n\t\t});\n\n\t\tvar gpchTamaro = gpchTamaro || {};\n\n\t\t\/\/ The currently selected payment method\n\t\tlet tamaroPaymentMethod = null;\n\n\t\t\/\/ True if showing the whole form, false if only the first block\n\t\tlet tamaroFullForm = false;\n\n\t\twindow.rnw.tamaro.events.paymentMethodChanged.subscribe(function (event) {\n\t\t\tif (tamaroFullForm) {\n\t\t\t\t\/\/ Hide the cover fees block for payment methods that have 0% fees\n\t\t\t\tif (tamaroPaymentMethod === 'chqr' || tamaroPaymentMethod === 'dd') {\n\t\t\t\t\trnw.tamaro.instance.config.forceShowBlocks = {\n\t\t\t\t\t\tpayment_cover_fee: false\n\t\t\t\t\t};\n\t\t\t\t}\n\t\t\t\telse {\n\t\t\t\t\trnw.tamaro.instance.config.forceShowBlocks = {\n\t\t\t\t\t\tpayment_cover_fee: true\n\t\t\t\t\t};\n\t\t\t\t}\n\n\t\t\t}\n\t\t});\n\n\t\tgpchTamaro.callbackBeforePaymentValidateAndSend = function (event) {\n\n\t\t\tvar payment_type = window.rnw.tamaro.instance.paymentForm.data.payment_type;\n\n\t\t\tif (payment_type === 'onetime') {\n\t\t\t\twindow.rnw.tamaro.instance.paymentForm.data.stored_sf_Opportunity_Product__c = window.rnw.tamaro.instance.paymentForm.data.gpch_product;\n\t\t\t\twindow.rnw.tamaro.instance.paymentForm.data.stored_sf_npe03__Recurring_Donation__c_Product__c = '';\n\t\t\t}\n\n\t\t\tif (payment_type === 'recurring') {\n\t\t\t\tif (typeof event.data.api.paymentForm.data.exp !== \"undefined\" && event.data.api.paymentForm.data.exp !== \"\") {\n\t\t\t\t\tconst exp_date = event.data.api.paymentForm.data.exp;\n\t\t\t\t\tconst [exp_month, exp_year] = exp_date.split(\"\/\").map(Number);\n\n\t\t\t\t\t\/\/ exp_year can be yy or yyyy. Add 2000 to a 2 digit year.\n\t\t\t\t\tconst full_year = exp_year < 100 ? 2000 + exp_year : exp_year;\n\n\t\t\t\t\t\/\/ Get the last day of the given month\n\t\t\t\t\tconst last_day = new Date(full_year, exp_month, 0).getDate();\n\n\t\t\t\t\t\/\/ Format as YYYY-MM-DD\n\t\t\t\t\tformatted_exp_date = `${full_year}-${String(exp_month).padStart(2, \"0\")}-${last_day}`;\n\n\t\t\t\t\twindow.rnw.tamaro.instance.paymentForm.data.stored_sf_npe03__Recurring_Donation__c_CC_Exp__c = formatted_exp_date;\n\t\t\t\t}\n\n\t\t\t\twindow.rnw.tamaro.instance.paymentForm.data.stored_sf_npe03__Recurring_Donation__c_Product__c = window.rnw.tamaro.instance.paymentForm.data.gpch_product;\n\t\t\t\twindow.rnw.tamaro.instance.paymentForm.data.stored_sf_Opportunity_Product__c = '';\n\t\t\t}\n\t\t}\n\n\t\twindow.rnw.tamaro.events.beforePaymentValidateAndSend.subscribe(gpchTamaro.callbackBeforePaymentValidateAndSend);\n\n\t\tgpchTamaro.nextStep = function() {\n\t\t\ttamaroFullForm = true;\n\n            rnw.tamaro.instance.config.showBlocks = {\n                slot_custom_fields: true,\n            };\n\t\t\trnw.tamaro.instance.config.forceShowBlocks = {\n\t\t\t\tslot_gpch_next_step_button: false,\n\t\t\t\tpayment_payment_methods: true,\n\t\t\t\tpayment_profile: true,\n\t\t\t\tpayment_address: true,\n\t\t\t\tpayment_cover_fee: true,\n\t\t\t};\n\n\t\t\trnw.tamaro.instance.config.showSubmitButton = true;\n\t\t\trnw.tamaro.instance.config.showFooter = true;\n\t\t}\n\n\t\t\/\/ Generate a gp_user_id from the email address\n\t\tasync function generate_gp_user_id(email) {\n\t\t\tfunction bufferToBase64(buffer) {\n\t\t\t\treturn btoa(String.fromCharCode.apply(null, new Uint8Array(buffer)));\n\t\t\t}\n\n\t\t\ttry {\n\t\t\t\tconst hashBuffer = await crypto.subtle.digest('SHA-256', new TextEncoder().encode(email));\n\t\t\t\tlet hashString = bufferToBase64(hashBuffer);\n\t\t\t\thashString = hashString.replace(\/\\\/\/g, '');\n\t\t\t\treturn hashString;\n\t\t\t} catch (error) {\n\t\t\t\treturn '';\n\t\t\t}\n\t\t}\n\n\t\t\/\/ DataLayer Event for web analytics\n\t\twindow.rnw.tamaro.events[\"paymentComplete\"].subscribe(async function (event) {\n\t\t\tlet donation_type = \"Single\";\n\t\t\tdonation_frequency = \"One-time\";\n\t\t\tif (event.data.api.paymentForm !== null) {\n\t\t\t\tif (event.data.api.paymentForm.data.payment_type === \"recurring\") {\n\t\t\t\t\tdonation_type = \"Recurring\";\n\t\t\t\t\tdonation_frequency = event.data.api.paymentForm.data.recurring_interval;\n\t\t\t\t}\n\t\t\t}\n\n\t\t\tconst hashed_email = await generate_gp_user_id(event.data.api.paymentForm.data.stored_customer_email);\n\n\t\t\tif (typeof event.data.api.transactionInfo !== \"undefined\") {\n\t\t\t\t\/\/ Use legacy RaiseNow Manager data\n\t\t\t\tif (event.data.api.transactionInfo.epayment_status === \"success\") {\n\t\t\t\t\twindow.dataLayer = window.dataLayer || [];\n\t\t\t\t\twindow.dataLayer.push({\n\t\t\t\t\t\t'event': 'donation_completed',\n\t\t\t\t\t\t'donation_type': donation_type,\n\t\t\t\t\t\t'donation_value': event.data.api.paymentForm.data.amount,\n\t\t\t\t\t\t'donation_currency': event.data.api.paymentForm.data.currency,\n\t\t\t\t\t\t'donation_frequency': donation_frequency,\n\t\t\t\t\t\t'donation_payment_method': event.data.api.paymentForm.data.payment_method,\n\t\t\t\t\t\t'donation_campaign_id': event.data.api.paymentForm.data.stored_campaign_id,\n\t\t\t\t\t\t'donation_product': event.data.api.paymentForm.data.gpch_product,\n\t\t\t\t\t\t'donation_transaction_id': event.data.api.transactionInfo.epp_transaction_id,\n\t\t\t\t\t\t'gp_user_id': hashed_email\n\t\t\t\t\t});\n\t\t\t\t}\n\t\t\t}\n\t\t\telse if (typeof event.data.api.epmsPaymentInfo !== \"undefined\") {\n\t\t\t\t\/\/ Use RaiseNow Hub data\n\t\t\t\tif (event.data.api.epmsPaymentInfo.last_status === \"succeeded\") {\n\t\t\t\t\twindow.dataLayer = window.dataLayer || [];\n\t\t\t\t\twindow.dataLayer.push({\n\t\t\t\t\t\t'event': 'donation_completed',\n\t\t\t\t\t\t'donation_type': donation_type,\n\t\t\t\t\t\t'donation_value': event.data.api.paymentForm.data.amount,\n\t\t\t\t\t\t'donation_currency': event.data.api.paymentForm.data.currency,\n\t\t\t\t\t\t'donation_frequency': donation_frequency,\n\t\t\t\t\t\t'donation_payment_method': event.data.api.paymentForm.data.payment_method,\n\t\t\t\t\t\t'donation_campaign_id': event.data.api.paymentForm.data.stored_campaign_id,\n\t\t\t\t\t\t'donation_product': event.data.api.paymentForm.data.gpch_product,\n\t\t\t\t\t\t'donation_transaction_id': event.data.api.epmsPaymentInfo.uuid,\n\t\t\t\t\t\t'gp_user_id': hashed_email\n\t\t\t\t\t});\n\t\t\t\t}\n\t\t\t}\n\t\t});\n\n\t\t\/\/ Tracks if an observer was already started\n\t\tlet observerStarted = false;\n\n\t\t\/**\n\t\t * Monitors and modifies the content of the widget and modified it in certain conditions:\n\t\t * - When the subscription info is shown: Moves the unsubscribe section to the bottom\n\t\t * - When payment methods are changed and the current method is PostFinance: Remove the current method so it\n\t\t * can't be selected anymore.\n\t\t *\/\n\t\tconst observeWidgetContent = (event) => {\n\t\t\t\/\/ Node to observe\n\t\t\tconst widgetContentElement = document.querySelector(\"#tamaro-widget\");\n\n\t\t\t\/\/ Callback to modify the widget content\n\t\t\tconst modifyWidgetContent = (mutationList, observer) => {\n\t\t\t\tfor (const mutation of mutationList) {\n\t\t\t\t\tif (mutation.type === \"childList\") {\n\t\t\t\t\t\t\/\/ Look for subscription info sections\n\t\t\t\t\t\tconst sections = document.querySelectorAll(\"section.subscription-info .main section\");\n\n\t\t\t\t\t\tif (typeof(sections[0]) !== 'undefined' && sections[0].classList.contains('subscription-details')) {\n\t\t\t\t\t\t\t\/\/ Change element order\n\t\t\t\t\t\t\tsections[2].append(sections[0])\n\n\t\t\t\t\t\t\t\/\/ Adapt styling to new order\n\t\t\t\t\t\t\tsections[0].style.borderTopWidth = '1px';\n\t\t\t\t\t\t\tsections[0].style.marginTop = '1.25rem';\n\t\t\t\t\t\t\tsections[0].style.paddingTop = '1.25rem';\n\t\t\t\t\t\t\tsections[1].style.borderTopWidth = '0';\n\t\t\t\t\t\t\tsections[1].style.marginTop = '0';\n\t\t\t\t\t\t\tsections[1].style.paddingTop = '0';\n\t\t\t\t\t\t}\n\n\t\t\t\t\t\t\/\/ Look for PostFinance as current payment method\n\t\t\t\t\t\tconst currentMethodElement = document.querySelector(\"section.update-current-payment-method\");\n\n\t\t\t\t\t\tif (currentMethodElement !== null) {\n\t\t\t\t\t\t\t\/\/ PostFinance button as current payment method\n\t\t\t\t\t\t\tconst pfcButton = currentMethodElement.querySelector(\"button.payment-method.pfc.current\");\n\n\t\t\t\t\t\t\tif (pfcButton !== null) {\n\t\t\t\t\t\t\t\tcurrentMethodElement.style.display = 'none';\n\t\t\t\t\t\t\t}\n\t\t\t\t\t\t}\n\t\t\t\t\t}\n\t\t\t\t}\n\t\t\t}\n\n\t\t\tif (widgetContentElement !== null && observerStarted === false) {\n\t\t\t\t\/\/ Observer config\n\t\t\t\tconst config = { attributes: false, childList: true, subtree: true };\n\n\t\t\t\t\/\/ Create an observer instance linked to the callback function\n\t\t\t\tconst observer = new MutationObserver(modifyWidgetContent);\n\n\t\t\t\t\/\/ Start observing the target node for configured mutations\n\t\t\t\tobserver.observe(widgetContentElement, config);\n\n\t\t\t\tobserverStarted = true;\n\t\t\t}\n\t\t}\n\t\twindow.rnw.tamaro.events.fetchPaymentDataEnd.subscribe(observeWidgetContent);\n\n\t<\/script>\n<\/div>\n\n<\/div>\n\n\n\n<div class=\"wp-block-column is-layout-flow wp-block-column-is-layout-flow\">\n<figure class=\"wp-block-image  caption-style-medium caption-alignment-center\"><img loading=\"lazy\" decoding=\"async\" width=\"1024\" height=\"683\" src=\"https:\/\/www.greenpeace.ch\/static\/planet4-switzerland-stateless\/2019\/05\/1daf8c58-gp0stpkw8_high_res-1024x683.jpg\" alt=\"\" class=\"wp-image-22052\" srcset=\"https:\/\/www.greenpeace.ch\/static\/planet4-switzerland-stateless\/2019\/05\/1daf8c58-gp0stpkw8_high_res-1024x683.jpg 1024w, https:\/\/www.greenpeace.ch\/static\/planet4-switzerland-stateless\/2019\/05\/1daf8c58-gp0stpkw8_high_res-300x200.jpg 300w, https:\/\/www.greenpeace.ch\/static\/planet4-switzerland-stateless\/2019\/05\/1daf8c58-gp0stpkw8_high_res-768x512.jpg 768w, https:\/\/www.greenpeace.ch\/static\/planet4-switzerland-stateless\/2019\/05\/1daf8c58-gp0stpkw8_high_res-2048x1366.jpg 2048w, https:\/\/www.greenpeace.ch\/static\/planet4-switzerland-stateless\/2019\/05\/1daf8c58-gp0stpkw8_high_res-510x340.jpg 510w\" sizes=\"auto, (max-width: 1024px) 100vw, 1024px\" \/><\/figure>\n<\/div>\n<\/div>\n\n<hr class=\"wp-block-separator has-css-opacity\"\/>\n\n<h2 class=\"wp-block-heading\">Vos avantages en tant que marraine ou parrain<\/h2>\n\n<div class=\"wp-block-columns has-2-columns is-layout-flex wp-container-core-columns-is-layout-9d6595d7 wp-block-columns-is-layout-flex\">\n<div class=\"wp-block-column is-layout-flow wp-block-column-is-layout-flow\">\n<ul class=\"wp-block-list\">\n<li>Le montant de votre parrainage sera utilis\u00e9 \u00e0 100 pour cent pour financer le projet de conservation d\u00e9sir\u00e9.<\/li>\n\n\n\n<li>Vous recevrez une trousse de bienvenue avec votre certificat de  parrainage personnel et des renseignements de base sur le th\u00e8me choisi.<\/li>\n\n\n\n<li>Votre parrainage peut \u00eatre d\u00e9duit des imp\u00f4ts comme tout autre don \u00e0 Greenpeace et peut \u00eatre annul\u00e9 en tout temps.<\/li>\n<\/ul>\n\n\n\n<p><\/p>\n<\/div>\n\n\n\n<div class=\"wp-block-column is-layout-flow wp-block-column-is-layout-flow\">\n<figure class=\"wp-block-image  caption-style-medium caption-alignment-center\"><img loading=\"lazy\" decoding=\"async\" width=\"1024\" height=\"683\" src=\"https:\/\/www.greenpeace.ch\/static\/planet4-switzerland-stateless\/2019\/05\/4c9c73e9-gp0stozqk_high_res-1024x683.jpg\" alt=\"\" class=\"wp-image-22057\" srcset=\"https:\/\/www.greenpeace.ch\/static\/planet4-switzerland-stateless\/2019\/05\/4c9c73e9-gp0stozqk_high_res-1024x683.jpg 1024w, https:\/\/www.greenpeace.ch\/static\/planet4-switzerland-stateless\/2019\/05\/4c9c73e9-gp0stozqk_high_res-300x200.jpg 300w, https:\/\/www.greenpeace.ch\/static\/planet4-switzerland-stateless\/2019\/05\/4c9c73e9-gp0stozqk_high_res-768x512.jpg 768w, https:\/\/www.greenpeace.ch\/static\/planet4-switzerland-stateless\/2019\/05\/4c9c73e9-gp0stozqk_high_res-2048x1366.jpg 2048w, https:\/\/www.greenpeace.ch\/static\/planet4-switzerland-stateless\/2019\/05\/4c9c73e9-gp0stozqk_high_res-510x340.jpg 510w\" sizes=\"auto, (max-width: 1024px) 100vw, 1024px\" \/><\/figure>\n<\/div>\n<\/div>\n","protected":false},"excerpt":{"rendered":"<p>Conclure un parrainage agricole Pesticides, monocultures, d\u00e9chets et pouvoir des grandes entreprises &#8211; l&rsquo;agriculture industrielle d&rsquo;aujourd&rsquo;hui menace la s\u00e9curit\u00e9 alimentaire de demain. Greenpeace s&rsquo;engage pour une agriculture qui produit des aliments sains pour tous sans d\u00e9truire la biodiversit\u00e9. Par votre parrainage, vous soutenez notre engagement en faveur de l&rsquo;agriculture durable. Veuillez choisir un montant donn\u00e9 [&hellip;]<\/p>\n","protected":false},"author":25,"featured_media":4486,"parent":33169,"menu_order":0,"comment_status":"closed","ping_status":"closed","template":"","meta":{"_acf_changed":false,"_planet4_optimize_post_is_variant":false,"_planet4_optimize_experiment_name":"","_planet4_optimize_variant_name":"","ep_exclude_from_search":false,"p4_hide_page_title_checkbox":"on","p4_title":"","p4_subtitle":"","p4_description":"","background_image_id":"","background_image":"","p4_button_title":"","p4_button_link":"","p4_button_link_checkbox":"","p4_og_title":"","p4_og_description":"","p4_og_image":"","p4_og_image_id":"","p4_seo_canonical_url":"","p4_campaign_name":"not set","p4_local_project":"not set","p4_basket_name":"not set","p4_department":"","footnotes":""},"categories":[],"tags":[135],"class_list":["post-33233","page","type-page","status-publish","has-post-thumbnail","hentry","tag-soutenez-nous"],"acf":[],"_links":{"self":[{"href":"https:\/\/www.greenpeace.ch\/fr\/wp-json\/wp\/v2\/pages\/33233","targetHints":{"allow":["GET"]}}],"collection":[{"href":"https:\/\/www.greenpeace.ch\/fr\/wp-json\/wp\/v2\/pages"}],"about":[{"href":"https:\/\/www.greenpeace.ch\/fr\/wp-json\/wp\/v2\/types\/page"}],"author":[{"embeddable":true,"href":"https:\/\/www.greenpeace.ch\/fr\/wp-json\/wp\/v2\/users\/25"}],"replies":[{"embeddable":true,"href":"https:\/\/www.greenpeace.ch\/fr\/wp-json\/wp\/v2\/comments?post=33233"}],"version-history":[{"count":3,"href":"https:\/\/www.greenpeace.ch\/fr\/wp-json\/wp\/v2\/pages\/33233\/revisions"}],"predecessor-version":[{"id":119906,"href":"https:\/\/www.greenpeace.ch\/fr\/wp-json\/wp\/v2\/pages\/33233\/revisions\/119906"}],"up":[{"embeddable":true,"href":"https:\/\/www.greenpeace.ch\/fr\/wp-json\/wp\/v2\/pages\/33169"}],"wp:featuredmedia":[{"embeddable":true,"href":"https:\/\/www.greenpeace.ch\/fr\/wp-json\/wp\/v2\/media\/4486"}],"wp:attachment":[{"href":"https:\/\/www.greenpeace.ch\/fr\/wp-json\/wp\/v2\/media?parent=33233"}],"wp:term":[{"taxonomy":"category","embeddable":true,"href":"https:\/\/www.greenpeace.ch\/fr\/wp-json\/wp\/v2\/categories?post=33233"},{"taxonomy":"post_tag","embeddable":true,"href":"https:\/\/www.greenpeace.ch\/fr\/wp-json\/wp\/v2\/tags?post=33233"}],"curies":[{"name":"wp","href":"https:\/\/api.w.org\/{rel}","templated":true}]}}