{"id":33288,"date":"2019-04-11T16:54:19","date_gmt":"2019-04-11T14:54:19","guid":{"rendered":"https:\/\/www.greenpeace.ch\/agir\/dons\/legate-und-erbschaften\/menschen-und-visionen\/"},"modified":"2024-06-10T12:14:46","modified_gmt":"2024-06-10T10:14:46","slug":"personnes-et-visions","status":"publish","type":"page","link":"https:\/\/www.greenpeace.ch\/fr\/personnes-et-visions\/","title":{"rendered":"Des personnes et des visions"},"content":{"rendered":"\n                    <div class=\"wp-block-group is-vertical is-layout-flex wp-container-core-group-is-layout-8cf370e7 wp-block-group-is-layout-flex\">\n                    \n\n                    \n                    <\/div>\n                    \n<p><strong>De plus en plus de personnes ont mentionn\u00e9 Greenpeace en qualit\u00e9 de l\u00e9gataire dans leur testament. Ce qui les unit, c\u2019est le d\u00e9sir commun d\u2019un avenir vert et pacifique. En faisant un legs \u00e0 Greenpeace, vos id\u00e9aux peuvent \u00eatre perp\u00e9tu\u00e9s. <\/strong><\/p>\n\n<h2 class=\"is-style-underline wp-block-heading\">Interview avec Gioia Theler<\/h2>\n\n<div class=\"wp-block-columns has-2-columns is-layout-flex wp-container-core-columns-is-layout-9d6595d7 wp-block-columns-is-layout-flex\">\n<div class=\"wp-block-column is-layout-flow wp-block-column-is-layout-flow\">\n<p><strong>Gioia Theler, 82 ans, m\u00e8re, grand-m\u00e8re, conservationniste et grande passionn\u00e9e des animaux, a d\u00e9cid\u00e9, il y a de nombreuses ann\u00e9es, de prendre Greenpeace en consid\u00e9ration dans son testament. Nous l&rsquo;avons interrog\u00e9e sur ses motivations et ses pens\u00e9es sur la vie. <\/strong><\/p>\n\n\n\n<p><em>Quelles sont vos pens\u00e9es, vos inqui\u00e9tudes et vos espoirs pour l&rsquo;avenir, pour notre plan\u00e8te ?<\/em><\/p>\n\n\n\n<p>J&rsquo;ai plus de soucis et malheureusement peu d&rsquo;espoir. J&rsquo;observe que nous, les humains, n&rsquo;apprenons pas de nos erreurs, avec les cons\u00e9quences qui en d\u00e9coulent pour notre plan\u00e8te, qu&rsquo;il s&rsquo;agisse du d\u00e9clin de la biodiversit\u00e9, de la pollution ou du r\u00e9chauffement climatique. Et c&rsquo;est pourquoi je m&rsquo;inqui\u00e8te pour l&rsquo;avenir, mes enfants, mes petits-enfants. Je place l&rsquo;espoir dans les pouvoirs d&rsquo;auto-gu\u00e9rison du monde. Il y a eu de nombreuses catastrophes naturelles d\u00e9vastatrices dans l&rsquo;histoire de notre plan\u00e8te et pourtant la terre s&rsquo;est r\u00e9tablie et a produit une biodiversit\u00e9 et des merveilles naturelles indescriptibles.<\/p>\n\n\n\n<p><em>Qu&rsquo;est-ce qui est vraiment important pour vous dans la vie ? O\u00f9 rechargez-vous vos batteries avec force et espoir ?<\/em><\/p>\n\n\n\n<p>Je puise ma force, ma joie et aussi ma paix int\u00e9rieure dans le fait d&rsquo;\u00eatre dans la nature, d&rsquo;\u00eatre avec des animaux, de la musique et bien s\u00fbr aussi d&rsquo;\u00eatre avec des gens avec qui je me sens en harmonie, en partageant des valeurs, int\u00e9r\u00eats et passions identiques.<\/p>\n\n\n\n<p><em>Pourquoi avez-vous d\u00e9cid\u00e9 d&rsquo;inclure Greenpeace dans votre testament ?<\/em><\/p>\n\n\n\n<p>J&rsquo;aime Greenpeace en tant qu&rsquo;organisation. C&rsquo;est la seule organisation o\u00f9 je sais qu&rsquo;elle est intransigeante dans ses d\u00e9clarations, ses objectifs et sa fa\u00e7on de proc\u00e9der. Elle ne peut pas \u00eatre achet\u00e9e par des lobbies. Cette ind\u00e9pendance est tr\u00e8s rare de nos jours. J&rsquo;ai toujours aim\u00e9 le militant, peut-\u00eatre plus dans le pass\u00e9 qu&rsquo;aujourd&rsquo;hui. Greenpeace s&rsquo;expose \u00e0 la critique, ce qui demande un courage que beaucoup n&rsquo;ont pas. L&rsquo;organisation ne peut pas convaincre tout le monde. Certains la trouve trop extr\u00eame. Mais c&rsquo;est pr\u00e9cis\u00e9ment ce que j&rsquo;aime: les rebelles et les gens qui se tiennent debout.  Je soutiens \u00e9galement d&rsquo;autres organisations, mais Greenpeace est simplement l&rsquo;organisation de mon c\u0153ur.<\/p>\n\n\n\n<p><em>La d\u00e9cision a-t-elle \u00e9t\u00e9 difficile d&rsquo;\u00e9crire un testament ou de consid\u00e9rer Greenpeace? Quels \u00e9taient les obstacles?<\/em><\/p>\n\n\n\n<p>En fait, il n&rsquo;y avait pas de difficult\u00e9s, ni pour r\u00e9diger le testament, ni pour y inclure Greenpeace. J&rsquo;ai particip\u00e9 \u00e0 la r\u00e9daction de mon testament parce que j&rsquo;avais l&rsquo;impression que je devais \u00e0 mes enfants de tout mettre en ordre ou de m&rsquo;assurer qu&rsquo;ils avaient des instructions claires lorsque je partirais. Et c&rsquo;\u00e9tait la fin de l&rsquo;affaire. Comme je l&rsquo;ai d\u00e9j\u00e0 dit, j&rsquo;appr\u00e9cie beaucoup Greenpeace et je soutiens l&rsquo;organisation chaque ann\u00e9e de toute fa\u00e7on, je n&rsquo;ai pas r\u00e9fl\u00e9chi longtemps. Mes enfants seront bien lotis quand ils h\u00e9riteront. Et c&rsquo;est ma d\u00e9cision personnelle.<\/p>\n<\/div>\n\n\n\n<div class=\"wp-block-column is-layout-flow wp-block-column-is-layout-flow\">\n<figure class=\"wp-block-image\"><img loading=\"lazy\" decoding=\"async\" width=\"768\" height=\"1024\" src=\"https:\/\/www.greenpeace.ch\/static\/planet4-switzerland-stateless\/2019\/05\/60789da7-unnamed-1-768x1024.jpg\" alt=\"\" class=\"wp-image-3255\" srcset=\"https:\/\/www.greenpeace.ch\/static\/planet4-switzerland-stateless\/2019\/05\/60789da7-unnamed-1-768x1024.jpg 768w, https:\/\/www.greenpeace.ch\/static\/planet4-switzerland-stateless\/2019\/05\/60789da7-unnamed-1-225x300.jpg 225w, https:\/\/www.greenpeace.ch\/static\/planet4-switzerland-stateless\/2019\/05\/60789da7-unnamed-1-1025x1366.jpg 1025w, https:\/\/www.greenpeace.ch\/static\/planet4-switzerland-stateless\/2019\/05\/60789da7-unnamed-1-255x340.jpg 255w\" sizes=\"auto, (max-width: 768px) 100vw, 768px\" \/><\/figure>\n<\/div>\n<\/div>\n\n<hr class=\"wp-block-separator\"\/>\n\n<div class=\"wp-block-columns has-2-columns is-layout-flex wp-container-core-columns-is-layout-9d6595d7 wp-block-columns-is-layout-flex\">\n<div class=\"wp-block-column is-layout-flow wp-block-column-is-layout-flow\">\n<figure class=\"wp-block-image\"><img loading=\"lazy\" decoding=\"async\" width=\"1024\" height=\"1024\" src=\"https:\/\/www.greenpeace.ch\/static\/planet4-switzerland-stateless\/2019\/06\/af8ee403-stb20131018_022-uai-1069x1069-1024x1024.jpg\" alt=\"\" class=\"wp-image-30354\" srcset=\"https:\/\/www.greenpeace.ch\/static\/planet4-switzerland-stateless\/2019\/06\/af8ee403-stb20131018_022-uai-1069x1069-1024x1024.jpg 1024w, https:\/\/www.greenpeace.ch\/static\/planet4-switzerland-stateless\/2019\/06\/af8ee403-stb20131018_022-uai-1069x1069-150x150.jpg 150w, https:\/\/www.greenpeace.ch\/static\/planet4-switzerland-stateless\/2019\/06\/af8ee403-stb20131018_022-uai-1069x1069-300x300.jpg 300w, https:\/\/www.greenpeace.ch\/static\/planet4-switzerland-stateless\/2019\/06\/af8ee403-stb20131018_022-uai-1069x1069-768x768.jpg 768w, https:\/\/www.greenpeace.ch\/static\/planet4-switzerland-stateless\/2019\/06\/af8ee403-stb20131018_022-uai-1069x1069-340x340.jpg 340w, https:\/\/www.greenpeace.ch\/static\/planet4-switzerland-stateless\/2019\/06\/af8ee403-stb20131018_022-uai-1069x1069.jpg 1069w\" sizes=\"auto, (max-width: 1024px) 100vw, 1024px\" \/><\/figure>\n\n\n\n<p><\/p>\n<\/div>\n\n\n\n<div class=\"wp-block-column is-layout-flow wp-block-column-is-layout-flow\">\n<blockquote class=\"wp-block-quote is-layout-flow wp-block-quote-is-layout-flow\"><p><em>\u00abJ\u2019esp\u00e8re que l\u2019esprit de Greenpeace restera pr\u00e9serv\u00e9 \u00e0 l\u2019avenir \u00e9galement, et qu\u2019il continuera d\u2019inspirer de nombreuses personnes. C\u2019est la raison pour laquelle j\u2019ai mentionn\u00e9 Greenpeace dans mon testament.\u00bb <\/em><\/p><cite> Eugen Liengme, artiste<\/cite><\/blockquote>\n<\/div>\n<\/div>\n\n<div class=\"wp-block-columns has-2-columns is-layout-flex wp-container-core-columns-is-layout-9d6595d7 wp-block-columns-is-layout-flex\">\n<div class=\"wp-block-column is-layout-flow wp-block-column-is-layout-flow\">\n<blockquote class=\"wp-block-quote is-layout-flow wp-block-quote-is-layout-flow\"><p><em>\u00abComme nous n\u2019avons que cette plan\u00e8te pour vivre, nous devons \u2013 chacun de nous \u2013 prot\u00e9ger cette merveilleuse Terre. Car il en va de l\u2019avenir des \u00eatres vivants. Ce qui me pla\u00eet chez Greenpeace, c\u2019est le courage avec lequel l\u2019organisation s\u2019engage pour la protection de la nature. Voil\u00e0 pourquoi j\u2019ai mis Greenpeace dans mon testament.\u00bb <\/em><\/p><cite> Elisabeth Reiniger  <\/cite><\/blockquote>\n<\/div>\n\n\n\n<div class=\"wp-block-column is-layout-flow wp-block-column-is-layout-flow\">\n<figure class=\"wp-block-image\"><img loading=\"lazy\" decoding=\"async\" width=\"1024\" height=\"1024\" src=\"https:\/\/www.greenpeace.ch\/static\/planet4-switzerland-stateless\/2019\/06\/aa4bc706-reiniger_portrait-mit-hunden-uai-2200x2200-1024x1024.jpg\" alt=\"\" class=\"wp-image-30355\" srcset=\"https:\/\/www.greenpeace.ch\/static\/planet4-switzerland-stateless\/2019\/06\/aa4bc706-reiniger_portrait-mit-hunden-uai-2200x2200-1024x1024.jpg 1024w, https:\/\/www.greenpeace.ch\/static\/planet4-switzerland-stateless\/2019\/06\/aa4bc706-reiniger_portrait-mit-hunden-uai-2200x2200-150x150.jpg 150w, https:\/\/www.greenpeace.ch\/static\/planet4-switzerland-stateless\/2019\/06\/aa4bc706-reiniger_portrait-mit-hunden-uai-2200x2200-300x300.jpg 300w, https:\/\/www.greenpeace.ch\/static\/planet4-switzerland-stateless\/2019\/06\/aa4bc706-reiniger_portrait-mit-hunden-uai-2200x2200-768x768.jpg 768w, https:\/\/www.greenpeace.ch\/static\/planet4-switzerland-stateless\/2019\/06\/aa4bc706-reiniger_portrait-mit-hunden-uai-2200x2200-1366x1366.jpg 1366w, https:\/\/www.greenpeace.ch\/static\/planet4-switzerland-stateless\/2019\/06\/aa4bc706-reiniger_portrait-mit-hunden-uai-2200x2200-340x340.jpg 340w\" sizes=\"auto, (max-width: 1024px) 100vw, 1024px\" \/><\/figure>\n<\/div>\n<\/div>\n\n<hr class=\"wp-block-separator\"\/>\n\n<h2 class=\"wp-block-heading\">L&rsquo;arbre du souvenir<\/h2>\n\n<div class=\"wp-block-columns has-2-columns is-layout-flex wp-container-core-columns-is-layout-9d6595d7 wp-block-columns-is-layout-flex\">\n<div class=\"wp-block-column is-layout-flow wp-block-column-is-layout-flow\">\n<p>L\u2019arbre du souvenir a trouv\u00e9 sa place dans la zone d\u2019accueil des bureaux de Greenpeace Suisse. C\u2019est un hommage aux nombreuses personnes qui ont fait un legs \u00e0 Greenpeace, laissant un signal positif pour l\u2019avenir. Leur g\u00e9n\u00e9rosit\u00e9 est une contribution majeure \u00e0 la protection de la nature et de l\u2019environnement \u2013 et un cadeau aux g\u00e9n\u00e9rations futures. <\/p>\n\n\n\n<p><strong>Si vous avez des questions, n&rsquo;h\u00e9sitez pas \u00e0 nous contacter.<\/strong> <\/p>\n\n\n\n<p><strong>Anouk van Asperen<\/strong>\u00a0se tient\u00a0volontiers \u00e0 votre disposition: 022 907 72 75 \u2013 anouk.vanasperen@greenpeace.org<\/p>\n\n\n\n<p><\/p>\n<\/div>\n\n\n\n<div class=\"wp-block-column is-layout-flow wp-block-column-is-layout-flow\">\n<figure class=\"wp-block-image\"><img loading=\"lazy\" decoding=\"async\" width=\"564\" height=\"564\" src=\"https:\/\/www.greenpeace.ch\/static\/planet4-switzerland-stateless\/2019\/06\/a8e42127-meine_wuensche-1-uai-564x564.jpg\" alt=\"\" class=\"wp-image-30357\" srcset=\"https:\/\/www.greenpeace.ch\/static\/planet4-switzerland-stateless\/2019\/06\/a8e42127-meine_wuensche-1-uai-564x564.jpg 564w, https:\/\/www.greenpeace.ch\/static\/planet4-switzerland-stateless\/2019\/06\/a8e42127-meine_wuensche-1-uai-564x564-150x150.jpg 150w, https:\/\/www.greenpeace.ch\/static\/planet4-switzerland-stateless\/2019\/06\/a8e42127-meine_wuensche-1-uai-564x564-300x300.jpg 300w, https:\/\/www.greenpeace.ch\/static\/planet4-switzerland-stateless\/2019\/06\/a8e42127-meine_wuensche-1-uai-564x564-340x340.jpg 340w\" sizes=\"auto, (max-width: 564px) 100vw, 564px\" \/><\/figure>\n<\/div>\n<\/div>\n","protected":false},"excerpt":{"rendered":"<p>De plus en plus de personnes ont mentionn\u00e9 Greenpeace en qualit\u00e9 de l\u00e9gataire dans leur testament. Ce qui les unit, c\u2019est le d\u00e9sir commun d\u2019un avenir vert et pacifique. En faisant un legs \u00e0 Greenpeace, vos id\u00e9aux peuvent \u00eatre perp\u00e9tu\u00e9s. Interview avec Gioia Theler Gioia Theler, 82 ans, m\u00e8re, grand-m\u00e8re, conservationniste et grande passionn\u00e9e des [&hellip;]<\/p>\n","protected":false},"author":25,"featured_media":0,"parent":92570,"menu_order":0,"comment_status":"closed","ping_status":"closed","template":"","meta":{"_acf_changed":false,"_planet4_optimize_post_is_variant":false,"_planet4_optimize_experiment_name":"","_planet4_optimize_variant_name":"","ep_exclude_from_search":false,"p4_hide_page_title_checkbox":"","p4_title":"","p4_subtitle":"","p4_description":"","background_image_id":"","background_image":"","p4_button_title":"","p4_button_link":"","p4_button_link_checkbox":"","p4_og_title":"","p4_og_description":"","p4_og_image":"","p4_og_image_id":"","p4_seo_canonical_url":"","p4_campaign_name":"not set","p4_local_project":"","p4_basket_name":"not set","p4_department":"","footnotes":""},"categories":[],"tags":[135],"class_list":["post-33288","page","type-page","status-publish","hentry","tag-soutenez-nous"],"acf":[],"_links":{"self":[{"href":"https:\/\/www.greenpeace.ch\/fr\/wp-json\/wp\/v2\/pages\/33288","targetHints":{"allow":["GET"]}}],"collection":[{"href":"https:\/\/www.greenpeace.ch\/fr\/wp-json\/wp\/v2\/pages"}],"about":[{"href":"https:\/\/www.greenpeace.ch\/fr\/wp-json\/wp\/v2\/types\/page"}],"author":[{"embeddable":true,"href":"https:\/\/www.greenpeace.ch\/fr\/wp-json\/wp\/v2\/users\/25"}],"replies":[{"embeddable":true,"href":"https:\/\/www.greenpeace.ch\/fr\/wp-json\/wp\/v2\/comments?post=33288"}],"version-history":[{"count":1,"href":"https:\/\/www.greenpeace.ch\/fr\/wp-json\/wp\/v2\/pages\/33288\/revisions"}],"predecessor-version":[{"id":108962,"href":"https:\/\/www.greenpeace.ch\/fr\/wp-json\/wp\/v2\/pages\/33288\/revisions\/108962"}],"up":[{"embeddable":true,"href":"https:\/\/www.greenpeace.ch\/fr\/wp-json\/"}],"wp:attachment":[{"href":"https:\/\/www.greenpeace.ch\/fr\/wp-json\/wp\/v2\/media?parent=33288"}],"wp:term":[{"taxonomy":"category","embeddable":true,"href":"https:\/\/www.greenpeace.ch\/fr\/wp-json\/wp\/v2\/categories?post=33288"},{"taxonomy":"post_tag","embeddable":true,"href":"https:\/\/www.greenpeace.ch\/fr\/wp-json\/wp\/v2\/tags?post=33288"}],"curies":[{"name":"wp","href":"https:\/\/api.w.org\/{rel}","templated":true}]}}