{"id":33447,"date":"2019-04-09T15:51:03","date_gmt":"2019-04-09T13:51:03","guid":{"rendered":"https:\/\/www.greenpeace.ch\/agir\/dons\/spendenpolicy\/"},"modified":"2025-08-27T16:21:45","modified_gmt":"2025-08-27T14:21:45","slug":"politique-dons","status":"publish","type":"page","link":"https:\/\/www.greenpeace.ch\/fr\/agir\/dons\/politique-dons\/","title":{"rendered":"Notre politique en mati\u00e8re de dons"},"content":{"rendered":"\n<p><strong>Greenpeace est une organisation \u00e9cologiste internationale et ind\u00e9pendante. Elle d\u00e9nonce des probl\u00e8mes \u00e9cologiques globaux et promeut des solutions pour un avenir \u00e9cologique et pacifique au moyen d&rsquo;un travail de campagne cr\u00e9atif et des confrontations non-violentes.<\/strong><\/p>\n\n<h2 class=\"wp-block-heading\">Forme l\u00e9gale<\/h2>\n\n<p>Greenpeace Suisse est une fondation selon l&rsquo;article 80 et les suivants du Code civil suisse; elle est reconnue d&rsquo;utilit\u00e9 publique.<\/p>\n\n<h2 class=\"wp-block-heading\">Financement<\/h2>\n\n<p>Afin de se garantir une compl\u00e8te ind\u00e9pendance, Greenpeace Suisse n\u2019accepte pas les dons de soci\u00e9t\u00e9s de capitaux, de partis, des pouvoirs publics ou d\u2019organisations internationales. De plus, nous refusons les financements qui pourraient compromettre nos buts et notre int\u00e9grit\u00e9. Nous renon\u00e7ons donc \u00e0 des fonds provenant du travail des enfants, du commerce des armes ou des \u00eatres humains, de fonds provenant d\u2019activit\u00e9s \u00e0 caract\u00e8re criminel, ill\u00e9gal et discriminatoire, que se soit d\u2019un point de vue sexuel, religieux ou culturel. Greenpeace v\u00e9rifie par ailleurs la provenance des dons uniques \u00e0 partir de CHF 5&rsquo;000.- et se r\u00e9serve le droit de refuser tout don, quel qu&rsquo;en soit le montant, dont l&rsquo;acceptation pourrait compromettre les principes et les bases de l&rsquo;organisation.<\/p>\n\n<h2 class=\"wp-block-heading\">Utilisation des moyens<\/h2>\n\n<p>Greenpeace ne recherche qu&rsquo;exceptionnellement des fonds li\u00e9s \u00e0 des projets particuliers. En principe, ses moyens financiers sont utilis\u00e9s o\u00f9 c&rsquo;est n\u00e9cessaire au niveau national et international.<\/p>\n\n<h2 class=\"wp-block-heading\">Placements<\/h2>\n\n<p>Greenpeace ne fait pas d&rsquo;affaires sp\u00e9culatives en bourse. Ses modestes placements sont uniquement faits sur des crit\u00e8res de s\u00e9curit\u00e9 et d&rsquo;\u00e9cologie. Elle a pour principe de ne jamais sp\u00e9culer avec des papiers valeurs; elle place ses moyens en obligations garanties par l&rsquo;Etat et en \u00e9cofonds. Greenpeace poss\u00e8de toutefois quelques actions isol\u00e9es qui lui permettent d&rsquo;acc\u00e9der \u00e0 certaines assembl\u00e9es g\u00e9n\u00e9rales des actionnaires.<\/p>\n\n<h2 class=\"wp-block-heading\">Transparence<\/h2>\n\n<p>Greenpeace est transparente et rend des comptes \u00e0 ses donateurs, ses sympathisants, au public, aux m\u00e9dias et aux autorit\u00e9s de surveillance sur la fa\u00e7on dont elle r\u00e9colte ses fonds, les utilise et les distribue. Sa comptabilit\u00e9 et son bilan annuel sont v\u00e9rifi\u00e9s par une fiduciaire. Le rapport annuelde Greenpeace Suisse et celui de Greenpeace International sont disponibles sur demande.<\/p>\n","protected":false},"excerpt":{"rendered":"<p>Greenpeace est une organisation \u00e9cologiste internationale et ind\u00e9pendante. Elle d\u00e9nonce des probl\u00e8mes \u00e9cologiques globaux et promeut des solutions pour un avenir \u00e9cologique et pacifique au moyen d&rsquo;un travail de campagne cr\u00e9atif et des confrontations non-violentes. Forme l\u00e9gale Greenpeace Suisse est une fondation selon l&rsquo;article 80 et les suivants du Code civil suisse; elle est reconnue [&hellip;]<\/p>\n","protected":false},"author":25,"featured_media":0,"parent":33133,"menu_order":0,"comment_status":"closed","ping_status":"closed","template":"","meta":{"_acf_changed":false,"_planet4_optimize_post_is_variant":false,"_planet4_optimize_experiment_name":"","_planet4_optimize_variant_name":"","ep_exclude_from_search":false,"p4_hide_page_title_checkbox":"","p4_title":"","p4_subtitle":"","p4_description":"","background_image_id":"","background_image":"","p4_button_title":"","p4_button_link":"","p4_button_link_checkbox":"","p4_og_title":"","p4_og_description":"","p4_og_image":"","p4_og_image_id":"","p4_seo_canonical_url":"","p4_campaign_name":"not set","p4_local_project":"not set","p4_basket_name":"not set","p4_department":"","footnotes":""},"categories":[],"tags":[135],"class_list":["post-33447","page","type-page","status-publish","hentry","tag-soutenez-nous"],"acf":[],"_links":{"self":[{"href":"https:\/\/www.greenpeace.ch\/fr\/wp-json\/wp\/v2\/pages\/33447","targetHints":{"allow":["GET"]}}],"collection":[{"href":"https:\/\/www.greenpeace.ch\/fr\/wp-json\/wp\/v2\/pages"}],"about":[{"href":"https:\/\/www.greenpeace.ch\/fr\/wp-json\/wp\/v2\/types\/page"}],"author":[{"embeddable":true,"href":"https:\/\/www.greenpeace.ch\/fr\/wp-json\/wp\/v2\/users\/25"}],"replies":[{"embeddable":true,"href":"https:\/\/www.greenpeace.ch\/fr\/wp-json\/wp\/v2\/comments?post=33447"}],"version-history":[{"count":1,"href":"https:\/\/www.greenpeace.ch\/fr\/wp-json\/wp\/v2\/pages\/33447\/revisions"}],"predecessor-version":[{"id":124807,"href":"https:\/\/www.greenpeace.ch\/fr\/wp-json\/wp\/v2\/pages\/33447\/revisions\/124807"}],"up":[{"embeddable":true,"href":"https:\/\/www.greenpeace.ch\/fr\/wp-json\/wp\/v2\/pages\/33133"}],"wp:attachment":[{"href":"https:\/\/www.greenpeace.ch\/fr\/wp-json\/wp\/v2\/media?parent=33447"}],"wp:term":[{"taxonomy":"category","embeddable":true,"href":"https:\/\/www.greenpeace.ch\/fr\/wp-json\/wp\/v2\/categories?post=33447"},{"taxonomy":"post_tag","embeddable":true,"href":"https:\/\/www.greenpeace.ch\/fr\/wp-json\/wp\/v2\/tags?post=33447"}],"curies":[{"name":"wp","href":"https:\/\/api.w.org\/{rel}","templated":true}]}}