{"id":33683,"date":"2019-04-09T15:49:59","date_gmt":"2019-04-09T15:49:59","guid":{"rendered":"https:\/\/www.greenpeace.ch\/jobs\/"},"modified":"2025-09-24T17:29:48","modified_gmt":"2025-09-24T15:29:48","slug":"emplois","status":"publish","type":"page","link":"https:\/\/www.greenpeace.ch\/fr\/emplois\/","title":{"rendered":"Emplois"},"content":{"rendered":"\n\n<div class=\"wp-block-group alignfull is-layout-flow wp-block-group-is-layout-flow\">\n<div class=\"wp-block-group container is-layout-flow wp-block-group-is-layout-flow\">\n<div class=\"wp-block-media-text alignfull has-media-on-the-right is-stacked-on-mobile is-pattern-p4-page-header is-style-parallax\"><div class=\"wp-block-media-text__content\">\n<div class=\"wp-block-group is-layout-flow wp-block-group-is-layout-flow\">\n<h1 class=\"wp-block-heading has-white-background-color has-background\">\n                            Travailler pour Greenpeace\n                        <\/h1>\n<\/div>\n<\/div><figure class=\"wp-block-media-text__media\"><img loading=\"lazy\" decoding=\"async\" width=\"2600\" height=\"1294\" src=\"https:\/\/www.greenpeace.ch\/static\/planet4-switzerland-stateless\/2019\/05\/415aa429-jobs.jpg\" alt=\"\" sizes=\"auto, (min-width: 601px) 50vw, 100vw\" srcset=\"https:\/\/www.greenpeace.ch\/static\/planet4-switzerland-stateless\/2019\/05\/415aa429-jobs.jpg 2600w, https:\/\/www.greenpeace.ch\/static\/planet4-switzerland-stateless\/2019\/05\/415aa429-jobs-300x149.jpg 300w, https:\/\/www.greenpeace.ch\/static\/planet4-switzerland-stateless\/2019\/05\/415aa429-jobs-768x382.jpg 768w, https:\/\/www.greenpeace.ch\/static\/planet4-switzerland-stateless\/2019\/05\/415aa429-jobs-1024x510.jpg 1024w, https:\/\/www.greenpeace.ch\/static\/planet4-switzerland-stateless\/2019\/05\/415aa429-jobs-2048x1019.jpg 2048w, https:\/\/www.greenpeace.ch\/static\/planet4-switzerland-stateless\/2019\/05\/415aa429-jobs-510x254.jpg 510w\" class=\"wp-image-2012 size-full\"\/><\/figure><\/div>\n<\/div>\n<\/div>\n\n\n<h2 class=\"wp-block-heading is-style-underline\">Offres d&#8217;emploi<\/h2>\n\n<script id=\"dualoo-iframe-1\">\n\t(function() {\n\t\tconst portalId = 'bfqcswbq';\n\t\tconst script = document.createElement(\"script\");\n\t\tscript.src = 'https:\/\/jobs.dualoo.com\/content\/iframe\/iframe_loader_v3.js';\n\t\tscript.onload = function() {\n\t\t\tconst urlParams = new URLSearchParams(window.location.search),\n\t\t\tjobId = urlParams.get(\"jobId\"),\n\t\t\tpage = urlParams.get(\"page\"),\n\t\t\tbackButton = urlParams.get('backButton'),\n\t\t\tlang = (urlParams.get(\"lang\") || 'FR').toUpperCase(),\n\t\t\tparams = backButton === 'hide' && page === 'apply' ? {\n\t\t\t\tbackButton: 'hide',\n\t\t\t\tlang: lang\n\t\t\t} : {\n\t\t\t\tlang: lang\n\t\t\t},\n\t\t\tquery = Object.keys(params).map(k => `${encodeURIComponent(k)}=${encodeURIComponent(params[k])}`).join('&'),\n\t\t\tportalUrl = jobId ? `https:\/\/jobs.dualoo.com\/portal\/${portalId}\/${jobId}\/${page === 'apply' ? 'apply' : 'detail'}?${query}` : `https:\/\/jobs.dualoo.com\/portal\/${portalId}?${query}`;\n\n\t\t\tdualooIframe.addIframe({\n\t\t\t\telementId: 'dualoo-iframe-1',\n\t\t\t\tportalUrl: portalUrl\n\t\t\t});\n\t\t};\n\t\tdocument.head.appendChild(script);\n\t})();\n<\/script>\n\n<p>Nous vous demandons de ne pas nous envoyer de candidatures spontan\u00e9es, car nous n&rsquo;avons actuellement aucune offre d&#8217;emploi autre que les offres publi\u00e9es et il n&rsquo;y a pas non plus de postes vacants pour des stages.<\/p>\n\n<p>Greenpeace est financ\u00e9e exclusivement par des donateurs et des fondations. Nous utilisons cet argent pour des pr\u00e9occupations environnementales et nous maintenons nos co\u00fbts administratifs aussi bas que possible.<\/p>\n\n<hr class=\"wp-block-separator has-css-opacity\"\/>\n\n<h2 class=\"wp-block-heading\">Vous n&rsquo;avez pas trouv\u00e9 d&#8217;emploi convenable ?<\/h2>\n\n<div class=\"wp-block-columns is-layout-flex wp-container-core-columns-is-layout-9d6595d7 wp-block-columns-is-layout-flex\">\n<div class=\"wp-block-column is-layout-flow wp-block-column-is-layout-flow\">\n<h3 class=\"wp-block-heading\">Devenez b\u00e9n\u00e9vole<\/h3>\n\n\n\n<p>Une partie importante du travail de Greenpeace est effectu\u00e9e par des b\u00e9n\u00e9voles. Vous aussi, vous pouvez vous impliquer dans l&rsquo;un de nos groupes r\u00e9gionaux.<\/p>\n\n\n\n<div class=\"wp-block-buttons is-layout-flex wp-block-buttons-is-layout-flex\">\n<div class=\"wp-block-button\"><a class=\"wp-block-button__link wp-element-button\" href=\"https:\/\/www.greenpeace.ch\/de\/act\/freiwillige\/\">Devenez actif<\/a><\/div>\n<\/div>\n<\/div>\n\n\n\n<div class=\"wp-block-column is-layout-flow wp-block-column-is-layout-flow\">\n<h3 class=\"wp-block-heading\">Offres d&#8217;emploi dans le monde<\/h3>\n\n\n\n<p>Vous \u00eates int\u00e9ress\u00e9 par un emploi \u00e0 l&rsquo;\u00e9tranger ? Greenpeace est active dans le monde entier. Vous trouverez ici les offres d&#8217;emploi internationales.<br><\/p>\n\n\n\n<div class=\"wp-block-buttons is-layout-flex wp-block-buttons-is-layout-flex\">\n<div class=\"wp-block-button\"><a class=\"wp-block-button__link wp-element-button\" href=\"https:\/\/www.linkedin.com\/jobs\/search?locationId=OTHERS.worldwide&amp;f_C=7458&amp;trk=job-results&amp;pageNum=0&amp;position=1\">Voir les offres<\/a><\/div>\n<\/div>\n<\/div>\n<\/div>\n\n<hr class=\"wp-block-separator has-css-opacity\"\/>\n\n<h2 class=\"wp-block-heading is-style-default\">Vous souhaitez travailler pour Greenpeace?&nbsp;<\/h2>\n\n<p>Cela nous fait tr\u00e8s plaisir, car il y a de bonnes raisons de monter \u00e0 bord avec nous.<\/p>\n\n<h3 class=\"wp-block-heading\">Un travail qui a du sens<\/h3>\n\n<ul class=\"wp-block-list\">\n<li>Vert, \u00e9quitable, pacifique: c\u2019est pour ce monde que nous nous engageons.<\/li>\n\n\n\n<li>En tant que collaborateur\u00b7trices de Greenpeace, vous contribuez \u00e0 un <strong>changement positif du monde<\/strong>. Nous nous engageons avec courage, passion et d\u00e9termination.&nbsp;<\/li>\n\n\n\n<li><strong>Ensemble, nous sommes forts<\/strong>: nous allions professionnalisme et passion, avec l\u2019aide de nos quelque 3000 coll\u00e8gues \u00e0 travers le monde, de milliers de b\u00e9n\u00e9voles et de pr\u00e8s de 3 millions de donateurs qui nous soutiennent dans le monde entier.<\/li>\n<\/ul>\n\n<h3 class=\"wp-block-heading\">Responsabilit\u00e9 personnelle<\/h3>\n\n<ul class=\"wp-block-list\">\n<li>Le monde \u00e9volue rapidement \u2014 nous nous sommes adapt\u00e9s: Avec notre <a href=\"https:\/\/www.greenpeace.ch\/fr\/story-fr\/58168\/greenpeace-suisse-organisation\/\"><strong>mod\u00e8le d&rsquo;auto-organisation<\/strong><\/a> et de <strong>responsabilit\u00e9 personnelle<\/strong> \u00e9lev\u00e9e de tous les collaborateur\u00b7trices, nous pla\u00e7ons <strong>le but et les objectifs<\/strong> de Greenpeace Suisse au centre de notre action.<\/li>\n\n\n\n<li>Vous ne trouverez donc pas de sup\u00e9rieur hi\u00e9rarchique chez nous, mais plut\u00f4t des collaborateur\u00b7trices qui assument r\u00e9ellement la r<strong>esponsabilit\u00e9 de leurs domaines d\u2019activit\u00e9<\/strong>. Ils s\u2019organisent, se structurent et se dirigent eux-m\u00eames.<\/li>\n<\/ul>\n\n<h3 class=\"wp-block-heading\">Un environnement de travail bas\u00e9 sur la confiance<\/h3>\n\n<ul class=\"wp-block-list\">\n<li>Nous entretenons une culture de collaboration marqu\u00e9e par <strong>la confiance, le plaisir et la solidarit\u00e9<\/strong>. Notre <a href=\"https:\/\/www.greenpeace.ch\/static\/planet4-switzerland-stateless\/2022\/11\/61621ace-social-contract-gpch_fr.pdf\"><strong>contrat social<\/strong><\/a> en est l&rsquo;expression.&nbsp;<\/li>\n\n\n\n<li>Nous offrons un <strong>environnement de travail diversifi\u00e9 et international<\/strong>; comme contribution \u00e0 un monde social, inclusif, non discriminatoire et juste.&nbsp;<\/li>\n\n\n\n<li>Le <strong>travail \u00e0 temps partiel<\/strong> et le <strong>travail \u00e0 domicile<\/strong> sont pour nous une \u00e9vidence. Nous avons opt\u00e9 pour le <strong>temps de travail bas\u00e9 sur la confiance<\/strong>.<\/li>\n\n\n\n<li>40 heures par semaine (pour 100\u2009% d\u2019emploi), avec au moins 5 semaines de cong\u00e9s.<\/li>\n\n\n\n<li>Chez nous, c&rsquo;est 1:2 au lieu de 1:12, car nous croyons en des <strong>salaires transparents, socialement \u00e9quitables et respectueux de l&rsquo;\u00e9galit\u00e9 des sexes.<\/strong><\/li>\n\n\n\n<li>Nous soutenons votre <strong>d\u00e9veloppement continu gr\u00e2ce \u00e0 des formations, des cours et des coachings<\/strong>. Apr\u00e8s 7 ans, nous offrons <strong>12 semaines de cong\u00e9 r\u00e9mun\u00e9r\u00e9<\/strong>. Un <strong>service de conseil confidentiel<\/strong> et d\u2019autres avantages compl\u00e8tent notre offre. V\u00e9rifiez par vous-m\u00eame: voici nos <a href=\"https:\/\/www.greenpeace.ch\/static\/planet4-switzerland-stateless\/2025\/09\/ee74063e-2025-avantages-pour-les-collaborateurs\u00b7trices-greenpeace-suisse.pdf\">avantages<\/a>.<\/li>\n<\/ul>\n\n<div class=\"wp-block-columns has-2-columns is-layout-flex wp-container-core-columns-is-layout-9d6595d7 wp-block-columns-is-layout-flex\">\n<div class=\"wp-block-column is-layout-flow wp-block-column-is-layout-flow\"><\/div>\n\n\n\n<div class=\"wp-block-column is-layout-flow wp-block-column-is-layout-flow\"><\/div>\n<\/div>\n\n<hr class=\"wp-block-separator has-css-opacity\"\/>\n\n<h2 class=\"wp-block-heading is-style-default\">Ce que disent nos employ\u00e9s<\/h2>\n\n<div class=\"wp-block-columns has-4-columns is-layout-flex wp-container-core-columns-is-layout-9d6595d7 wp-block-columns-is-layout-flex\">\n<div class=\"wp-block-column is-layout-flow wp-block-column-is-layout-flow\">\n<figure class=\"wp-block-image caption-style-medium caption-alignment-center\"><img decoding=\"async\" src=\"https:\/\/www.greenpeace.ch\/wp-content\/uploads\/2020\/04\/02be70ae-yvonne_5.jpg\" alt=\"\" class=\"wp-image-2224\"\/><\/figure>\n\n\n\n<blockquote class=\"wp-block-quote is-layout-flow wp-block-quote-is-layout-flow\">\n<p>\u00ab\u00a0Greenpeace est bien plus qu&rsquo;un travail. Je m&rsquo;implique dans la r\u00e9solution de probl\u00e8mes de mani\u00e8re tr\u00e8s concr\u00e8te et j&rsquo;\u00e9largis constamment mes connaissances. Chaque jour, j&rsquo;apprends quelque chose de nouveau sur les moyens de sortir de la crise climatique, c&rsquo;est pourquoi mon travail a \u00e9galement un impact positif sur mon environnement priv\u00e9\u00a0\u00bb.<\/p>\n<cite>Yvonne Anliker, responsable des m\u00e9dias<\/cite><\/blockquote>\n<\/div>\n\n\n\n<div class=\"wp-block-column is-layout-flow wp-block-column-is-layout-flow\">\n<figure class=\"wp-block-image aligncenter caption-style-medium caption-alignment-center\"><img decoding=\"async\" src=\"https:\/\/www.greenpeace.ch\/wp-content\/uploads\/2020\/04\/8cf5bab1-georg_statement.jpg\" alt=\"\" class=\"wp-image-2238\"\/><\/figure>\n\n\n\n<blockquote class=\"wp-block-quote is-layout-flow wp-block-quote-is-layout-flow\">\n<p>\u00ab\u00a0Nous savons que les faits seuls ne changent rien, c&rsquo;est pourquoi nous lions les faits aux actions. Soutenir les A\u00een\u00e9es pour la protection du climat dans leurs activit\u00e9s pour un climat sain m&rsquo;inspire.<\/p>\n<cite>Georg Klingler, Campaigner<\/cite><\/blockquote>\n<\/div>\n\n\n\n<div class=\"wp-block-column is-layout-flow wp-block-column-is-layout-flow\">\n<figure class=\"wp-block-image aligncenter caption-style-medium caption-alignment-center\"><img loading=\"lazy\" decoding=\"async\" width=\"319\" height=\"319\" src=\"https:\/\/www.greenpeace.ch\/wp-content\/uploads\/2019\/05\/7c9ac033-hina.jpg\" alt=\"\" class=\"wp-image-4389\" srcset=\"https:\/\/www.greenpeace.ch\/static\/planet4-switzerland-stateless\/2019\/05\/7c9ac033-hina.jpg 319w, https:\/\/www.greenpeace.ch\/static\/planet4-switzerland-stateless\/2019\/05\/7c9ac033-hina-150x150.jpg 150w, https:\/\/www.greenpeace.ch\/static\/planet4-switzerland-stateless\/2019\/05\/7c9ac033-hina-300x300.jpg 300w\" sizes=\"auto, (max-width: 319px) 100vw, 319px\" \/><\/figure>\n\n\n\n<blockquote class=\"wp-block-quote is-layout-flow wp-block-quote-is-layout-flow\">\n<p>\u00ab\u00a0Greenpeace encourage les gens non seulement \u00e0 parler de protection de l&rsquo;environnement, mais aussi \u00e0 agir. Je pense que c&rsquo;est g\u00e9nial que je puisse travailler dessus.\u00a0\u00bb<\/p>\n<cite>Hina Str\u00fcver, Visual Communications Manager <\/cite><\/blockquote>\n<\/div>\n\n\n\n<div class=\"wp-block-column is-layout-flow wp-block-column-is-layout-flow\">\n<figure class=\"wp-block-image aligncenter caption-style-medium caption-alignment-center\"><img decoding=\"async\" src=\"https:\/\/www.greenpeace.ch\/wp-content\/uploads\/2020\/04\/291e1e73-dimitri_1.jpg\" alt=\"\" class=\"wp-image-2244\"\/><\/figure>\n\n\n\n<blockquote class=\"wp-block-quote is-layout-flow wp-block-quote-is-layout-flow\">\n<p>\u00ab\u00a0J&rsquo;appr\u00e9cie de travailler pour une organisation dont je partage pleinement les valeurs. Cependant, j&rsquo;esp\u00e8re qu&rsquo;\u00e0 un moment donn\u00e9, notre travail ne sera plus n\u00e9cessaire car la protection de l&rsquo;environnement aura atteint le statut n\u00e9cessaire dans la conscience des gens\u00a0\u00bb.<\/p>\n<cite>Dimitri Fl\u00fcckiger, comptable<\/cite><\/blockquote>\n<\/div>\n<\/div>\n\n<p><\/p>\n","protected":false},"excerpt":{"rendered":"<p>Offres d&#8217;emploi Nous vous demandons de ne pas nous envoyer de candidatures spontan\u00e9es, car nous n&rsquo;avons actuellement aucune offre d&#8217;emploi autre que les offres publi\u00e9es et il n&rsquo;y a pas non plus de postes vacants pour des stages. Greenpeace est financ\u00e9e exclusivement par des donateurs et des fondations. Nous utilisons cet argent pour des pr\u00e9occupations [&hellip;]<\/p>\n","protected":false},"author":25,"featured_media":4368,"parent":0,"menu_order":0,"comment_status":"closed","ping_status":"closed","template":"","meta":{"_acf_changed":false,"_planet4_optimize_post_is_variant":false,"_planet4_optimize_experiment_name":"","_planet4_optimize_variant_name":"","ep_exclude_from_search":false,"p4_hide_page_title_checkbox":"on","p4_title":"","p4_subtitle":"","p4_description":"","background_image_id":"","background_image":"","p4_button_title":"","p4_button_link":"","p4_button_link_checkbox":"","p4_og_title":"","p4_og_description":"","p4_og_image":"","p4_og_image_id":"","p4_seo_canonical_url":"","p4_campaign_name":"not set","p4_local_project":"not set","p4_basket_name":"not set","p4_department":"","footnotes":""},"categories":[],"tags":[],"class_list":["post-33683","page","type-page","status-publish","has-post-thumbnail","hentry"],"acf":[],"_links":{"self":[{"href":"https:\/\/www.greenpeace.ch\/fr\/wp-json\/wp\/v2\/pages\/33683","targetHints":{"allow":["GET"]}}],"collection":[{"href":"https:\/\/www.greenpeace.ch\/fr\/wp-json\/wp\/v2\/pages"}],"about":[{"href":"https:\/\/www.greenpeace.ch\/fr\/wp-json\/wp\/v2\/types\/page"}],"author":[{"embeddable":true,"href":"https:\/\/www.greenpeace.ch\/fr\/wp-json\/wp\/v2\/users\/25"}],"replies":[{"embeddable":true,"href":"https:\/\/www.greenpeace.ch\/fr\/wp-json\/wp\/v2\/comments?post=33683"}],"version-history":[{"count":8,"href":"https:\/\/www.greenpeace.ch\/fr\/wp-json\/wp\/v2\/pages\/33683\/revisions"}],"predecessor-version":[{"id":125820,"href":"https:\/\/www.greenpeace.ch\/fr\/wp-json\/wp\/v2\/pages\/33683\/revisions\/125820"}],"wp:featuredmedia":[{"embeddable":true,"href":"https:\/\/www.greenpeace.ch\/fr\/wp-json\/wp\/v2\/media\/4368"}],"wp:attachment":[{"href":"https:\/\/www.greenpeace.ch\/fr\/wp-json\/wp\/v2\/media?parent=33683"}],"wp:term":[{"taxonomy":"category","embeddable":true,"href":"https:\/\/www.greenpeace.ch\/fr\/wp-json\/wp\/v2\/categories?post=33683"},{"taxonomy":"post_tag","embeddable":true,"href":"https:\/\/www.greenpeace.ch\/fr\/wp-json\/wp\/v2\/tags?post=33683"}],"curies":[{"name":"wp","href":"https:\/\/api.w.org\/{rel}","templated":true}]}}