{"id":34115,"date":"2019-04-11T16:23:54","date_gmt":"2019-04-11T14:23:54","guid":{"rendered":"https:\/\/www.greenpeace.ch\/agir\/agenda\/"},"modified":"2025-10-14T09:19:41","modified_gmt":"2025-10-14T07:19:41","slug":"agenda","status":"publish","type":"page","link":"https:\/\/www.greenpeace.ch\/fr\/agir\/agenda\/","title":{"rendered":"\u00c9v\u00e8nements"},"content":{"rendered":"\n                \n                <div class=\"wp-block-group alignfull is-layout-flow wp-block-group-is-layout-flow\">\n                \n                <div class=\"wp-block-group container is-layout-flow wp-block-group-is-layout-flow\">\n                \n                <div class=\"wp-block-media-text alignfull has-media-on-the-right is-stacked-on-mobile is-pattern-p4-page-header is-style-parallax\">\n\n                <div class=\"wp-block-media-text__content\">\n                    <div class=\"wp-block-group is-layout-flow wp-block-group-is-layout-flow\">\n                    \n                        <h1 class=\"wp-block-heading has-white-background-color has-background\">\n                            Agenda\n                        <\/h1>\n                    <\/div>\n                \n\n                \n\n                \n\n                <\/div>\n                <figure class=\"wp-block-media-text__media\">\n                    <img loading=\"lazy\" decoding=\"async\" width=\"6000\" height=\"2265\"\n                        src=\"https:\/\/www.greenpeace.ch\/static\/planet4-switzerland-stateless\/2019\/05\/0e968f96-gp0stqac5_high_res-e1558606857147.jpg\"\n                        alt=\"\"\n                        sizes=\"auto, (min-width: 601px) 50vw, 100vw\" srcset=\"https:\/\/www.greenpeace.ch\/static\/planet4-switzerland-stateless\/2019\/05\/0e968f96-gp0stqac5_high_res-e1558606857147.jpg 6000w, https:\/\/www.greenpeace.ch\/static\/planet4-switzerland-stateless\/2019\/05\/0e968f96-gp0stqac5_high_res-e1558606857147-300x113.jpg 300w, https:\/\/www.greenpeace.ch\/static\/planet4-switzerland-stateless\/2019\/05\/0e968f96-gp0stqac5_high_res-e1558606857147-768x290.jpg 768w, https:\/\/www.greenpeace.ch\/static\/planet4-switzerland-stateless\/2019\/05\/0e968f96-gp0stqac5_high_res-e1558606857147-1024x387.jpg 1024w, https:\/\/www.greenpeace.ch\/static\/planet4-switzerland-stateless\/2019\/05\/0e968f96-gp0stqac5_high_res-e1558606857147-2048x773.jpg 2048w, https:\/\/www.greenpeace.ch\/static\/planet4-switzerland-stateless\/2019\/05\/0e968f96-gp0stqac5_high_res-e1558606857147-510x193.jpg 510w\" class=\"wp-image-1823 size-full\"\n                    \/>\n                <\/figure>\n                <\/div>\n                \n                <\/div>\n                \n                <\/div>\n                \n                    <p>Il n&rsquo; y a pas d&rsquo;\u00e9v\u00e9nements annonc\u00e9s \u00e0 ce jour. A suivre&#8230;<\/p>\n\n\n<hr class=\"wp-block-separator has-css-opacity\"\/>\n    <h2>\u00c9v\u00e9nements pass\u00e9s<\/h2>\n\n    <div class=\"wp-block-query posts-list p4-query-loop is-custom-layout-list is-layout-flow wp-block-query-is-layout-flow\">\n        <ul class=\"wp-block-post-template is-layout-flow wp-block-post-template-is-layout-flow\">\n                            <li class=\"wp-block-post post type-post format-standard has-post-thumbnail hentry p4-page-type-story\">\n                    <div class=\"wp-block-columns is-layout-flex wp-block-columns-is-layout-flex tag-change-fr \">\n                        <figure class=\"wp-block-post-featured-image\"><a\n                                    href=\"https:\/\/www.greenpeace.ch\/fr\/event\/tournee-stand-up-with-minnesota\/\" target=\"_self\"><img\n                                        loading=\"lazy\" decoding=\"async\" width=\"1200\" height=\"900\"\n                                        src=\"https:\/\/www.greenpeace.ch\/static\/planet4-switzerland-stateless\/2026\/04\/6d5f2ffc-webseite_flyer2-510x322.png\"\n                                        class=\"attachment-post-thumbnail size-post-thumbnail wp-post-image wp-stateless-item\"\n                                        style=\"object-fit:cover;\"\n                                ><\/a>\n                        <\/figure>\n\n                        <div class=\"wp-block-group is-layout-flow wp-block-group-is-layout-flow\">\n                            <div class=\"wp-block-group is-layout-flex wp-block-group-is-layout-flex\">\n                                <div class=\"wp-block-post-terms\"><a\n                                            href=\"https:\/\/www.greenpeace.ch\/fr\/event\/\">Event<\/a><\/div>\n\n                                                                    <div class=\"taxonomy-post_tag wp-block-post-terms\">\n                                                                                    <a class=\"tag-item tag\" rel=\"tag\"\n                                               href=\"https:\/\/www.greenpeace.ch\/fr\/tag\/change-fr\/\">Change<\/a>\n                                                                            <\/div>\n                                                            <\/div>\n\n                            <h4 class=\"wp-block-post-title\"><a href=\"https:\/\/www.greenpeace.ch\/fr\/event\/tournee-stand-up-with-minnesota\/\"\n                                                               target=\"_self\">Tourn\u00e9e \u00ab Stand up with Minnesota \u00bb<\/a><\/h4>\n\n                            <div class=\"wp-block-post-excerpt\">\n                                <p class=\"wp-block-post-excerpt__excerpt\">\n                                    Une d\u00e9l\u00e9gation du Minnesota (\u00c9tats-Unis) est en Europe pour deux semaines et nous rend visite \u00e0 Zurich et \u00e0 B\u00e2le dans le cadre de cette tourn\u00e9e. Le 15 avril, Breakfree Suisse et Greenpeace vous invitent \u00e0 un \u00e9change\u00a0 avec trois militant\u00b7es des mouvements de r\u00e9sistance contre les actions de l&#039;ICE (Immigration and Customs Enforcement) \u00e0 Minneapolis.\n                                <\/p><\/div>\n\n                            <div class=\"wp-block-group posts-list-meta is-layout-flow wp-block-group-is-layout-flow\">\n                                <div class=\"wp-block-post-date\">\n                                    <time class=\"article-list-item-date\"\n                                          datetime=\"\">mercredi, 15. avril 2026<\/time>\n                                <\/div>\n                            <\/div>\n                        <\/div>\n                    <\/div>\n                <\/li>\n                            <li class=\"wp-block-post post type-post format-standard has-post-thumbnail hentry p4-page-type-story\">\n                    <div class=\"wp-block-columns is-layout-flex wp-block-columns-is-layout-flex \">\n                        <figure class=\"wp-block-post-featured-image\"><a\n                                    href=\"https:\/\/www.greenpeace.ch\/fr\/event\/soiree-dinformation-sur-le-benevolat-chez-greenpeace\/\" target=\"_self\"><img\n                                        loading=\"lazy\" decoding=\"async\" width=\"1200\" height=\"900\"\n                                        src=\"https:\/\/www.greenpeace.ch\/static\/planet4-switzerland-stateless\/2026\/03\/b5ffb961-marchesion-14.3.25-3-510x325.jpg\"\n                                        class=\"attachment-post-thumbnail size-post-thumbnail wp-post-image wp-stateless-item\"\n                                        style=\"object-fit:cover;\"\n                                ><\/a>\n                        <\/figure>\n\n                        <div class=\"wp-block-group is-layout-flow wp-block-group-is-layout-flow\">\n                            <div class=\"wp-block-group is-layout-flex wp-block-group-is-layout-flex\">\n                                <div class=\"wp-block-post-terms\"><a\n                                            href=\"https:\/\/www.greenpeace.ch\/fr\/event\/\">Event<\/a><\/div>\n\n                                                            <\/div>\n\n                            <h4 class=\"wp-block-post-title\"><a href=\"https:\/\/www.greenpeace.ch\/fr\/event\/soiree-dinformation-sur-le-benevolat-chez-greenpeace\/\"\n                                                               target=\"_self\">Soir\u00e9e d&rsquo;information sur le b\u00e9n\u00e9volat chez Greenpeace<\/a><\/h4>\n\n                            <div class=\"wp-block-post-excerpt\">\n                                <p class=\"wp-block-post-excerpt__excerpt\">\n                                    \n                                <\/p><\/div>\n\n                            <div class=\"wp-block-group posts-list-meta is-layout-flow wp-block-group-is-layout-flow\">\n                                <div class=\"wp-block-post-date\">\n                                    <time class=\"article-list-item-date\"\n                                          datetime=\"\">mardi, 14. avril 2026 20:30<\/time>\n                                <\/div>\n                            <\/div>\n                        <\/div>\n                    <\/div>\n                <\/li>\n                            <li class=\"wp-block-post post type-post format-standard has-post-thumbnail hentry p4-page-type-story\">\n                    <div class=\"wp-block-columns is-layout-flex wp-block-columns-is-layout-flex \">\n                        <figure class=\"wp-block-post-featured-image\"><a\n                                    href=\"https:\/\/www.greenpeace.ch\/fr\/event\/rencontre-non-au-retour-du-nucleaire\/\" target=\"_self\"><img\n                                        loading=\"lazy\" decoding=\"async\" width=\"1200\" height=\"900\"\n                                        src=\"https:\/\/www.greenpeace.ch\/static\/planet4-switzerland-stateless\/2026\/01\/81a1bda5-img_6276-510x340.jpg\"\n                                        class=\"attachment-post-thumbnail size-post-thumbnail wp-post-image wp-stateless-item\"\n                                        style=\"object-fit:cover;\"\n                                ><\/a>\n                        <\/figure>\n\n                        <div class=\"wp-block-group is-layout-flow wp-block-group-is-layout-flow\">\n                            <div class=\"wp-block-group is-layout-flex wp-block-group-is-layout-flex\">\n                                <div class=\"wp-block-post-terms\"><a\n                                            href=\"https:\/\/www.greenpeace.ch\/fr\/event\/\">Event<\/a><\/div>\n\n                                                            <\/div>\n\n                            <h4 class=\"wp-block-post-title\"><a href=\"https:\/\/www.greenpeace.ch\/fr\/event\/rencontre-non-au-retour-du-nucleaire\/\"\n                                                               target=\"_self\">Rencontre: Non au retour du nucl\u00e9aire!<\/a><\/h4>\n\n                            <div class=\"wp-block-post-excerpt\">\n                                <p class=\"wp-block-post-excerpt__excerpt\">\n                                    \n                                <\/p><\/div>\n\n                            <div class=\"wp-block-group posts-list-meta is-layout-flow wp-block-group-is-layout-flow\">\n                                <div class=\"wp-block-post-date\">\n                                    <time class=\"article-list-item-date\"\n                                          datetime=\"\">samedi, 28. f\u00e9vrier 2026 15:00<\/time>\n                                <\/div>\n                            <\/div>\n                        <\/div>\n                    <\/div>\n                <\/li>\n                    <\/ul>\n    <\/div>\n\n    <div class=\"wp-block-query posts-list p4-query-loop is-custom-layout-list visually-hidden is-layout-flow wp-block-query-is-layout-flow\">\n        <div class=\"wp-block-group is-content-justification-space-between is-layout-flex wp-container-core-group-is-layout-3d213aab wp-block-group-is-layout-flex\"><h2 class=\"wp-block-heading\">Related Articles<\/h2>\n        <li class=\" wp-block-navigation-item see-all-link wp-block-navigation-link\"><a class=\"wp-block-navigation-item__content\"  href=\"http:\/\/www.greenpeace.ch\/de\/posts\/\"><span class=\"wp-block-navigation-item__label\">See all stories<\/span><\/a><\/li>\n        \n        <\/div>\n        \n\n    <p style=\"margin-top: 24px; margin-bottom: 36px;\"><\/p>\n\n    \n\n    <ul class=\"wp-block-post-template is-layout-flow wp-block-post-template-is-layout-flow\"><li class=\"wp-block-post post-131416 post type-post status-publish format-standard has-post-thumbnail hentry category-non-classifiee tag-climat tag-finance-durable p4-page-type-communique-de-presse\">\n            \n<div class=\"wp-block-columns is-layout-flex wp-container-core-columns-is-layout-9d6595d7 wp-block-columns-is-layout-flex\"><figure class=\"wp-block-post-featured-image\"><a href=\"https:\/\/www.greenpeace.ch\/fr\/communique-de-presse\/131416\/depot-de-linitiative-pour-la-place-financiere\/\" target=\"_self\"  ><img loading=\"lazy\" decoding=\"async\" width=\"800\" height=\"533\" src=\"https:\/\/www.greenpeace.ch\/static\/planet4-switzerland-stateless\/2026\/04\/7a9a8b83-finanzplatz-initiative.jpg\" class=\"attachment-post-thumbnail size-post-thumbnail wp-post-image wp-stateless-item\" alt=\"D\u00e9p\u00f4t de l\u2019initiative pour la place financi\u00e8re\" style=\"object-fit:cover;\" srcset=\"https:\/\/www.greenpeace.ch\/static\/planet4-switzerland-stateless\/2026\/04\/7a9a8b83-finanzplatz-initiative.jpg 800w, https:\/\/www.greenpeace.ch\/static\/planet4-switzerland-stateless\/2026\/04\/7a9a8b83-finanzplatz-initiative-300x200.jpg 300w, https:\/\/www.greenpeace.ch\/static\/planet4-switzerland-stateless\/2026\/04\/7a9a8b83-finanzplatz-initiative-768x512.jpg 768w, https:\/\/www.greenpeace.ch\/static\/planet4-switzerland-stateless\/2026\/04\/7a9a8b83-finanzplatz-initiative-510x340.jpg 510w\" sizes=\"auto, (max-width: 800px) 100vw, 800px\" data-image-size=\"post-thumbnail\" data-stateless-media-bucket=\"planet4-switzerland-stateless\" data-stateless-media-name=\"2026\/04\/7a9a8b83-finanzplatz-initiative.jpg\" \/><\/a><\/figure>\n\n        <div class=\"wp-block-group is-layout-flow wp-block-group-is-layout-flow\">\n                <div class=\"wp-block-group is-layout-flex wp-block-group-is-layout-flex\"><div class=\"wp-block-post-terms\"><a href=\"https:\/\/www.greenpeace.ch\/fr\/communique-de-presse\/\">Communiqu\u00e9 de presse<\/a><\/div>\n                <div class=\"wp-block-post-terms\"><a href=\"https:\/\/www.greenpeace.ch\/fr\/communique-de-presse\/\">Communiqu\u00e9 de presse<\/a><\/div>\n                <div class=\"taxonomy-post_tag wp-block-post-terms\"><a href=\"https:\/\/www.greenpeace.ch\/fr\/tag\/climat\/\" rel=\"tag\">Climat<\/a><span class=\"wp-block-post-terms__separator\"> <\/span><a href=\"https:\/\/www.greenpeace.ch\/fr\/tag\/finance-durable\/\" rel=\"tag\">FinanceDurable<\/a><\/div>\n                <\/div>\n                \n        <h3 class=\"wp-block-post-title\"><a href=\"https:\/\/www.greenpeace.ch\/fr\/communique-de-presse\/131416\/depot-de-linitiative-pour-la-place-financiere\/\" target=\"_self\" >D\u00e9p\u00f4t de l\u2019initiative pour la place financi\u00e8re<\/a><\/h3>\n        <div class=\"wp-block-post-excerpt\"><p class=\"wp-block-post-excerpt__excerpt\">Une large alliance de repr\u00e9sentants du secteur financier, de la politique et de la soci\u00e9t\u00e9 civile a d\u00e9pos\u00e9 aujourd\u2019hui \u00e0 la Chancellerie f\u00e9d\u00e9rale plus de 145 000 signatures en faveur&hellip; <\/p><\/div>\n        \n        <div class=\"wp-block-group posts-list-meta is-layout-flow wp-block-group-is-layout-flow\"><span class='article-list-item-author'>Alliance pour une place financi\u00e8re suisse durable et tourn\u00e9e vers l\u2019avenir<\/span>\n        <div class=\"wp-block-post-date\"><time datetime=\"2026-04-16T12:40:27+02:00\">16. avril 2026<\/time><\/div>\n        \n        <\/div>\n        <\/div>\n        <\/div>\n\n            <\/li><\/ul>\n\n    \n<div class=\"wp-block-buttons carousel-controls is-horizontal is-content-justification-space-between is-nowrap is-layout-flex wp-container-core-buttons-is-layout-044bd602 wp-block-buttons-is-layout-flex\">\n            <div class=\"wp-block-button carousel-control-prev\"><button type=\"button\" class=\"wp-block-button__link wp-element-button\">Prev<\/button><\/div>\n        \n\n            <div class=\"wp-block-button carousel-control-next\"><button type=\"button\" class=\"wp-block-button__link wp-element-button\">N\u00e4chste<\/button><\/div>\n        <\/div>\n\n\n    <li class=\" wp-block-navigation-item see-all-link wp-block-navigation-link\"><a class=\"wp-block-navigation-item__content\"  href=\"http:\/\/www.greenpeace.ch\/de\/posts\/\"><span class=\"wp-block-navigation-item__label\">See all stories<\/span><\/a><\/li><\/div>\n    ","protected":false},"excerpt":{"rendered":"","protected":false},"author":25,"featured_media":4174,"parent":32627,"menu_order":0,"comment_status":"closed","ping_status":"closed","template":"","meta":{"_acf_changed":false,"_planet4_optimize_post_is_variant":false,"_planet4_optimize_experiment_name":"","_planet4_optimize_variant_name":"","ep_exclude_from_search":false,"p4_hide_page_title_checkbox":"on","p4_title":"","p4_subtitle":"","p4_description":"","background_image_id":"","background_image":"","p4_button_title":"","p4_button_link":"","p4_button_link_checkbox":"","p4_og_title":"","p4_og_description":"","p4_og_image":"","p4_og_image_id":"","p4_seo_canonical_url":"","p4_campaign_name":"not set","p4_local_project":"not set","p4_basket_name":"not set","p4_department":"","footnotes":""},"categories":[],"tags":[],"class_list":["post-34115","page","type-page","status-publish","has-post-thumbnail","hentry"],"acf":[],"_links":{"self":[{"href":"https:\/\/www.greenpeace.ch\/fr\/wp-json\/wp\/v2\/pages\/34115","targetHints":{"allow":["GET"]}}],"collection":[{"href":"https:\/\/www.greenpeace.ch\/fr\/wp-json\/wp\/v2\/pages"}],"about":[{"href":"https:\/\/www.greenpeace.ch\/fr\/wp-json\/wp\/v2\/types\/page"}],"author":[{"embeddable":true,"href":"https:\/\/www.greenpeace.ch\/fr\/wp-json\/wp\/v2\/users\/25"}],"replies":[{"embeddable":true,"href":"https:\/\/www.greenpeace.ch\/fr\/wp-json\/wp\/v2\/comments?post=34115"}],"version-history":[{"count":8,"href":"https:\/\/www.greenpeace.ch\/fr\/wp-json\/wp\/v2\/pages\/34115\/revisions"}],"predecessor-version":[{"id":126847,"href":"https:\/\/www.greenpeace.ch\/fr\/wp-json\/wp\/v2\/pages\/34115\/revisions\/126847"}],"up":[{"embeddable":true,"href":"https:\/\/www.greenpeace.ch\/fr\/wp-json\/wp\/v2\/pages\/32627"}],"wp:featuredmedia":[{"embeddable":true,"href":"https:\/\/www.greenpeace.ch\/fr\/wp-json\/wp\/v2\/media\/4174"}],"wp:attachment":[{"href":"https:\/\/www.greenpeace.ch\/fr\/wp-json\/wp\/v2\/media?parent=34115"}],"wp:term":[{"taxonomy":"category","embeddable":true,"href":"https:\/\/www.greenpeace.ch\/fr\/wp-json\/wp\/v2\/categories?post=34115"},{"taxonomy":"post_tag","embeddable":true,"href":"https:\/\/www.greenpeace.ch\/fr\/wp-json\/wp\/v2\/tags?post=34115"}],"curies":[{"name":"wp","href":"https:\/\/api.w.org\/{rel}","templated":true}]}}