{"id":34430,"date":"2019-04-11T16:23:30","date_gmt":"2019-04-11T14:23:30","guid":{"rendered":"https:\/\/www.greenpeace.ch\/agir\/e-activism\/"},"modified":"2025-06-25T14:36:36","modified_gmt":"2025-06-25T12:36:36","slug":"e-militant","status":"publish","type":"page","link":"https:\/\/www.greenpeace.ch\/fr\/agir\/e-militant\/","title":{"rendered":"Devenir E-Militant"},"content":{"rendered":"\n                \n                <div class=\"wp-block-group alignfull is-layout-flow wp-block-group-is-layout-flow\">\n                \n                <div class=\"wp-block-group container is-layout-flow wp-block-group-is-layout-flow\">\n                \n                <div class=\"wp-block-media-text alignfull has-media-on-the-right is-stacked-on-mobile is-pattern-p4-page-header is-style-parallax\">\n\n                <div class=\"wp-block-media-text__content\">\n                    <div class=\"wp-block-group is-layout-flow wp-block-group-is-layout-flow\">\n                    \n                        <h1 class=\"wp-block-heading has-white-background-color has-background\">\n                            Devenir E-Militant\n                        <\/h1>\n                    <\/div>\n                \n\n                \n\n                \n\n                <\/div>\n                <figure class=\"wp-block-media-text__media\">\n                    <img loading=\"lazy\" decoding=\"async\" width=\"5184\" height=\"3888\"\n                        src=\"https:\/\/www.greenpeace.ch\/static\/planet4-switzerland-stateless\/2019\/08\/0914cc55-067674e1-gp0stsisi_high_res.jpg\"\n                        alt=\"\"\n                        sizes=\"auto, (min-width: 601px) 50vw, 100vw\" srcset=\"https:\/\/www.greenpeace.ch\/static\/planet4-switzerland-stateless\/2019\/08\/0914cc55-067674e1-gp0stsisi_high_res.jpg 5184w, https:\/\/www.greenpeace.ch\/static\/planet4-switzerland-stateless\/2019\/08\/0914cc55-067674e1-gp0stsisi_high_res-300x225.jpg 300w, https:\/\/www.greenpeace.ch\/static\/planet4-switzerland-stateless\/2019\/08\/0914cc55-067674e1-gp0stsisi_high_res-768x576.jpg 768w, https:\/\/www.greenpeace.ch\/static\/planet4-switzerland-stateless\/2019\/08\/0914cc55-067674e1-gp0stsisi_high_res-1024x768.jpg 1024w, https:\/\/www.greenpeace.ch\/static\/planet4-switzerland-stateless\/2019\/08\/0914cc55-067674e1-gp0stsisi_high_res-1821x1366.jpg 1821w, https:\/\/www.greenpeace.ch\/static\/planet4-switzerland-stateless\/2019\/08\/0914cc55-067674e1-gp0stsisi_high_res-453x340.jpg 453w\" class=\"wp-image-34480 size-full\"\n                    \/>\n                <\/figure>\n                <\/div>\n                \n                <\/div>\n                \n                <\/div>\n                \n                \n                    <div class=\"wp-block-group is-vertical is-layout-flex wp-container-core-group-is-layout-8cf370e7 wp-block-group-is-layout-flex\">\n                    \n\n                    \n                    <\/div>\n                    \n<h2 class=\"is-style-underline wp-block-heading\">Devenir E-Militant<\/h2>\n\n<p>Rejoignez les E-militant\u00b7e\u00b7s de Greenpeace et engagez-vous sur le Net pour un environnement propre. Nous travaillons en r\u00e9seau via Greenwire, rejoignez le groupe d\u00e8s aujourd&rsquo;hui :<\/p>\n\n<div class=\"wp-block-buttons is-layout-flex wp-block-buttons-is-layout-flex\">\n<div class=\"wp-block-button is-style-secondary\"><a class=\"wp-block-button__link\" href=\"https:\/\/greenwire.greenpeace.ch\/fr\/group\/11\/stream\">S&rsquo;inscrire sur Greenwire<\/a><\/div>\n<\/div>\n\n<p><strong>Vous devez cr\u00e9er un compte sur Greenwire pour voir tout le contenu du groupe.<\/strong><\/p>\n\n<hr class=\"wp-block-separator\"\/>\n\n<h2 class=\"is-style-default wp-block-heading\">Qu&rsquo;est-ce que l&rsquo;E-Militantisme?<\/h2>\n\n<div class=\"wp-block-columns has-2-columns is-layout-flex wp-container-core-columns-is-layout-9d6595d7 wp-block-columns-is-layout-flex\">\n<div class=\"wp-block-column is-layout-flow wp-block-column-is-layout-flow\">\n<p><strong>Internet et les smartphones occupent une place de plus en  plus importante dans notre quotidien. Ces outils ouvrent de nouvelles  perspectives pour le travail de campagne men\u00e9 par Greenpeace, car ils  donnent la possibilit\u00e9 \u00e0 chacun de participer au d\u00e9bat public.<\/strong><\/p>\n\n\n\n<p>Imaginez des centaines de personnes engag\u00e9es utilisant simultan\u00e9ment  dans diff\u00e9rents pays leurs ordinateurs et smartphones: ils \u00e9crivent des  commentaires critiques, lancent des d\u00e9bats sur les portails en ligne,  renforcent notre message sur les r\u00e9seaux sociaux etc. Ensemble, gr\u00e2ce \u00e0  l\u2019e-militantisme, nous pouvons consid\u00e9rablement accro\u00eetre la pression  exerc\u00e9e sur une entreprise. Souhaitez-vous aussi vous impliquer ?<\/p>\n<\/div>\n\n\n\n<div class=\"wp-block-column is-layout-flow wp-block-column-is-layout-flow\">\n<figure class=\"wp-block-embed is-type-video is-provider-youtube wp-block-embed-youtube wp-embed-aspect-16-9 wp-has-aspect-ratio\"><div class=\"wp-block-embed__wrapper\">\n<lite-youtube style=\"background-image: url('https:\/\/i.ytimg.com\/vi\/9KO0W34wAoE\/hqdefault.jpg');\" videoid=\"9KO0W34wAoE\" params=\"rel=0&#038;enablejsapi=1&#038;origin=https%3A%2F%2F&#038;cc_load_policy=1\"><\/lite-youtube>\n<\/div><\/figure>\n<\/div>\n<\/div>\n","protected":false},"excerpt":{"rendered":"<p>Devenir E-Militant Rejoignez les E-militant\u00b7e\u00b7s de Greenpeace et engagez-vous sur le Net pour un environnement propre. Nous travaillons en r\u00e9seau via Greenwire, rejoignez le groupe d\u00e8s aujourd&rsquo;hui : Vous devez cr\u00e9er un compte sur Greenwire pour voir tout le contenu du groupe. Qu&rsquo;est-ce que l&rsquo;E-Militantisme? Internet et les smartphones occupent une place de plus en [&hellip;]<\/p>\n","protected":false},"author":25,"featured_media":34480,"parent":32627,"menu_order":0,"comment_status":"closed","ping_status":"closed","template":"","meta":{"_acf_changed":false,"_planet4_optimize_post_is_variant":false,"_planet4_optimize_experiment_name":"","_planet4_optimize_variant_name":"","ep_exclude_from_search":false,"p4_hide_page_title_checkbox":"on","p4_title":"","p4_subtitle":"","p4_description":"","background_image_id":"","background_image":"","p4_button_title":"","p4_button_link":"","p4_button_link_checkbox":"","p4_og_title":"","p4_og_description":"","p4_og_image":"","p4_og_image_id":"","p4_seo_canonical_url":"","p4_campaign_name":"not set","p4_local_project":"not set","p4_basket_name":"not set","p4_department":"","footnotes":""},"categories":[],"tags":[134],"class_list":["post-34430","page","type-page","status-publish","has-post-thumbnail","hentry","tag-agir"],"acf":[],"_links":{"self":[{"href":"https:\/\/www.greenpeace.ch\/fr\/wp-json\/wp\/v2\/pages\/34430","targetHints":{"allow":["GET"]}}],"collection":[{"href":"https:\/\/www.greenpeace.ch\/fr\/wp-json\/wp\/v2\/pages"}],"about":[{"href":"https:\/\/www.greenpeace.ch\/fr\/wp-json\/wp\/v2\/types\/page"}],"author":[{"embeddable":true,"href":"https:\/\/www.greenpeace.ch\/fr\/wp-json\/wp\/v2\/users\/25"}],"replies":[{"embeddable":true,"href":"https:\/\/www.greenpeace.ch\/fr\/wp-json\/wp\/v2\/comments?post=34430"}],"version-history":[{"count":3,"href":"https:\/\/www.greenpeace.ch\/fr\/wp-json\/wp\/v2\/pages\/34430\/revisions"}],"predecessor-version":[{"id":121462,"href":"https:\/\/www.greenpeace.ch\/fr\/wp-json\/wp\/v2\/pages\/34430\/revisions\/121462"}],"up":[{"embeddable":true,"href":"https:\/\/www.greenpeace.ch\/fr\/wp-json\/wp\/v2\/pages\/32627"}],"wp:featuredmedia":[{"embeddable":true,"href":"https:\/\/www.greenpeace.ch\/fr\/wp-json\/wp\/v2\/media\/34480"}],"wp:attachment":[{"href":"https:\/\/www.greenpeace.ch\/fr\/wp-json\/wp\/v2\/media?parent=34430"}],"wp:term":[{"taxonomy":"category","embeddable":true,"href":"https:\/\/www.greenpeace.ch\/fr\/wp-json\/wp\/v2\/categories?post=34430"},{"taxonomy":"post_tag","embeddable":true,"href":"https:\/\/www.greenpeace.ch\/fr\/wp-json\/wp\/v2\/tags?post=34430"}],"curies":[{"name":"wp","href":"https:\/\/api.w.org\/{rel}","templated":true}]}}