{"id":35469,"date":"2019-09-02T12:57:33","date_gmt":"2019-09-02T10:57:33","guid":{"rendered":"https:\/\/www.greenpeace.ch\/?page_id=35469"},"modified":"2025-05-05T12:07:16","modified_gmt":"2025-05-05T10:07:16","slug":"welcome","status":"publish","type":"page","link":"https:\/\/www.greenpeace.ch\/fr\/welcome\/","title":{"rendered":"Notre monde: \u00e9cologique, juste, pacifique."},"content":{"rendered":"\n                \n                <div class=\"wp-block-group alignfull is-layout-flow wp-block-group-is-layout-flow\">\n                \n                <div class=\"wp-block-group container is-layout-flow wp-block-group-is-layout-flow\">\n                \n                <div class=\"wp-block-media-text alignfull has-media-on-the-right is-stacked-on-mobile is-pattern-p4-page-header is-style-parallax\">\n\n                <div class=\"wp-block-media-text__content\">\n                    <div class=\"wp-block-group is-layout-flow wp-block-group-is-layout-flow\">\n                    \n                        <h1 class=\"wp-block-heading has-white-background-color has-background\">\n                            Notre monde: \u00e9cologique, juste, pacifique.\n                        <\/h1>\n                    <\/div>\n                \n\n                \n\n                \n\n                <\/div>\n                <figure class=\"wp-block-media-text__media\">\n                    <img loading=\"lazy\" decoding=\"async\" width=\"885\" height=\"497\"\n                        src=\"https:\/\/www.greenpeace.ch\/static\/planet4-switzerland-stateless\/2023\/02\/0622fdd2-header-welcome.png\"\n                        alt=\"\"\n                        sizes=\"auto, (min-width: 601px) 50vw, 100vw\" srcset=\"https:\/\/www.greenpeace.ch\/static\/planet4-switzerland-stateless\/2023\/02\/0622fdd2-header-welcome.png 885w, https:\/\/www.greenpeace.ch\/static\/planet4-switzerland-stateless\/2023\/02\/0622fdd2-header-welcome-300x168.png 300w, https:\/\/www.greenpeace.ch\/static\/planet4-switzerland-stateless\/2023\/02\/0622fdd2-header-welcome-768x431.png 768w, https:\/\/www.greenpeace.ch\/static\/planet4-switzerland-stateless\/2023\/02\/0622fdd2-header-welcome-510x286.png 510w\" class=\"wp-image-94586 size-full\"\n                    \/>\n                <\/figure>\n                <\/div>\n                \n                <\/div>\n                \n                <\/div>\n                \n                \n<h2 class=\"wp-block-heading\">Ensemble, nous changeons le monde<\/h2>\n\n<p>Avec cette vision, Greenpeace s&rsquo;engage dans le monde entier pour un monde vert, juste et pacifique, o\u00f9 la vie peut se d\u00e9velopper dans toute sa diversit\u00e9.<\/p>\n\n<div class=\"wp-block-columns is-layout-flex wp-container-core-columns-is-layout-9d6595d7 wp-block-columns-is-layout-flex\">\n<div class=\"wp-block-column is-layout-flow wp-block-column-is-layout-flow\">\n<blockquote class=\"wp-block-quote is-layout-flow wp-block-quote-is-layout-flow\">\n<p>Nous nous engageons en faveur d\u2019une<br>solution globale \u00e0 la crise climatique.<\/p>\n<cite>Georg Klingler Heiligtag,<br>expert pour le climat<\/cite><\/blockquote>\n\n\n\n<figure class=\"wp-block-image size-large is-resized\"><img loading=\"lazy\" decoding=\"async\" src=\"https:\/\/www.greenpeace.ch\/static\/planet4-switzerland-stateless\/2023\/02\/6d08c438-georg-1024x1024.png\" alt=\"\" class=\"wp-image-94614\" width=\"256\" height=\"256\" srcset=\"https:\/\/www.greenpeace.ch\/static\/planet4-switzerland-stateless\/2023\/02\/6d08c438-georg-1024x1024.png 1024w, https:\/\/www.greenpeace.ch\/static\/planet4-switzerland-stateless\/2023\/02\/6d08c438-georg-300x300.png 300w, https:\/\/www.greenpeace.ch\/static\/planet4-switzerland-stateless\/2023\/02\/6d08c438-georg-150x150.png 150w, https:\/\/www.greenpeace.ch\/static\/planet4-switzerland-stateless\/2023\/02\/6d08c438-georg-768x768.png 768w, https:\/\/www.greenpeace.ch\/static\/planet4-switzerland-stateless\/2023\/02\/6d08c438-georg-340x340.png 340w, https:\/\/www.greenpeace.ch\/static\/planet4-switzerland-stateless\/2023\/02\/6d08c438-georg.png 1080w\" sizes=\"auto, (max-width: 256px) 100vw, 256px\" \/><\/figure>\n\n\n\n<p>La place financi\u00e8re suisse est notre principal levier pour r\u00e9soudre la crise climatique: si elle misait v\u00e9ritablement sur la durabilit\u00e9 plut\u00f4t que sur les \u00e9nergies fossiles, la destruction de la nature et les solutions trompeuses, la majeure partie des \u00e9missions suisses pourraient \u00eatre<br>\u00e9vit\u00e9es. La Suisse, comme tous les autres pays, doit contribuer \u00e0 la solution. C\u2019est pourquoi, avec le mouvement climatique, nous nous concentrons sur l\u2019objectif de convaincre une majorit\u00e9 de la population et des responsables politiques de la n\u00e9cessit\u00e9 de mettre le cap<br>sur la protection du climat.<\/p>\n\n\n\n<div class=\"wp-block-button\"><a class=\"wp-block-button__link\" href=\"https:\/\/www.greenpeace.ch\/fr\/explorer\/climat\/\" target=\"_blank\" rel=\"noopener noreferrer\">Nos campagnes climatiques<\/a><\/div>\n<\/div>\n\n\n\n<div class=\"wp-block-column is-layout-flow wp-block-column-is-layout-flow\">\n<blockquote class=\"wp-block-quote is-layout-flow wp-block-quote-is-layout-flow\">\n<p>Nous demandons une v\u00e9ritable \u00e9conomie circulaire qui respecte les limites de notre plan\u00e8te.<\/p>\n<cite>Jo\u00eblle H\u00e9rin,<br>experte en syst\u00e8mes de consommation<\/cite><\/blockquote>\n\n\n\n<figure class=\"wp-block-image size-large is-resized\"><img loading=\"lazy\" decoding=\"async\" src=\"https:\/\/www.greenpeace.ch\/static\/planet4-switzerland-stateless\/2023\/02\/cb5a6823-joelle-1024x1024.png\" alt=\"\" class=\"wp-image-94617\" width=\"256\" height=\"256\" srcset=\"https:\/\/www.greenpeace.ch\/static\/planet4-switzerland-stateless\/2023\/02\/cb5a6823-joelle-1024x1024.png 1024w, https:\/\/www.greenpeace.ch\/static\/planet4-switzerland-stateless\/2023\/02\/cb5a6823-joelle-300x300.png 300w, https:\/\/www.greenpeace.ch\/static\/planet4-switzerland-stateless\/2023\/02\/cb5a6823-joelle-150x150.png 150w, https:\/\/www.greenpeace.ch\/static\/planet4-switzerland-stateless\/2023\/02\/cb5a6823-joelle-768x768.png 768w, https:\/\/www.greenpeace.ch\/static\/planet4-switzerland-stateless\/2023\/02\/cb5a6823-joelle-340x340.png 340w, https:\/\/www.greenpeace.ch\/static\/planet4-switzerland-stateless\/2023\/02\/cb5a6823-joelle.png 1080w\" sizes=\"auto, (max-width: 256px) 100vw, 256px\" \/><\/figure>\n\n\n\n<p>Le syst\u00e8me de consommation en Suisse provoque, ici et dans le Sud global, une profonde destruction \u00e9cologique et des cons\u00e9quences sociales d\u00e9sastreuses. Les responsables politiques, les producteurs et les d\u00e9taillants doivent encourager la transition vers une \u00e9conomie circulaire en harmonie avec la nature. Cela implique aussi une agriculture \u00e9cologique adapt\u00e9e aux conditions locales. Nous avons un besoin urgent d\u2019alternatives durables \u00e0 la surconsommation.<\/p>\n\n\n\n<p><br><\/p>\n\n\n\n<div class=\"wp-block-button\"><a class=\"wp-block-button__link\" href=\"https:\/\/greenpeace.ch\/consommation\" target=\"_blank\" rel=\"noopener noreferrer\">Nos campagnes de consommation<\/a><\/div>\n<\/div>\n\n\n\n<div class=\"wp-block-column is-layout-flow wp-block-column-is-layout-flow\">\n<blockquote class=\"wp-block-quote is-layout-flow wp-block-quote-is-layout-flow\">\n<p>Il est temps d\u2019emprunter de nouvelles voies.<\/p>\n<cite><br>Agnes Jezler,<br>experte en changement et transformation <\/cite><\/blockquote>\n\n\n\n<figure class=\"wp-block-image size-large is-resized\"><img loading=\"lazy\" decoding=\"async\" src=\"https:\/\/www.greenpeace.ch\/static\/planet4-switzerland-stateless\/2023\/02\/f18fdbff-agnes-1024x1024.png\" alt=\"\" class=\"wp-image-94620\" width=\"256\" height=\"256\" srcset=\"https:\/\/www.greenpeace.ch\/static\/planet4-switzerland-stateless\/2023\/02\/f18fdbff-agnes-1024x1024.png 1024w, https:\/\/www.greenpeace.ch\/static\/planet4-switzerland-stateless\/2023\/02\/f18fdbff-agnes-300x300.png 300w, https:\/\/www.greenpeace.ch\/static\/planet4-switzerland-stateless\/2023\/02\/f18fdbff-agnes-150x150.png 150w, https:\/\/www.greenpeace.ch\/static\/planet4-switzerland-stateless\/2023\/02\/f18fdbff-agnes-768x768.png 768w, https:\/\/www.greenpeace.ch\/static\/planet4-switzerland-stateless\/2023\/02\/f18fdbff-agnes-340x340.png 340w, https:\/\/www.greenpeace.ch\/static\/planet4-switzerland-stateless\/2023\/02\/f18fdbff-agnes.png 1080w\" sizes=\"auto, (max-width: 256px) 100vw, 256px\" \/><\/figure>\n\n\n\n<p>Nous ne r\u00e9soudrons pas la crise du climat, la crise de la biodiversit\u00e9 et la crise sociale en nous contentant de r\u00e9former le syst\u00e8me actuel. Il est urgent de repenser ce syst\u00e8me. Car un monde \u00e9quitable et respectant les limites de notre plan\u00e8te est non seulement n\u00e9cessaire, mais aussi<br>possible. C\u2019est une t\u00e2che qui incombe \u00e0 la soci\u00e9t\u00e9 dans son ensemble. Chacune et chacun d\u2019entre nous peut et doit contribuer au changement.<\/p>\n\n\n\n<p><br><\/p>\n\n\n\n<div class=\"wp-block-button\"><a class=\"wp-block-button__link\" href=\"https:\/\/greenpeace.ch\/changer\" target=\"_blank\" rel=\"noopener noreferrer\">Nos campagnes de changement<\/a><\/div>\n<\/div>\n<\/div>\n\n<hr class=\"wp-block-separator has-alpha-channel-opacity\"\/>\n\n<h2 class=\"wp-block-heading\">Quelles sont les th\u00e9matiques prioritaires de Greenpeace?<\/h2>\n\n<div class=\"wp-block-columns is-layout-flex wp-container-core-columns-is-layout-9d6595d7 wp-block-columns-is-layout-flex\">\n<div class=\"wp-block-column is-layout-flow wp-block-column-is-layout-flow\">\n<h3 class=\"wp-block-heading\">Clima<\/h3>\n\n\n\n<figure class=\"wp-block-image size-full\"><a href=\"https:\/\/www.greenpeace.ch\/fr\/explorer\/climat\/\"><img loading=\"lazy\" decoding=\"async\" width=\"512\" height=\"342\" src=\"https:\/\/www.greenpeace.ch\/static\/planet4-switzerland-stateless\/2023\/02\/a5376339-kima.png\" alt=\"\" class=\"wp-image-94589\" srcset=\"https:\/\/www.greenpeace.ch\/static\/planet4-switzerland-stateless\/2023\/02\/a5376339-kima.png 512w, https:\/\/www.greenpeace.ch\/static\/planet4-switzerland-stateless\/2023\/02\/a5376339-kima-300x200.png 300w, https:\/\/www.greenpeace.ch\/static\/planet4-switzerland-stateless\/2023\/02\/a5376339-kima-510x340.png 510w\" sizes=\"auto, (max-width: 512px) 100vw, 512px\" \/><\/a><\/figure>\n<\/div>\n\n\n\n<div class=\"wp-block-column is-layout-flow wp-block-column-is-layout-flow\">\n<h3 class=\"wp-block-heading\">Consommation<\/h3>\n\n\n\n<figure class=\"wp-block-image size-full\"><a href=\"https:\/\/greenpeace.ch\/consommation\"><img loading=\"lazy\" decoding=\"async\" width=\"512\" height=\"342\" src=\"https:\/\/www.greenpeace.ch\/static\/planet4-switzerland-stateless\/2023\/02\/26f09873-konsum.png\" alt=\"\" class=\"wp-image-94592\" srcset=\"https:\/\/www.greenpeace.ch\/static\/planet4-switzerland-stateless\/2023\/02\/26f09873-konsum.png 512w, https:\/\/www.greenpeace.ch\/static\/planet4-switzerland-stateless\/2023\/02\/26f09873-konsum-300x200.png 300w, https:\/\/www.greenpeace.ch\/static\/planet4-switzerland-stateless\/2023\/02\/26f09873-konsum-510x340.png 510w\" sizes=\"auto, (max-width: 512px) 100vw, 512px\" \/><\/a><\/figure>\n<\/div>\n\n\n\n<div class=\"wp-block-column is-layout-flow wp-block-column-is-layout-flow\">\n<h3 class=\"wp-block-heading\">Oc\u00e9ans<\/h3>\n\n\n\n<figure class=\"wp-block-image size-full\"><a href=\"https:\/\/www.greenpeace.ch\/fr\/explorer\/oceans\/\"><img loading=\"lazy\" decoding=\"async\" width=\"512\" height=\"342\" src=\"https:\/\/www.greenpeace.ch\/static\/planet4-switzerland-stateless\/2023\/02\/157bbb9a-meer.png\" alt=\"\" class=\"wp-image-94595\" srcset=\"https:\/\/www.greenpeace.ch\/static\/planet4-switzerland-stateless\/2023\/02\/157bbb9a-meer.png 512w, https:\/\/www.greenpeace.ch\/static\/planet4-switzerland-stateless\/2023\/02\/157bbb9a-meer-300x200.png 300w, https:\/\/www.greenpeace.ch\/static\/planet4-switzerland-stateless\/2023\/02\/157bbb9a-meer-510x340.png 510w\" sizes=\"auto, (max-width: 512px) 100vw, 512px\" \/><\/a><\/figure>\n<\/div>\n<\/div>\n\n<div class=\"wp-block-columns is-layout-flex wp-container-core-columns-is-layout-9d6595d7 wp-block-columns-is-layout-flex\">\n<div class=\"wp-block-column is-layout-flow wp-block-column-is-layout-flow\">\n<h3 class=\"wp-block-heading\">Financi\u00e8re<\/h3>\n\n\n\n<figure class=\"wp-block-image size-full\"><a href=\"https:\/\/www.greenpeace.ch\/fr\/explorer\/climat\/finance-durable\/\"><img loading=\"lazy\" decoding=\"async\" width=\"512\" height=\"342\" src=\"https:\/\/www.greenpeace.ch\/static\/planet4-switzerland-stateless\/2023\/02\/95c2e406-finanzplatz.png\" alt=\"\" class=\"wp-image-94598\" srcset=\"https:\/\/www.greenpeace.ch\/static\/planet4-switzerland-stateless\/2023\/02\/95c2e406-finanzplatz.png 512w, https:\/\/www.greenpeace.ch\/static\/planet4-switzerland-stateless\/2023\/02\/95c2e406-finanzplatz-300x200.png 300w, https:\/\/www.greenpeace.ch\/static\/planet4-switzerland-stateless\/2023\/02\/95c2e406-finanzplatz-510x340.png 510w\" sizes=\"auto, (max-width: 512px) 100vw, 512px\" \/><\/a><\/figure>\n<\/div>\n\n\n\n<div class=\"wp-block-column is-layout-flow wp-block-column-is-layout-flow\">\n<h3 class=\"wp-block-heading\">For\u00eats<\/h3>\n\n\n\n<figure class=\"wp-block-image size-full\"><a href=\"https:\/\/www.greenpeace.ch\/fr\/explorer\/forets\/\"><img loading=\"lazy\" decoding=\"async\" width=\"512\" height=\"342\" src=\"https:\/\/www.greenpeace.ch\/static\/planet4-switzerland-stateless\/2023\/02\/2d2f0c66-waelder.png\" alt=\"\" class=\"wp-image-94601\" srcset=\"https:\/\/www.greenpeace.ch\/static\/planet4-switzerland-stateless\/2023\/02\/2d2f0c66-waelder.png 512w, https:\/\/www.greenpeace.ch\/static\/planet4-switzerland-stateless\/2023\/02\/2d2f0c66-waelder-300x200.png 300w, https:\/\/www.greenpeace.ch\/static\/planet4-switzerland-stateless\/2023\/02\/2d2f0c66-waelder-510x340.png 510w\" sizes=\"auto, (max-width: 512px) 100vw, 512px\" \/><\/a><\/figure>\n<\/div>\n\n\n\n<div class=\"wp-block-column is-layout-flow wp-block-column-is-layout-flow\">\n<h3 class=\"wp-block-heading\">Arctique et Antarctique <\/h3>\n\n\n\n<figure class=\"wp-block-image size-full\"><a href=\"https:\/\/www.greenpeace.ch\/fr\/explorer\/arctique\/\"><img loading=\"lazy\" decoding=\"async\" width=\"512\" height=\"342\" src=\"https:\/\/www.greenpeace.ch\/static\/planet4-switzerland-stateless\/2023\/02\/1c0ca686-arktis.png\" alt=\"\" class=\"wp-image-94604\" srcset=\"https:\/\/www.greenpeace.ch\/static\/planet4-switzerland-stateless\/2023\/02\/1c0ca686-arktis.png 512w, https:\/\/www.greenpeace.ch\/static\/planet4-switzerland-stateless\/2023\/02\/1c0ca686-arktis-300x200.png 300w, https:\/\/www.greenpeace.ch\/static\/planet4-switzerland-stateless\/2023\/02\/1c0ca686-arktis-510x340.png 510w\" sizes=\"auto, (max-width: 512px) 100vw, 512px\" \/><\/a><\/figure>\n<\/div>\n<\/div>\n\n<div class=\"wp-block-columns is-layout-flex wp-container-core-columns-is-layout-9d6595d7 wp-block-columns-is-layout-flex\">\n<div class=\"wp-block-column is-layout-flow wp-block-column-is-layout-flow\">\n<h3 class=\"wp-block-heading\">Change<\/h3>\n\n\n\n<figure class=\"wp-block-image size-full\"><a href=\"https:\/\/greenpeace.ch\/changer\"><img loading=\"lazy\" decoding=\"async\" width=\"512\" height=\"342\" src=\"https:\/\/www.greenpeace.ch\/static\/planet4-switzerland-stateless\/2023\/02\/ebaddf43-change.png\" alt=\"\" class=\"wp-image-94607\" srcset=\"https:\/\/www.greenpeace.ch\/static\/planet4-switzerland-stateless\/2023\/02\/ebaddf43-change.png 512w, https:\/\/www.greenpeace.ch\/static\/planet4-switzerland-stateless\/2023\/02\/ebaddf43-change-300x200.png 300w, https:\/\/www.greenpeace.ch\/static\/planet4-switzerland-stateless\/2023\/02\/ebaddf43-change-510x340.png 510w\" sizes=\"auto, (max-width: 512px) 100vw, 512px\" \/><\/a><\/figure>\n<\/div>\n\n\n\n<div class=\"wp-block-column is-layout-flow wp-block-column-is-layout-flow\"><\/div>\n\n\n\n<div class=\"wp-block-column is-layout-flow wp-block-column-is-layout-flow\"><\/div>\n<\/div>\n\n<hr class=\"wp-block-separator has-alpha-channel-opacity\"\/>\n\n<h2 class=\"wp-block-heading\">Comment Greenpeace change le monde depuis plus de cinquante ans<\/h2>\n\n<div class=\"wp-block-columns is-layout-flex wp-container-core-columns-is-layout-9d6595d7 wp-block-columns-is-layout-flex\">\n<div class=\"wp-block-column is-layout-flow wp-block-column-is-layout-flow\">\n<h3 class=\"wp-block-heading\">1971<\/h3>\n\n\n\n<p>Greenpeace lib\u00e8re le monde des essais nucl\u00e9aires: l\u2019\u00e9l\u00e9ment d\u00e9clencheur est la premi\u00e8re action de Greenpeace en Alaska.<\/p>\n\n\n\n<h3 class=\"wp-block-heading\"><strong>1991<\/strong><\/h3>\n\n\n\n<p>Apr\u00e8s des ann\u00e9es d\u2019efforts de Greenpeace: l\u2019Antarctique est prot\u00e9g\u00e9 de l\u2019exploitation des ressources naturelles pendant cinquante ans.<\/p>\n\n\n\n<h3 class=\"wp-block-heading\"><strong>2014<\/strong><\/h3>\n\n\n\n<p>Victoire pour les baleines et pour Greenpeace: la chasse japonaise \u00e0 la baleine est d\u00e9clar\u00e9e ill\u00e9gale.<\/p>\n\n\n\n<h3 class=\"wp-block-heading\"><strong>2018<\/strong><\/h3>\n\n\n\n<p>Succ\u00e8s de la campagne contre les pesticides: les principaux pesticides tueurs d\u2019abeilles sont interdits en Suisse et dans l\u2019UE.<\/p>\n\n\n\n<h3 class=\"wp-block-heading\">2021<\/h3>\n\n\n\n<p>Protection contre la d\u00e9forestation due \u00e0 l\u2019huile de palme: en collaboration avec les communaut\u00e9s indig\u00e8nes, Greenpeace obtient la protection de 320\u2019000 hectares de for\u00eats indon\u00e9siennes.<\/p>\n<\/div>\n\n\n\n<div class=\"wp-block-column is-layout-flow wp-block-column-is-layout-flow\">\n<figure class=\"wp-block-image size-large\"><img loading=\"lazy\" decoding=\"async\" width=\"1024\" height=\"600\" src=\"https:\/\/www.greenpeace.ch\/static\/planet4-switzerland-stateless\/2023\/04\/1f076957-bildschirmfoto-2023-04-06-um-10.07.19-1024x600.png\" alt=\"\" class=\"wp-image-96601\" srcset=\"https:\/\/www.greenpeace.ch\/static\/planet4-switzerland-stateless\/2023\/04\/1f076957-bildschirmfoto-2023-04-06-um-10.07.19-1024x600.png 1024w, https:\/\/www.greenpeace.ch\/static\/planet4-switzerland-stateless\/2023\/04\/1f076957-bildschirmfoto-2023-04-06-um-10.07.19-300x176.png 300w, https:\/\/www.greenpeace.ch\/static\/planet4-switzerland-stateless\/2023\/04\/1f076957-bildschirmfoto-2023-04-06-um-10.07.19-768x450.png 768w, https:\/\/www.greenpeace.ch\/static\/planet4-switzerland-stateless\/2023\/04\/1f076957-bildschirmfoto-2023-04-06-um-10.07.19-510x299.png 510w, https:\/\/www.greenpeace.ch\/static\/planet4-switzerland-stateless\/2023\/04\/1f076957-bildschirmfoto-2023-04-06-um-10.07.19.png 1164w\" sizes=\"auto, (max-width: 1024px) 100vw, 1024px\" \/><\/figure>\n<\/div>\n<\/div>\n\n<hr class=\"wp-block-separator has-alpha-channel-opacity\"\/>\n\n<h2 class=\"wp-block-heading\">Votre contribution \u00e0 la protection de l\u2019environnement<\/h2>\n\n<p>Greenpeace est synonyme d\u2019ind\u00e9pendance. Nous travaillons de mani\u00e8re ind\u00e9pendante des gouvernements, des partis politiques et des groupes d\u2019int\u00e9r\u00eats \u00e9conomiques. Et nous n\u2019acceptons que les dons de particuliers et de certaines fondations s\u00e9lectionn\u00e9es. Nous refusons \u00e9galement les financements de l\u2019UE ou de l\u2019ONU pour nos projets. C\u2019est ce qui nous distingue de nombreuses autres organisations. Nous vous sommes donc extr\u00eamement reconnaissants lorsque vous rendez notre travail possible gr\u00e2ce \u00e0 votre engagement.<\/p>\n\n<div class=\"wp-block-columns is-layout-flex wp-container-core-columns-is-layout-9d6595d7 wp-block-columns-is-layout-flex\">\n<div class=\"wp-block-column is-layout-flow wp-block-column-is-layout-flow\">\n<h3 class=\"wp-block-heading\"><strong>Don<\/strong><\/h3>\n\n\n\n<p>Pour rendre notre travail de campagne possible, <a href=\"https:\/\/www.greenpeace.ch\/fr\/agir\/dons\/\">chaque montant<\/a> est pr\u00e9cieux.<\/p>\n\n\n\n<h3 class=\"wp-block-heading\"><strong>Adh<\/strong>\u00e9sion<\/h3>\n\n\n\n<p>Rejoignez la <a href=\"https:\/\/www.greenpeace.ch\/fr\/agir\/73003-revision-v1\/adhesion\/\">communaut\u00e9 Greenpeace<\/a> \u00e0 partir de 84 francs par an. Vous pouvez \u00e9galement faire plaisir \u00e0 un \u00eatre cher en lui offrant une adh\u00e9sion.<\/p>\n\n\n\n<h3 class=\"wp-block-heading\">Don lors d&rsquo;un \u00e9v\u00e9nement particulier <\/h3>\n\n\n\n<p>Collectez des fonds pour Greenpeace lors d\u2019un <a href=\"https:\/\/www.greenpeace.ch\/fr\/agir\/73003-revision-v1\/evenements-particuliers\/\">\u00e9v\u00e9nement que vous organisez<\/a>.<\/p>\n\n\n\n<h3 class=\"wp-block-heading\"><strong>Parrainage<\/strong><\/h3>\n\n\n\n<p>Engagez-vous de mani\u00e8re cibl\u00e9e pour une <a href=\"https:\/\/www.greenpeace.ch\/fr\/agir\/73003-revision-v1\/parrainage\/\">th\u00e9matique qui vous tient \u00e0 c\u0153ur<\/a>.<\/p>\n\n\n\n<h3 class=\"wp-block-heading\"><strong>Philanthropie<\/strong><\/h3>\n\n\n\n<p>Faites un <a href=\"https:\/\/www.greenpeace.ch\/fr\/agir\/73003-revision-v1\/fondations-et-philanthropie\/\">don li\u00e9 \u00e0 un projet<\/a> et faites du bien \u00e0 notre plan\u00e8te.<\/p>\n\n\n\n<h3 class=\"wp-block-heading\">H\u00e9ritages<\/h3>\n\n\n\n<p>Apportez une contribution importante au <a href=\"https:\/\/www.greenpeace.ch\/fr\/agir\/73003-revision-v1\/legs-heritage\/\">monde de demain<\/a>.<\/p>\n<\/div>\n\n\n\n<div class=\"wp-block-column is-layout-flow wp-block-column-is-layout-flow\">\n<figure class=\"wp-block-image size-large\"><img loading=\"lazy\" decoding=\"async\" width=\"1024\" height=\"683\" src=\"https:\/\/www.greenpeace.ch\/static\/planet4-switzerland-stateless\/2023\/02\/290d8164-gemeinsam-veraendern-wir-die-welt-1024x683.jpg\" alt=\"\" class=\"wp-image-94630\" srcset=\"https:\/\/www.greenpeace.ch\/static\/planet4-switzerland-stateless\/2023\/02\/290d8164-gemeinsam-veraendern-wir-die-welt-1024x683.jpg 1024w, https:\/\/www.greenpeace.ch\/static\/planet4-switzerland-stateless\/2023\/02\/290d8164-gemeinsam-veraendern-wir-die-welt-300x200.jpg 300w, https:\/\/www.greenpeace.ch\/static\/planet4-switzerland-stateless\/2023\/02\/290d8164-gemeinsam-veraendern-wir-die-welt-768x512.jpg 768w, https:\/\/www.greenpeace.ch\/static\/planet4-switzerland-stateless\/2023\/02\/290d8164-gemeinsam-veraendern-wir-die-welt-1536x1024.jpg 1536w, https:\/\/www.greenpeace.ch\/static\/planet4-switzerland-stateless\/2023\/02\/290d8164-gemeinsam-veraendern-wir-die-welt-2048x1366.jpg 2048w, https:\/\/www.greenpeace.ch\/static\/planet4-switzerland-stateless\/2023\/02\/290d8164-gemeinsam-veraendern-wir-die-welt-510x340.jpg 510w\" sizes=\"auto, (max-width: 1024px) 100vw, 1024px\" \/><\/figure>\n\n\n\n<h3 class=\"wp-block-heading\">Engagement b\u00e9n\u00e9vole<\/h3>\n\n\n\n<p class=\"has-text-align-left is-style-accent-1\">Vous pouvez opter pour diff\u00e9rentes formes d\u2019engagement b\u00e9n\u00e9vole au service des campagnes de Greenpeace. Cela vous int\u00e9resse? N\u2019h\u00e9sitez pas. Agir avec des personnes qui partagent les m\u00eames id\u00e9es que soi est source de force et de confiance.<\/p>\n\n\n\n<p>Appelez-nous: 044 447 41 41 (lu\u2013je, de 9h &#8211; 12h et 14h &#8211; 16h30)<\/p>\n\n\n\n<p>Envoyez un courriel \u00e0 l\u2019adresse: <a rel=\"noreferrer noopener\" aria-label=\"suisse@greenpeace.org (\u00f6ffnet in neuem Tab)\" href=\"mailto:suisse@greenpeace.org\" target=\"_blank\">suisse@greenpeace.org<\/a><\/p>\n\n\n\n<div class=\"wp-block-button\"><a class=\"wp-block-button__link\" href=\"https:\/\/www.greenpeace.ch\/fr\/agir\/benevole\/\" target=\"_blank\" rel=\"noopener noreferrer\">Participez!<\/a><\/div>\n<\/div>\n<\/div>\n","protected":false},"excerpt":{"rendered":"<p>Ensemble, nous changeons le monde Avec cette vision, Greenpeace s&rsquo;engage dans le monde entier pour un monde vert, juste et pacifique, o\u00f9 la vie peut se d\u00e9velopper dans toute sa diversit\u00e9. Nous nous engageons en faveur d\u2019unesolution globale \u00e0 la crise climatique. La place financi\u00e8re suisse est notre principal levier pour r\u00e9soudre la crise climatique: [&hellip;]<\/p>\n","protected":false},"author":49,"featured_media":0,"parent":0,"menu_order":0,"comment_status":"closed","ping_status":"closed","template":"","meta":{"_acf_changed":false,"_planet4_optimize_post_is_variant":false,"_planet4_optimize_experiment_name":"","_planet4_optimize_variant_name":"","ep_exclude_from_search":false,"p4_hide_page_title_checkbox":"on","p4_title":"","p4_subtitle":"","p4_description":"","background_image_id":"","background_image":"","p4_button_title":"","p4_button_link":"","p4_button_link_checkbox":"","p4_og_title":"","p4_og_description":"","p4_og_image":"","p4_og_image_id":"","p4_seo_canonical_url":"","p4_campaign_name":"not set","p4_local_project":"not set","p4_basket_name":"not set","p4_department":"","footnotes":""},"categories":[],"tags":[],"class_list":["post-35469","page","type-page","status-publish","hentry"],"acf":[],"_links":{"self":[{"href":"https:\/\/www.greenpeace.ch\/fr\/wp-json\/wp\/v2\/pages\/35469","targetHints":{"allow":["GET"]}}],"collection":[{"href":"https:\/\/www.greenpeace.ch\/fr\/wp-json\/wp\/v2\/pages"}],"about":[{"href":"https:\/\/www.greenpeace.ch\/fr\/wp-json\/wp\/v2\/types\/page"}],"author":[{"embeddable":true,"href":"https:\/\/www.greenpeace.ch\/fr\/wp-json\/wp\/v2\/users\/49"}],"replies":[{"embeddable":true,"href":"https:\/\/www.greenpeace.ch\/fr\/wp-json\/wp\/v2\/comments?post=35469"}],"version-history":[{"count":2,"href":"https:\/\/www.greenpeace.ch\/fr\/wp-json\/wp\/v2\/pages\/35469\/revisions"}],"predecessor-version":[{"id":119884,"href":"https:\/\/www.greenpeace.ch\/fr\/wp-json\/wp\/v2\/pages\/35469\/revisions\/119884"}],"wp:attachment":[{"href":"https:\/\/www.greenpeace.ch\/fr\/wp-json\/wp\/v2\/media?parent=35469"}],"wp:term":[{"taxonomy":"category","embeddable":true,"href":"https:\/\/www.greenpeace.ch\/fr\/wp-json\/wp\/v2\/categories?post=35469"},{"taxonomy":"post_tag","embeddable":true,"href":"https:\/\/www.greenpeace.ch\/fr\/wp-json\/wp\/v2\/tags?post=35469"}],"curies":[{"name":"wp","href":"https:\/\/api.w.org\/{rel}","templated":true}]}}