{"id":39105,"date":"2019-04-11T16:37:02","date_gmt":"2019-04-11T14:37:02","guid":{"rendered":"https:\/\/www.greenpeace.ch\/agir\/benevole\/basel\/"},"modified":"2025-05-05T12:08:20","modified_gmt":"2025-05-05T10:08:20","slug":"basel","status":"publish","type":"page","link":"https:\/\/www.greenpeace.ch\/fr\/agir\/benevole\/basel\/","title":{"rendered":"Basel"},"content":{"rendered":"\n                \n                <div class=\"wp-block-group alignfull is-layout-flow wp-block-group-is-layout-flow\">\n                \n                <div class=\"wp-block-group container is-layout-flow wp-block-group-is-layout-flow\">\n                \n                <div class=\"wp-block-media-text alignfull has-media-on-the-right is-stacked-on-mobile is-pattern-p4-page-header is-style-parallax\">\n\n                <div class=\"wp-block-media-text__content\">\n                    <div class=\"wp-block-group is-layout-flow wp-block-group-is-layout-flow\">\n                    \n                        <h1 class=\"wp-block-heading has-white-background-color has-background\">\n                            Regionalgruppe Basel\n                        <\/h1>\n                    <\/div>\n                \n\n                \n\n                \n\n                <\/div>\n                <figure class=\"wp-block-media-text__media\">\n                    <img loading=\"lazy\" decoding=\"async\" width=\"3500\" height=\"2333\"\n                        src=\"https:\/\/www.greenpeace.ch\/static\/planet4-switzerland-stateless\/2019\/05\/436402b9-pst04689.jpg\"\n                        alt=\"\"\n                        sizes=\"auto, (min-width: 601px) 50vw, 100vw\" srcset=\"https:\/\/www.greenpeace.ch\/static\/planet4-switzerland-stateless\/2019\/05\/436402b9-pst04689.jpg 3500w, https:\/\/www.greenpeace.ch\/static\/planet4-switzerland-stateless\/2019\/05\/436402b9-pst04689-300x200.jpg 300w, https:\/\/www.greenpeace.ch\/static\/planet4-switzerland-stateless\/2019\/05\/436402b9-pst04689-768x512.jpg 768w, https:\/\/www.greenpeace.ch\/static\/planet4-switzerland-stateless\/2019\/05\/436402b9-pst04689-1024x683.jpg 1024w, https:\/\/www.greenpeace.ch\/static\/planet4-switzerland-stateless\/2019\/05\/436402b9-pst04689-2048x1366.jpg 2048w, https:\/\/www.greenpeace.ch\/static\/planet4-switzerland-stateless\/2019\/05\/436402b9-pst04689-510x340.jpg 510w\" class=\"wp-image-2628 size-full\"\n                    \/>\n                <\/figure>\n                <\/div>\n                \n                <\/div>\n                \n                <\/div>\n                \n                \n<div class=\"wp-block-columns has-2-columns is-layout-flex wp-container-core-columns-is-layout-9d6595d7 wp-block-columns-is-layout-flex\">\n<div class=\"wp-block-column is-layout-flow wp-block-column-is-layout-flow\">\n<figure class=\"wp-block-image\"><img loading=\"lazy\" decoding=\"async\" width=\"1024\" height=\"683\" src=\"https:\/\/www.greenpeace.ch\/static\/planet4-switzerland-stateless\/2019\/05\/ac898d50-pst05023-1024x683.jpg\" alt=\"\" class=\"wp-image-2623\" srcset=\"https:\/\/www.greenpeace.ch\/static\/planet4-switzerland-stateless\/2019\/05\/ac898d50-pst05023-1024x683.jpg 1024w, https:\/\/www.greenpeace.ch\/static\/planet4-switzerland-stateless\/2019\/05\/ac898d50-pst05023-300x200.jpg 300w, https:\/\/www.greenpeace.ch\/static\/planet4-switzerland-stateless\/2019\/05\/ac898d50-pst05023-768x512.jpg 768w, https:\/\/www.greenpeace.ch\/static\/planet4-switzerland-stateless\/2019\/05\/ac898d50-pst05023-2048x1366.jpg 2048w, https:\/\/www.greenpeace.ch\/static\/planet4-switzerland-stateless\/2019\/05\/ac898d50-pst05023-510x340.jpg 510w\" sizes=\"auto, (max-width: 1024px) 100vw, 1024px\" \/><figcaption class=\"wp-element-caption\">AktivistInnen der Regionalgruppe Basel markieren den Grundriss des Ozeaniums auf der Heuwaage in Basel.<\/figcaption><\/figure>\n<\/div>\n\n\n\n<div class=\"wp-block-column is-layout-flow wp-block-column-is-layout-flow\">\n<figure class=\"wp-block-image\"><img loading=\"lazy\" decoding=\"async\" width=\"1024\" height=\"683\" src=\"https:\/\/www.greenpeace.ch\/static\/planet4-switzerland-stateless\/2019\/05\/a8493570-p4232007-1024x683.jpg\" alt=\"\" class=\"wp-image-2624\" srcset=\"https:\/\/www.greenpeace.ch\/static\/planet4-switzerland-stateless\/2019\/05\/a8493570-p4232007-1024x683.jpg 1024w, https:\/\/www.greenpeace.ch\/static\/planet4-switzerland-stateless\/2019\/05\/a8493570-p4232007-300x200.jpg 300w, https:\/\/www.greenpeace.ch\/static\/planet4-switzerland-stateless\/2019\/05\/a8493570-p4232007-768x512.jpg 768w, https:\/\/www.greenpeace.ch\/static\/planet4-switzerland-stateless\/2019\/05\/a8493570-p4232007-2048x1366.jpg 2048w, https:\/\/www.greenpeace.ch\/static\/planet4-switzerland-stateless\/2019\/05\/a8493570-p4232007-510x340.jpg 510w\" sizes=\"auto, (max-width: 1024px) 100vw, 1024px\" \/><figcaption class=\"wp-element-caption\">Unter dem Ackerm\u00e4tteli Spielplatz im Klybeck Quartier schlummern Altlasten.<\/figcaption><\/figure>\n<\/div>\n<\/div>\n\n<h2 class=\"is-style-underline wp-block-heading\"><strong>Hast du Lust, bei uns mitzumachen?<\/strong><\/h2>\n\n<div class=\"wp-block-columns has-2-columns is-layout-flex wp-container-core-columns-is-layout-9d6595d7 wp-block-columns-is-layout-flex\">\n<div class=\"wp-block-column is-layout-flow wp-block-column-is-layout-flow\">\n<p>Wenn uns etwas st\u00f6rt, wollen wir nicht tatenlos zusehen, sondern in unserem Umfeld in Basel auf das Problem aufmerksam machen und L\u00f6sungen aufzeigen. Beispielsweise mit einer Aktion, einer Mahnwache, einem Infostand, indem wir Flyer verteilen, eine Velo-Demo organisieren oder Unterschriften sammeln.<\/p>\n\n\n\n<p>Wir sind ein knappes Dutzend Personen unterschiedlichen Alters, Berufst\u00e4tige und StudentInnen, die sich aktiv f\u00fcr den Umweltschutz einsetzen. Wir treffen uns ca. alle 14 Tage abends unter der Woche in unserem ReGru-Raum in Basel. An diesen Sitzungen planen wir unsere Aktionen und diskutieren \u00fcber aktuelle Umweltthemen.<\/p>\n\n\n\n<p>In den letzten Jahren waren wir unter anderem f\u00fcr den Schutz der Arktis, gegen Meeresverschmutzung durch Verpackungsplastik, zum Schutz der Bienen und gegen Chemiem\u00fclldeponien im Raum Basel aktiv.<\/p>\n<\/div>\n\n\n\n<div class=\"wp-block-column is-layout-flow wp-block-column-is-layout-flow\">\n<p>Wir suchen Menschen, die sich aktiv f\u00fcr mehr Umweltschutz einsetzen wollen. Du brauchst daf\u00fcr keine Vorkenntnisse, aber du solltest dir vorstellen k\u00f6nnen, mit uns in&nbsp; der Stadt Flyer zu verteilen, hinter einem Infostand zu stehen oder auch mal ein Transparent zu halten. Auch um die Bereitschaft, regelm\u00e4ssig an Sitzungen teilzunehmen und sich l\u00e4ngerfristig zu engagieren, sind wir froh. <\/p>\n\n\n\n<p>Haben wir dein Interesse geweckt? Dann freuen wir uns darauf, dich kennenzulernen. <\/p>\n\n\n\n<div class=\"wp-block-buttons is-layout-flex wp-block-buttons-is-layout-flex\">\n<div class=\"wp-block-button\"><a class=\"wp-block-button__link wp-element-button\" href=\"https:\/\/form.asana.com\/?k=PKlQJZrSqe-w5FrQhohs5w&amp;d=8432729103091\" target=\"_blank\" rel=\"noreferrer noopener\">Kontaktformular<\/a><\/div>\n<\/div>\n<\/div>\n<\/div>\n","protected":false},"excerpt":{"rendered":"<p>Hast du Lust, bei uns mitzumachen? Wenn uns etwas st\u00f6rt, wollen wir nicht tatenlos zusehen, sondern in unserem Umfeld in Basel auf das Problem aufmerksam machen und L\u00f6sungen aufzeigen. Beispielsweise mit einer Aktion, einer Mahnwache, einem Infostand, indem wir Flyer verteilen, eine Velo-Demo organisieren oder Unterschriften sammeln. Wir sind ein knappes Dutzend Personen unterschiedlichen Alters, [&hellip;]<\/p>\n","protected":false},"author":25,"featured_media":4435,"parent":33100,"menu_order":1,"comment_status":"closed","ping_status":"closed","template":"","meta":{"_acf_changed":false,"_planet4_optimize_post_is_variant":false,"_planet4_optimize_experiment_name":"","_planet4_optimize_variant_name":"","ep_exclude_from_search":false,"p4_hide_page_title_checkbox":"on","p4_title":"","p4_subtitle":"","p4_description":"","background_image_id":"","background_image":"","p4_button_title":"","p4_button_link":"","p4_button_link_checkbox":"","p4_og_title":"","p4_og_description":"","p4_og_image":"","p4_og_image_id":"","p4_seo_canonical_url":"","p4_campaign_name":"not set","p4_local_project":"not set","p4_basket_name":"not set","p4_department":"","footnotes":""},"categories":[],"tags":[134],"class_list":["post-39105","page","type-page","status-publish","has-post-thumbnail","hentry","tag-agir"],"acf":[],"_links":{"self":[{"href":"https:\/\/www.greenpeace.ch\/fr\/wp-json\/wp\/v2\/pages\/39105","targetHints":{"allow":["GET"]}}],"collection":[{"href":"https:\/\/www.greenpeace.ch\/fr\/wp-json\/wp\/v2\/pages"}],"about":[{"href":"https:\/\/www.greenpeace.ch\/fr\/wp-json\/wp\/v2\/types\/page"}],"author":[{"embeddable":true,"href":"https:\/\/www.greenpeace.ch\/fr\/wp-json\/wp\/v2\/users\/25"}],"replies":[{"embeddable":true,"href":"https:\/\/www.greenpeace.ch\/fr\/wp-json\/wp\/v2\/comments?post=39105"}],"version-history":[{"count":2,"href":"https:\/\/www.greenpeace.ch\/fr\/wp-json\/wp\/v2\/pages\/39105\/revisions"}],"predecessor-version":[{"id":119915,"href":"https:\/\/www.greenpeace.ch\/fr\/wp-json\/wp\/v2\/pages\/39105\/revisions\/119915"}],"up":[{"embeddable":true,"href":"https:\/\/www.greenpeace.ch\/fr\/wp-json\/wp\/v2\/pages\/33100"}],"wp:featuredmedia":[{"embeddable":true,"href":"https:\/\/www.greenpeace.ch\/fr\/wp-json\/wp\/v2\/media\/4435"}],"wp:attachment":[{"href":"https:\/\/www.greenpeace.ch\/fr\/wp-json\/wp\/v2\/media?parent=39105"}],"wp:term":[{"taxonomy":"category","embeddable":true,"href":"https:\/\/www.greenpeace.ch\/fr\/wp-json\/wp\/v2\/categories?post=39105"},{"taxonomy":"post_tag","embeddable":true,"href":"https:\/\/www.greenpeace.ch\/fr\/wp-json\/wp\/v2\/tags?post=39105"}],"curies":[{"name":"wp","href":"https:\/\/api.w.org\/{rel}","templated":true}]}}