{"id":39109,"date":"2019-04-11T16:37:45","date_gmt":"2019-04-11T14:37:45","guid":{"rendered":"https:\/\/www.greenpeace.ch\/agir\/benevole\/bern\/"},"modified":"2025-05-05T12:08:18","modified_gmt":"2025-05-05T10:08:18","slug":"bern","status":"publish","type":"page","link":"https:\/\/www.greenpeace.ch\/fr\/agir\/benevole\/bern\/","title":{"rendered":"Bern"},"content":{"rendered":"\n                \n                <div class=\"wp-block-group alignfull is-layout-flow wp-block-group-is-layout-flow\">\n                \n                <div class=\"wp-block-group container is-layout-flow wp-block-group-is-layout-flow\">\n                \n                <div class=\"wp-block-media-text alignfull has-media-on-the-right is-stacked-on-mobile is-pattern-p4-page-header is-style-parallax\">\n\n                <div class=\"wp-block-media-text__content\">\n                    <div class=\"wp-block-group is-layout-flow wp-block-group-is-layout-flow\">\n                    \n                        <h1 class=\"wp-block-heading has-white-background-color has-background\">\n                            Regionalgruppe Bern\n                        <\/h1>\n                    <\/div>\n                \n\n                \n\n                \n\n                <\/div>\n                <figure class=\"wp-block-media-text__media\">\n                    <img loading=\"lazy\" decoding=\"async\" width=\"3543\" height=\"2362\"\n                        src=\"https:\/\/www.greenpeace.ch\/static\/planet4-switzerland-stateless\/2019\/05\/285dc9fd-regrubern_palmo\u0308l_mg_1985.jpg\"\n                        alt=\"\"\n                        sizes=\"auto, (min-width: 601px) 50vw, 100vw\" srcset=\"https:\/\/www.greenpeace.ch\/static\/planet4-switzerland-stateless\/2019\/05\/285dc9fd-regrubern_palmo\u0308l_mg_1985.jpg 3543w, https:\/\/www.greenpeace.ch\/static\/planet4-switzerland-stateless\/2019\/05\/285dc9fd-regrubern_palmo\u0308l_mg_1985-300x200.jpg 300w, https:\/\/www.greenpeace.ch\/static\/planet4-switzerland-stateless\/2019\/05\/285dc9fd-regrubern_palmo\u0308l_mg_1985-768x512.jpg 768w, https:\/\/www.greenpeace.ch\/static\/planet4-switzerland-stateless\/2019\/05\/285dc9fd-regrubern_palmo\u0308l_mg_1985-1024x683.jpg 1024w, https:\/\/www.greenpeace.ch\/static\/planet4-switzerland-stateless\/2019\/05\/285dc9fd-regrubern_palmo\u0308l_mg_1985-2048x1366.jpg 2048w, https:\/\/www.greenpeace.ch\/static\/planet4-switzerland-stateless\/2019\/05\/285dc9fd-regrubern_palmo\u0308l_mg_1985-510x340.jpg 510w\" class=\"wp-image-2532 size-full\"\n                    \/>\n                <\/figure>\n                <\/div>\n                \n                <\/div>\n                \n                <\/div>\n                \n                \n<div class=\"wp-block-columns has-2-columns is-layout-flex wp-container-core-columns-is-layout-9d6595d7 wp-block-columns-is-layout-flex\">\n<div class=\"wp-block-column is-layout-flow wp-block-column-is-layout-flow\">\n<figure class=\"wp-block-image\"><img loading=\"lazy\" decoding=\"async\" width=\"1024\" height=\"683\" src=\"https:\/\/www.greenpeace.ch\/static\/planet4-switzerland-stateless\/2019\/05\/1bfc6197-gp0sts5zs-1024x683.jpg\" alt=\"Regional Group Hosts Vegan Picnic in Bern. \u00a9 Nicola Bossard \/ Greenpeace\" class=\"wp-image-1759\" srcset=\"https:\/\/www.greenpeace.ch\/static\/planet4-switzerland-stateless\/2019\/05\/1bfc6197-gp0sts5zs-1024x683.jpg 1024w, https:\/\/www.greenpeace.ch\/static\/planet4-switzerland-stateless\/2019\/05\/1bfc6197-gp0sts5zs-300x200.jpg 300w, https:\/\/www.greenpeace.ch\/static\/planet4-switzerland-stateless\/2019\/05\/1bfc6197-gp0sts5zs-768x512.jpg 768w, https:\/\/www.greenpeace.ch\/static\/planet4-switzerland-stateless\/2019\/05\/1bfc6197-gp0sts5zs-510x340.jpg 510w, https:\/\/www.greenpeace.ch\/static\/planet4-switzerland-stateless\/2019\/05\/1bfc6197-gp0sts5zs.jpg 1200w\" sizes=\"auto, (max-width: 1024px) 100vw, 1024px\" \/><figcaption class=\"wp-element-caption\">Anl\u00e4sslich der World Meat Free Week organisiert die Regionalgruppe Bern ein veganes Picknick.<\/figcaption><\/figure>\n<\/div>\n\n\n\n<div class=\"wp-block-column is-layout-flow wp-block-column-is-layout-flow\">\n<figure class=\"wp-block-image\"><img loading=\"lazy\" decoding=\"async\" width=\"1024\" height=\"683\" src=\"https:\/\/www.greenpeace.ch\/static\/planet4-switzerland-stateless\/2019\/08\/b50e5d81-cs-1024x683.jpg\" alt=\"\" class=\"wp-image-35595\" srcset=\"https:\/\/www.greenpeace.ch\/static\/planet4-switzerland-stateless\/2019\/08\/b50e5d81-cs-1024x683.jpg 1024w, https:\/\/www.greenpeace.ch\/static\/planet4-switzerland-stateless\/2019\/08\/b50e5d81-cs-300x200.jpg 300w, https:\/\/www.greenpeace.ch\/static\/planet4-switzerland-stateless\/2019\/08\/b50e5d81-cs-768x512.jpg 768w, https:\/\/www.greenpeace.ch\/static\/planet4-switzerland-stateless\/2019\/08\/b50e5d81-cs-510x340.jpg 510w, https:\/\/www.greenpeace.ch\/static\/planet4-switzerland-stateless\/2019\/08\/b50e5d81-cs.jpg 2048w\" sizes=\"auto, (max-width: 1024px) 100vw, 1024px\" \/><figcaption class=\"wp-element-caption\">Protest gegen die Dakota Access Pipeline und \u00dcbergabe eines Briefes adressiert an den Chief Risk Officer der Credit Suisse. <\/figcaption><\/figure>\n<\/div>\n<\/div>\n\n<h2 class=\"is-style-underline wp-block-heading\">Hast du Lust, bei uns mitzumachen?<\/h2>\n\n<div class=\"wp-block-columns has-2-columns is-layout-flex wp-container-core-columns-is-layout-9d6595d7 wp-block-columns-is-layout-flex\">\n<div class=\"wp-block-column is-layout-flow wp-block-column-is-layout-flow\">\n<p>Die Regionalgruppe Bern, das sind junge, motivierte Leute, die trotz unterschiedlicher Ausbildung, verschiedensten Themenschwerpunkten und im ganzen Kanton Bern verstreuten Wohnorten ein gemeinsames Ziel verfolgen: den Klimawandel zu stoppen und die Welt gr\u00fcner zu gestalten.<\/p>\n\n\n\n<p>Um diesem Ziel n\u00e4her zu kommen, organisieren wir kleinere und gr\u00f6ssere Aktionen zu verschiedensten Themen wie dem Plastik-Problem, den fossilen Energien, der Ern\u00e4hrung und dem Finanzplatz der Schweiz. Veranstaltungs- und Sitzungsort ist jeweils Bern, manchmal helfen wir auch bei anderen Regionalgruppen aus &#8211; zusammen sind wir st\u00e4rker!<\/p>\n<\/div>\n\n\n\n<div class=\"wp-block-column is-layout-flow wp-block-column-is-layout-flow\">\n<p>Zwischendurch gibt es auch ReGru-Abende, an denen wir uns &#8211; und vielleicht bald auch dich &#8211; besser kennenlernen.<\/p>\n\n\n\n<div class=\"wp-block-buttons is-layout-flex wp-block-buttons-is-layout-flex\">\n<div class=\"wp-block-button\"><a class=\"wp-block-button__link wp-element-button\" href=\"https:\/\/form.asana.com\/?k=PKlQJZrSqe-w5FrQhohs5w&amp;d=8432729103091\" target=\"_blank\" rel=\"noreferrer noopener\">Kontaktformular<\/a><\/div>\n<\/div>\n<\/div>\n<\/div>\n","protected":false},"excerpt":{"rendered":"<p>Hast du Lust, bei uns mitzumachen? Die Regionalgruppe Bern, das sind junge, motivierte Leute, die trotz unterschiedlicher Ausbildung, verschiedensten Themenschwerpunkten und im ganzen Kanton Bern verstreuten Wohnorten ein gemeinsames Ziel verfolgen: den Klimawandel zu stoppen und die Welt gr\u00fcner zu gestalten. Um diesem Ziel n\u00e4her zu kommen, organisieren wir kleinere und gr\u00f6ssere Aktionen zu verschiedensten [&hellip;]<\/p>\n","protected":false},"author":25,"featured_media":4420,"parent":33100,"menu_order":2,"comment_status":"closed","ping_status":"closed","template":"","meta":{"_acf_changed":false,"_planet4_optimize_post_is_variant":false,"_planet4_optimize_experiment_name":"","_planet4_optimize_variant_name":"","ep_exclude_from_search":false,"p4_hide_page_title_checkbox":"on","p4_title":"","p4_subtitle":"","p4_description":"","background_image_id":"","background_image":"","p4_button_title":"","p4_button_link":"","p4_button_link_checkbox":"","p4_og_title":"","p4_og_description":"","p4_og_image":"","p4_og_image_id":"","p4_seo_canonical_url":"","p4_campaign_name":"not set","p4_local_project":"not set","p4_basket_name":"not set","p4_department":"","footnotes":""},"categories":[],"tags":[134],"class_list":["post-39109","page","type-page","status-publish","has-post-thumbnail","hentry","tag-agir"],"acf":[],"_links":{"self":[{"href":"https:\/\/www.greenpeace.ch\/fr\/wp-json\/wp\/v2\/pages\/39109","targetHints":{"allow":["GET"]}}],"collection":[{"href":"https:\/\/www.greenpeace.ch\/fr\/wp-json\/wp\/v2\/pages"}],"about":[{"href":"https:\/\/www.greenpeace.ch\/fr\/wp-json\/wp\/v2\/types\/page"}],"author":[{"embeddable":true,"href":"https:\/\/www.greenpeace.ch\/fr\/wp-json\/wp\/v2\/users\/25"}],"replies":[{"embeddable":true,"href":"https:\/\/www.greenpeace.ch\/fr\/wp-json\/wp\/v2\/comments?post=39109"}],"version-history":[{"count":2,"href":"https:\/\/www.greenpeace.ch\/fr\/wp-json\/wp\/v2\/pages\/39109\/revisions"}],"predecessor-version":[{"id":119914,"href":"https:\/\/www.greenpeace.ch\/fr\/wp-json\/wp\/v2\/pages\/39109\/revisions\/119914"}],"up":[{"embeddable":true,"href":"https:\/\/www.greenpeace.ch\/fr\/wp-json\/wp\/v2\/pages\/33100"}],"wp:featuredmedia":[{"embeddable":true,"href":"https:\/\/www.greenpeace.ch\/fr\/wp-json\/wp\/v2\/media\/4420"}],"wp:attachment":[{"href":"https:\/\/www.greenpeace.ch\/fr\/wp-json\/wp\/v2\/media?parent=39109"}],"wp:term":[{"taxonomy":"category","embeddable":true,"href":"https:\/\/www.greenpeace.ch\/fr\/wp-json\/wp\/v2\/categories?post=39109"},{"taxonomy":"post_tag","embeddable":true,"href":"https:\/\/www.greenpeace.ch\/fr\/wp-json\/wp\/v2\/tags?post=39109"}],"curies":[{"name":"wp","href":"https:\/\/api.w.org\/{rel}","templated":true}]}}