{"id":39137,"date":"2019-04-11T16:38:02","date_gmt":"2019-04-11T14:38:02","guid":{"rendered":"https:\/\/www.greenpeace.ch\/agir\/benevole\/zuerich\/"},"modified":"2025-05-05T12:08:16","modified_gmt":"2025-05-05T10:08:16","slug":"zuerich","status":"publish","type":"page","link":"https:\/\/www.greenpeace.ch\/fr\/agir\/benevole\/zuerich\/","title":{"rendered":"Z\u00fcrich"},"content":{"rendered":"\n                \n                <div class=\"wp-block-group alignfull is-layout-flow wp-block-group-is-layout-flow\">\n                \n                <div class=\"wp-block-group container is-layout-flow wp-block-group-is-layout-flow\">\n                \n                <div class=\"wp-block-media-text alignfull has-media-on-the-right is-stacked-on-mobile is-pattern-p4-page-header is-style-parallax\">\n\n                <div class=\"wp-block-media-text__content\">\n                    <div class=\"wp-block-group is-layout-flow wp-block-group-is-layout-flow\">\n                    \n                        <h1 class=\"wp-block-heading has-white-background-color has-background\">\n                            Regionalgruppe Z\u00fcrich\n                        <\/h1>\n                    <\/div>\n                \n\n                \n\n                \n\n                <\/div>\n                <figure class=\"wp-block-media-text__media\">\n                    <img loading=\"lazy\" decoding=\"async\" width=\"2048\" height=\"1365\"\n                        src=\"https:\/\/www.greenpeace.ch\/static\/planet4-switzerland-stateless\/2019\/05\/58ad43fd-zuerich_20161108_01.jpg\"\n                        alt=\"\"\n                        sizes=\"auto, (min-width: 601px) 50vw, 100vw\" srcset=\"https:\/\/www.greenpeace.ch\/static\/planet4-switzerland-stateless\/2019\/05\/58ad43fd-zuerich_20161108_01.jpg 2048w, https:\/\/www.greenpeace.ch\/static\/planet4-switzerland-stateless\/2019\/05\/58ad43fd-zuerich_20161108_01-300x200.jpg 300w, https:\/\/www.greenpeace.ch\/static\/planet4-switzerland-stateless\/2019\/05\/58ad43fd-zuerich_20161108_01-768x512.jpg 768w, https:\/\/www.greenpeace.ch\/static\/planet4-switzerland-stateless\/2019\/05\/58ad43fd-zuerich_20161108_01-1024x683.jpg 1024w, https:\/\/www.greenpeace.ch\/static\/planet4-switzerland-stateless\/2019\/05\/58ad43fd-zuerich_20161108_01-510x340.jpg 510w\" class=\"wp-image-3155 size-full\"\n                    \/>\n                <\/figure>\n                <\/div>\n                \n                <\/div>\n                \n                <\/div>\n                \n                \n<div class=\"wp-block-columns has-2-columns is-layout-flex wp-container-core-columns-is-layout-9d6595d7 wp-block-columns-is-layout-flex\">\n<div class=\"wp-block-column is-layout-flow wp-block-column-is-layout-flow\">\n<figure class=\"wp-block-image\"><img loading=\"lazy\" decoding=\"async\" width=\"1024\" height=\"683\" src=\"https:\/\/www.greenpeace.ch\/static\/planet4-switzerland-stateless\/2019\/05\/d05ec133-zuerich_20160723_01-1024x683.jpg\" alt=\"\" class=\"wp-image-3157\" srcset=\"https:\/\/www.greenpeace.ch\/static\/planet4-switzerland-stateless\/2019\/05\/d05ec133-zuerich_20160723_01-1024x683.jpg 1024w, https:\/\/www.greenpeace.ch\/static\/planet4-switzerland-stateless\/2019\/05\/d05ec133-zuerich_20160723_01-300x200.jpg 300w, https:\/\/www.greenpeace.ch\/static\/planet4-switzerland-stateless\/2019\/05\/d05ec133-zuerich_20160723_01-768x512.jpg 768w, https:\/\/www.greenpeace.ch\/static\/planet4-switzerland-stateless\/2019\/05\/d05ec133-zuerich_20160723_01-510x340.jpg 510w, https:\/\/www.greenpeace.ch\/static\/planet4-switzerland-stateless\/2019\/05\/d05ec133-zuerich_20160723_01.jpg 1339w\" sizes=\"auto, (max-width: 1024px) 100vw, 1024px\" \/><\/figure>\n<\/div>\n\n\n\n<div class=\"wp-block-column is-layout-flow wp-block-column-is-layout-flow\">\n<figure class=\"wp-block-image\"><img loading=\"lazy\" decoding=\"async\" width=\"1024\" height=\"683\" src=\"https:\/\/www.greenpeace.ch\/static\/planet4-switzerland-stateless\/2019\/05\/0a441e4b-zuerich_20160723_02-1024x683.jpg\" alt=\"\" class=\"wp-image-3158\" srcset=\"https:\/\/www.greenpeace.ch\/static\/planet4-switzerland-stateless\/2019\/05\/0a441e4b-zuerich_20160723_02-1024x683.jpg 1024w, https:\/\/www.greenpeace.ch\/static\/planet4-switzerland-stateless\/2019\/05\/0a441e4b-zuerich_20160723_02-300x200.jpg 300w, https:\/\/www.greenpeace.ch\/static\/planet4-switzerland-stateless\/2019\/05\/0a441e4b-zuerich_20160723_02-768x512.jpg 768w, https:\/\/www.greenpeace.ch\/static\/planet4-switzerland-stateless\/2019\/05\/0a441e4b-zuerich_20160723_02.jpg 2048w, https:\/\/www.greenpeace.ch\/static\/planet4-switzerland-stateless\/2019\/05\/0a441e4b-zuerich_20160723_02-510x340.jpg 510w\" sizes=\"auto, (max-width: 1024px) 100vw, 1024px\" \/><\/figure>\n<\/div>\n<\/div>\n\n<h2 class=\"is-style-underline wp-block-heading\">Hast du Lust, bei uns mitzumachen?<\/h2>\n\n<div class=\"wp-block-columns has-2-columns is-layout-flex wp-container-core-columns-is-layout-9d6595d7 wp-block-columns-is-layout-flex\">\n<div class=\"wp-block-column is-layout-flow wp-block-column-is-layout-flow\">\n<p>In der Regionalgruppe Z\u00fcrich sind wir 10 &#8211; 15 Freiwillige aus allen Altersstufen, die sich neben Schule, Uni und Beruf bei Greenpeace f\u00fcr den Umweltschutz engagieren.<\/p>\n\n\n\n<p>Wir treffen uns circa 1-2 Mal pro Monat um 19:00 Uhr jeweils im Greenpeace B\u00fcro an der Kalkbreite. An diesen Sitzungen planen wir unsere Aktivit\u00e4ten und diskutieren \u00fcber aktuelle Umweltthemen.<\/p>\n\n\n\n<p>Greenpeace besch\u00e4ftigt sich mit den Themen Klima, Zero Waste, Energie, Landwirtschaft, Arktisschutz, Wald und Meere. Dar\u00fcber hinaus entwickeln wir eigene regionale Kampagnen. F\u00fcr jeden gibt es die M\u00f6glichkeit, eigene F\u00e4higkeiten und Ideen einzubringen und soviel Energie und Zeit aufzuwenden, wie er\/sie m\u00f6chte.<\/p>\n<\/div>\n\n\n\n<div class=\"wp-block-column is-layout-flow wp-block-column-is-layout-flow\">\n<p>Wir suchen Leute, die sich aktiv f\u00fcr mehr Umweltschutz einsetzen wollen. Vorkenntnisse sind dazu nicht n\u00f6tig und alle sind herzlich willkommen. Wenn du Lust hast mitzumachen, dann freuen wir uns auf dich.<\/p>\n\n\n\n<div class=\"wp-block-buttons is-layout-flex wp-block-buttons-is-layout-flex\">\n<div class=\"wp-block-button\"><a class=\"wp-block-button__link wp-element-button\" href=\"https:\/\/form.asana.com\/?k=PKlQJZrSqe-w5FrQhohs5w&amp;d=8432729103091\" target=\"_blank\" rel=\"noreferrer noopener\">Kontaktformular<\/a><\/div>\n<\/div>\n<\/div>\n<\/div>\n","protected":false},"excerpt":{"rendered":"<p>Hast du Lust, bei uns mitzumachen? In der Regionalgruppe Z\u00fcrich sind wir 10 &#8211; 15 Freiwillige aus allen Altersstufen, die sich neben Schule, Uni und Beruf bei Greenpeace f\u00fcr den Umweltschutz engagieren. Wir treffen uns circa 1-2 Mal pro Monat um 19:00 Uhr jeweils im Greenpeace B\u00fcro an der Kalkbreite. An diesen Sitzungen planen wir [&hellip;]<\/p>\n","protected":false},"author":25,"featured_media":99076,"parent":33100,"menu_order":11,"comment_status":"closed","ping_status":"closed","template":"","meta":{"_acf_changed":false,"_planet4_optimize_post_is_variant":false,"_planet4_optimize_experiment_name":"","_planet4_optimize_variant_name":"","ep_exclude_from_search":false,"p4_hide_page_title_checkbox":"on","p4_title":"","p4_subtitle":"","p4_description":"","background_image_id":"","background_image":"","p4_button_title":"","p4_button_link":"","p4_button_link_checkbox":"","p4_og_title":"","p4_og_description":"","p4_og_image":"","p4_og_image_id":"","p4_seo_canonical_url":"","p4_campaign_name":"not set","p4_local_project":"not set","p4_basket_name":"not set","p4_department":"","footnotes":""},"categories":[],"tags":[134],"class_list":["post-39137","page","type-page","status-publish","has-post-thumbnail","hentry","tag-agir"],"acf":[],"_links":{"self":[{"href":"https:\/\/www.greenpeace.ch\/fr\/wp-json\/wp\/v2\/pages\/39137","targetHints":{"allow":["GET"]}}],"collection":[{"href":"https:\/\/www.greenpeace.ch\/fr\/wp-json\/wp\/v2\/pages"}],"about":[{"href":"https:\/\/www.greenpeace.ch\/fr\/wp-json\/wp\/v2\/types\/page"}],"author":[{"embeddable":true,"href":"https:\/\/www.greenpeace.ch\/fr\/wp-json\/wp\/v2\/users\/25"}],"replies":[{"embeddable":true,"href":"https:\/\/www.greenpeace.ch\/fr\/wp-json\/wp\/v2\/comments?post=39137"}],"version-history":[{"count":2,"href":"https:\/\/www.greenpeace.ch\/fr\/wp-json\/wp\/v2\/pages\/39137\/revisions"}],"predecessor-version":[{"id":119913,"href":"https:\/\/www.greenpeace.ch\/fr\/wp-json\/wp\/v2\/pages\/39137\/revisions\/119913"}],"up":[{"embeddable":true,"href":"https:\/\/www.greenpeace.ch\/fr\/wp-json\/wp\/v2\/pages\/33100"}],"wp:featuredmedia":[{"embeddable":true,"href":"https:\/\/www.greenpeace.ch\/fr\/wp-json\/wp\/v2\/media\/99076"}],"wp:attachment":[{"href":"https:\/\/www.greenpeace.ch\/fr\/wp-json\/wp\/v2\/media?parent=39137"}],"wp:term":[{"taxonomy":"category","embeddable":true,"href":"https:\/\/www.greenpeace.ch\/fr\/wp-json\/wp\/v2\/categories?post=39137"},{"taxonomy":"post_tag","embeddable":true,"href":"https:\/\/www.greenpeace.ch\/fr\/wp-json\/wp\/v2\/tags?post=39137"}],"curies":[{"name":"wp","href":"https:\/\/api.w.org\/{rel}","templated":true}]}}