{"id":40710,"date":"2019-12-17T12:44:16","date_gmt":"2019-12-17T10:44:16","guid":{"rendered":"https:\/\/www.greenpeace.ch\/agir\/fuer-eine-plastikfreie-zukunft\/informiere-dich-ueber-plastikverschmutzung\/"},"modified":"2025-05-05T12:07:05","modified_gmt":"2025-05-05T10:07:05","slug":"tout-savoir-pollution-plastique","status":"publish","type":"page","link":"https:\/\/www.greenpeace.ch\/fr\/agir\/pour-avenir-sans-plastique\/tout-savoir-pollution-plastique\/","title":{"rendered":"Tout savoir sur la pollution par le plastique"},"content":{"rendered":"\n<div class=\"wp-block-columns is-layout-flex wp-container-core-columns-is-layout-9d6595d7 wp-block-columns-is-layout-flex\">\n<div class=\"wp-block-column is-layout-flow wp-block-column-is-layout-flow\">\n<h3 class=\"wp-block-heading\"><strong>L\u2019impact sur nos \u00e9cosyst\u00e8mes<\/strong><\/h3>\n\n\n\n<p>Le plastique pollue toute la Plan\u00e8te. On le trouve partout&nbsp;: au fond des oc\u00e9ans, sur les chemins des for\u00eats les plus lointaines, dans les glaces de l\u2019Arctique et jusque sur les plages o\u00f9 les tortues font leurs nids. Nous ne savons pas exactement combien de temps il faut pour que les plastiques fabriqu\u00e9s \u00e0 partir du p\u00e9trole se d\u00e9gradent (ni m\u00eame d\u2019ailleurs s\u2019ils se d\u00e9gradent), mais ce qui est s\u00fbr, c&rsquo;est qu\u2019une fois qu\u2019ils sont dans nos sols, nos rivi\u00e8res et nos oc\u00e9ans, on ne peut plus les en faire sortir.<\/p>\n\n\n\n<p>Le plastique que nous voyons s\u2019\u00e9chouer sur les c\u00f4tes ou flotter \u00e0 la surface de l\u2019eau n\u2019est que la partie visible du tas d\u2019ordures. Plus de deux tiers du plastique rejet\u00e9 dans la mer se retrouve au fond de l\u2019oc\u00e9an, cr\u00e9ant ainsi sous les eaux un amoncellement de d\u00e9chets de plus en plus grands. Pire encore, les bouteilles, sacs et autres d\u00e9chets se d\u00e9composent au fil du temps en morceaux de plus en plus petits, jusqu\u2019\u00e0 former ce qu\u2019on appelle du microplastique, qui, tout en \u00e9tant invisible \u00e0 l\u2019\u0153il nu, exerce lui aussi une action d\u00e9l\u00e9t\u00e8re sur les \u00e9cosyst\u00e8mes.<\/p>\n\n\n\n<p>Les d\u00e9chets en plastique sont tout autant probl\u00e9matiques sur terre qu\u2019en haute mer : ils remplissent les d\u00e9charges, encombrent les cours d\u2019eau et g\u00e9n\u00e8rent de la pollution lorsqu\u2019on les br\u00fble \u00e0 ciel ouvert ou en incin\u00e9rateur. Par ailleurs, certains plastiques contiennent et \u00e9mettent des substances chimiques dangereuses, sources elles aussi de risques pour la faune et les populations. <\/p>\n<\/div>\n\n\n\n<div class=\"wp-block-column is-layout-flow wp-block-column-is-layout-flow\"><div aria-hidden=\"true\" class=\"gpch-block-spacer\"><\/div>\n\n\n<figure class=\"wp-block-image size-large  caption-style-blue-overlay caption-alignment-center\"><img loading=\"lazy\" decoding=\"async\" width=\"1024\" height=\"683\" src=\"https:\/\/www.greenpeace.ch\/static\/planet4-switzerland-stateless\/2019\/12\/e12d38b9-gp0stqs0e-1024x683.jpg\" alt=\"\" class=\"wp-image-40240\" srcset=\"https:\/\/www.greenpeace.ch\/static\/planet4-switzerland-stateless\/2019\/12\/e12d38b9-gp0stqs0e-1024x683.jpg 1024w, https:\/\/www.greenpeace.ch\/static\/planet4-switzerland-stateless\/2019\/12\/e12d38b9-gp0stqs0e-300x200.jpg 300w, https:\/\/www.greenpeace.ch\/static\/planet4-switzerland-stateless\/2019\/12\/e12d38b9-gp0stqs0e-768x512.jpg 768w, https:\/\/www.greenpeace.ch\/static\/planet4-switzerland-stateless\/2019\/12\/e12d38b9-gp0stqs0e-510x340.jpg 510w, https:\/\/www.greenpeace.ch\/static\/planet4-switzerland-stateless\/2019\/12\/e12d38b9-gp0stqs0e.jpg 1200w\" sizes=\"auto, (max-width: 1024px) 100vw, 1024px\" \/><figcaption>Enfants jouant sur une plage bond\u00e9e de plastique \u00e0 Manille <\/figcaption><\/figure>\n<\/div>\n<\/div>\n\n<div class=\"wp-block-columns is-layout-flex wp-container-core-columns-is-layout-9d6595d7 wp-block-columns-is-layout-flex\">\n<div class=\"wp-block-column is-layout-flow wp-block-column-is-layout-flow\">\n<h3 class=\"wp-block-heading\"><strong>Le mythe du recyclage <\/strong><\/h3>\n\n\n\n<p>Seul 9&nbsp;% du plastique mondial est recycl\u00e9. M\u00eame dans les pays d\u00e9velopp\u00e9s, le taux de recyclage du plastique collect\u00e9 par les m\u00e9nages est souvent tr\u00e8s inf\u00e9rieur \u00e0 50&nbsp;%. Une tr\u00e8s petite partie seulement de cette quantit\u00e9 est r\u00e9utilis\u00e9e pour fabriquer des emballages. La plupart des d\u00e9chets d\u2019emballage \u00ab&nbsp;recycl\u00e9s&nbsp;\u00bb se retrouvent dans des produits de moindre valeur ou irrecyclables, ce qui signifie que ce processus a simplement pour effet de retarder l\u2019in\u00e9luctable voyage vers la d\u00e9charge.<\/p>\n\n\n\n<p>Les insuffisances de leur conception, l\u2019absence d\u2019infrastructures et de dispositif capable d\u2019assurer le suivi des d\u00e9chets en plastique sont autant de facteurs qui restreignent l\u2019efficacit\u00e9 du recyclage et qui, \u00e0 \u00e9ch\u00e9ance pr\u00e9visible, ent\u00e9rinent le destin de d\u00e9chets de la plupart de ces emballages. <\/p>\n<\/div>\n\n\n\n<div class=\"wp-block-column is-layout-flow wp-block-column-is-layout-flow\">\n<figure class=\"wp-block-image size-large  caption-style-blue-overlay caption-alignment-center\"><img loading=\"lazy\" decoding=\"async\" width=\"1024\" height=\"683\" src=\"https:\/\/www.greenpeace.ch\/static\/planet4-switzerland-stateless\/2019\/12\/b49a3d98-gp0stsx67-1-1024x683.jpg\" alt=\"\" class=\"wp-image-40242\" srcset=\"https:\/\/www.greenpeace.ch\/static\/planet4-switzerland-stateless\/2019\/12\/b49a3d98-gp0stsx67-1-1024x683.jpg 1024w, https:\/\/www.greenpeace.ch\/static\/planet4-switzerland-stateless\/2019\/12\/b49a3d98-gp0stsx67-1-300x200.jpg 300w, https:\/\/www.greenpeace.ch\/static\/planet4-switzerland-stateless\/2019\/12\/b49a3d98-gp0stsx67-1-768x512.jpg 768w, https:\/\/www.greenpeace.ch\/static\/planet4-switzerland-stateless\/2019\/12\/b49a3d98-gp0stsx67-1-510x340.jpg 510w, https:\/\/www.greenpeace.ch\/static\/planet4-switzerland-stateless\/2019\/12\/b49a3d98-gp0stsx67-1.jpg 1200w\" sizes=\"auto, (max-width: 1024px) 100vw, 1024px\" \/><figcaption>Les employ\u00e9s du camion \u00e0 ordures ramassent le plastique m\u00e9lang\u00e9 des m\u00e9nages pour le recycler <\/figcaption><\/figure>\n<\/div>\n<\/div>\n\n<div class=\"wp-block-columns is-layout-flex wp-container-core-columns-is-layout-9d6595d7 wp-block-columns-is-layout-flex\">\n<div class=\"wp-block-column is-layout-flow wp-block-column-is-layout-flow\">\n<h3 class=\"wp-block-heading\"><strong>Un probl\u00e8me export\u00e9<\/strong><\/h3>\n\n\n\n<p>Pire encore, la plus grande partie des emballages collect\u00e9s en vue de leur \u00ab&nbsp;recyclage&nbsp;\u00bb dans les pays du Nord sont export\u00e9s dans les pays du Sud. Avant d&rsquo;interdire ce commerce en 2018, la Chine importait \u00e0 elle seule pr\u00e8s de 8 millions de tonnes de d\u00e9chets plastique par an. D\u00e9sormais, ceux-ci ont pour destination principale l\u2019Asie du Sud-Est, o\u00f9 le manque d\u2019infrastructures et de r\u00e9glementation complique la gestion des flux de d\u00e9chets, tant internes que de provenance \u00e9trang\u00e8re.<\/p>\n\n\n\n<p>Parall\u00e8lement, les fabricants de produits de grande consommation partent \u00e0 la conqu\u00eate de nouveaux march\u00e9s dans le Sud, poussant \u00e0 l\u2019achat de produits conditionn\u00e9s individuellement dans des emballages plastique jetables. <\/p>\n<\/div>\n\n\n\n<div class=\"wp-block-column is-layout-flow wp-block-column-is-layout-flow\">\n<figure class=\"wp-block-embed-youtube wp-block-embed is-type-video is-provider-youtube wp-embed-aspect-16-9 wp-has-aspect-ratio\"><div class=\"wp-block-embed__wrapper\">\n<iframe loading=\"lazy\" title=\"Malaysia and the Broken Global Recycling System\" width=\"500\" height=\"281\" src=\"https:\/\/www.youtube-nocookie.com\/embed\/tDEPBFv48UE?list=PLClXnL5aHwxU_planWK17MKFB07Y2eRRb\" frameborder=\"0\" allow=\"accelerometer; autoplay; clipboard-write; encrypted-media; gyroscope; picture-in-picture; web-share\" referrerpolicy=\"strict-origin-when-cross-origin\" allowfullscreen><\/iframe>\n<\/div><\/figure>\n<\/div>\n<\/div>\n\n<div class=\"wp-block-columns is-layout-flex wp-container-core-columns-is-layout-9d6595d7 wp-block-columns-is-layout-flex\">\n<div class=\"wp-block-column is-layout-flow wp-block-column-is-layout-flow\">\n<h3 class=\"wp-block-heading\"><strong>Plastique et le changement climatique<\/strong><\/h3>\n\n\n\n<p>Les \u00e9missions de gaz \u00e0 effet de serre issues du cycle de vie des plastiques compromettent la capacit\u00e9 de la communaut\u00e9 mondiale \u00e0 contenir la hausse de la temp\u00e9rature du Globe au-dessous de 1,5\u00b0&nbsp;C. Les plastiques sont fabriqu\u00e9s \u00e0 plus de 90&nbsp;% \u00e0 partir de combustibles fossiles, et un rapport r\u00e9cent <a href=\"https:\/\/www.ciel.org\/plasticandclimate\/\">du CIEL<\/a> estime que la pollution mondiale r\u00e9sultant de leur production et de leur incin\u00e9ration atteindra, pour la seule ann\u00e9e 2019, le niveau des \u00e9missions de 189 centrales au charbon. Le m\u00eame document estime que les rejets de gaz \u00e0 effet de serre issus des plastiques pourraient repr\u00e9senter \u00e0 l\u2019horizon 2050 10 \u00e0 13&nbsp;% de la totalit\u00e9 du budget carbone restant. La surproduction et la surconsommation de plastiques, si elles devaient continuer au m\u00eame rythme, pourraient atteindre l\u2019\u00e9quivalent de 20&nbsp;% de la consommation mondiale de p\u00e9trole d&rsquo;ici le milieu du si\u00e8cle.<\/p>\n\n\n\n<p>Selon l&rsquo;\u00e9tude, les plastiques seuls pourraient consommer entre 10 et 13 % du carbone total dont nous disposons pour atteindre l&rsquo;objectif de 1,5 degr\u00e9. Si la production et la consommation de plastiques ne diminuent pas, 20 % de la consommation mondiale de p\u00e9trole sera attribuable aux plastiques d&rsquo;ici le milieu du si\u00e8cle.<\/p>\n\n\n\n<p><\/p>\n<\/div>\n\n\n\n<div class=\"wp-block-column is-layout-flow wp-block-column-is-layout-flow\"><div aria-hidden=\"true\" class=\"gpch-block-spacer\"><\/div>\n\n\n<figure class=\"wp-block-image size-large  caption-style-blue-overlay caption-alignment-center\"><img loading=\"lazy\" decoding=\"async\" width=\"1024\" height=\"768\" src=\"https:\/\/www.greenpeace.ch\/static\/planet4-switzerland-stateless\/2019\/12\/f0873bc5-gp0sttoy7-1-1024x768.jpg\" alt=\"\" class=\"wp-image-40247\" srcset=\"https:\/\/www.greenpeace.ch\/static\/planet4-switzerland-stateless\/2019\/12\/f0873bc5-gp0sttoy7-1-1024x768.jpg 1024w, https:\/\/www.greenpeace.ch\/static\/planet4-switzerland-stateless\/2019\/12\/f0873bc5-gp0sttoy7-1-300x225.jpg 300w, https:\/\/www.greenpeace.ch\/static\/planet4-switzerland-stateless\/2019\/12\/f0873bc5-gp0sttoy7-1-768x576.jpg 768w, https:\/\/www.greenpeace.ch\/static\/planet4-switzerland-stateless\/2019\/12\/f0873bc5-gp0sttoy7-1-453x340.jpg 453w, https:\/\/www.greenpeace.ch\/static\/planet4-switzerland-stateless\/2019\/12\/f0873bc5-gp0sttoy7-1.jpg 1200w\" sizes=\"auto, (max-width: 1024px) 100vw, 1024px\" \/><figcaption>Usine de raffinage de p\u00e9trole d&rsquo;ExxonMobil \u00e0 Baytown, Texas.<\/figcaption><\/figure>\n<\/div>\n<\/div>\n\n<div class=\"wp-block-columns is-layout-flex wp-container-core-columns-is-layout-9d6595d7 wp-block-columns-is-layout-flex\">\n<div class=\"wp-block-column is-layout-flow wp-block-column-is-layout-flow\">\n<h3 class=\"wp-block-heading\"><strong>Solutions<\/strong><\/h3>\n\n\n\n<p>Que faire devant une telle situation&nbsp;? Les objectifs \u00e0 court terme pourraient consister \u00e0 supprimer les emballages superflus difficiles ou impossibles \u00e0 recycler, et \u00e0 d\u00e9velopper l\u2019usage de syst\u00e8mes r\u00e9utilisables ou rechargeables pour le transport et le stockage des produits. \u00c0 long terme, il nous faudra changer nos habitudes de consommation. Nous devrons, par exemple, acheter moins de produits transform\u00e9s et de plats cuisin\u00e9s, qui engendrent \u00e9norm\u00e9ment de d\u00e9chets.<\/p>\n<\/div>\n\n\n\n<div class=\"wp-block-column is-layout-flow wp-block-column-is-layout-flow\">\n<figure class=\"wp-block-image size-large  caption-style-blue-overlay caption-alignment-center\"><img loading=\"lazy\" decoding=\"async\" width=\"1024\" height=\"683\" src=\"https:\/\/www.greenpeace.ch\/static\/planet4-switzerland-stateless\/2019\/12\/d9cdc209-gp0strlik-1-1024x683.jpg\" alt=\"\" class=\"wp-image-40249\" srcset=\"https:\/\/www.greenpeace.ch\/static\/planet4-switzerland-stateless\/2019\/12\/d9cdc209-gp0strlik-1-1024x683.jpg 1024w, https:\/\/www.greenpeace.ch\/static\/planet4-switzerland-stateless\/2019\/12\/d9cdc209-gp0strlik-1-300x200.jpg 300w, https:\/\/www.greenpeace.ch\/static\/planet4-switzerland-stateless\/2019\/12\/d9cdc209-gp0strlik-1-768x512.jpg 768w, https:\/\/www.greenpeace.ch\/static\/planet4-switzerland-stateless\/2019\/12\/d9cdc209-gp0strlik-1-510x340.jpg 510w, https:\/\/www.greenpeace.ch\/static\/planet4-switzerland-stateless\/2019\/12\/d9cdc209-gp0strlik-1.jpg 1200w\" sizes=\"auto, (max-width: 1024px) 100vw, 1024px\" \/><figcaption>Vendeur et acheteur dans un magasin sans emballages<\/figcaption><\/figure>\n<\/div>\n<\/div>\n<div data-render=\"planet4-blocks\/columns\" data-attributes=\"{&quot;attributes&quot;:{&quot;columns_block_style&quot;:&quot;image&quot;,&quot;columns_title&quot;:&quot;Plus de possibilit\\u00e9s d\\u2019action&quot;,&quot;columns&quot;:[{&quot;title&quot;:&quot;Organiser un \\u00e9v\\u00e9nement z\\u00e9ro d\\u00e9chets&quot;,&quot;description&quot;:&quot;Qu\\u2019il s\\u2019agisse d\\u2019un d\\u00eener, d\\u2019un pique-nique en plein air ou d\\u2019une r\\u00e9union de grand groupe : se passer de plastique ne signifie pas se passer de plaisir. Au contraire : c\\u2019est une invitation \\u00e0 la cr\\u00e9ativit\\u00e9!&quot;,&quot;attachment&quot;:&quot;https:\\\/\\\/www.greenpeace.ch\\\/static\\\/planet4-switzerland-stateless\\\/2019\\\/10\\\/2cc46838-gp0sttm6m-510x340.jpg&quot;,&quot;cta_link&quot;:&quot;https:\\\/\\\/www.greenpeace.ch\\\/fr\\\/agir\\\/pour-avenir-sans-plastique\\\/evennement-zero-dechets\\\/&quot;,&quot;link_new_tab&quot;:false,&quot;cta_text&quot;:&quot;Agir&quot;,&quot;attachment_srcset&quot;:&quot;https:\\\/\\\/www.greenpeace.ch\\\/static\\\/planet4-switzerland-stateless\\\/2019\\\/10\\\/2cc46838-gp0sttm6m-510x340.jpg 510w, https:\\\/\\\/www.greenpeace.ch\\\/static\\\/planet4-switzerland-stateless\\\/2019\\\/10\\\/2cc46838-gp0sttm6m-300x200.jpg 300w, https:\\\/\\\/www.greenpeace.ch\\\/static\\\/planet4-switzerland-stateless\\\/2019\\\/10\\\/2cc46838-gp0sttm6m-1024x683.jpg 1024w, https:\\\/\\\/www.greenpeace.ch\\\/static\\\/planet4-switzerland-stateless\\\/2019\\\/10\\\/2cc46838-gp0sttm6m-768x512.jpg 768w, https:\\\/\\\/www.greenpeace.ch\\\/static\\\/planet4-switzerland-stateless\\\/2019\\\/10\\\/2cc46838-gp0sttm6m.jpg 1200w&quot;},{&quot;title&quot;:&quot;Misez sur les plats \\u00e0 emporter&quot;,&quot;description&quot;:&quot;Relevez le d\\u00e9fi des contenants r\\u00e9utilisables et faites partie du mouvement qui change nos habitudes alimentaires ! Ainsi, le r\\u00e9utilisable devient la voie normale.&quot;,&quot;attachment&quot;:&quot;https:\\\/\\\/www.greenpeace.ch\\\/static\\\/planet4-switzerland-stateless\\\/2019\\\/10\\\/adf7d427-gp0sttj65-510x340.jpg&quot;,&quot;cta_link&quot;:&quot;https:\\\/\\\/www.greenpeace.ch\\\/fr\\\/agir\\\/pour-avenir-sans-plastique\\\/misez-plats-emporter\\\/&quot;,&quot;link_new_tab&quot;:false,&quot;cta_text&quot;:&quot;Agir&quot;,&quot;attachment_srcset&quot;:&quot;https:\\\/\\\/www.greenpeace.ch\\\/static\\\/planet4-switzerland-stateless\\\/2019\\\/10\\\/adf7d427-gp0sttj65-510x340.jpg 510w, https:\\\/\\\/www.greenpeace.ch\\\/static\\\/planet4-switzerland-stateless\\\/2019\\\/10\\\/adf7d427-gp0sttj65-300x200.jpg 300w, https:\\\/\\\/www.greenpeace.ch\\\/static\\\/planet4-switzerland-stateless\\\/2019\\\/10\\\/adf7d427-gp0sttj65-1024x683.jpg 1024w, https:\\\/\\\/www.greenpeace.ch\\\/static\\\/planet4-switzerland-stateless\\\/2019\\\/10\\\/adf7d427-gp0sttj65-768x512.jpg 768w, https:\\\/\\\/www.greenpeace.ch\\\/static\\\/planet4-switzerland-stateless\\\/2019\\\/10\\\/adf7d427-gp0sttj65.jpg 1200w&quot;},{&quot;title&quot;:&quot;Invitez votre supermarch\\u00e9 \\u00e0 participer&quot;,&quot;description&quot;:&quot;Relevez le d\\u00e9fi des contenants consign\\u00e9s et faites partie du mouvement qui change nos habitudes d\\u2019achat au supermarch\\u00e9.nn&quot;,&quot;attachment&quot;:&quot;https:\\\/\\\/www.greenpeace.ch\\\/static\\\/planet4-switzerland-stateless\\\/2019\\\/10\\\/41ae6d31-gp0sttopu-510x340.jpg&quot;,&quot;cta_link&quot;:&quot;https:\\\/\\\/www.greenpeace.ch\\\/fr\\\/agir\\\/pour-avenir-sans-plastique\\\/invitez-supermarche-participer\\\/&quot;,&quot;link_new_tab&quot;:false,&quot;cta_text&quot;:&quot;Agir&quot;,&quot;attachment_srcset&quot;:&quot;https:\\\/\\\/www.greenpeace.ch\\\/static\\\/planet4-switzerland-stateless\\\/2019\\\/10\\\/41ae6d31-gp0sttopu-510x340.jpg 510w, https:\\\/\\\/www.greenpeace.ch\\\/static\\\/planet4-switzerland-stateless\\\/2019\\\/10\\\/41ae6d31-gp0sttopu-300x201.jpg 300w, https:\\\/\\\/www.greenpeace.ch\\\/static\\\/planet4-switzerland-stateless\\\/2019\\\/10\\\/41ae6d31-gp0sttopu-1024x684.jpg 1024w, https:\\\/\\\/www.greenpeace.ch\\\/static\\\/planet4-switzerland-stateless\\\/2019\\\/10\\\/41ae6d31-gp0sttopu-768x513.jpg 768w, https:\\\/\\\/www.greenpeace.ch\\\/static\\\/planet4-switzerland-stateless\\\/2019\\\/10\\\/41ae6d31-gp0sttopu.jpg 1200w&quot;},{&quot;title&quot;:&quot;Participez au Mouvement d\\u2019audit des entreprises du plastique&quot;,&quot;description&quot;:&quot;Les b\\u00e9n\\u00e9voles nettoient les rives, les parcs et les plages locales et utilisent ces \\u00e9v\\u00e9nements pour identifier les entreprises responsables de la pollution plastique.&quot;,&quot;attachment&quot;:&quot;https:\\\/\\\/www.greenpeace.ch\\\/static\\\/planet4-switzerland-stateless\\\/2019\\\/12\\\/f96e4955-gp0sttylb-510x340-510x340.jpg&quot;,&quot;cta_link&quot;:&quot;https:\\\/\\\/www.greenpeace.ch\\\/fr\\\/agir\\\/pour-avenir-sans-plastique\\\/participez-audit-entreprises-plastique\\\/&quot;,&quot;cta_text&quot;:&quot;Agir&quot;,&quot;link_new_tab&quot;:false,&quot;attachment_srcset&quot;:&quot;https:\\\/\\\/www.greenpeace.ch\\\/static\\\/planet4-switzerland-stateless\\\/2019\\\/12\\\/f96e4955-gp0sttylb-510x340.jpg 510w, https:\\\/\\\/www.greenpeace.ch\\\/static\\\/planet4-switzerland-stateless\\\/2019\\\/12\\\/f96e4955-gp0sttylb-510x340-300x200.jpg 300w&quot;}]}}\"><\/div><div data-render=\"planet4-blocks\/columns\" data-attributes=\"{&quot;attributes&quot;:{&quot;columns_block_style&quot;:&quot;image&quot;,&quot;columns&quot;:[{&quot;title&quot;:&quot;&quot;,&quot;description&quot;:&quot;&quot;,&quot;attachment&quot;:&quot;https:\\\/\\\/www.greenpeace.ch\\\/static\\\/planet4-switzerland-stateless\\\/2019\\\/10\\\/20bc547b-gp0stqxo5-1024x683.jpg&quot;,&quot;cta_link&quot;:&quot;\\\/international\\\/campaign\\\/single-use-ban-in-your-community\\\/&quot;,&quot;link_new_tab&quot;:false,&quot;cta_text&quot;:&quot;Take Action Today&quot;,&quot;attachment_srcset&quot;:&quot;https:\\\/\\\/www.greenpeace.ch\\\/static\\\/planet4-switzerland-stateless\\\/2019\\\/10\\\/20bc547b-gp0stqxo5-1024x683.jpg 1024w, https:\\\/\\\/www.greenpeace.ch\\\/static\\\/planet4-switzerland-stateless\\\/2019\\\/10\\\/20bc547b-gp0stqxo5-300x200.jpg 300w, https:\\\/\\\/www.greenpeace.ch\\\/static\\\/planet4-switzerland-stateless\\\/2019\\\/10\\\/20bc547b-gp0stqxo5-768x512.jpg 768w, https:\\\/\\\/www.greenpeace.ch\\\/static\\\/planet4-switzerland-stateless\\\/2019\\\/10\\\/20bc547b-gp0stqxo5-510x340.jpg 510w, https:\\\/\\\/www.greenpeace.ch\\\/static\\\/planet4-switzerland-stateless\\\/2019\\\/10\\\/20bc547b-gp0stqxo5.jpg 1200w&quot;}]}}\"><\/div>","protected":false},"excerpt":{"rendered":"<p>L\u2019impact sur nos \u00e9cosyst\u00e8mes Le plastique pollue toute la Plan\u00e8te. On le trouve partout&nbsp;: au fond des oc\u00e9ans, sur les chemins des for\u00eats les plus lointaines, dans les glaces de l\u2019Arctique et jusque sur les plages o\u00f9 les tortues font leurs nids. Nous ne savons pas exactement combien de temps il faut pour que les [&hellip;]<\/p>\n","protected":false},"author":50,"featured_media":0,"parent":32836,"menu_order":0,"comment_status":"closed","ping_status":"closed","template":"","meta":{"_acf_changed":false,"_planet4_optimize_post_is_variant":false,"_planet4_optimize_experiment_name":"","_planet4_optimize_variant_name":"","ep_exclude_from_search":false,"p4_hide_page_title_checkbox":"","p4_title":"","p4_subtitle":"","p4_description":"","background_image_id":"","background_image":"","p4_button_title":"","p4_button_link":"","p4_button_link_checkbox":"","p4_og_title":"","p4_og_description":"","p4_og_image":"","p4_og_image_id":"","p4_seo_canonical_url":"","p4_campaign_name":"not set","p4_local_project":"","p4_basket_name":"not set","p4_department":"","footnotes":""},"categories":[],"tags":[74],"class_list":["post-40710","page","type-page","status-publish","hentry","tag-zero-dechet"],"acf":[],"_links":{"self":[{"href":"https:\/\/www.greenpeace.ch\/fr\/wp-json\/wp\/v2\/pages\/40710","targetHints":{"allow":["GET"]}}],"collection":[{"href":"https:\/\/www.greenpeace.ch\/fr\/wp-json\/wp\/v2\/pages"}],"about":[{"href":"https:\/\/www.greenpeace.ch\/fr\/wp-json\/wp\/v2\/types\/page"}],"author":[{"embeddable":true,"href":"https:\/\/www.greenpeace.ch\/fr\/wp-json\/wp\/v2\/users\/50"}],"replies":[{"embeddable":true,"href":"https:\/\/www.greenpeace.ch\/fr\/wp-json\/wp\/v2\/comments?post=40710"}],"version-history":[{"count":2,"href":"https:\/\/www.greenpeace.ch\/fr\/wp-json\/wp\/v2\/pages\/40710\/revisions"}],"predecessor-version":[{"id":119877,"href":"https:\/\/www.greenpeace.ch\/fr\/wp-json\/wp\/v2\/pages\/40710\/revisions\/119877"}],"up":[{"embeddable":true,"href":"https:\/\/www.greenpeace.ch\/fr\/wp-json\/wp\/v2\/pages\/32836"}],"wp:attachment":[{"href":"https:\/\/www.greenpeace.ch\/fr\/wp-json\/wp\/v2\/media?parent=40710"}],"wp:term":[{"taxonomy":"category","embeddable":true,"href":"https:\/\/www.greenpeace.ch\/fr\/wp-json\/wp\/v2\/categories?post=40710"},{"taxonomy":"post_tag","embeddable":true,"href":"https:\/\/www.greenpeace.ch\/fr\/wp-json\/wp\/v2\/tags?post=40710"}],"curies":[{"name":"wp","href":"https:\/\/api.w.org\/{rel}","templated":true}]}}