{"id":40728,"date":"2019-12-17T12:49:50","date_gmt":"2019-12-17T10:49:50","guid":{"rendered":"https:\/\/www.greenpeace.ch\/agir\/fuer-eine-plastikfreie-zukunft\/organisiere-einen-zero-waste-event\/"},"modified":"2025-05-05T12:07:01","modified_gmt":"2025-05-05T10:07:01","slug":"organisiere-einen-zero-waste-event","status":"publish","type":"page","link":"https:\/\/www.greenpeace.ch\/fr\/agir\/pour-avenir-sans-plastique\/organisiere-einen-zero-waste-event\/","title":{"rendered":"Organisiere einen Zero-Waste-Event"},"content":{"rendered":"\n<div class=\"wp-block-columns is-layout-flex wp-container-core-columns-is-layout-9d6595d7 wp-block-columns-is-layout-flex\">\n<div class=\"wp-block-column is-layout-flow wp-block-column-is-layout-flow\">\n<p><strong>Pas de plastique, c\u2019est fantastique&nbsp;! Il est facile, aujourd\u2019hui, de diminuer notre production de d\u00e9chets et notre d\u00e9pendance aux produits jetables qui font tellement de d\u00e9g\u00e2ts \u00e0 l\u2019environnement. <\/strong>Plus de 90&nbsp;% des produits en plastique sont fabriqu\u00e9s \u00e0 partir de mat\u00e9riaux non recycl\u00e9s, et si nous voulons que les entreprises responsables du d\u00e9sordre actuel renversent la vapeur, nous pouvons les aider en leur montrant qu\u2019il est tout \u00e0 fait possible de diminuer sa consommation.<\/p>\n\n\n\n<p><\/p>\n\n\n\n<p>Qu\u2019il s\u2019agisse d\u2019un petit d\u00eener sympa, d\u2019un pique-nique d\u00e9coiffant ou d\u2019une r\u00e9union rassemblant de nombreux participants, il existe des solutions pleines d\u2019imagination et de ressources, \u00e0 la port\u00e9e de tout le monde, pour \u00e9viter le plastique jetable. Z\u00e9ro d\u00e9chet ne veut pas dire z\u00e9ro bon moment. En fait, c\u2019est une superbe occasion de mettre en pratique sa cr\u00e9ativit\u00e9&nbsp;!<\/p>\n<\/div>\n\n\n\n<div class=\"wp-block-column is-layout-flow wp-block-column-is-layout-flow\">\n<figure class=\"wp-block-image size-large  caption-style-blue-overlay caption-alignment-center\"><img loading=\"lazy\" decoding=\"async\" width=\"1024\" height=\"684\" src=\"https:\/\/www.greenpeace.ch\/static\/planet4-switzerland-stateless\/2019\/11\/c02dd4ca-gp0sttopf_pressmedia-1024x684.jpg\" alt=\"\" class=\"wp-image-38240\" srcset=\"https:\/\/www.greenpeace.ch\/static\/planet4-switzerland-stateless\/2019\/11\/c02dd4ca-gp0sttopf_pressmedia-1024x684.jpg 1024w, https:\/\/www.greenpeace.ch\/static\/planet4-switzerland-stateless\/2019\/11\/c02dd4ca-gp0sttopf_pressmedia-300x200.jpg 300w, https:\/\/www.greenpeace.ch\/static\/planet4-switzerland-stateless\/2019\/11\/c02dd4ca-gp0sttopf_pressmedia-768x513.jpg 768w, https:\/\/www.greenpeace.ch\/static\/planet4-switzerland-stateless\/2019\/11\/c02dd4ca-gp0sttopf_pressmedia-2045x1366.jpg 2045w, https:\/\/www.greenpeace.ch\/static\/planet4-switzerland-stateless\/2019\/11\/c02dd4ca-gp0sttopf_pressmedia-510x340.jpg 510w\" sizes=\"auto, (max-width: 1024px) 100vw, 1024px\" \/><figcaption>Fruits secs sans emballage jetable<\/figcaption><\/figure>\n<\/div>\n<\/div>\n<div aria-hidden=\"true\" class=\"gpch-block-spacer\"><\/div>\n<div class=\"wp-block-columns is-layout-flex wp-container-core-columns-is-layout-9d6595d7 wp-block-columns-is-layout-flex\">\n<div class=\"wp-block-column is-layout-flow wp-block-column-is-layout-flow\">\n<h3 class=\"wp-block-heading\"><strong>Cinq \u00e9tapes faciles pour des f\u00eates sans d\u00e9chets plastiques<\/strong><\/h3>\n\n\n\n<ul class=\"wp-block-list\"><li>Annoncez-le haut et fort. Envoyez les invitations suffisamment t\u00f4t et dites \u00e0 vos invit\u00e9s d&rsquo;apporter leur bonne humeur, mais de laisser les produits jetables dans les lin\u00e9aires. Dites quelque chose du genre&nbsp;: \u00ab&nbsp;Vous \u00eates invit\u00e9 \u00e0 une f\u00eate z\u00e9ro d\u00e9chets. Apportez tout ce que vous voulez, pour manger, pour jouer, du moment que \u00e7a ne finira pas \u00e0 la poubelle \u00e0 la fin de la journ\u00e9e&nbsp;!&nbsp;\u00bb<\/li><\/ul>\n\n\n\n<ul class=\"wp-block-list\"><li>Il n&rsquo;y a pas de plus beau d\u00e9cor que la nature&nbsp;! Pourquoi se ruiner en d\u00e9coration, alors que le monde autour de nous est d\u2019une telle beaut\u00e9&nbsp;? Inutile de se lancer dans de grands frais pour quelque chose qui risquerait, en fin de compte, de nuire \u00e0 la splendeur de la nature. Choisissez un endroit qui n\u2019a pas besoin de d\u00e9coration, comme un parc, une plage ou le bord d\u2019une rivi\u00e8re.<\/li><\/ul>\n\n\n\n<ul class=\"wp-block-list\"><li>Soyez pr\u00e9voyant et RESTEZ DANS LE VRAI. Si la tentation vous prend d\u2019utiliser des assiettes ou des couverts jetables, pensez \u00e0 la formule : restez dans le vrai. Les fourchettes en plastique et les assiettes en papier sont une pi\u00e8tre imitation des vraies fourchettes et des vraies assiettes. Pour vos assiettes, couverts, gobelets et serviettes, utilisez du vrai. Vos invit\u00e9s, qui ne sont pas en toc, appr\u00e9cieront certainement&nbsp;!<\/li><\/ul>\n\n\n\n<ul class=\"wp-block-list\"><li>Le temps pass\u00e9 ensemble est le plus beau cadeau ! Dans un monde toujours en mouvement, o\u00f9 les occasions de distraction abondent, ne vous emb\u00eatez pas \u00e0 chercher des cadeaux. Ce n\u2019est pas avec des choses mat\u00e9rielles que vous montrerez \u00e0 vos amis que vous tenez \u00e0 eux. Le temps pass\u00e9 ensemble est le plus beau des pr\u00e9sents&nbsp;! Si vraiment ils insistent pour apporter quelque chose, sugg\u00e9rez-leur quelque chose \u00e0 manger, fait maison, non emball\u00e9 et \u00e0 partager. Car apr\u00e8s tout, le chemin du c\u0153ur passe parfois par un estomac bien rempli\u2026<\/li><\/ul>\n\n\n\n<ul class=\"wp-block-list\"><li>Pensez \u00e0 la plonge&nbsp;! V\u00e9rifiez qu\u2019il y a un endroit \u00e0 proximit\u00e9 pour faire la vaisselle. Vous avez peur de ne pas avoir de quoi transporter votre mat\u00e9riel&nbsp;? Fouillez votre maison pour y trouver des r\u00e9cipients en verre et des emballages en plastique r\u00e9utilisables.<\/li><\/ul>\n<\/div>\n\n\n\n<div class=\"wp-block-column is-layout-flow wp-block-column-is-layout-flow\"><div aria-hidden=\"true\" class=\"gpch-block-spacer\"><\/div>\n\n<div aria-hidden=\"true\" class=\"gpch-block-spacer\"><\/div>\n\n\n<figure class=\"wp-block-image size-large  caption-style-blue-overlay caption-alignment-center\"><img loading=\"lazy\" decoding=\"async\" width=\"1024\" height=\"683\" src=\"https:\/\/www.greenpeace.ch\/static\/planet4-switzerland-stateless\/2019\/10\/2e247d0d-gp0strmec_medium_res-1-1024x683.jpg\" alt=\"\" class=\"wp-image-37887\" srcset=\"https:\/\/www.greenpeace.ch\/static\/planet4-switzerland-stateless\/2019\/10\/2e247d0d-gp0strmec_medium_res-1-1024x683.jpg 1024w, https:\/\/www.greenpeace.ch\/static\/planet4-switzerland-stateless\/2019\/10\/2e247d0d-gp0strmec_medium_res-1-300x200.jpg 300w, https:\/\/www.greenpeace.ch\/static\/planet4-switzerland-stateless\/2019\/10\/2e247d0d-gp0strmec_medium_res-1-768x512.jpg 768w, https:\/\/www.greenpeace.ch\/static\/planet4-switzerland-stateless\/2019\/10\/2e247d0d-gp0strmec_medium_res-1-510x340.jpg 510w, https:\/\/www.greenpeace.ch\/static\/planet4-switzerland-stateless\/2019\/10\/2e247d0d-gp0strmec_medium_res-1.jpg 1200w\" sizes=\"auto, (max-width: 1024px) 100vw, 1024px\" \/><figcaption>Aliments v\u00e9g\u00e9taliens sans emballages<\/figcaption><\/figure>\n\n\n\n<figure class=\"wp-block-image size-large  caption-style-blue-overlay caption-alignment-center\"><img loading=\"lazy\" decoding=\"async\" width=\"799\" height=\"534\" src=\"https:\/\/www.greenpeace.ch\/static\/planet4-switzerland-stateless\/2019\/11\/42fde359-gp0sttope_web_size.jpg\" alt=\"\" class=\"wp-image-38207\" srcset=\"https:\/\/www.greenpeace.ch\/static\/planet4-switzerland-stateless\/2019\/11\/42fde359-gp0sttope_web_size.jpg 799w, https:\/\/www.greenpeace.ch\/static\/planet4-switzerland-stateless\/2019\/11\/42fde359-gp0sttope_web_size-300x201.jpg 300w, https:\/\/www.greenpeace.ch\/static\/planet4-switzerland-stateless\/2019\/11\/42fde359-gp0sttope_web_size-768x513.jpg 768w, https:\/\/www.greenpeace.ch\/static\/planet4-switzerland-stateless\/2019\/11\/42fde359-gp0sttope_web_size-510x340.jpg 510w\" sizes=\"auto, (max-width: 799px) 100vw, 799px\" \/><figcaption>Framboises congel\u00e9es en vente libre<\/figcaption><\/figure>\n<\/div>\n<\/div>\n\n<h3 class=\"wp-block-heading\"><strong>Cinq conseils pour un \u00e9v\u00e9nement z\u00e9ro d\u00e9chet<\/strong><\/h3>\n\n<ol class=\"wp-block-list\"><li><strong>La voie \u00e9lectronique&nbsp;: <\/strong>n\u2019invitez pas par le courrier postal, qui voyage \u00e0 la vitesse d\u2019un escargot, par affiche ou par brochure. Optez pour le durable, prenez la voie num\u00e9rique et passez \u00e0 la vitesse \u00e9lectronique&nbsp;! Depuis l\u2019av\u00e8nement des m\u00e9dias sociaux, il est plus facile que jamais de tenir vos invit\u00e9s au courant des derni\u00e8res nouvelles.<\/li><li><strong>Code plastique<\/strong>. Expliquez bien qu\u2019il s\u2019agit d\u2019un \u00e9v\u00e9nement z\u00e9ro d\u00e9chet et faites des propositions de substitution durables. Exemple : sugg\u00e9rez de remplacer les bouteilles d\u2019eau en plastique par des bidons ou des thermos.<\/li><li><strong>Soyez pr\u00e9voyant.<\/strong> Vous aurez beau envoyer autant de rappels que vous voulez, il y aura toujours quelqu\u2019un pour oublier d\u2019apporter sa bouteille ou son assiette r\u00e9utilisables. Pr\u00e9voyez donc d\u2019en avoir en r\u00e9serve. Vous pourrez aussi proposer des marqueurs effa\u00e7ables, pour que les invit\u00e9s \u00e9crivent leur nom sur leur gobelet, ce qui leur permettra de n\u2019en utiliser qu\u2019un seul pendant toute la manifestation&nbsp;!<\/li><li><strong>Pensez aux stations de compostage et de recyclage.<\/strong> V\u00e9rifiez que les paniers et poubelles sont bien identifi\u00e9s en tant que tels. Pensez, pour vous d\u00e9barrasser des d\u00e9chets, \u00e0 contacter une entreprise locale de compostage ou de recyclage, qui pourrait vous louer des stations mobiles. \u00c0 d\u00e9faut, assurez-vous de disposer de panneaux grand format, clairs, qui aideront les invit\u00e9s \u00e0 se d\u00e9barrasser correctement de leurs d\u00e9chets.&nbsp;<\/li><li><strong>L\u2019eau, c\u2019est la vie&nbsp;!<\/strong> Assurez-vous de bien indiquer les endroits o\u00f9 se trouve l\u2019eau. Vos invit\u00e9s doivent savoir o\u00f9 aller quand ils ont soif&nbsp;!<\/li><\/ol>\n<div data-render=\"planet4-blocks\/columns\" data-attributes=\"{&quot;attributes&quot;:{&quot;columns_block_style&quot;:&quot;image&quot;,&quot;columns_title&quot;:&quot;Plus de possibilit\\u00e9s d\\u2019action&quot;,&quot;columns&quot;:[{&quot;title&quot;:&quot;Tout savoir sur la pollution par le plastique&quot;,&quot;description&quot;:&quot;Le plastique pollue tous les coins de la terre. Que ce soit au fond de l\\u2019oc\\u00e9an, sur les sentiers forestiers isol\\u00e9s, sur la glace arctique ou sur les plages des \\u00eeles o\\u00f9 nichent les tortues g\\u00e9antes : les d\\u00e9chets plastiques sont partout.&quot;,&quot;attachment&quot;:&quot;https:\\\/\\\/www.greenpeace.ch\\\/static\\\/planet4-switzerland-stateless\\\/2019\\\/10\\\/e12d38b9-gp0stqs0e-510x340.jpg&quot;,&quot;cta_link&quot;:&quot;https:\\\/\\\/www.greenpeace.ch\\\/fr\\\/agir\\\/pour-avenir-sans-plastique\\\/tout-savoir-pollution-plastique\\\/&quot;,&quot;link_new_tab&quot;:false,&quot;cta_text&quot;:&quot;Agir&quot;,&quot;attachment_srcset&quot;:&quot;https:\\\/\\\/www.greenpeace.ch\\\/static\\\/planet4-switzerland-stateless\\\/2019\\\/10\\\/e12d38b9-gp0stqs0e-510x340.jpg 510w, https:\\\/\\\/www.greenpeace.ch\\\/static\\\/planet4-switzerland-stateless\\\/2019\\\/10\\\/e12d38b9-gp0stqs0e-300x200.jpg 300w, https:\\\/\\\/www.greenpeace.ch\\\/static\\\/planet4-switzerland-stateless\\\/2019\\\/10\\\/e12d38b9-gp0stqs0e-1024x683.jpg 1024w, https:\\\/\\\/www.greenpeace.ch\\\/static\\\/planet4-switzerland-stateless\\\/2019\\\/10\\\/e12d38b9-gp0stqs0e-768x512.jpg 768w, https:\\\/\\\/www.greenpeace.ch\\\/static\\\/planet4-switzerland-stateless\\\/2019\\\/10\\\/e12d38b9-gp0stqs0e.jpg 1200w&quot;},{&quot;title&quot;:&quot;Misez sur les plats \\u00e0 emporter&quot;,&quot;description&quot;:&quot;Relevez le d\\u00e9fi des contenants r\\u00e9utilisables et faites partie du mouvement qui change nos habitudes alimentaires ! Ainsi, le r\\u00e9utilisable devient la voie normale.&quot;,&quot;attachment&quot;:&quot;https:\\\/\\\/www.greenpeace.ch\\\/static\\\/planet4-switzerland-stateless\\\/2019\\\/10\\\/adf7d427-gp0sttj65-510x340.jpg&quot;,&quot;cta_link&quot;:&quot;https:\\\/\\\/www.greenpeace.ch\\\/fr\\\/agir\\\/pour-avenir-sans-plastique\\\/misez-plats-emporter\\\/&quot;,&quot;link_new_tab&quot;:false,&quot;cta_text&quot;:&quot;Agir&quot;,&quot;attachment_srcset&quot;:&quot;https:\\\/\\\/www.greenpeace.ch\\\/static\\\/planet4-switzerland-stateless\\\/2019\\\/10\\\/adf7d427-gp0sttj65-510x340.jpg 510w, https:\\\/\\\/www.greenpeace.ch\\\/static\\\/planet4-switzerland-stateless\\\/2019\\\/10\\\/adf7d427-gp0sttj65-300x200.jpg 300w, https:\\\/\\\/www.greenpeace.ch\\\/static\\\/planet4-switzerland-stateless\\\/2019\\\/10\\\/adf7d427-gp0sttj65-1024x683.jpg 1024w, https:\\\/\\\/www.greenpeace.ch\\\/static\\\/planet4-switzerland-stateless\\\/2019\\\/10\\\/adf7d427-gp0sttj65-768x512.jpg 768w, https:\\\/\\\/www.greenpeace.ch\\\/static\\\/planet4-switzerland-stateless\\\/2019\\\/10\\\/adf7d427-gp0sttj65.jpg 1200w&quot;},{&quot;title&quot;:&quot;Invitez votre supermarch\\u00e9 \\u00e0 participer&quot;,&quot;description&quot;:&quot;Relevez le d\\u00e9fi des contenants consign\\u00e9s et faites partie du mouvement qui change nos habitudes d\\u2019achat au supermarch\\u00e9.&quot;,&quot;attachment&quot;:&quot;https:\\\/\\\/www.greenpeace.ch\\\/static\\\/planet4-switzerland-stateless\\\/2019\\\/10\\\/41ae6d31-gp0sttopu-510x340.jpg&quot;,&quot;cta_link&quot;:&quot;https:\\\/\\\/www.greenpeace.ch\\\/fr\\\/agir\\\/pour-avenir-sans-plastique\\\/invitez-supermarche-participer\\\/&quot;,&quot;link_new_tab&quot;:false,&quot;cta_text&quot;:&quot;Agir&quot;,&quot;attachment_srcset&quot;:&quot;https:\\\/\\\/www.greenpeace.ch\\\/static\\\/planet4-switzerland-stateless\\\/2019\\\/10\\\/41ae6d31-gp0sttopu-510x340.jpg 510w, https:\\\/\\\/www.greenpeace.ch\\\/static\\\/planet4-switzerland-stateless\\\/2019\\\/10\\\/41ae6d31-gp0sttopu-300x201.jpg 300w, https:\\\/\\\/www.greenpeace.ch\\\/static\\\/planet4-switzerland-stateless\\\/2019\\\/10\\\/41ae6d31-gp0sttopu-1024x684.jpg 1024w, https:\\\/\\\/www.greenpeace.ch\\\/static\\\/planet4-switzerland-stateless\\\/2019\\\/10\\\/41ae6d31-gp0sttopu-768x513.jpg 768w, https:\\\/\\\/www.greenpeace.ch\\\/static\\\/planet4-switzerland-stateless\\\/2019\\\/10\\\/41ae6d31-gp0sttopu.jpg 1200w&quot;},{&quot;title&quot;:&quot;Participez au Mouvement d\\u2019audit des entreprises du plastique&quot;,&quot;description&quot;:&quot;Les b\\u00e9n\\u00e9voles nettoient les rives, les parcs et les plages locales et utilisent ces \\u00e9v\\u00e9nements pour identifier les entreprises responsables de la pollution plastique.&quot;,&quot;attachment&quot;:&quot;https:\\\/\\\/www.greenpeace.ch\\\/static\\\/planet4-switzerland-stateless\\\/2019\\\/12\\\/f96e4955-gp0sttylb-510x340-510x340.jpg&quot;,&quot;cta_link&quot;:&quot;https:\\\/\\\/www.greenpeace.ch\\\/fr\\\/agir\\\/pour-avenir-sans-plastique\\\/participez-audit-entreprises-plastique\\\/&quot;,&quot;cta_text&quot;:&quot;Agir&quot;,&quot;link_new_tab&quot;:false,&quot;attachment_srcset&quot;:&quot;https:\\\/\\\/www.greenpeace.ch\\\/static\\\/planet4-switzerland-stateless\\\/2019\\\/12\\\/f96e4955-gp0sttylb-510x340.jpg 510w, https:\\\/\\\/www.greenpeace.ch\\\/static\\\/planet4-switzerland-stateless\\\/2019\\\/12\\\/f96e4955-gp0sttylb-510x340-300x200.jpg 300w&quot;}]}}\"><\/div><div data-render=\"planet4-blocks\/columns\" data-attributes=\"{&quot;attributes&quot;:{&quot;columns_block_style&quot;:&quot;image&quot;,&quot;columns&quot;:[{&quot;title&quot;:&quot;&quot;,&quot;description&quot;:&quot;&quot;,&quot;attachment&quot;:&quot;https:\\\/\\\/www.greenpeace.ch\\\/static\\\/planet4-switzerland-stateless\\\/2019\\\/10\\\/20bc547b-gp0stqxo5-510x340.jpg&quot;,&quot;cta_link&quot;:&quot;\\\/international\\\/campaign\\\/single-use-ban-in-your-community\\\/&quot;,&quot;link_new_tab&quot;:false,&quot;cta_text&quot;:&quot;&quot;,&quot;attachment_srcset&quot;:&quot;https:\\\/\\\/www.greenpeace.ch\\\/static\\\/planet4-switzerland-stateless\\\/2019\\\/10\\\/20bc547b-gp0stqxo5-510x340.jpg 510w, https:\\\/\\\/www.greenpeace.ch\\\/static\\\/planet4-switzerland-stateless\\\/2019\\\/10\\\/20bc547b-gp0stqxo5-300x200.jpg 300w, https:\\\/\\\/www.greenpeace.ch\\\/static\\\/planet4-switzerland-stateless\\\/2019\\\/10\\\/20bc547b-gp0stqxo5-1024x683.jpg 1024w, https:\\\/\\\/www.greenpeace.ch\\\/static\\\/planet4-switzerland-stateless\\\/2019\\\/10\\\/20bc547b-gp0stqxo5-768x512.jpg 768w, https:\\\/\\\/www.greenpeace.ch\\\/static\\\/planet4-switzerland-stateless\\\/2019\\\/10\\\/20bc547b-gp0stqxo5.jpg 1200w&quot;},{&quot;title&quot;:&quot;&quot;,&quot;description&quot;:&quot;&quot;,&quot;attachment&quot;:&quot;https:\\\/\\\/www.greenpeace.ch\\\/static\\\/planet4-switzerland-stateless\\\/2019\\\/10\\\/f96e4955-gp0sttylb-510x340.jpg&quot;,&quot;cta_link&quot;:&quot;\\\/international\\\/campaign\\\/become-a-citizen-scientist\\\/&quot;,&quot;link_new_tab&quot;:true,&quot;cta_text&quot;:&quot;Handle Jetzt&quot;,&quot;attachment_srcset&quot;:&quot;https:\\\/\\\/www.greenpeace.ch\\\/static\\\/planet4-switzerland-stateless\\\/2019\\\/10\\\/f96e4955-gp0sttylb-510x340.jpg 510w, https:\\\/\\\/www.greenpeace.ch\\\/static\\\/planet4-switzerland-stateless\\\/2019\\\/10\\\/f96e4955-gp0sttylb-300x200.jpg 300w, https:\\\/\\\/www.greenpeace.ch\\\/static\\\/planet4-switzerland-stateless\\\/2019\\\/10\\\/f96e4955-gp0sttylb-1024x683.jpg 1024w, https:\\\/\\\/www.greenpeace.ch\\\/static\\\/planet4-switzerland-stateless\\\/2019\\\/10\\\/f96e4955-gp0sttylb-768x512.jpg 768w, https:\\\/\\\/www.greenpeace.ch\\\/static\\\/planet4-switzerland-stateless\\\/2019\\\/10\\\/f96e4955-gp0sttylb.jpg 1200w&quot;},{&quot;title&quot;:&quot;&quot;,&quot;link_new_tab&quot;:false,&quot;description&quot;:&quot;&quot;,&quot;cta_text&quot;:&quot;&quot;,&quot;cta_link&quot;:&quot;\\\/international\\\/campaign\\\/tools-for-teachers\\\/&quot;,&quot;attachment&quot;:&quot;https:\\\/\\\/www.greenpeace.ch\\\/static\\\/planet4-switzerland-stateless\\\/2019\\\/11\\\/dd239d7c-gp0stt4xm-510x340.jpg&quot;,&quot;attachment_srcset&quot;:&quot;https:\\\/\\\/www.greenpeace.ch\\\/static\\\/planet4-switzerland-stateless\\\/2019\\\/11\\\/dd239d7c-gp0stt4xm-510x340.jpg 510w, https:\\\/\\\/www.greenpeace.ch\\\/static\\\/planet4-switzerland-stateless\\\/2019\\\/11\\\/dd239d7c-gp0stt4xm-300x200.jpg 300w, https:\\\/\\\/www.greenpeace.ch\\\/static\\\/planet4-switzerland-stateless\\\/2019\\\/11\\\/dd239d7c-gp0stt4xm-1024x683.jpg 1024w, https:\\\/\\\/www.greenpeace.ch\\\/static\\\/planet4-switzerland-stateless\\\/2019\\\/11\\\/dd239d7c-gp0stt4xm-768x512.jpg 768w, https:\\\/\\\/www.greenpeace.ch\\\/static\\\/planet4-switzerland-stateless\\\/2019\\\/11\\\/dd239d7c-gp0stt4xm.jpg 1200w&quot;}]}}\"><\/div>","protected":false},"excerpt":{"rendered":"<p>Pas de plastique, c\u2019est fantastique&nbsp;! Il est facile, aujourd\u2019hui, de diminuer notre production de d\u00e9chets et notre d\u00e9pendance aux produits jetables qui font tellement de d\u00e9g\u00e2ts \u00e0 l\u2019environnement. Plus de 90&nbsp;% des produits en plastique sont fabriqu\u00e9s \u00e0 partir de mat\u00e9riaux non recycl\u00e9s, et si nous voulons que les entreprises responsables du d\u00e9sordre actuel renversent [&hellip;]<\/p>\n","protected":false},"author":50,"featured_media":0,"parent":32836,"menu_order":0,"comment_status":"closed","ping_status":"closed","template":"","meta":{"_acf_changed":false,"_planet4_optimize_post_is_variant":false,"_planet4_optimize_experiment_name":"","_planet4_optimize_variant_name":"","ep_exclude_from_search":false,"p4_hide_page_title_checkbox":"","p4_title":"","p4_subtitle":"","p4_description":"","background_image_id":"","background_image":"","p4_button_title":"","p4_button_link":"","p4_button_link_checkbox":"","p4_og_title":"","p4_og_description":"","p4_og_image":"","p4_og_image_id":"","p4_seo_canonical_url":"","p4_campaign_name":"not set","p4_local_project":"","p4_basket_name":"not set","p4_department":"","footnotes":""},"categories":[],"tags":[74],"class_list":["post-40728","page","type-page","status-publish","hentry","tag-zero-dechet"],"acf":[],"_links":{"self":[{"href":"https:\/\/www.greenpeace.ch\/fr\/wp-json\/wp\/v2\/pages\/40728","targetHints":{"allow":["GET"]}}],"collection":[{"href":"https:\/\/www.greenpeace.ch\/fr\/wp-json\/wp\/v2\/pages"}],"about":[{"href":"https:\/\/www.greenpeace.ch\/fr\/wp-json\/wp\/v2\/types\/page"}],"author":[{"embeddable":true,"href":"https:\/\/www.greenpeace.ch\/fr\/wp-json\/wp\/v2\/users\/50"}],"replies":[{"embeddable":true,"href":"https:\/\/www.greenpeace.ch\/fr\/wp-json\/wp\/v2\/comments?post=40728"}],"version-history":[{"count":2,"href":"https:\/\/www.greenpeace.ch\/fr\/wp-json\/wp\/v2\/pages\/40728\/revisions"}],"predecessor-version":[{"id":119875,"href":"https:\/\/www.greenpeace.ch\/fr\/wp-json\/wp\/v2\/pages\/40728\/revisions\/119875"}],"up":[{"embeddable":true,"href":"https:\/\/www.greenpeace.ch\/fr\/wp-json\/wp\/v2\/pages\/32836"}],"wp:attachment":[{"href":"https:\/\/www.greenpeace.ch\/fr\/wp-json\/wp\/v2\/media?parent=40728"}],"wp:term":[{"taxonomy":"category","embeddable":true,"href":"https:\/\/www.greenpeace.ch\/fr\/wp-json\/wp\/v2\/categories?post=40728"},{"taxonomy":"post_tag","embeddable":true,"href":"https:\/\/www.greenpeace.ch\/fr\/wp-json\/wp\/v2\/tags?post=40728"}],"curies":[{"name":"wp","href":"https:\/\/api.w.org\/{rel}","templated":true}]}}