{"id":64932,"date":"2022-03-29T08:53:35","date_gmt":"2022-03-29T06:53:35","guid":{"rendered":"https:\/\/www.greenpeace.ch\/?page_id=64932"},"modified":"2025-05-05T12:05:20","modified_gmt":"2025-05-05T10:05:20","slug":"commandez-gratuitement-des-graines-de-fleurs","status":"publish","type":"page","link":"https:\/\/www.greenpeace.ch\/fr\/commandez-gratuitement-des-graines-de-fleurs\/","title":{"rendered":"Des graines de fleurs gratuites pour votre balcon ou votre jardin"},"content":{"rendered":"\n                \n                <div class=\"wp-block-group alignfull is-layout-flow wp-block-group-is-layout-flow\">\n                \n                <div class=\"wp-block-group container is-layout-flow wp-block-group-is-layout-flow\">\n                \n                <div class=\"wp-block-media-text alignfull has-media-on-the-right is-stacked-on-mobile is-pattern-p4-page-header is-style-parallax\">\n\n                <div class=\"wp-block-media-text__content\">\n                    <div class=\"wp-block-group is-layout-flow wp-block-group-is-layout-flow\">\n                    \n                        <h1 class=\"wp-block-heading has-white-background-color has-background\">\n                            Des graines de fleurs gratuites pour votre balcon ou votre jardin\n                        <\/h1>\n                    <\/div>\n                \n\n                \n\n                \n\n                <\/div>\n                <figure class=\"wp-block-media-text__media\">\n                    <img loading=\"lazy\" decoding=\"async\" width=\"2400\" height=\"1142\"\n                        src=\"https:\/\/www.greenpeace.ch\/static\/planet4-switzerland-stateless\/2022\/03\/314149e8-header-website.png\"\n                        alt=\"\"\n                        sizes=\"auto, (min-width: 601px) 50vw, 100vw\" srcset=\"https:\/\/www.greenpeace.ch\/static\/planet4-switzerland-stateless\/2022\/03\/314149e8-header-website.png 2400w, https:\/\/www.greenpeace.ch\/static\/planet4-switzerland-stateless\/2022\/03\/314149e8-header-website-300x143.png 300w, https:\/\/www.greenpeace.ch\/static\/planet4-switzerland-stateless\/2022\/03\/314149e8-header-website-1024x487.png 1024w, https:\/\/www.greenpeace.ch\/static\/planet4-switzerland-stateless\/2022\/03\/314149e8-header-website-768x365.png 768w, https:\/\/www.greenpeace.ch\/static\/planet4-switzerland-stateless\/2022\/03\/314149e8-header-website-1536x731.png 1536w, https:\/\/www.greenpeace.ch\/static\/planet4-switzerland-stateless\/2022\/03\/314149e8-header-website-2048x975.png 2048w, https:\/\/www.greenpeace.ch\/static\/planet4-switzerland-stateless\/2022\/03\/314149e8-header-website-510x243.png 510w\" class=\"wp-image-83031 size-full\"\n                    \/>\n                <\/figure>\n                <\/div>\n                \n                <\/div>\n                \n                <\/div>\n                \n                \n<div class=\"wp-block-columns is-layout-flex wp-container-core-columns-is-layout-9d6595d7 wp-block-columns-is-layout-flex\">\n<div class=\"wp-block-column is-layout-flow wp-block-column-is-layout-flow\">\n<p>Cette action est d\u00e9j\u00e0 termin\u00e9e.<\/p>\n<\/div>\n\n\n\n<div class=\"wp-block-column is-layout-flow wp-block-column-is-layout-flow\">\n<p><\/p>\n\n\n\n<p><strong>Fleurissez votre balcon ou votre jardin et faites-en un r\u00e9gal pour les yeux et pour les abeilles. Commandez d\u00e8s maintenant et gratuitement nos graines de fleurs.<\/strong><\/p>\n\n\n\n<p>Ce riche m\u00e9lange fleurit tout au long de l&rsquo;\u00e9t\u00e9. Il offre habitat et nectar aux abeilles ainsi qu\u2019aux autres auxiliaires utiles. Le sol est activement a\u00e9r\u00e9 gr\u00e2ce aux profondes racines.<\/p>\n\n\n\n<p>Contenu: sarrasin, phac\u00e9lie, lin, tournesol, souci, lupin, tr\u00e8fle, vesce, ornithope, aneth, coriandre et mauve.<\/p>\n\n\n\n<p><\/p>\n\n\n\n<p><\/p>\n\n\n\n<figure class=\"wp-block-image size-full caption-alignment-left\"><img loading=\"lazy\" decoding=\"async\" width=\"800\" height=\"552\" src=\"https:\/\/www.greenpeace.ch\/static\/planet4-switzerland-stateless\/2022\/03\/49b89dc3-gp1suiv5_web_size.jpg\" alt=\"\" class=\"wp-image-82206\" srcset=\"https:\/\/www.greenpeace.ch\/static\/planet4-switzerland-stateless\/2022\/03\/49b89dc3-gp1suiv5_web_size.jpg 800w, https:\/\/www.greenpeace.ch\/static\/planet4-switzerland-stateless\/2022\/03\/49b89dc3-gp1suiv5_web_size-300x207.jpg 300w, https:\/\/www.greenpeace.ch\/static\/planet4-switzerland-stateless\/2022\/03\/49b89dc3-gp1suiv5_web_size-768x530.jpg 768w, https:\/\/www.greenpeace.ch\/static\/planet4-switzerland-stateless\/2022\/03\/49b89dc3-gp1suiv5_web_size-493x340.jpg 493w\" sizes=\"auto, (max-width: 800px) 100vw, 800px\" \/><\/figure>\n<\/div>\n<\/div>\n\n<p><\/p>\n","protected":false},"excerpt":{"rendered":"<p>Fleurissez votre balcon ou votre jardin et faites-en un r\u00e9gal pour les yeux et pour les abeilles. Commandez d\u00e8s maintenant et gratuitement nos graines de fleurs.<\/p>\n","protected":false},"author":99,"featured_media":42960,"parent":0,"menu_order":0,"comment_status":"closed","ping_status":"closed","template":"","meta":{"_acf_changed":false,"_planet4_optimize_post_is_variant":false,"_planet4_optimize_experiment_name":"","_planet4_optimize_variant_name":"","ep_exclude_from_search":false,"p4_hide_page_title_checkbox":"on","p4_title":"","p4_subtitle":"","p4_description":"","background_image_id":"","background_image":"","p4_button_title":"","p4_button_link":"","p4_button_link_checkbox":"","p4_og_title":"","p4_og_description":"","p4_og_image":"","p4_og_image_id":"","p4_seo_canonical_url":"","p4_campaign_name":"not set","p4_local_project":"not set","p4_basket_name":"not set","p4_department":"","footnotes":""},"categories":[121,192,192,193,193,190,120],"tags":[134],"class_list":{"0":"post-64932","1":"page","2":"type-page","3":"status-publish","4":"has-post-thumbnail","5":"hentry","6":"category-greenpeace-fr","7":"category-nature-fr","9":"category-people-fr","11":"category-unsere-themen-fr","12":"category-weitere-themen-fr","13":"tag-agir"},"acf":[],"_links":{"self":[{"href":"https:\/\/www.greenpeace.ch\/fr\/wp-json\/wp\/v2\/pages\/64932","targetHints":{"allow":["GET"]}}],"collection":[{"href":"https:\/\/www.greenpeace.ch\/fr\/wp-json\/wp\/v2\/pages"}],"about":[{"href":"https:\/\/www.greenpeace.ch\/fr\/wp-json\/wp\/v2\/types\/page"}],"author":[{"embeddable":true,"href":"https:\/\/www.greenpeace.ch\/fr\/wp-json\/wp\/v2\/users\/99"}],"replies":[{"embeddable":true,"href":"https:\/\/www.greenpeace.ch\/fr\/wp-json\/wp\/v2\/comments?post=64932"}],"version-history":[{"count":2,"href":"https:\/\/www.greenpeace.ch\/fr\/wp-json\/wp\/v2\/pages\/64932\/revisions"}],"predecessor-version":[{"id":119816,"href":"https:\/\/www.greenpeace.ch\/fr\/wp-json\/wp\/v2\/pages\/64932\/revisions\/119816"}],"wp:featuredmedia":[{"embeddable":true,"href":"https:\/\/www.greenpeace.ch\/fr\/wp-json\/wp\/v2\/media\/42960"}],"wp:attachment":[{"href":"https:\/\/www.greenpeace.ch\/fr\/wp-json\/wp\/v2\/media?parent=64932"}],"wp:term":[{"taxonomy":"category","embeddable":true,"href":"https:\/\/www.greenpeace.ch\/fr\/wp-json\/wp\/v2\/categories?post=64932"},{"taxonomy":"post_tag","embeddable":true,"href":"https:\/\/www.greenpeace.ch\/fr\/wp-json\/wp\/v2\/tags?post=64932"}],"curies":[{"name":"wp","href":"https:\/\/api.w.org\/{rel}","templated":true}]}}