{"id":81463,"date":"2019-08-14T13:02:42","date_gmt":"2019-08-14T11:02:42","guid":{"rendered":"https:\/\/www.greenpeace.ch\/kostenloser-testament-ratgeber\/danke\/"},"modified":"2025-10-14T09:18:35","modified_gmt":"2025-10-14T07:18:35","slug":"merci","status":"publish","type":"page","link":"https:\/\/www.greenpeace.ch\/fr\/testament-guide-pratique\/merci\/","title":{"rendered":"Merci pour votre commande"},"content":{"rendered":"\n\n<div class=\"wp-block-group alignfull is-layout-flow wp-block-group-is-layout-flow\">\n<div class=\"wp-block-group container is-layout-flow wp-block-group-is-layout-flow\">\n<div class=\"wp-block-media-text alignfull has-media-on-the-right is-stacked-on-mobile is-pattern-p4-page-header is-style-parallax\"><div class=\"wp-block-media-text__content\">\n<div class=\"wp-block-group is-layout-flow wp-block-group-is-layout-flow\">\n<h1 class=\"wp-block-heading has-white-background-color has-background\">\n                            Merci pour votre commande\n                        <\/h1>\n<\/div>\n<\/div><figure class=\"wp-block-media-text__media\"><img loading=\"lazy\" decoding=\"async\" width=\"2500\" height=\"1667\" src=\"https:\/\/www.greenpeace.ch\/static\/planet4-switzerland-stateless\/2019\/06\/faf7b7dc-510e7980-gp0strvj1_pressmedia-compressor.jpg\" alt=\"\" sizes=\"auto, (min-width: 601px) 50vw, 100vw\" srcset=\"https:\/\/www.greenpeace.ch\/static\/planet4-switzerland-stateless\/2019\/06\/faf7b7dc-510e7980-gp0strvj1_pressmedia-compressor.jpg 2500w, https:\/\/www.greenpeace.ch\/static\/planet4-switzerland-stateless\/2019\/06\/faf7b7dc-510e7980-gp0strvj1_pressmedia-compressor-300x200.jpg 300w, https:\/\/www.greenpeace.ch\/static\/planet4-switzerland-stateless\/2019\/06\/faf7b7dc-510e7980-gp0strvj1_pressmedia-compressor-768x512.jpg 768w, https:\/\/www.greenpeace.ch\/static\/planet4-switzerland-stateless\/2019\/06\/faf7b7dc-510e7980-gp0strvj1_pressmedia-compressor-1024x683.jpg 1024w, https:\/\/www.greenpeace.ch\/static\/planet4-switzerland-stateless\/2019\/06\/faf7b7dc-510e7980-gp0strvj1_pressmedia-compressor-2048x1366.jpg 2048w, https:\/\/www.greenpeace.ch\/static\/planet4-switzerland-stateless\/2019\/06\/faf7b7dc-510e7980-gp0strvj1_pressmedia-compressor-510x340.jpg 510w\" class=\"wp-image-30326 size-full\"\/><\/figure><\/div>\n<\/div>\n<\/div>\n\n\n<p>Merci beaucoup de votre int\u00e9r\u00eat. Selon vos souhaits, nous vous enverrons la ou les brochures souhait\u00e9es.<\/p>\n\n<p>Meilleures salutations,<\/p>\n\n<p>Anouk van Asperen,<br>Greenpeace Suisse<\/p>\n\n<div class=\"wp-block-query posts-list p4-query-loop is-custom-layout-list is-layout-flow wp-block-query-is-layout-flow\">\n<div class=\"wp-block-group is-content-justification-space-between is-layout-flex wp-container-core-group-is-layout-3d213aab wp-block-group-is-layout-flex\">\n<h2 class=\"wp-block-heading\">Plus d&rsquo;informations sur les legs et les h\u00e9ritages<\/h2>\n\n\n<li class=\" wp-block-navigation-item see-all-link wp-block-navigation-link\"><a class=\"wp-block-navigation-item__content\"  href=\"http:\/\/www.greenpeace.ch\/de\/posts\/\"><span data-ga-category=\"Posts List\" data-ga-action=\"See More Link\" data-ga-label=\"n\/a\" class=\"wp-block-navigation-item__label\">See all stories<\/span><\/a><\/li><\/div>\n\n\n\n<p style=\"margin-top:24px;margin-bottom:36px\"><\/p>\n\n\n\n\n<ul class=\"wp-block-post-template is-layout-flow wp-block-post-template-is-layout-flow\"><li class=\"wp-block-post post-89739 post type-post status-publish format-standard has-post-thumbnail hentry category-non-classifiee p4-page-type-story-fr\">\n\n<div class=\"wp-block-columns is-layout-flex wp-container-core-columns-is-layout-9d6595d7 wp-block-columns-is-layout-flex\"><figure class=\"wp-block-post-featured-image\"><a href=\"https:\/\/www.greenpeace.ch\/fr\/story-fr\/89739\/patrimoine-numerique\/\" target=\"_self\"  ><img loading=\"lazy\" decoding=\"async\" data-ga-category=\"Posts List\" data-ga-action=\"Image\" data-ga-label=\"n\/a\" width=\"799\" height=\"532\" src=\"https:\/\/www.greenpeace.ch\/static\/planet4-switzerland-stateless\/2022\/06\/48265ad8-gp0stpoe6_.jpg\" class=\"attachment-post-thumbnail size-post-thumbnail wp-post-image wp-stateless-item\" alt=\"Que va devenir votre patrimoine num\u00e9rique\u00a0?\" style=\"object-fit:cover;\" srcset=\"https:\/\/www.greenpeace.ch\/static\/planet4-switzerland-stateless\/2022\/06\/48265ad8-gp0stpoe6_.jpg 799w, https:\/\/www.greenpeace.ch\/static\/planet4-switzerland-stateless\/2022\/06\/48265ad8-gp0stpoe6_-300x200.jpg 300w, https:\/\/www.greenpeace.ch\/static\/planet4-switzerland-stateless\/2022\/06\/48265ad8-gp0stpoe6_-768x511.jpg 768w, https:\/\/www.greenpeace.ch\/static\/planet4-switzerland-stateless\/2022\/06\/48265ad8-gp0stpoe6_-510x340.jpg 510w\" sizes=\"auto, (max-width: 799px) 100vw, 799px\" data-image-size=\"post-thumbnail\" data-stateless-media-bucket=\"planet4-switzerland-stateless\" data-stateless-media-name=\"2022\/06\/48265ad8-gp0stpoe6_.jpg\" \/><\/a><\/figure>\n\n\n<div class=\"wp-block-group is-layout-flow wp-block-group-is-layout-flow\"><h3 class=\"wp-block-post-title\"><a data-ga-category=\"Posts List\" data-ga-action=\"Title\" data-ga-label=\"n\/a\" href=\"https:\/\/www.greenpeace.ch\/fr\/story-fr\/89739\/patrimoine-numerique\/\" target=\"_self\" >Que va devenir votre patrimoine num\u00e9rique\u00a0?<\/a><\/h3>\n\n<div class=\"wp-block-post-excerpt\"><p class=\"wp-block-post-excerpt__excerpt\">Aujourd\u2019hui, la plupart des gens poss\u00e8dent \u00e9galement un \u00ab patrimoine num\u00e9rique \u00bb. Celui-ci comprend des donn\u00e9es virtuelles telles que les e-mails, les profils sur les r\u00e9seaux sociaux, les valeurs patrimoniales et monnaies num\u00e9riques (cryptomonnaies), mais aussi les contenus de supports de donn\u00e9es physiques comme les disques durs, les ordinateurs et les t\u00e9l\u00e9phones portables. <\/p><\/div><\/div>\n<\/div>\n\n<\/li><li class=\"wp-block-post post-89736 post type-post status-publish format-standard has-post-thumbnail hentry category-non-classifiee p4-page-type-story-fr\">\n\n<div class=\"wp-block-columns is-layout-flex wp-container-core-columns-is-layout-9d6595d7 wp-block-columns-is-layout-flex\"><figure class=\"wp-block-post-featured-image\"><a href=\"https:\/\/www.greenpeace.ch\/fr\/story-fr\/89736\/repartir-heritage\/\" target=\"_self\"  ><img loading=\"lazy\" decoding=\"async\" data-ga-category=\"Posts List\" data-ga-action=\"Image\" data-ga-label=\"n\/a\" width=\"1024\" height=\"573\" src=\"https:\/\/www.greenpeace.ch\/static\/planet4-switzerland-stateless\/2022\/05\/9ad444d9-beitrag1.png\" class=\"attachment-post-thumbnail size-post-thumbnail wp-post-image wp-stateless-item\" alt=\"R\u00e9partir un h\u00e9ritage \u2013 qui re\u00e7oit quoi\u00a0?\" style=\"object-fit:cover;\" srcset=\"https:\/\/www.greenpeace.ch\/static\/planet4-switzerland-stateless\/2022\/05\/9ad444d9-beitrag1.png 1024w, https:\/\/www.greenpeace.ch\/static\/planet4-switzerland-stateless\/2022\/05\/9ad444d9-beitrag1-300x168.png 300w, https:\/\/www.greenpeace.ch\/static\/planet4-switzerland-stateless\/2022\/05\/9ad444d9-beitrag1-768x430.png 768w, https:\/\/www.greenpeace.ch\/static\/planet4-switzerland-stateless\/2022\/05\/9ad444d9-beitrag1-510x285.png 510w\" sizes=\"auto, (max-width: 1024px) 100vw, 1024px\" data-image-size=\"post-thumbnail\" data-stateless-media-bucket=\"planet4-switzerland-stateless\" data-stateless-media-name=\"2022\/05\/9ad444d9-beitrag1.png\" \/><\/a><\/figure>\n\n\n<div class=\"wp-block-group is-layout-flow wp-block-group-is-layout-flow\"><h3 class=\"wp-block-post-title\"><a data-ga-category=\"Posts List\" data-ga-action=\"Title\" data-ga-label=\"n\/a\" href=\"https:\/\/www.greenpeace.ch\/fr\/story-fr\/89736\/repartir-heritage\/\" target=\"_self\" >R\u00e9partir un h\u00e9ritage \u2013 qui re\u00e7oit quoi\u00a0?<\/a><\/h3>\n\n<div class=\"wp-block-post-excerpt\"><p class=\"wp-block-post-excerpt__excerpt\">Aujourd\u2019hui, la plupart des gens poss\u00e8dent \u00e9galement un \u00ab patrimoine num\u00e9rique \u00bb. Celui-ci comprend des donn\u00e9es virtuelles telles que les e-mails, les profils sur les r\u00e9seaux sociaux, les valeurs patrimoniales et monnaies num\u00e9riques (cryptomonnaies), mais aussi les contenus de supports de donn\u00e9es physiques comme les disques durs, les ordinateurs et les t\u00e9l\u00e9phones portables. <\/p><\/div><\/div>\n<\/div>\n\n<\/li><li class=\"wp-block-post post-89742 post type-post status-publish format-standard has-post-thumbnail hentry category-non-classifiee p4-page-type-story-fr\">\n\n<div class=\"wp-block-columns is-layout-flex wp-container-core-columns-is-layout-9d6595d7 wp-block-columns-is-layout-flex\"><figure class=\"wp-block-post-featured-image\"><a href=\"https:\/\/www.greenpeace.ch\/fr\/story-fr\/89742\/difference-legs-heritage\/\" target=\"_self\"  ><img loading=\"lazy\" decoding=\"async\" data-ga-category=\"Posts List\" data-ga-action=\"Image\" data-ga-label=\"n\/a\" width=\"800\" height=\"528\" src=\"https:\/\/www.greenpeace.ch\/static\/planet4-switzerland-stateless\/2022\/05\/25691ad4-gp03ed2_.jpg\" class=\"attachment-post-thumbnail size-post-thumbnail wp-post-image wp-stateless-item\" alt=\"Legs et h\u00e9ritage \u2013 Quelle diff\u00e9rence\u00a0?\" style=\"object-fit:cover;\" srcset=\"https:\/\/www.greenpeace.ch\/static\/planet4-switzerland-stateless\/2022\/05\/25691ad4-gp03ed2_.jpg 800w, https:\/\/www.greenpeace.ch\/static\/planet4-switzerland-stateless\/2022\/05\/25691ad4-gp03ed2_-300x198.jpg 300w, https:\/\/www.greenpeace.ch\/static\/planet4-switzerland-stateless\/2022\/05\/25691ad4-gp03ed2_-768x507.jpg 768w, https:\/\/www.greenpeace.ch\/static\/planet4-switzerland-stateless\/2022\/05\/25691ad4-gp03ed2_-510x337.jpg 510w\" sizes=\"auto, (max-width: 800px) 100vw, 800px\" data-image-size=\"post-thumbnail\" data-stateless-media-bucket=\"planet4-switzerland-stateless\" data-stateless-media-name=\"2022\/05\/25691ad4-gp03ed2_.jpg\" \/><\/a><\/figure>\n\n\n<div class=\"wp-block-group is-layout-flow wp-block-group-is-layout-flow\"><h3 class=\"wp-block-post-title\"><a data-ga-category=\"Posts List\" data-ga-action=\"Title\" data-ga-label=\"n\/a\" href=\"https:\/\/www.greenpeace.ch\/fr\/story-fr\/89742\/difference-legs-heritage\/\" target=\"_self\" >Legs et h\u00e9ritage \u2013 Quelle diff\u00e9rence\u00a0?<\/a><\/h3>\n\n<div class=\"wp-block-post-excerpt\"><p class=\"wp-block-post-excerpt__excerpt\">Vous pouvez l\u00e9guer \u00e0 Greenpeace une somme d\u2019argent d\u00e9termin\u00e9e ou des biens mat\u00e9riels (immeubles, \u0153uvres d\u2019art, titres, assurance-vie ou autres objets de valeur). Il s\u2019agit alors d\u2019un legs, et Greenpeace n\u2019est pas consid\u00e9r\u00e9e comme votre h\u00e9riti\u00e8re. <\/p><\/div><\/div>\n<\/div>\n\n<\/li><li class=\"wp-block-post post-89891 post type-post status-publish format-standard has-post-thumbnail hentry category-non-classifiee p4-page-type-story-fr\">\n\n<div class=\"wp-block-columns is-layout-flex wp-container-core-columns-is-layout-9d6595d7 wp-block-columns-is-layout-flex\"><figure class=\"wp-block-post-featured-image\"><a href=\"https:\/\/www.greenpeace.ch\/fr\/story-fr\/89891\/nouveau-droit-successions-2023\/\" target=\"_self\"  ><img loading=\"lazy\" decoding=\"async\" data-ga-category=\"Posts List\" data-ga-action=\"Image\" data-ga-label=\"n\/a\" width=\"800\" height=\"533\" src=\"https:\/\/www.greenpeace.ch\/static\/planet4-switzerland-stateless\/2022\/05\/7cd1d916-gp0stpwpr_.jpg\" class=\"attachment-post-thumbnail size-post-thumbnail wp-post-image wp-stateless-item\" alt=\"Nouveau droit successoral en vigueur depuis 2023\" style=\"object-fit:cover;\" srcset=\"https:\/\/www.greenpeace.ch\/static\/planet4-switzerland-stateless\/2022\/05\/7cd1d916-gp0stpwpr_.jpg 800w, https:\/\/www.greenpeace.ch\/static\/planet4-switzerland-stateless\/2022\/05\/7cd1d916-gp0stpwpr_-300x200.jpg 300w, https:\/\/www.greenpeace.ch\/static\/planet4-switzerland-stateless\/2022\/05\/7cd1d916-gp0stpwpr_-768x512.jpg 768w, https:\/\/www.greenpeace.ch\/static\/planet4-switzerland-stateless\/2022\/05\/7cd1d916-gp0stpwpr_-510x340.jpg 510w\" sizes=\"auto, (max-width: 800px) 100vw, 800px\" data-image-size=\"post-thumbnail\" data-stateless-media-bucket=\"planet4-switzerland-stateless\" data-stateless-media-name=\"2022\/05\/7cd1d916-gp0stpwpr_.jpg\" \/><\/a><\/figure>\n\n\n<div class=\"wp-block-group is-layout-flow wp-block-group-is-layout-flow\"><h3 class=\"wp-block-post-title\"><a data-ga-category=\"Posts List\" data-ga-action=\"Title\" data-ga-label=\"n\/a\" href=\"https:\/\/www.greenpeace.ch\/fr\/story-fr\/89891\/nouveau-droit-successions-2023\/\" target=\"_self\" >Nouveau droit successoral en vigueur depuis 2023<\/a><\/h3>\n\n<div class=\"wp-block-post-excerpt\"><p class=\"wp-block-post-excerpt__excerpt\">Le nouveau droit successoral depuis d\u00e9but 2023. Les parts d\u2019h\u00e9ritage l\u00e9gales ne sont pas modifi\u00e9es, mais les parts r\u00e9servataires diminuent. Cela signifie que vous avez davantage de libert\u00e9 pour favoriser les personnes ou les institutions de votre choix. <\/p><\/div><\/div>\n<\/div>\n\n<\/li><\/ul>\n\n\n<div class=\"wp-block-buttons carousel-controls is-horizontal is-content-justification-space-between is-nowrap is-layout-flex wp-container-core-buttons-is-layout-044bd602 wp-block-buttons-is-layout-flex\">\n<div class=\"wp-block-button carousel-control-prev\"><button type=\"button\" class=\"wp-block-button__link wp-element-button\">Prev<\/button><\/div>\n\n\n\n<div class=\"wp-block-button carousel-control-next\"><button type=\"button\" class=\"wp-block-button__link wp-element-button\">N\u00e4chste<\/button><\/div>\n<\/div>\n<\/div>\n","protected":false},"excerpt":{"rendered":"<p>Merci beaucoup de votre int\u00e9r\u00eat. Selon vos souhaits, nous vous enverrons la ou les brochures souhait\u00e9es. Meilleures salutations, Anouk van Asperen,Greenpeace Suisse<\/p>\n","protected":false},"author":99,"featured_media":55882,"parent":81447,"menu_order":0,"comment_status":"closed","ping_status":"closed","template":"","meta":{"_acf_changed":false,"_planet4_optimize_post_is_variant":false,"_planet4_optimize_experiment_name":"","_planet4_optimize_variant_name":"","ep_exclude_from_search":true,"p4_hide_page_title_checkbox":"on","p4_title":"","p4_subtitle":"","p4_description":"","background_image_id":"","background_image":"","p4_button_title":"","p4_button_link":"","p4_button_link_checkbox":"","p4_og_title":"","p4_og_description":"","p4_og_image":"","p4_og_image_id":"","p4_seo_canonical_url":"","p4_campaign_name":"not set","p4_local_project":"not set","p4_basket_name":"not set","p4_department":"","footnotes":""},"categories":[],"tags":[],"class_list":["post-81463","page","type-page","status-publish","has-post-thumbnail","hentry"],"acf":[],"_links":{"self":[{"href":"https:\/\/www.greenpeace.ch\/fr\/wp-json\/wp\/v2\/pages\/81463","targetHints":{"allow":["GET"]}}],"collection":[{"href":"https:\/\/www.greenpeace.ch\/fr\/wp-json\/wp\/v2\/pages"}],"about":[{"href":"https:\/\/www.greenpeace.ch\/fr\/wp-json\/wp\/v2\/types\/page"}],"author":[{"embeddable":true,"href":"https:\/\/www.greenpeace.ch\/fr\/wp-json\/wp\/v2\/users\/99"}],"replies":[{"embeddable":true,"href":"https:\/\/www.greenpeace.ch\/fr\/wp-json\/wp\/v2\/comments?post=81463"}],"version-history":[{"count":9,"href":"https:\/\/www.greenpeace.ch\/fr\/wp-json\/wp\/v2\/pages\/81463\/revisions"}],"predecessor-version":[{"id":126816,"href":"https:\/\/www.greenpeace.ch\/fr\/wp-json\/wp\/v2\/pages\/81463\/revisions\/126816"}],"up":[{"embeddable":true,"href":"https:\/\/www.greenpeace.ch\/fr\/wp-json\/wp\/v2\/pages\/81447"}],"wp:featuredmedia":[{"embeddable":true,"href":"https:\/\/www.greenpeace.ch\/fr\/wp-json\/wp\/v2\/media\/55882"}],"wp:attachment":[{"href":"https:\/\/www.greenpeace.ch\/fr\/wp-json\/wp\/v2\/media?parent=81463"}],"wp:term":[{"taxonomy":"category","embeddable":true,"href":"https:\/\/www.greenpeace.ch\/fr\/wp-json\/wp\/v2\/categories?post=81463"},{"taxonomy":"post_tag","embeddable":true,"href":"https:\/\/www.greenpeace.ch\/fr\/wp-json\/wp\/v2\/tags?post=81463"}],"curies":[{"name":"wp","href":"https:\/\/api.w.org\/{rel}","templated":true}]}}