{"id":89717,"date":"2022-09-01T15:22:00","date_gmt":"2022-09-01T13:22:00","guid":{"rendered":"https:\/\/www.greenpeace.ch\/agir\/dons\/legs-heritage\/wie-schreibe-ich-ein-testament\/"},"modified":"2026-04-17T11:46:07","modified_gmt":"2026-04-17T09:46:07","slug":"comment-etablir-testament","status":"publish","type":"page","link":"https:\/\/www.greenpeace.ch\/fr\/legs-heritage\/comment-etablir-testament\/","title":{"rendered":"Comment \u00e9tablir votre testament ?"},"content":{"rendered":"\n\n<div class=\"wp-block-group alignfull is-layout-flow wp-block-group-is-layout-flow\">\n<div class=\"wp-block-group container is-layout-flow wp-block-group-is-layout-flow\">\n<div class=\"wp-block-media-text alignfull has-media-on-the-right is-stacked-on-mobile is-pattern-p4-page-header is-style-parallax\"><div class=\"wp-block-media-text__content\">\n<div class=\"wp-block-group is-layout-flow wp-block-group-is-layout-flow\">\n<h1 class=\"wp-block-heading has-white-background-color has-background\">\n                            Comment \u00e9tablir votre testament ?\n                        <\/h1>\n<\/div>\n<\/div><figure class=\"wp-block-media-text__media\"><img loading=\"lazy\" decoding=\"async\" width=\"800\" height=\"534\" src=\"https:\/\/www.greenpeace.ch\/static\/planet4-switzerland-stateless\/2024\/08\/dc5bfc64-gp04f5q_low-res-800px.jpg\" alt=\"\" sizes=\"auto, (min-width: 601px) 50vw, 100vw\" srcset=\"https:\/\/www.greenpeace.ch\/static\/planet4-switzerland-stateless\/2024\/08\/dc5bfc64-gp04f5q_low-res-800px.jpg 800w, https:\/\/www.greenpeace.ch\/static\/planet4-switzerland-stateless\/2024\/08\/dc5bfc64-gp04f5q_low-res-800px-300x200.jpg 300w, https:\/\/www.greenpeace.ch\/static\/planet4-switzerland-stateless\/2024\/08\/dc5bfc64-gp04f5q_low-res-800px-768x513.jpg 768w, https:\/\/www.greenpeace.ch\/static\/planet4-switzerland-stateless\/2024\/08\/dc5bfc64-gp04f5q_low-res-800px-510x340.jpg 510w\" class=\"wp-image-111140 size-full\"\/><\/figure><\/div>\n<\/div>\n<\/div>\n\n\n<div class=\"wp-block-group is-vertical is-layout-flex wp-container-core-group-is-layout-8cf370e7 wp-block-group-is-layout-flex\"><\/div>\n\n<p>Aucune connaissance sp\u00e9cifique n\u2019est n\u00e9cessaire pour \u00e9tablir un testament. Ces quelques explications vous aideront \u00e0 ne rien oublier et vous guideront pas \u00e0 pas dans la r\u00e9daction de votre testament.<\/p>\n\n<h2 class=\"wp-block-heading is-style-underline\"><strong><strong>Pour r\u00e9diger votre testament<\/strong><\/strong><\/h2>\n\n<ol class=\"wp-block-list\">\n<li><strong><strong>Dresser l\u2019inventaire de son patrimoine<\/strong><\/strong><br>Commencez par vous faire une id\u00e9e de votre patrimoine. Quelle qu\u2019en soit l\u2019ampleur, il ne se r\u00e9sume pas \u00e0 une somme d\u2019argent, des actions et des polices d\u2019assurance, mais comprend aussi les bijoux, les \u0153uvres d\u2019art et les v\u00e9hicules, ainsi que la maison de vacances ou le terrain que vous poss\u00e9dez peut-\u00eatre. Pensez \u00e9galement \u00e0 vos souvenirs personnels, tels que les albums-photos ou les lettres, et ce qu\u2019il en adviendra.<\/li>\n\n\n\n<li><strong><strong>Le partage de la succession selon la loi<\/strong><\/strong><br>\u00c0 qui allez-vous transmettre votre h\u00e9ritage&nbsp;? Prenez en compte les dispositions l\u00e9gales. Notre calculateur de testament vous aide \u00e0 faire le point sur votre situation personnelle en mati\u00e8re de succession.<\/li>\n\n\n\n<li><strong><strong>Qui h\u00e9rite quoi&nbsp;?<\/strong><\/strong><br>R\u00e9fl\u00e9chissez tranquillement \u00e0 celles et ceux \u00e0 qui vous aimeriez l\u00e9guer une somme d\u2019argent ou un objet. Quelles sont vos h\u00e9ritiers et h\u00e9riti\u00e8res selon la loi&nbsp;? Y a-t-il des personnes ou des organisations que vous souhaitez favoriser&nbsp;? Prenez tout le temps n\u00e9cessaire pour prendre votre d\u00e9cision.<\/li>\n\n\n\n<li><strong><strong>Mon testament est-il valable&nbsp;?<\/strong><\/strong><br>Si vous avez d\u00e9cid\u00e9 de r\u00e9diger un testament olographe, v\u00e9rifiez que toutes les conditions de validit\u00e9 sont remplies. Dans le doute, demandez conseil \u00e0 un\u00b7e professionnel\u00b7le ou optez pour le testament notari\u00e9.<\/li>\n\n\n\n<li><strong><strong>Ex\u00e9cution du testament<\/strong><\/strong><br>Choisissez une personne neutre et comp\u00e9tente comme ex\u00e9cuteur ou ex\u00e9cutrice testamentaire. Cette personne doit disposer d\u2019un mandat pour agir selon vos volont\u00e9s. Elle g\u00e8re la masse successorale, aide \u00e0 pr\u00e9venir les litiges successoraux et accomplit toutes les d\u00e9marches administratives. Il n\u2019est pas toujours n\u00e9cessaire de nommer un ex\u00e9cuteur ou une ex\u00e9cutrice testamentaire.<\/li>\n\n\n\n<li><strong><strong>Conservation<\/strong><\/strong><br>Vous pouvez garder votre testament \u00e0 votre domicile, mais il y a un risque qu\u2019on ne le retrouve pas le moment venu. La solution la plus simple et la plus \u00e9conomique pour conserver votre testament est de le confier \u00e0 votre commune. Renseignez-vous aupr\u00e8s de l\u2019administration comp\u00e9tente dans votre lieu de domicile. Le testament notari\u00e9 est conserv\u00e9 \u00e0 l\u2019\u00e9tude du notaire.<\/li>\n<\/ol>\n\n<h2 class=\"wp-block-heading is-style-underline\">Deux fa\u00e7ons d\u2019\u00e9tablir un testament<\/h2>\n\n<h3 class=\"wp-block-heading\"><strong>Le testament olographe<\/strong><\/h3>\n\n<p>Avec le testament olographe, vous r\u00e9digez vous-m\u00eame vos derni\u00e8res volont\u00e9s. Pour qu\u2019il soit valable, il convient de respecter les points suivants&nbsp;:<\/p>\n\n<ul class=\"wp-block-list\">\n<li>Le testament doit \u00eatre enti\u00e8rement \u00e9crit <strong>\u00e0 la main<\/strong>. Les testaments \u00e9crits \u00e0 l\u2019ordinateur ou \u00e0 la machine ne sont pas valables.<\/li>\n\n\n\n<li>Inscrivez le titre \u00ab&nbsp;Testament&nbsp;\u00bb, \u00ab&nbsp;Derni\u00e8res volont\u00e9s&nbsp;\u00bb ou \u00ab&nbsp;Dispositions testamentaires&nbsp;\u00bb, indiquez le lieu et la date de r\u00e9daction. Signez le document.<\/li>\n\n\n\n<li>Les modifications, compl\u00e9ments et ajouts doivent \u00eatre signal\u00e9s comme tels avec mention du lieu et de la <strong>date, ainsi que votre signature<\/strong>.<\/li>\n<\/ul>\n\n<h3 class=\"wp-block-heading\"><strong>Le testament notari\u00e9<\/strong><\/h3>\n\n<p>Le testament notari\u00e9 ou public est \u00e9tabli en pr\u00e9sence de deux t\u00e9moins et d\u2019un ou d\u2019une notaire. Son avantage&nbsp;: vous avez la certitude que tout est en ordre. Les formulations ambigu\u00ebs peuvent en effet donner lieu \u00e0 des litiges et les vices de forme causer l\u2019annulation du testament.<\/p>\n\n<h2 class=\"wp-block-heading is-style-underline\">Exemples de formulations<\/h2>\n\n<p><strong>Comment formuler correctement mon testament pour y faire figurer Greenpeace&nbsp;?<\/strong><br>Voici un exemple de texte dont vous pouvez vous inspirer pour mentionner valablement Greenpeace Suisse dans votre testament&nbsp;:<\/p>\n\n<p><em>Je l\u00e8gue \u00e0 titre particulier \u00e0 la fondation Greenpeace Suisse, sise actuellement \u00e0 la Badenerstrasse 171, 8003 Z\u00fcrich&nbsp;: <\/em><\/p>\n\n<p>&#8230;<em>15&rsquo;000.- CHF (quinze mille francs)<\/em>.<br>(indiquer le montant choisi)<\/p>\n\n<p><em>&#8230;en qualit\u00e9 d\u2019h\u00e9riti\u00e8re de 25&nbsp;% de ma succession<\/em>.<br>(indiquer le pourcentage choisi)<\/p>\n\n<p><em>&#8230;en qualit\u00e9 de seule h\u00e9riti\u00e8re de ma succession.<\/em><br>(en l\u2019absence de r\u00e9serve h\u00e9r\u00e9ditaire)<\/p>\n\n<h2 class=\"wp-block-heading is-style-underline\"><strong>Des questions&nbsp;?<\/strong><\/h2>\n\n<div class=\"wp-block-columns is-layout-flex wp-container-core-columns-is-layout-9d6595d7 wp-block-columns-is-layout-flex\">\n<div class=\"wp-block-column is-layout-flow wp-block-column-is-layout-flow\" style=\"flex-basis:66.66%\">\n<div class=\"wp-block-columns is-layout-flex wp-container-core-columns-is-layout-9d6595d7 wp-block-columns-is-layout-flex\">\n<div class=\"wp-block-column is-layout-flow wp-block-column-is-layout-flow\" style=\"flex-basis:33.33%\">\n<figure class=\"wp-block-image size-medium\"><img loading=\"lazy\" decoding=\"async\" width=\"200\" height=\"300\" src=\"https:\/\/www.greenpeace.ch\/static\/planet4-switzerland-stateless\/2026\/04\/db9e64b5-img_6418_mm_final-200x300.jpg\" alt=\"\" class=\"wp-image-131429\" srcset=\"https:\/\/www.greenpeace.ch\/static\/planet4-switzerland-stateless\/2026\/04\/db9e64b5-img_6418_mm_final-200x300.jpg 200w, https:\/\/www.greenpeace.ch\/static\/planet4-switzerland-stateless\/2026\/04\/db9e64b5-img_6418_mm_final-683x1024.jpg 683w, https:\/\/www.greenpeace.ch\/static\/planet4-switzerland-stateless\/2026\/04\/db9e64b5-img_6418_mm_final-768x1152.jpg 768w, https:\/\/www.greenpeace.ch\/static\/planet4-switzerland-stateless\/2026\/04\/db9e64b5-img_6418_mm_final-1024x1536.jpg 1024w, https:\/\/www.greenpeace.ch\/static\/planet4-switzerland-stateless\/2026\/04\/db9e64b5-img_6418_mm_final-1365x2048.jpg 1365w, https:\/\/www.greenpeace.ch\/static\/planet4-switzerland-stateless\/2026\/04\/db9e64b5-img_6418_mm_final-911x1366.jpg 911w, https:\/\/www.greenpeace.ch\/static\/planet4-switzerland-stateless\/2026\/04\/db9e64b5-img_6418_mm_final-227x340.jpg 227w, https:\/\/www.greenpeace.ch\/static\/planet4-switzerland-stateless\/2026\/04\/db9e64b5-img_6418_mm_final-scaled.jpg 1707w\" sizes=\"auto, (max-width: 200px) 100vw, 200px\" \/><\/figure>\n<\/div>\n\n\n\n<div class=\"wp-block-column is-layout-flow wp-block-column-is-layout-flow\" style=\"flex-basis:66.66%\">\n<p>Il est parfois plus simple de d\u00e9crire sa situation et de poser directement ses questions \u00e0 une personne qui vous donnera des conseils personnalis\u00e9s. N\u2019h\u00e9sitez pas \u00e0 nous contacter, nous vous renseigne volontiers.<\/p>\n\n\n\n<p><strong>Simone Fuhrmann<\/strong><br>Responsable philanthrope &amp; legs<br><a href=\"mailto:simone.fuhrmann@greenpeace.org\">simone.fuhrmann@greenpeace.org<\/a><br>044 447 41 80<\/p>\n<\/div>\n<\/div>\n<\/div>\n<\/div>\n\n<p><strong>Si nous voulons pr\u00e9server notre plan\u00e8te pour les g\u00e9n\u00e9rations futures, Greenpeace doit pouvoir disposer d\u2019une base financi\u00e8re solide. Votre legs nous permet de continuer \u00e0 nous engager pour la nature.<\/strong><\/p>\n\n<h2 class=\"wp-block-heading is-style-underline\">Un outil pratique&nbsp;: le calculateur de testament<\/h2>\n\n<p>Le montant de la quotit\u00e9 disponible que vous pouvez attribuer librement dans votre testament varie selon votre situation familiale. Il existe des exigences l\u00e9gales auxquelles vous devez vous conformer.<\/p>\n\n<p>Le nouveau droit successoral depuis d\u00e9but 2023. Il vous laisse une plus grande marge d\u2019action pour d\u00e9cider selon votre bon vouloir qui vous souhaitez favoriser, et comment, lorsque des membres de votre famille vous survivent&nbsp;: leur r\u00e9serve h\u00e9r\u00e9ditaire est dor\u00e9navant r\u00e9duite \u00e0 la moiti\u00e9 de leur droit l\u00e9gal \u00e0 la succession (contre trois quarts auparavant).<\/p>\n\n<p>V\u00e9rifiez d\u00e8s maintenant votre situation personnelle en mati\u00e8re de succession avec <a href=\"https:\/\/www.greenpeace.ch\/fr\/agir\/dons\/legs-heritage\/calculateur-testament\/\">notre calculateur de testament<\/a>, afin de d\u00e9terminer le montant dont vous pouvez disposer librement.<\/p>\n\n<h2 class=\"wp-block-heading is-style-underline\">Plus d&rsquo;articles sur les legs et les h\u00e9ritages<\/h2>\n\n<div class=\"wp-block-query posts-list p4-query-loop is-custom-layout-list is-layout-flow wp-block-query-is-layout-flow\">\n<div class=\"wp-block-group is-content-justification-space-between is-layout-flex wp-container-core-group-is-layout-3d213aab wp-block-group-is-layout-flex\">\n<h2 class=\"wp-block-heading\"><\/h2>\n\n\n<li class=\" wp-block-navigation-item see-all-link wp-block-navigation-link\"><a class=\"wp-block-navigation-item__content\"  href=\"http:\/\/www.greenpeace.ch\/de\/posts\/\"><span class=\"wp-block-navigation-item__label\">See all stories<\/span><\/a><\/li><\/div>\n\n\n\n<p style=\"margin-top:24px;margin-bottom:36px\"><\/p>\n\n\n\n\n<ul class=\"wp-block-post-template is-layout-flow wp-block-post-template-is-layout-flow\"><li class=\"wp-block-post post-89736 post type-post status-publish format-standard has-post-thumbnail hentry category-non-classifiee p4-page-type-story-fr\">\n\n<div class=\"wp-block-columns is-layout-flex wp-container-core-columns-is-layout-9d6595d7 wp-block-columns-is-layout-flex\"><figure class=\"wp-block-post-featured-image\"><a href=\"https:\/\/www.greenpeace.ch\/fr\/story-fr\/89736\/repartir-heritage\/\" target=\"_self\"  ><img loading=\"lazy\" decoding=\"async\" width=\"1024\" height=\"573\" src=\"https:\/\/www.greenpeace.ch\/static\/planet4-switzerland-stateless\/2022\/05\/9ad444d9-beitrag1.png\" class=\"attachment-post-thumbnail size-post-thumbnail wp-post-image wp-stateless-item\" alt=\"R\u00e9partir un h\u00e9ritage \u2013 qui re\u00e7oit quoi\u00a0?\" style=\"object-fit:cover;\" srcset=\"https:\/\/www.greenpeace.ch\/static\/planet4-switzerland-stateless\/2022\/05\/9ad444d9-beitrag1.png 1024w, https:\/\/www.greenpeace.ch\/static\/planet4-switzerland-stateless\/2022\/05\/9ad444d9-beitrag1-300x168.png 300w, https:\/\/www.greenpeace.ch\/static\/planet4-switzerland-stateless\/2022\/05\/9ad444d9-beitrag1-768x430.png 768w, https:\/\/www.greenpeace.ch\/static\/planet4-switzerland-stateless\/2022\/05\/9ad444d9-beitrag1-510x285.png 510w\" sizes=\"auto, (max-width: 1024px) 100vw, 1024px\" data-image-size=\"post-thumbnail\" data-stateless-media-bucket=\"planet4-switzerland-stateless\" data-stateless-media-name=\"2022\/05\/9ad444d9-beitrag1.png\" \/><\/a><\/figure>\n\n\n<div class=\"wp-block-group is-layout-flow wp-block-group-is-layout-flow\">\n<div class=\"wp-block-group is-layout-flex wp-block-group-is-layout-flex\"><div class=\"wp-block-post-terms\"><a href=\"https:\/\/www.greenpeace.ch\/fr\/story-fr\/\">Story<\/a><\/div>\n\n<div class=\"wp-block-post-terms\"><a href=\"https:\/\/www.greenpeace.ch\/fr\/story-fr\/\">Story<\/a><\/div>\n\n<\/div>\n\n\n<h3 class=\"wp-block-post-title\"><a href=\"https:\/\/www.greenpeace.ch\/fr\/story-fr\/89736\/repartir-heritage\/\" target=\"_self\" >R\u00e9partir un h\u00e9ritage \u2013 qui re\u00e7oit quoi\u00a0?<\/a><\/h3>\n\n<div class=\"wp-block-post-excerpt\"><p class=\"wp-block-post-excerpt__excerpt\">Aujourd\u2019hui, la plupart des gens poss\u00e8dent \u00e9galement un \u00ab patrimoine num\u00e9rique \u00bb. Celui-ci comprend des donn\u00e9es virtuelles telles que les e-mails, les profils sur les r\u00e9seaux sociaux, les valeurs patrimoniales et monnaies num\u00e9riques (cryptomonnaies), mais aussi les contenus de supports de donn\u00e9es physiques comme les disques durs, les ordinateurs et les t\u00e9l\u00e9phones portables. <\/p><\/div>\n\n\n<div class=\"wp-block-group posts-list-meta is-layout-flow wp-block-group-is-layout-flow\"><span class='article-list-item-author'>Greenpeace Schweiz<\/span>\n\n<div class=\"wp-block-post-date\"><time datetime=\"2022-09-01T10:13:00+02:00\">1. septembre 2022<\/time><\/div><\/div>\n<\/div>\n<\/div>\n\n<\/li><li class=\"wp-block-post post-89742 post type-post status-publish format-standard has-post-thumbnail hentry category-non-classifiee p4-page-type-story-fr\">\n\n<div class=\"wp-block-columns is-layout-flex wp-container-core-columns-is-layout-9d6595d7 wp-block-columns-is-layout-flex\"><figure class=\"wp-block-post-featured-image\"><a href=\"https:\/\/www.greenpeace.ch\/fr\/story-fr\/89742\/difference-legs-heritage\/\" target=\"_self\"  ><img loading=\"lazy\" decoding=\"async\" width=\"800\" height=\"528\" src=\"https:\/\/www.greenpeace.ch\/static\/planet4-switzerland-stateless\/2022\/05\/25691ad4-gp03ed2_.jpg\" class=\"attachment-post-thumbnail size-post-thumbnail wp-post-image wp-stateless-item\" alt=\"Legs et h\u00e9ritage \u2013 Quelle diff\u00e9rence\u00a0?\" style=\"object-fit:cover;\" srcset=\"https:\/\/www.greenpeace.ch\/static\/planet4-switzerland-stateless\/2022\/05\/25691ad4-gp03ed2_.jpg 800w, https:\/\/www.greenpeace.ch\/static\/planet4-switzerland-stateless\/2022\/05\/25691ad4-gp03ed2_-300x198.jpg 300w, https:\/\/www.greenpeace.ch\/static\/planet4-switzerland-stateless\/2022\/05\/25691ad4-gp03ed2_-768x507.jpg 768w, https:\/\/www.greenpeace.ch\/static\/planet4-switzerland-stateless\/2022\/05\/25691ad4-gp03ed2_-510x337.jpg 510w\" sizes=\"auto, (max-width: 800px) 100vw, 800px\" data-image-size=\"post-thumbnail\" data-stateless-media-bucket=\"planet4-switzerland-stateless\" data-stateless-media-name=\"2022\/05\/25691ad4-gp03ed2_.jpg\" \/><\/a><\/figure>\n\n\n<div class=\"wp-block-group is-layout-flow wp-block-group-is-layout-flow\">\n<div class=\"wp-block-group is-layout-flex wp-block-group-is-layout-flex\"><div class=\"wp-block-post-terms\"><a href=\"https:\/\/www.greenpeace.ch\/fr\/story-fr\/\">Story<\/a><\/div>\n\n<div class=\"wp-block-post-terms\"><a href=\"https:\/\/www.greenpeace.ch\/fr\/story-fr\/\">Story<\/a><\/div>\n\n<\/div>\n\n\n<h3 class=\"wp-block-post-title\"><a href=\"https:\/\/www.greenpeace.ch\/fr\/story-fr\/89742\/difference-legs-heritage\/\" target=\"_self\" >Legs et h\u00e9ritage \u2013 Quelle diff\u00e9rence\u00a0?<\/a><\/h3>\n\n<div class=\"wp-block-post-excerpt\"><p class=\"wp-block-post-excerpt__excerpt\">Vous pouvez l\u00e9guer \u00e0 Greenpeace une somme d\u2019argent d\u00e9termin\u00e9e ou des biens mat\u00e9riels (immeubles, \u0153uvres d\u2019art, titres, assurance-vie ou autres objets de valeur). Il s\u2019agit alors d\u2019un legs, et Greenpeace n\u2019est pas consid\u00e9r\u00e9e comme votre h\u00e9riti\u00e8re. <\/p><\/div>\n\n\n<div class=\"wp-block-group posts-list-meta is-layout-flow wp-block-group-is-layout-flow\"><span class='article-list-item-author'>Greenpeace Schweiz<\/span>\n\n<div class=\"wp-block-post-date\"><time datetime=\"2022-09-01T10:09:00+02:00\">1. septembre 2022<\/time><\/div><\/div>\n<\/div>\n<\/div>\n\n<\/li><li class=\"wp-block-post post-89739 post type-post status-publish format-standard has-post-thumbnail hentry category-non-classifiee p4-page-type-story-fr\">\n\n<div class=\"wp-block-columns is-layout-flex wp-container-core-columns-is-layout-9d6595d7 wp-block-columns-is-layout-flex\"><figure class=\"wp-block-post-featured-image\"><a href=\"https:\/\/www.greenpeace.ch\/fr\/story-fr\/89739\/patrimoine-numerique\/\" target=\"_self\"  ><img loading=\"lazy\" decoding=\"async\" width=\"799\" height=\"532\" src=\"https:\/\/www.greenpeace.ch\/static\/planet4-switzerland-stateless\/2022\/06\/48265ad8-gp0stpoe6_.jpg\" class=\"attachment-post-thumbnail size-post-thumbnail wp-post-image wp-stateless-item\" alt=\"Que va devenir votre patrimoine num\u00e9rique\u00a0?\" style=\"object-fit:cover;\" srcset=\"https:\/\/www.greenpeace.ch\/static\/planet4-switzerland-stateless\/2022\/06\/48265ad8-gp0stpoe6_.jpg 799w, https:\/\/www.greenpeace.ch\/static\/planet4-switzerland-stateless\/2022\/06\/48265ad8-gp0stpoe6_-300x200.jpg 300w, https:\/\/www.greenpeace.ch\/static\/planet4-switzerland-stateless\/2022\/06\/48265ad8-gp0stpoe6_-768x511.jpg 768w, https:\/\/www.greenpeace.ch\/static\/planet4-switzerland-stateless\/2022\/06\/48265ad8-gp0stpoe6_-510x340.jpg 510w\" sizes=\"auto, (max-width: 799px) 100vw, 799px\" data-image-size=\"post-thumbnail\" data-stateless-media-bucket=\"planet4-switzerland-stateless\" data-stateless-media-name=\"2022\/06\/48265ad8-gp0stpoe6_.jpg\" \/><\/a><\/figure>\n\n\n<div class=\"wp-block-group is-layout-flow wp-block-group-is-layout-flow\">\n<div class=\"wp-block-group is-layout-flex wp-block-group-is-layout-flex\"><div class=\"wp-block-post-terms\"><a href=\"https:\/\/www.greenpeace.ch\/fr\/story-fr\/\">Story<\/a><\/div>\n\n<div class=\"wp-block-post-terms\"><a href=\"https:\/\/www.greenpeace.ch\/fr\/story-fr\/\">Story<\/a><\/div>\n\n<\/div>\n\n\n<h3 class=\"wp-block-post-title\"><a href=\"https:\/\/www.greenpeace.ch\/fr\/story-fr\/89739\/patrimoine-numerique\/\" target=\"_self\" >Que va devenir votre patrimoine num\u00e9rique\u00a0?<\/a><\/h3>\n\n<div class=\"wp-block-post-excerpt\"><p class=\"wp-block-post-excerpt__excerpt\">Aujourd\u2019hui, la plupart des gens poss\u00e8dent \u00e9galement un \u00ab patrimoine num\u00e9rique \u00bb. Celui-ci comprend des donn\u00e9es virtuelles telles que les e-mails, les profils sur les r\u00e9seaux sociaux, les valeurs patrimoniales et monnaies num\u00e9riques (cryptomonnaies), mais aussi les contenus de supports de donn\u00e9es physiques comme les disques durs, les ordinateurs et les t\u00e9l\u00e9phones portables. <\/p><\/div>\n\n\n<div class=\"wp-block-group posts-list-meta is-layout-flow wp-block-group-is-layout-flow\"><span class='article-list-item-author'>Greenpeace Schweiz<\/span>\n\n<div class=\"wp-block-post-date\"><time datetime=\"2025-08-20T14:33:40+02:00\">20. ao\u00fbt 2025<\/time><\/div><\/div>\n<\/div>\n<\/div>\n\n<\/li><li class=\"wp-block-post post-89891 post type-post status-publish format-standard has-post-thumbnail hentry category-non-classifiee p4-page-type-story-fr\">\n\n<div class=\"wp-block-columns is-layout-flex wp-container-core-columns-is-layout-9d6595d7 wp-block-columns-is-layout-flex\"><figure class=\"wp-block-post-featured-image\"><a href=\"https:\/\/www.greenpeace.ch\/fr\/story-fr\/89891\/nouveau-droit-successions-2023\/\" target=\"_self\"  ><img loading=\"lazy\" decoding=\"async\" width=\"800\" height=\"533\" src=\"https:\/\/www.greenpeace.ch\/static\/planet4-switzerland-stateless\/2022\/05\/7cd1d916-gp0stpwpr_.jpg\" class=\"attachment-post-thumbnail size-post-thumbnail wp-post-image wp-stateless-item\" alt=\"Nouveau droit successoral en vigueur depuis 2023\" style=\"object-fit:cover;\" srcset=\"https:\/\/www.greenpeace.ch\/static\/planet4-switzerland-stateless\/2022\/05\/7cd1d916-gp0stpwpr_.jpg 800w, https:\/\/www.greenpeace.ch\/static\/planet4-switzerland-stateless\/2022\/05\/7cd1d916-gp0stpwpr_-300x200.jpg 300w, https:\/\/www.greenpeace.ch\/static\/planet4-switzerland-stateless\/2022\/05\/7cd1d916-gp0stpwpr_-768x512.jpg 768w, https:\/\/www.greenpeace.ch\/static\/planet4-switzerland-stateless\/2022\/05\/7cd1d916-gp0stpwpr_-510x340.jpg 510w\" sizes=\"auto, (max-width: 800px) 100vw, 800px\" data-image-size=\"post-thumbnail\" data-stateless-media-bucket=\"planet4-switzerland-stateless\" data-stateless-media-name=\"2022\/05\/7cd1d916-gp0stpwpr_.jpg\" \/><\/a><\/figure>\n\n\n<div class=\"wp-block-group is-layout-flow wp-block-group-is-layout-flow\">\n<div class=\"wp-block-group is-layout-flex wp-block-group-is-layout-flex\"><div class=\"wp-block-post-terms\"><a href=\"https:\/\/www.greenpeace.ch\/fr\/story-fr\/\">Story<\/a><\/div>\n\n<div class=\"wp-block-post-terms\"><a href=\"https:\/\/www.greenpeace.ch\/fr\/story-fr\/\">Story<\/a><\/div>\n\n<\/div>\n\n\n<h3 class=\"wp-block-post-title\"><a href=\"https:\/\/www.greenpeace.ch\/fr\/story-fr\/89891\/nouveau-droit-successions-2023\/\" target=\"_self\" >Nouveau droit successoral en vigueur depuis 2023<\/a><\/h3>\n\n<div class=\"wp-block-post-excerpt\"><p class=\"wp-block-post-excerpt__excerpt\">Le nouveau droit successoral depuis d\u00e9but 2023. Les parts d\u2019h\u00e9ritage l\u00e9gales ne sont pas modifi\u00e9es, mais les parts r\u00e9servataires diminuent. Cela signifie que vous avez davantage de libert\u00e9 pour favoriser les personnes ou les institutions de votre choix. <\/p><\/div>\n\n\n<div class=\"wp-block-group posts-list-meta is-layout-flow wp-block-group-is-layout-flow\"><span class='article-list-item-author'>Greenpeace Schweiz<\/span>\n\n<div class=\"wp-block-post-date\"><time datetime=\"2022-09-01T09:51:00+02:00\">1. septembre 2022<\/time><\/div><\/div>\n<\/div>\n<\/div>\n\n<\/li><\/ul>\n\n\n<div class=\"wp-block-buttons carousel-controls is-horizontal is-content-justification-space-between is-nowrap is-layout-flex wp-container-core-buttons-is-layout-044bd602 wp-block-buttons-is-layout-flex\">\n<div class=\"wp-block-button carousel-control-prev\"><button type=\"button\" class=\"wp-block-button__link wp-element-button\">Prev<\/button><\/div>\n\n\n\n<div class=\"wp-block-button carousel-control-next\"><button type=\"button\" class=\"wp-block-button__link wp-element-button\">N\u00e4chste<\/button><\/div>\n<\/div>\n\n\n<li class=\" wp-block-navigation-item see-all-link wp-block-navigation-link\"><a class=\"wp-block-navigation-item__content\"  href=\"http:\/\/www.greenpeace.ch\/de\/posts\/\"><span class=\"wp-block-navigation-item__label\">See all stories<\/span><\/a><\/li><\/div>\n","protected":false},"excerpt":{"rendered":"<p>Aucune connaissance sp\u00e9cifique n\u2019est n\u00e9cessaire pour \u00e9tablir un testament. Ces quelques explications vous aideront \u00e0 ne rien oublier et vous guideront pas \u00e0 pas dans la r\u00e9daction de votre testament. Pour r\u00e9diger votre testament Deux fa\u00e7ons d\u2019\u00e9tablir un testament Le testament olographe Avec le testament olographe, vous r\u00e9digez vous-m\u00eame vos derni\u00e8res volont\u00e9s. Pour qu\u2019il soit [&hellip;]<\/p>\n","protected":false},"author":99,"featured_media":111140,"parent":89710,"menu_order":0,"comment_status":"closed","ping_status":"closed","template":"","meta":{"_acf_changed":false,"_planet4_optimize_post_is_variant":false,"_planet4_optimize_experiment_name":"","_planet4_optimize_variant_name":"","ep_exclude_from_search":false,"p4_hide_page_title_checkbox":"on","p4_title":"","p4_subtitle":"","p4_description":"","background_image_id":"","background_image":"","p4_button_title":"","p4_button_link":"","p4_button_link_checkbox":"","p4_og_title":"","p4_og_description":"","p4_og_image":"","p4_og_image_id":"","p4_seo_canonical_url":"","p4_campaign_name":"not set","p4_local_project":"not set","p4_basket_name":"not set","p4_department":"","footnotes":""},"categories":[],"tags":[],"class_list":["post-89717","page","type-page","status-publish","has-post-thumbnail","hentry"],"acf":[],"_links":{"self":[{"href":"https:\/\/www.greenpeace.ch\/fr\/wp-json\/wp\/v2\/pages\/89717","targetHints":{"allow":["GET"]}}],"collection":[{"href":"https:\/\/www.greenpeace.ch\/fr\/wp-json\/wp\/v2\/pages"}],"about":[{"href":"https:\/\/www.greenpeace.ch\/fr\/wp-json\/wp\/v2\/types\/page"}],"author":[{"embeddable":true,"href":"https:\/\/www.greenpeace.ch\/fr\/wp-json\/wp\/v2\/users\/99"}],"replies":[{"embeddable":true,"href":"https:\/\/www.greenpeace.ch\/fr\/wp-json\/wp\/v2\/comments?post=89717"}],"version-history":[{"count":12,"href":"https:\/\/www.greenpeace.ch\/fr\/wp-json\/wp\/v2\/pages\/89717\/revisions"}],"predecessor-version":[{"id":131440,"href":"https:\/\/www.greenpeace.ch\/fr\/wp-json\/wp\/v2\/pages\/89717\/revisions\/131440"}],"up":[{"embeddable":true,"href":"https:\/\/www.greenpeace.ch\/fr\/wp-json\/wp\/v2\/pages\/89710"}],"wp:featuredmedia":[{"embeddable":true,"href":"https:\/\/www.greenpeace.ch\/fr\/wp-json\/wp\/v2\/media\/111140"}],"wp:attachment":[{"href":"https:\/\/www.greenpeace.ch\/fr\/wp-json\/wp\/v2\/media?parent=89717"}],"wp:term":[{"taxonomy":"category","embeddable":true,"href":"https:\/\/www.greenpeace.ch\/fr\/wp-json\/wp\/v2\/categories?post=89717"},{"taxonomy":"post_tag","embeddable":true,"href":"https:\/\/www.greenpeace.ch\/fr\/wp-json\/wp\/v2\/tags?post=89717"}],"curies":[{"name":"wp","href":"https:\/\/api.w.org\/{rel}","templated":true}]}}