{"id":89719,"date":"2022-09-01T15:48:00","date_gmt":"2022-09-01T13:48:00","guid":{"rendered":"https:\/\/www.greenpeace.ch\/agir\/dons\/legs-heritage\/testament-rechner\/"},"modified":"2024-08-29T10:27:19","modified_gmt":"2024-08-29T08:27:19","slug":"calculateur-testament","status":"publish","type":"page","link":"https:\/\/www.greenpeace.ch\/fr\/legs-heritage\/calculateur-testament\/","title":{"rendered":"Un outil pratique: le calculateur de testament"},"content":{"rendered":"\n\n<div class=\"wp-block-group alignfull is-layout-flow wp-block-group-is-layout-flow\">\n<div class=\"wp-block-group container is-layout-flow wp-block-group-is-layout-flow\">\n<div class=\"wp-block-media-text alignfull has-media-on-the-right is-stacked-on-mobile is-pattern-p4-page-header is-style-parallax\"><div class=\"wp-block-media-text__content\">\n<div class=\"wp-block-group is-layout-flow wp-block-group-is-layout-flow\">\n<h1 class=\"wp-block-heading has-white-background-color has-background\">Un outil pratique: le calculateur de testament <\/h1>\n<\/div>\n<\/div><figure class=\"wp-block-media-text__media\"><img loading=\"lazy\" decoding=\"async\" width=\"800\" height=\"533\" src=\"https:\/\/www.greenpeace.ch\/static\/planet4-switzerland-stateless\/2024\/08\/ef33e17c-gp0sttuv3_low-res-800px.jpg\" alt=\"\" sizes=\"auto, (min-width: 601px) 50vw, 100vw\" srcset=\"https:\/\/www.greenpeace.ch\/static\/planet4-switzerland-stateless\/2024\/08\/ef33e17c-gp0sttuv3_low-res-800px.jpg 800w, https:\/\/www.greenpeace.ch\/static\/planet4-switzerland-stateless\/2024\/08\/ef33e17c-gp0sttuv3_low-res-800px-300x200.jpg 300w, https:\/\/www.greenpeace.ch\/static\/planet4-switzerland-stateless\/2024\/08\/ef33e17c-gp0sttuv3_low-res-800px-768x512.jpg 768w, https:\/\/www.greenpeace.ch\/static\/planet4-switzerland-stateless\/2024\/08\/ef33e17c-gp0sttuv3_low-res-800px-510x340.jpg 510w\" class=\"wp-image-112585 size-full\"\/><\/figure><\/div>\n<\/div>\n<\/div>\n\n\n<div class=\"wp-block-group is-vertical is-layout-flex wp-container-core-group-is-layout-8cf370e7 wp-block-group-is-layout-flex\"><\/div>\n\n<p>Le montant de la quotit\u00e9 disponible que vous pouvez attribuer librement dans votre testament varie selon votre situation familiale. Il existe des exigences l\u00e9gales auxquelles vous devez vous conformer.<\/p>\n\n<p>Le nouveau&nbsp;droit successoral&nbsp;est entr\u00e9 en vigueur depuis le 1er janvier 2023. Il vous laisse une plus grande marge d\u2019action pour d\u00e9cider selon votre bon vouloir qui vous souhaitez favoriser, et comment, lorsque des membres de votre famille vous survivent&nbsp;: leur r\u00e9serve h\u00e9r\u00e9ditaire est dor\u00e9navant r\u00e9duite \u00e0 la moiti\u00e9 de leur droit l\u00e9gal \u00e0 la succession (contre trois quarts auparavant).<\/p>\n\n<p>V\u00e9rifiez d\u00e8s maintenant votre situation personnelle en mati\u00e8re de succession avec notre calculateur de testament, afin de d\u00e9terminer le montant dont vous pouvez disposer librement.<\/p>\n\n<p><strong>Cliquez directement dans le tableau pour renseigner votre situation familiale.<\/strong><\/p>\n\n<p>Combien de personnes vivent dans votre entourage ? Indiquez toutes les personnes encore en vie et choisissez l&rsquo;option appropri\u00e9e.<\/p>\n\n<script src=\"https:\/\/webapp.moribono.ch\/greenpeace\/assets\/scripts\/resize.js\"><\/script>\n<iframe id=\"moribonoiFrame\" src=\"https:\/\/webapp.moribono.ch\/greenpeace\/fr\/\" border=\"0\" style=\"width:100%;\" frameborder=\"0\"><\/iframe>\n\n<p><\/p>\n","protected":false},"excerpt":{"rendered":"<p>Le montant de la quotit\u00e9 disponible que vous pouvez attribuer librement dans votre testament varie selon votre situation familiale. Il existe des exigences l\u00e9gales auxquelles vous devez vous conformer. Le nouveau&nbsp;droit successoral&nbsp;est entr\u00e9 en vigueur depuis le 1er janvier 2023. Il vous laisse une plus grande marge d\u2019action pour d\u00e9cider selon votre bon vouloir qui [&hellip;]<\/p>\n","protected":false},"author":23,"featured_media":112585,"parent":89710,"menu_order":0,"comment_status":"closed","ping_status":"closed","template":"","meta":{"_acf_changed":false,"_planet4_optimize_post_is_variant":false,"_planet4_optimize_experiment_name":"","_planet4_optimize_variant_name":"","ep_exclude_from_search":false,"p4_hide_page_title_checkbox":"on","p4_title":"","p4_subtitle":"","p4_description":"","background_image_id":"","background_image":"","p4_button_title":"","p4_button_link":"","p4_button_link_checkbox":"","p4_og_title":"","p4_og_description":"","p4_og_image":"","p4_og_image_id":"","p4_seo_canonical_url":"","p4_campaign_name":"not set","p4_local_project":"not set","p4_basket_name":"not set","p4_department":"","footnotes":""},"categories":[],"tags":[],"class_list":["post-89719","page","type-page","status-publish","has-post-thumbnail","hentry"],"acf":[],"_links":{"self":[{"href":"https:\/\/www.greenpeace.ch\/fr\/wp-json\/wp\/v2\/pages\/89719","targetHints":{"allow":["GET"]}}],"collection":[{"href":"https:\/\/www.greenpeace.ch\/fr\/wp-json\/wp\/v2\/pages"}],"about":[{"href":"https:\/\/www.greenpeace.ch\/fr\/wp-json\/wp\/v2\/types\/page"}],"author":[{"embeddable":true,"href":"https:\/\/www.greenpeace.ch\/fr\/wp-json\/wp\/v2\/users\/23"}],"replies":[{"embeddable":true,"href":"https:\/\/www.greenpeace.ch\/fr\/wp-json\/wp\/v2\/comments?post=89719"}],"version-history":[{"count":5,"href":"https:\/\/www.greenpeace.ch\/fr\/wp-json\/wp\/v2\/pages\/89719\/revisions"}],"predecessor-version":[{"id":112588,"href":"https:\/\/www.greenpeace.ch\/fr\/wp-json\/wp\/v2\/pages\/89719\/revisions\/112588"}],"up":[{"embeddable":true,"href":"https:\/\/www.greenpeace.ch\/fr\/wp-json\/wp\/v2\/pages\/89710"}],"wp:featuredmedia":[{"embeddable":true,"href":"https:\/\/www.greenpeace.ch\/fr\/wp-json\/wp\/v2\/media\/112585"}],"wp:attachment":[{"href":"https:\/\/www.greenpeace.ch\/fr\/wp-json\/wp\/v2\/media?parent=89719"}],"wp:term":[{"taxonomy":"category","embeddable":true,"href":"https:\/\/www.greenpeace.ch\/fr\/wp-json\/wp\/v2\/categories?post=89719"},{"taxonomy":"post_tag","embeddable":true,"href":"https:\/\/www.greenpeace.ch\/fr\/wp-json\/wp\/v2\/tags?post=89719"}],"curies":[{"name":"wp","href":"https:\/\/api.w.org\/{rel}","templated":true}]}}