{"id":90080,"date":"2022-09-19T17:27:48","date_gmt":"2022-09-19T15:27:48","guid":{"rendered":"https:\/\/www.greenpeace.ch\/?page_id=90080"},"modified":"2025-10-14T09:16:41","modified_gmt":"2025-10-14T07:16:41","slug":"materiel","status":"publish","type":"page","link":"https:\/\/www.greenpeace.ch\/fr\/materiel\/","title":{"rendered":"Mat\u00e9riel alimentation et agriculture"},"content":{"rendered":"\n\n<div class=\"wp-block-group alignfull is-layout-flow wp-block-group-is-layout-flow\">\n<div class=\"wp-block-group container is-layout-flow wp-block-group-is-layout-flow\">\n<div class=\"wp-block-media-text alignfull has-media-on-the-right is-stacked-on-mobile is-pattern-p4-page-header is-style-parallax\"><div class=\"wp-block-media-text__content\">\n<div class=\"wp-block-group is-layout-flow wp-block-group-is-layout-flow\">\n<h1 class=\"wp-block-heading has-white-background-color has-background\">\n                            Mat\u00e9riel alimentation et agriculture\n                        <\/h1>\n<\/div>\n<\/div><figure class=\"wp-block-media-text__media\"><img loading=\"lazy\" decoding=\"async\" width=\"2560\" height=\"1600\" src=\"https:\/\/www.greenpeace.ch\/static\/planet4-switzerland-stateless\/2022\/05\/3ce20f2f-20220516_schlachthof_fr-scaled.jpg\" alt=\"\" sizes=\"auto, (min-width: 601px) 50vw, 100vw\" srcset=\"https:\/\/www.greenpeace.ch\/static\/planet4-switzerland-stateless\/2022\/05\/3ce20f2f-20220516_schlachthof_fr-scaled.jpg 2560w, https:\/\/www.greenpeace.ch\/static\/planet4-switzerland-stateless\/2022\/05\/3ce20f2f-20220516_schlachthof_fr-300x187.jpg 300w, https:\/\/www.greenpeace.ch\/static\/planet4-switzerland-stateless\/2022\/05\/3ce20f2f-20220516_schlachthof_fr-1024x640.jpg 1024w, https:\/\/www.greenpeace.ch\/static\/planet4-switzerland-stateless\/2022\/05\/3ce20f2f-20220516_schlachthof_fr-768x480.jpg 768w, https:\/\/www.greenpeace.ch\/static\/planet4-switzerland-stateless\/2022\/05\/3ce20f2f-20220516_schlachthof_fr-1536x960.jpg 1536w, https:\/\/www.greenpeace.ch\/static\/planet4-switzerland-stateless\/2022\/05\/3ce20f2f-20220516_schlachthof_fr-2048x1280.jpg 2048w, https:\/\/www.greenpeace.ch\/static\/planet4-switzerland-stateless\/2022\/05\/3ce20f2f-20220516_schlachthof_fr-510x319.jpg 510w\" class=\"wp-image-86403 size-full\"\/><\/figure><\/div>\n<\/div>\n<\/div>\n\n\n<h2 class=\"wp-block-heading\">Ce que cache la publicit\u00e9 pour la viande<\/h2>\n\n<div class=\"wp-block-columns is-layout-flex wp-container-core-columns-is-layout-9d6595d7 wp-block-columns-is-layout-flex\">\n<div class=\"wp-block-column is-layout-flow wp-block-column-is-layout-flow\">\n<p>Les chercheurs\u00b7ses, mandat\u00e9s\u00b7es par Greenpeace Suisse, se sont int\u00e9ress\u00e9s\u00b7es \u00e0 la fois aux annonces des distributeurs (Coop, Migros, Aldi, Lidl) et \u00e0 celles du syst\u00e8me de promotion des ventes financ\u00e9es par de l\u2019argent public (Pro Viande, Swiss Milk, Switzerland Cheese Marketing, Gallo-Suisse, SPRA). Les principales strat\u00e9gies de communication publicitaires pour la viande, les produits laitiers et les oeufs ont \u00e9t\u00e9 analys\u00e9es.<\/p>\n\n\n\n<p>Le constat est sans appel : des techniques manipulatoires<br>sont utilis\u00e9es pour l\u00e9gitimer et accro\u00eetre la consommation de produits d\u2019origine animale.<\/p>\n\n\n\n<div class=\"wp-block-buttons is-layout-flex wp-block-buttons-is-layout-flex\">\n<div class=\"wp-block-button\"><a class=\"wp-block-button__link wp-element-button\" href=\"https:\/\/www.greenpeace.ch\/static\/planet4-switzerland-stateless\/2022\/09\/391eb445-greenpeace_leporello_advertising_fr_3.pdf\">T\u00e9l\u00e9charger la brochure <\/a><\/div>\n<\/div>\n\n\n\n<div class=\"wp-block-buttons is-layout-flex wp-block-buttons-is-layout-flex\">\n<div class=\"wp-block-button\"><a class=\"wp-block-button__link wp-element-button\" href=\"https:\/\/www.greenpeace.ch\/static\/planet4-switzerland-stateless\/2022\/09\/ae818b78-greenpeace_leporello_advertising_it_3.pdf\">Scaricate l\u2019opuscolo<\/a><\/div>\n<\/div>\n\n\n\n<div class=\"wp-block-buttons is-layout-flex wp-block-buttons-is-layout-flex\"><\/div>\n<\/div>\n\n\n\n<div class=\"wp-block-column is-layout-flow wp-block-column-is-layout-flow\">\n<figure class=\"wp-block-image size-large\"><img loading=\"lazy\" decoding=\"async\" width=\"1024\" height=\"683\" src=\"https:\/\/www.greenpeace.ch\/static\/planet4-switzerland-stateless\/2022\/09\/7e9dcbc1-mc_laporello-1024x683.jpg\" alt=\"\" class=\"wp-image-90063\" srcset=\"https:\/\/www.greenpeace.ch\/static\/planet4-switzerland-stateless\/2022\/09\/7e9dcbc1-mc_laporello-1024x683.jpg 1024w, https:\/\/www.greenpeace.ch\/static\/planet4-switzerland-stateless\/2022\/09\/7e9dcbc1-mc_laporello-300x200.jpg 300w, https:\/\/www.greenpeace.ch\/static\/planet4-switzerland-stateless\/2022\/09\/7e9dcbc1-mc_laporello-768x512.jpg 768w\" sizes=\"auto, (max-width: 1024px) 100vw, 1024px\" \/><\/figure>\n<\/div>\n<\/div>\n\n<hr class=\"wp-block-separator has-alpha-channel-opacity\"\/>\n\n<h2 class=\"wp-block-heading\"><strong>Atlas de l\u2019alimentation v\u00e9g\u00e9tale<\/strong><\/h2>\n\n<div class=\"wp-block-columns is-layout-flex wp-container-core-columns-is-layout-9d6595d7 wp-block-columns-is-layout-flex\">\n<div class=\"wp-block-column is-layout-flow wp-block-column-is-layout-flow\">\n<p><strong>Nous sommes ce que nous mangeons. Et ce que nous mangeons influe sur le sort de notre monde.<\/strong><\/p>\n\n\n\n<p>L\u2019alimentation joue un r\u00f4le important pour notre sant\u00e9, mais aussi pour celle de notre plan\u00e8te. La production d\u2019aliments entra\u00eene plus d\u2019\u00e9missions de gaz \u00e0 effet de serre que le secteur des transports.&nbsp;<\/p>\n\n\n\n<p>Notre atlas vous permet de mettre en lumi\u00e8re les aliments bons pour notre sant\u00e9 et notre plan\u00e8te. Id\u00e9al \u00e0 afficher dans une salle de classe, dans une caf\u00e9t\u00e9ria ou tout simplement dans votre cuisine.<\/p>\n\n\n\n<div class=\"wp-block-buttons is-layout-flex wp-block-buttons-is-layout-flex\">\n<div class=\"wp-block-button\"><a class=\"wp-block-button__link wp-element-button\" href=\"https:\/\/www.greenpeace.ch\/static\/planet4-switzerland-stateless\/2022\/09\/9305ca6a-greenp_lessismore_plakat_fr_2022.pdf\">T\u00e9l\u00e9charger l&rsquo;Atlas<\/a><\/div>\n<\/div>\n\n\n\n<div class=\"wp-block-buttons is-layout-flex wp-block-buttons-is-layout-flex\"><\/div>\n\n\n\n<div class=\"wp-block-buttons is-layout-flex wp-block-buttons-is-layout-flex\">\n<div class=\"wp-block-button\"><a class=\"wp-block-button__link wp-element-button\" href=\"https:\/\/www.greenpeace.ch\/static\/planet4-switzerland-stateless\/2022\/09\/e5ae33ed-greenp_lessismore_plakat_it_2022.pdf\">Scaricare l&rsquo;Atlante<\/a><\/div>\n<\/div>\n<\/div>\n\n\n\n<div class=\"wp-block-column is-layout-flow wp-block-column-is-layout-flow\">\n<div class=\"wp-block-buttons is-layout-flex wp-block-buttons-is-layout-flex\"><\/div>\n\n\n\n<figure class=\"wp-block-image size-large is-resized\"><img decoding=\"async\" src=\"https:\/\/www.greenpeace.ch\/static\/planet4-switzerland-stateless\/2022\/09\/dbbdbef9-capture-de\u0301cran-2022-09-19-a\u0300-12.27.02-512x1024.png\" alt=\"\" class=\"wp-image-90621\" style=\"width:300px\"\/><\/figure>\n<\/div>\n<\/div>\n\n<div class=\"wp-block-columns is-layout-flex wp-container-core-columns-is-layout-9d6595d7 wp-block-columns-is-layout-flex\">\n<div class=\"wp-block-column is-layout-flow wp-block-column-is-layout-flow\"><\/div>\n\n\n\n<div class=\"wp-block-column is-layout-flow wp-block-column-is-layout-flow\"><\/div>\n<\/div>\n\n<hr class=\"wp-block-separator has-alpha-channel-opacity\"\/>\n\n<h2 class=\"wp-block-heading\">Recettes pour le climat<\/h2>\n\n<div class=\"wp-block-columns is-layout-flex wp-container-core-columns-is-layout-9d6595d7 wp-block-columns-is-layout-flex\">\n<div class=\"wp-block-column is-layout-flow wp-block-column-is-layout-flow\">\n<p>Pour vous inspirer nous avons travaill\u00e9 avec la cha\u00eene de restaurants v\u00e9g\u00e9tariens Tibits pour cr\u00e9er des recettes faciles \u00e0 suivre et les pr\u00e9senter dans des clips vid\u00e9o. Nous utilisons des produits v\u00e9g\u00e9taliens, de saison et principalement r\u00e9gionaux. Les menus sont tous \u00ab&nbsp;respectueux de l\u2019environnement&nbsp;\u00bb, ce qui signifie qu\u2019ils ont une empreinte CO2 particuli\u00e8rement faible.<\/p>\n\n\n\n<div class=\"wp-block-buttons is-layout-flex wp-block-buttons-is-layout-flex\">\n<div class=\"wp-block-button\"><a class=\"wp-block-button__link wp-element-button\" href=\"https:\/\/www.greenpeace.ch\/fr\/agir\/recette-pour-climat\/\">Recettes pour le climat<\/a><\/div>\n<\/div>\n<\/div>\n\n\n\n<div class=\"wp-block-column is-layout-flow wp-block-column-is-layout-flow\">\n<figure class=\"wp-block-image size-large\"><img decoding=\"async\" src=\"https:\/\/www.greenpeace.ch\/static\/planet4-switzerland-stateless\/2022\/09\/9c934c85-gp0strmec_.jpg\" alt=\"\" class=\"wp-image-90618\"\/><\/figure>\n<\/div>\n<\/div>\n\n<hr class=\"wp-block-separator has-alpha-channel-opacity\"\/>\n\n<div class=\"wp-block-query posts-list p4-query-loop is-custom-layout-grid is-layout-grid wp-container-core-query-is-layout-b8bb0bd1 wp-block-query-is-layout-grid\">\n<div class=\"wp-block-group is-content-justification-space-between is-layout-flex wp-container-core-group-is-layout-3d213aab wp-block-group-is-layout-flex\">\n<h2 class=\"wp-block-heading\">Rapports<\/h2>\n<\/div>\n\n\n\n<p style=\"margin-top:24px;margin-bottom:36px\"><\/p>\n\n\n\n\n<ul class=\"wp-block-post-template is-layout-flow wp-block-post-template-is-layout-flow\"><li class=\"wp-block-post post-130059 post type-post status-publish format-standard has-post-thumbnail hentry category-non-classifiee tag-alimentation tag-consommation p4-page-type-publication\">\n\n<div class=\"wp-block-columns is-layout-flex wp-container-core-columns-is-layout-9d6595d7 wp-block-columns-is-layout-flex\"><figure class=\"wp-block-post-featured-image\"><a href=\"https:\/\/www.greenpeace.ch\/fr\/publication\/130059\/systeme-alimentaire-demain\/\" target=\"_self\"  ><img loading=\"lazy\" decoding=\"async\" width=\"930\" height=\"1216\" src=\"https:\/\/www.greenpeace.ch\/static\/planet4-switzerland-stateless\/2026\/03\/89a7b61c-capture-decran-2026-03-11-a-15.57.00.png\" class=\"attachment-post-thumbnail size-post-thumbnail wp-post-image wp-stateless-item\" alt=\"Le syst\u00e8me alimentaire de demain\" style=\"object-fit:cover;\" srcset=\"https:\/\/www.greenpeace.ch\/static\/planet4-switzerland-stateless\/2026\/03\/89a7b61c-capture-decran-2026-03-11-a-15.57.00.png 930w, https:\/\/www.greenpeace.ch\/static\/planet4-switzerland-stateless\/2026\/03\/89a7b61c-capture-decran-2026-03-11-a-15.57.00-229x300.png 229w, https:\/\/www.greenpeace.ch\/static\/planet4-switzerland-stateless\/2026\/03\/89a7b61c-capture-decran-2026-03-11-a-15.57.00-783x1024.png 783w, https:\/\/www.greenpeace.ch\/static\/planet4-switzerland-stateless\/2026\/03\/89a7b61c-capture-decran-2026-03-11-a-15.57.00-768x1004.png 768w, https:\/\/www.greenpeace.ch\/static\/planet4-switzerland-stateless\/2026\/03\/89a7b61c-capture-decran-2026-03-11-a-15.57.00-260x340.png 260w\" sizes=\"auto, (max-width: 930px) 100vw, 930px\" data-image-size=\"post-thumbnail\" data-stateless-media-bucket=\"planet4-switzerland-stateless\" data-stateless-media-name=\"2026\/03\/89a7b61c-capture-decran-2026-03-11-a-15.57.00.png\" \/><\/a><\/figure>\n\n\n<div class=\"wp-block-group is-layout-flow wp-block-group-is-layout-flow\">\n<div class=\"wp-block-group is-layout-flow wp-block-group-is-layout-flow\"><div class=\"wp-block-post-terms\"><a href=\"https:\/\/www.greenpeace.ch\/fr\/publication\/\">Publication<\/a><\/div>\n\n<div class=\"wp-block-post-terms\"><a href=\"https:\/\/www.greenpeace.ch\/fr\/publication\/\">Publication<\/a><\/div>\n\n<div class=\"taxonomy-post_tag wp-block-post-terms\"><a href=\"https:\/\/www.greenpeace.ch\/fr\/tag\/alimentation\/\" rel=\"tag\">Alimentation<\/a><span class=\"wp-block-post-terms__separator\"> <\/span><a href=\"https:\/\/www.greenpeace.ch\/fr\/tag\/consommation\/\" rel=\"tag\">Consommation<\/a><\/div><\/div>\n\n\n<h3 class=\"wp-block-post-title\"><a href=\"https:\/\/www.greenpeace.ch\/fr\/publication\/130059\/systeme-alimentaire-demain\/\" target=\"_self\" >Le syst\u00e8me alimentaire de demain<\/a><\/h3>\n\n<div class=\"wp-block-post-excerpt\"><p class=\"wp-block-post-excerpt__excerpt\">\u00c0 quoi ressemble le syst\u00e8me alimentaire de demain? Voici notre vision pour une alimentation v\u00e9g\u00e9tale, locale, \u00e9quilibr\u00e9e, durable et respectueuse des animaux.\u00a0 <\/p><\/div>\n\n\n<div class=\"wp-block-group posts-list-meta is-layout-flow wp-block-group-is-layout-flow\"><span class='article-list-item-author'>Greenpeace Suisse<\/span>\n\n<div class=\"wp-block-post-date\"><time datetime=\"2026-03-23T00:01:00+01:00\">23. mars 2026<\/time><\/div><\/div>\n<\/div>\n<\/div>\n\n<\/li><li class=\"wp-block-post post-129056 post type-post status-publish format-standard has-post-thumbnail hentry category-consommationpublications tag-alimentation tag-consommation p4-page-type-publication\">\n\n<div class=\"wp-block-columns is-layout-flex wp-container-core-columns-is-layout-9d6595d7 wp-block-columns-is-layout-flex\"><figure class=\"wp-block-post-featured-image\"><a href=\"https:\/\/www.greenpeace.ch\/fr\/publication\/129056\/proteines-animales-supermarches\/\" target=\"_self\"  ><img loading=\"lazy\" decoding=\"async\" width=\"926\" height=\"1208\" src=\"https:\/\/www.greenpeace.ch\/static\/planet4-switzerland-stateless\/2026\/02\/714cc3f3-capture-decran-2026-02-11-a-09.59.09.png\" class=\"attachment-post-thumbnail size-post-thumbnail wp-post-image wp-stateless-item\" alt=\"9 \u00e0 1: les prot\u00e9ines animales dominent l\u2019offre des supermarch\u00e9s\" style=\"object-fit:cover;\" srcset=\"https:\/\/www.greenpeace.ch\/static\/planet4-switzerland-stateless\/2026\/02\/714cc3f3-capture-decran-2026-02-11-a-09.59.09.png 926w, https:\/\/www.greenpeace.ch\/static\/planet4-switzerland-stateless\/2026\/02\/714cc3f3-capture-decran-2026-02-11-a-09.59.09-230x300.png 230w, https:\/\/www.greenpeace.ch\/static\/planet4-switzerland-stateless\/2026\/02\/714cc3f3-capture-decran-2026-02-11-a-09.59.09-785x1024.png 785w, https:\/\/www.greenpeace.ch\/static\/planet4-switzerland-stateless\/2026\/02\/714cc3f3-capture-decran-2026-02-11-a-09.59.09-768x1002.png 768w, https:\/\/www.greenpeace.ch\/static\/planet4-switzerland-stateless\/2026\/02\/714cc3f3-capture-decran-2026-02-11-a-09.59.09-261x340.png 261w\" sizes=\"auto, (max-width: 926px) 100vw, 926px\" data-image-size=\"post-thumbnail\" data-stateless-media-bucket=\"planet4-switzerland-stateless\" data-stateless-media-name=\"2026\/02\/714cc3f3-capture-decran-2026-02-11-a-09.59.09.png\" \/><\/a><\/figure>\n\n\n<div class=\"wp-block-group is-layout-flow wp-block-group-is-layout-flow\">\n<div class=\"wp-block-group is-layout-flow wp-block-group-is-layout-flow\"><div class=\"wp-block-post-terms\"><a href=\"https:\/\/www.greenpeace.ch\/fr\/publication\/\">Publication<\/a><\/div>\n\n<div class=\"wp-block-post-terms\"><a href=\"https:\/\/www.greenpeace.ch\/fr\/publication\/\">Publication<\/a><\/div>\n\n<div class=\"taxonomy-post_tag wp-block-post-terms\"><a href=\"https:\/\/www.greenpeace.ch\/fr\/tag\/alimentation\/\" rel=\"tag\">Alimentation<\/a><span class=\"wp-block-post-terms__separator\"> <\/span><a href=\"https:\/\/www.greenpeace.ch\/fr\/tag\/consommation\/\" rel=\"tag\">Consommation<\/a><\/div><\/div>\n\n\n<h3 class=\"wp-block-post-title\"><a href=\"https:\/\/www.greenpeace.ch\/fr\/publication\/129056\/proteines-animales-supermarches\/\" target=\"_self\" >9 \u00e0 1: les prot\u00e9ines animales dominent l\u2019offre des supermarch\u00e9s<\/a><\/h3>\n\n<div class=\"wp-block-post-excerpt\"><p class=\"wp-block-post-excerpt__excerpt\">Greenpeace Suisse d\u00e9voile une analyse de la r\u00e9partition des prot\u00e9ines chez Coop et Migros. 90% des prot\u00e9ines propos\u00e9es sont d\u2019origine animale, contre 10% d\u2019origine v\u00e9g\u00e9tale. R\u00e9sultats identiques pour les promotions\u00a0: 90% concernent la viande, le poisson, les \u0153ufs et les produits laitiers. <\/p><\/div>\n\n\n<div class=\"wp-block-group posts-list-meta is-layout-flow wp-block-group-is-layout-flow\"><span class='article-list-item-author'>Greenpeace Suisse<\/span>\n\n<div class=\"wp-block-post-date\"><time datetime=\"2026-02-19T00:01:00+01:00\">19. f\u00e9vrier 2026<\/time><\/div><\/div>\n<\/div>\n<\/div>\n\n<\/li><li class=\"wp-block-post post-112939 post type-post status-publish format-standard has-post-thumbnail hentry category-non-classifiee category-zero-waste-fr tag-climat tag-forets tag-alimentation tag-consommation p4-page-type-publication\">\n\n<div class=\"wp-block-columns is-layout-flex wp-container-core-columns-is-layout-9d6595d7 wp-block-columns-is-layout-flex\"><figure class=\"wp-block-post-featured-image\"><a href=\"https:\/\/www.greenpeace.ch\/fr\/publication\/112939\/viande-bresilienne-supermarches-suisses\/\" target=\"_self\"  ><img loading=\"lazy\" decoding=\"async\" width=\"1092\" height=\"1584\" src=\"https:\/\/www.greenpeace.ch\/static\/planet4-switzerland-stateless\/2024\/09\/f1865b9a-capture-decran-2024-09-25-a-08.53.38.png\" class=\"attachment-post-thumbnail size-post-thumbnail wp-post-image wp-stateless-item\" alt=\"La viande br\u00e9silienne dans les supermarch\u00e9s suisses\" style=\"object-fit:cover;\" srcset=\"https:\/\/www.greenpeace.ch\/static\/planet4-switzerland-stateless\/2024\/09\/f1865b9a-capture-decran-2024-09-25-a-08.53.38.png 1092w, https:\/\/www.greenpeace.ch\/static\/planet4-switzerland-stateless\/2024\/09\/f1865b9a-capture-decran-2024-09-25-a-08.53.38-207x300.png 207w, https:\/\/www.greenpeace.ch\/static\/planet4-switzerland-stateless\/2024\/09\/f1865b9a-capture-decran-2024-09-25-a-08.53.38-706x1024.png 706w, https:\/\/www.greenpeace.ch\/static\/planet4-switzerland-stateless\/2024\/09\/f1865b9a-capture-decran-2024-09-25-a-08.53.38-768x1114.png 768w, https:\/\/www.greenpeace.ch\/static\/planet4-switzerland-stateless\/2024\/09\/f1865b9a-capture-decran-2024-09-25-a-08.53.38-1059x1536.png 1059w, https:\/\/www.greenpeace.ch\/static\/planet4-switzerland-stateless\/2024\/09\/f1865b9a-capture-decran-2024-09-25-a-08.53.38-942x1366.png 942w, https:\/\/www.greenpeace.ch\/static\/planet4-switzerland-stateless\/2024\/09\/f1865b9a-capture-decran-2024-09-25-a-08.53.38-234x340.png 234w\" sizes=\"auto, (max-width: 1092px) 100vw, 1092px\" data-image-size=\"post-thumbnail\" data-stateless-media-bucket=\"planet4-switzerland-stateless\" data-stateless-media-name=\"2024\/09\/f1865b9a-capture-decran-2024-09-25-a-08.53.38.png\" \/><\/a><\/figure>\n\n\n<div class=\"wp-block-group is-layout-flow wp-block-group-is-layout-flow\">\n<div class=\"wp-block-group is-layout-flow wp-block-group-is-layout-flow\"><div class=\"wp-block-post-terms\"><a href=\"https:\/\/www.greenpeace.ch\/fr\/publication\/\">Publication<\/a><\/div>\n\n<div class=\"wp-block-post-terms\"><a href=\"https:\/\/www.greenpeace.ch\/fr\/publication\/\">Publication<\/a><\/div>\n\n<div class=\"taxonomy-post_tag wp-block-post-terms\"><a href=\"https:\/\/www.greenpeace.ch\/fr\/tag\/climat\/\" rel=\"tag\">Climat<\/a><span class=\"wp-block-post-terms__separator\"> <\/span><a href=\"https:\/\/www.greenpeace.ch\/fr\/tag\/forets\/\" rel=\"tag\">For\u00eats<\/a><span class=\"wp-block-post-terms__separator\"> <\/span><a href=\"https:\/\/www.greenpeace.ch\/fr\/tag\/alimentation\/\" rel=\"tag\">Alimentation<\/a><span class=\"wp-block-post-terms__separator\"> <\/span><a href=\"https:\/\/www.greenpeace.ch\/fr\/tag\/consommation\/\" rel=\"tag\">Consommation<\/a><\/div><\/div>\n\n\n<h3 class=\"wp-block-post-title\"><a href=\"https:\/\/www.greenpeace.ch\/fr\/publication\/112939\/viande-bresilienne-supermarches-suisses\/\" target=\"_self\" >La viande br\u00e9silienne dans les supermarch\u00e9s suisses<\/a><\/h3>\n\n<div class=\"wp-block-post-excerpt\"><p class=\"wp-block-post-excerpt__excerpt\">Une enqu\u00eate de Greenpeace Suisse r\u00e9v\u00e8le que les supermarch\u00e9s Coop et Migros, malgr\u00e9 leur engagement contre la d\u00e9forestation dans leurs cha\u00eenes d\u2019approvisionnement, proposent encore certains aliments \u00e0 base de b\u0153uf br\u00e9silien. L\u2019un des produits vendus par Coop a pu \u00eatre reli\u00e9 \u00e0 la d\u00e9forestation de la for\u00eat amazonienne. <\/p><\/div>\n\n\n<div class=\"wp-block-group posts-list-meta is-layout-flow wp-block-group-is-layout-flow\"><span class='article-list-item-author'>Greenpeace Suisse<\/span>\n\n<div class=\"wp-block-post-date\"><time datetime=\"2024-09-30T00:01:00+02:00\">30. septembre 2024<\/time><\/div><\/div>\n<\/div>\n<\/div>\n\n<\/li><li class=\"wp-block-post post-109448 post type-post status-publish format-standard has-post-thumbnail hentry category-zero-waste-fr tag-alimentation p4-page-type-publication\">\n\n<div class=\"wp-block-columns is-layout-flex wp-container-core-columns-is-layout-9d6595d7 wp-block-columns-is-layout-flex\"><figure class=\"wp-block-post-featured-image\"><a href=\"https:\/\/www.greenpeace.ch\/fr\/publication\/109448\/coop-migros-greenshifting-climat\/\" target=\"_self\"  ><img loading=\"lazy\" decoding=\"async\" width=\"874\" height=\"1236\" src=\"https:\/\/www.greenpeace.ch\/static\/planet4-switzerland-stateless\/2024\/06\/14590fe6-bildschirmfoto-2024-06-19-um-17.29.55.png\" class=\"attachment-post-thumbnail size-post-thumbnail wp-post-image wp-stateless-item\" alt=\"Coop et Migros: Greenshifting au lieu de protection du climat\" style=\"object-fit:cover;\" srcset=\"https:\/\/www.greenpeace.ch\/static\/planet4-switzerland-stateless\/2024\/06\/14590fe6-bildschirmfoto-2024-06-19-um-17.29.55.png 874w, https:\/\/www.greenpeace.ch\/static\/planet4-switzerland-stateless\/2024\/06\/14590fe6-bildschirmfoto-2024-06-19-um-17.29.55-212x300.png 212w, https:\/\/www.greenpeace.ch\/static\/planet4-switzerland-stateless\/2024\/06\/14590fe6-bildschirmfoto-2024-06-19-um-17.29.55-724x1024.png 724w, https:\/\/www.greenpeace.ch\/static\/planet4-switzerland-stateless\/2024\/06\/14590fe6-bildschirmfoto-2024-06-19-um-17.29.55-768x1086.png 768w, https:\/\/www.greenpeace.ch\/static\/planet4-switzerland-stateless\/2024\/06\/14590fe6-bildschirmfoto-2024-06-19-um-17.29.55-240x340.png 240w\" sizes=\"auto, (max-width: 874px) 100vw, 874px\" data-image-size=\"post-thumbnail\" data-stateless-media-bucket=\"planet4-switzerland-stateless\" data-stateless-media-name=\"2024\/06\/14590fe6-bildschirmfoto-2024-06-19-um-17.29.55.png\" \/><\/a><\/figure>\n\n\n<div class=\"wp-block-group is-layout-flow wp-block-group-is-layout-flow\">\n<div class=\"wp-block-group is-layout-flow wp-block-group-is-layout-flow\"><div class=\"wp-block-post-terms\"><a href=\"https:\/\/www.greenpeace.ch\/fr\/publication\/\">Publication<\/a><\/div>\n\n<div class=\"wp-block-post-terms\"><a href=\"https:\/\/www.greenpeace.ch\/fr\/publication\/\">Publication<\/a><\/div>\n\n<div class=\"taxonomy-post_tag wp-block-post-terms\"><a href=\"https:\/\/www.greenpeace.ch\/fr\/tag\/alimentation\/\" rel=\"tag\">Alimentation<\/a><\/div><\/div>\n\n\n<h3 class=\"wp-block-post-title\"><a href=\"https:\/\/www.greenpeace.ch\/fr\/publication\/109448\/coop-migros-greenshifting-climat\/\" target=\"_self\" >Coop et Migros: Greenshifting au lieu de protection du climat<\/a><\/h3>\n\n<div class=\"wp-block-post-excerpt\"><p class=\"wp-block-post-excerpt__excerpt\">Les groupes Coop et Migros n&rsquo;atteindront pas leurs objectifs climatiques s\u2019ils continuent de vendre autant de viande, de poisson, de produits laitiers et d&rsquo;\u0153ufs. C&rsquo;est ce que r\u00e9v\u00e8le une analyse de Greenpeace Suisse. L&rsquo;organisation environnementale demande au commerce de d\u00e9tail de vendre moins d&rsquo;aliments d&rsquo;origine animale et de cesser de rejeter la responsabilit\u00e9 sur sa\u2026 <\/p><\/div>\n\n\n<div class=\"wp-block-group posts-list-meta is-layout-flow wp-block-group-is-layout-flow\"><span class='article-list-item-author'>Barbara Wegmann<\/span>\n\n<div class=\"wp-block-post-date\"><time datetime=\"2024-06-26T00:05:00+02:00\">26. juin 2024<\/time><\/div><\/div>\n<\/div>\n<\/div>\n\n<\/li><\/ul>\n\n\n<div class=\"wp-block-buttons carousel-controls is-horizontal is-content-justification-space-between is-nowrap is-layout-flex wp-container-core-buttons-is-layout-044bd602 wp-block-buttons-is-layout-flex\">\n<div class=\"wp-block-button carousel-control-prev\"><button type=\"button\" class=\"wp-block-button__link wp-element-button\">Prev<\/button><\/div>\n\n\n\n<div class=\"wp-block-button carousel-control-next\"><button type=\"button\" class=\"wp-block-button__link wp-element-button\">N\u00e4chste<\/button><\/div>\n<\/div>\n<\/div>\n\n<div class=\"wp-block-columns is-layout-flex wp-container-core-columns-is-layout-9d6595d7 wp-block-columns-is-layout-flex\">\n<div class=\"wp-block-column is-layout-flow wp-block-column-is-layout-flow\"><\/div>\n\n\n\n<div class=\"wp-block-column is-layout-flow wp-block-column-is-layout-flow\"><\/div>\n\n\n\n<div class=\"wp-block-column is-layout-flow wp-block-column-is-layout-flow\"><\/div>\n<\/div>\n","protected":false},"excerpt":{"rendered":"<p>Ce que cache la publicit\u00e9 pour la viande Les chercheurs\u00b7ses, mandat\u00e9s\u00b7es par Greenpeace Suisse, se sont int\u00e9ress\u00e9s\u00b7es \u00e0 la fois aux annonces des distributeurs (Coop, Migros, Aldi, Lidl) et \u00e0 celles du syst\u00e8me de promotion des ventes financ\u00e9es par de l\u2019argent public (Pro Viande, Swiss Milk, Switzerland Cheese Marketing, Gallo-Suisse, SPRA). Les principales strat\u00e9gies de [&hellip;]<\/p>\n","protected":false},"author":38,"featured_media":86403,"parent":0,"menu_order":0,"comment_status":"closed","ping_status":"closed","template":"","meta":{"_acf_changed":false,"_planet4_optimize_post_is_variant":false,"_planet4_optimize_experiment_name":"","_planet4_optimize_variant_name":"","ep_exclude_from_search":true,"p4_hide_page_title_checkbox":"on","p4_title":"","p4_subtitle":"","p4_description":"","background_image_id":"","background_image":"","p4_button_title":"","p4_button_link":"","p4_button_link_checkbox":"","p4_og_title":"","p4_og_description":"","p4_og_image":"","p4_og_image_id":"","p4_seo_canonical_url":"","p4_campaign_name":"not set","p4_local_project":"not set","p4_basket_name":"not set","p4_department":"","footnotes":""},"categories":[],"tags":[113],"class_list":["post-90080","page","type-page","status-publish","has-post-thumbnail","hentry","tag-alimentation"],"acf":[],"_links":{"self":[{"href":"https:\/\/www.greenpeace.ch\/fr\/wp-json\/wp\/v2\/pages\/90080","targetHints":{"allow":["GET"]}}],"collection":[{"href":"https:\/\/www.greenpeace.ch\/fr\/wp-json\/wp\/v2\/pages"}],"about":[{"href":"https:\/\/www.greenpeace.ch\/fr\/wp-json\/wp\/v2\/types\/page"}],"author":[{"embeddable":true,"href":"https:\/\/www.greenpeace.ch\/fr\/wp-json\/wp\/v2\/users\/38"}],"replies":[{"embeddable":true,"href":"https:\/\/www.greenpeace.ch\/fr\/wp-json\/wp\/v2\/comments?post=90080"}],"version-history":[{"count":13,"href":"https:\/\/www.greenpeace.ch\/fr\/wp-json\/wp\/v2\/pages\/90080\/revisions"}],"predecessor-version":[{"id":126765,"href":"https:\/\/www.greenpeace.ch\/fr\/wp-json\/wp\/v2\/pages\/90080\/revisions\/126765"}],"wp:featuredmedia":[{"embeddable":true,"href":"https:\/\/www.greenpeace.ch\/fr\/wp-json\/wp\/v2\/media\/86403"}],"wp:attachment":[{"href":"https:\/\/www.greenpeace.ch\/fr\/wp-json\/wp\/v2\/media?parent=90080"}],"wp:term":[{"taxonomy":"category","embeddable":true,"href":"https:\/\/www.greenpeace.ch\/fr\/wp-json\/wp\/v2\/categories?post=90080"},{"taxonomy":"post_tag","embeddable":true,"href":"https:\/\/www.greenpeace.ch\/fr\/wp-json\/wp\/v2\/tags?post=90080"}],"curies":[{"name":"wp","href":"https:\/\/api.w.org\/{rel}","templated":true}]}}