{"id":93931,"date":"2022-10-06T02:58:26","date_gmt":"2022-10-06T00:58:26","guid":{"rendered":"https:\/\/www.greenpeace.ch\/?page_id=93931"},"modified":"2025-06-25T14:31:42","modified_gmt":"2025-06-25T12:31:42","slug":"pensionwatch","status":"publish","type":"page","link":"https:\/\/www.greenpeace.ch\/fr\/pensionwatch\/","title":{"rendered":"#PensionWatch"},"content":{"rendered":"\n                \n                <div class=\"wp-block-group alignfull is-layout-flow wp-block-group-is-layout-flow\">\n                \n                <div class=\"wp-block-group container is-layout-flow wp-block-group-is-layout-flow\">\n                \n                <div class=\"wp-block-media-text alignfull has-media-on-the-right is-stacked-on-mobile is-pattern-p4-page-header is-style-parallax\">\n\n                <div class=\"wp-block-media-text__content\">\n                    <div class=\"wp-block-group is-layout-flow wp-block-group-is-layout-flow\">\n                    \n                        <h1 class=\"wp-block-heading has-white-background-color has-background\">\n                            #PensionWatch\n                        <\/h1>\n                    <\/div>\n                \n\n                \n\n                \n\n                <\/div>\n                <figure class=\"wp-block-media-text__media\">\n                    <img loading=\"lazy\" decoding=\"async\" width=\"800\" height=\"534\"\n                        src=\"https:\/\/www.greenpeace.ch\/static\/planet4-switzerland-stateless\/2023\/04\/b0e56aff-gp0stvaog_web_size.jpg\"\n                        alt=\"\"\n                        sizes=\"auto, (min-width: 601px) 50vw, 100vw\" srcset=\"https:\/\/www.greenpeace.ch\/static\/planet4-switzerland-stateless\/2023\/04\/b0e56aff-gp0stvaog_web_size.jpg 800w, https:\/\/www.greenpeace.ch\/static\/planet4-switzerland-stateless\/2023\/04\/b0e56aff-gp0stvaog_web_size-300x200.jpg 300w, https:\/\/www.greenpeace.ch\/static\/planet4-switzerland-stateless\/2023\/04\/b0e56aff-gp0stvaog_web_size-768x513.jpg 768w, https:\/\/www.greenpeace.ch\/static\/planet4-switzerland-stateless\/2023\/04\/b0e56aff-gp0stvaog_web_size-510x340.jpg 510w\" class=\"wp-image-97149 size-full\"\n                    \/>\n                <\/figure>\n                <\/div>\n                \n                <\/div>\n                \n                <\/div>\n                \n                \n                    <div class=\"wp-block-group is-vertical is-layout-flex wp-container-core-group-is-layout-8cf370e7 wp-block-group-is-layout-flex\">\n                    \n\n                    \n                    <\/div>\n                    \n<h2 class=\"wp-block-heading\"><strong>Confrontez votre caisse de pension&nbsp;!<\/strong><\/h2>\n\n<p><strong><strong>L&rsquo;action est maintenant termin\u00e9e, merci pour votre engagement !<\/strong><\/strong><\/p>\n\n<p>Pr\u00e8s de 1200 personnes ont \u00e9crit \u00e0 leur caisse de pension, \u00e0 l&rsquo;aide de notre outil en ligne \u00ab\u00a0PensionWatch\u00a0\u00bb. Pour en savoir plus vous pouvez lire <a href=\"https:\/\/www.greenpeace.ch\/fr\/story-fr\/97070\/les-caisses-de-pension-sont-encore-loin-detre-durables\" target=\"_blank\" rel=\"noreferrer noopener\">les r\u00e9sultats de cette action<\/a> et <a href=\"https:\/\/docs.google.com\/spreadsheets\/d\/e\/2PACX-1vR9bDFlpz6QpmQb9YymjLF-uA18eFwerI_G-6rojkNJvHvjPL773-zspIKQldP_Jk_QehQ3lApM9ytk\/pubhtml\" target=\"_blank\" rel=\"noreferrer noopener\">l&rsquo;\u00e9valuation des r\u00e9ponses <\/a>des caisses de pensions qui en d\u00e9coule.<\/p>\n\n<div class=\"wp-block-buttons is-layout-flex wp-block-buttons-is-layout-flex\">\n<div class=\"wp-block-button\"><a class=\"wp-block-button__link wp-element-button\" href=\"https:\/\/www.greenpeace.ch\/fr\/story-fr\/97070\/les-caisses-de-pension-sont-encore-loin-detre-durables\">Analyse et \u00e9valuation des r\u00e9ponses des caisses de pension<\/a><\/div>\n<\/div>\n\n<p>Pour entamer un dialogue avec votre caisse de pension et l&rsquo;interroger sur sa strat\u00e9gie de durabilit\u00e9, voici quelques liens utiles. <\/p>\n\n<div class=\"wp-block-buttons is-layout-flex wp-block-buttons-is-layout-flex\">\n<div class=\"wp-block-button\"><a class=\"wp-block-button__link wp-element-button\" href=\"https:\/\/www.greenpeace.ch\/static\/planet4-switzerland-stateless\/2023\/02\/0e9d7225-lettre-caisse-de-pension.pdf\" target=\"_blank\" rel=\"noreferrer noopener\">Lettre type aux caisses de pension<\/a><\/div>\n<\/div>\n\n<div class=\"wp-block-buttons is-layout-flex wp-block-buttons-is-layout-flex\">\n<div class=\"wp-block-button\"><a class=\"wp-block-button__link wp-element-button\" href=\"https:\/\/www.greenpeace.ch\/static\/planet4-switzerland-stateless\/2023\/01\/9ae32fc4-pk_bericht_kapitel5_20230125_fr.pdf\" target=\"_blank\" rel=\"noreferrer noopener\">Recommandations pour une caisse de pension durable<\/a><\/div>\n<\/div>\n\n<style>\n\/*.gform_required_legend {display: none}*\/\n<\/style>\n\n<script>\n(function () {\n\tconst letterField = document.querySelector('#input_308_22');\n\tconst initialLetterFieldValue = letterField.value;\n\n\tconst selectorPk = '#input_308_25';\n\tconst selectorFirstName = '#input_308_4';\n\tconst selectorLastName = '#input_308_5';\n\tlet newLetter = '';\n\n\t\/\/ The values used in the letter text\n\tlet pkName = '';\n\tlet combinedName = '';\n\n\tconst getInitialLetterText = function () {\n\t\tconst textFromStorage = sessionStorage.getItem('pkLetterText');\n\n\t\tif (textFromStorage !== null) {\n\t\t\treturn textFromStorage;\n\t\t} else {\n\t\t\treturn initialLetterFieldValue;\n\t\t}\n\t};\n\n\t\/\/ Save initial letter text\n\tconst textFromStorage = sessionStorage.getItem('pkLetterText');\n\tif (textFromStorage === null) {\n\t\tsessionStorage.setItem('pkLetterText', initialLetterFieldValue);\n\t}\n\n\tconst updateLetterText = function () {\n\t\tnewLetter = getInitialLetterText();\n\n\t\t\/\/ Replace PK name\n\t\tif (pkName !== '') {\n\t\t\tconst findText = 'Sie verantworten die Verwaltung';\n\t\t\tconst replaceBy = pkName + ' verantwortet die Verwaltung';\n\t\t\tnewLetter = newLetter.replace(findText, replaceBy);\n\t\t}\n\n\t\t\/\/ Replace signature\n\t\tconst endText = 'Freundliche Gr\u00fcsse';\n\n\t\t\/\/ Only add signature if the end lof the letter hasn't changed\n\t\tif (newLetter.search(endText) + endText.length === newLetter.length) {\n\t\t\tnewLetter = newLetter + '\\n' + combinedName;\n\t\t}\n\n\t\tletterField.value = newLetter;\n\t};\n\n\t\/* PK Name: listen to Chosen JS event (jQuery) to update *\/\n\tconst disallowList = [\n\t\t'Ich finde meine Pensionskasse leider nicht in der Liste',\n\t\t'W\u00e4hle hier deine Pensionskasse aus',\n\t\t'-',\n\t\t'Ich kenne den Namen meiner Pensionskasse nicht',\n\t\t'Ich habe keine Pensionskasse',\n\t\t'Selectionnez ici votre caisse de pension',\n\t\t'Je ne trouve malheureusement pas ma caisse de pension dans la liste',\n\t\t'Je ne connais pas le nom de ma caisse de pension',\n\t\t\"Je n'ai pas de caisse de pension\",\n\t];\n\n\tjQuery(selectorPk).on('change', function (event, params) {\n\t\tif (!disallowList.includes(params.selected)) {\n\t\t\tpkName = params.selected;\n\n\t\t\tupdateLetterText();\n\t\t}\n\t\tif (params.selected === 'Ich habe keine Pensionskasse') {\n\t\t\tpkName = 'Compenswiss';\n\n\t\t\tupdateLetterText();\n\t\t}\n\t});\n\n\t\/* Signature: Use event listeners to trigger a signature change *\/\n\tconst nameFields = document.querySelectorAll(selectorFirstName + ', ' + selectorLastName);\n\tnameFields.forEach((field) => {\n\t\tfield.addEventListener('change', (event) => {\n\t\t\tcombinedName =\n\t\t\t\tdocument.querySelector(selectorFirstName).value + ' ' + document.querySelector(selectorLastName).value;\n\n\t\t\tupdateLetterText();\n\t\t});\n\t});\n})();\n\n<\/script>\n","protected":false},"excerpt":{"rendered":"<p>Nos caisses de pension investissent dans la destruction des for\u00eats et menacent ainsi nos conditions de vie. \u00c9crivez \u00e0 votre caisse de pension et faites-la militer pour le climat !<\/p>\n","protected":false},"author":112,"featured_media":97149,"parent":0,"menu_order":0,"comment_status":"closed","ping_status":"closed","template":"","meta":{"_acf_changed":false,"_planet4_optimize_post_is_variant":false,"_planet4_optimize_experiment_name":"","_planet4_optimize_variant_name":"","ep_exclude_from_search":false,"p4_hide_page_title_checkbox":"on","p4_title":"","p4_subtitle":"","p4_description":"","background_image_id":"","background_image":"","p4_button_title":"","p4_button_link":"","p4_button_link_checkbox":"","p4_og_title":"Confrontez votre caisse de pension\u00a0!","p4_og_description":"Nos caisses de pension investissent dans la destruction des for\u00eats et menacent ainsi nos conditions de vie. \u00c9crivez \u00e0 votre caisse de pension et transformez la en militante pour le climat.","p4_og_image":"","p4_og_image_id":"","p4_seo_canonical_url":"","p4_campaign_name":"not set","p4_local_project":"not set","p4_basket_name":"not set","p4_department":"","footnotes":""},"categories":[112],"tags":[58,66,114,50],"class_list":["post-93931","page","type-page","status-publish","has-post-thumbnail","hentry","category-klima-fr","tag-climat","tag-forets","tag-finance-durable","tag-klima"],"acf":[],"_links":{"self":[{"href":"https:\/\/www.greenpeace.ch\/fr\/wp-json\/wp\/v2\/pages\/93931","targetHints":{"allow":["GET"]}}],"collection":[{"href":"https:\/\/www.greenpeace.ch\/fr\/wp-json\/wp\/v2\/pages"}],"about":[{"href":"https:\/\/www.greenpeace.ch\/fr\/wp-json\/wp\/v2\/types\/page"}],"author":[{"embeddable":true,"href":"https:\/\/www.greenpeace.ch\/fr\/wp-json\/wp\/v2\/users\/112"}],"replies":[{"embeddable":true,"href":"https:\/\/www.greenpeace.ch\/fr\/wp-json\/wp\/v2\/comments?post=93931"}],"version-history":[{"count":3,"href":"https:\/\/www.greenpeace.ch\/fr\/wp-json\/wp\/v2\/pages\/93931\/revisions"}],"predecessor-version":[{"id":121253,"href":"https:\/\/www.greenpeace.ch\/fr\/wp-json\/wp\/v2\/pages\/93931\/revisions\/121253"}],"wp:featuredmedia":[{"embeddable":true,"href":"https:\/\/www.greenpeace.ch\/fr\/wp-json\/wp\/v2\/media\/97149"}],"wp:attachment":[{"href":"https:\/\/www.greenpeace.ch\/fr\/wp-json\/wp\/v2\/media?parent=93931"}],"wp:term":[{"taxonomy":"category","embeddable":true,"href":"https:\/\/www.greenpeace.ch\/fr\/wp-json\/wp\/v2\/categories?post=93931"},{"taxonomy":"post_tag","embeddable":true,"href":"https:\/\/www.greenpeace.ch\/fr\/wp-json\/wp\/v2\/tags?post=93931"}],"curies":[{"name":"wp","href":"https:\/\/api.w.org\/{rel}","templated":true}]}}