{"id":97819,"date":"2023-05-04T20:00:20","date_gmt":"2023-05-04T18:00:20","guid":{"rendered":"https:\/\/www.greenpeace.ch\/ein-teil-der-loesung-werden\/"},"modified":"2025-10-08T11:47:14","modified_gmt":"2025-10-08T09:47:14","slug":"engagement-pour-le-changement","status":"publish","type":"page","link":"https:\/\/www.greenpeace.ch\/fr\/engagement-pour-le-changement\/","title":{"rendered":"S&rsquo;engager pour le changement"},"content":{"rendered":"\n                \n                <div class=\"wp-block-group alignfull is-layout-flow wp-block-group-is-layout-flow\">\n                \n                <div class=\"wp-block-group container is-layout-flow wp-block-group-is-layout-flow\">\n                \n                <div class=\"wp-block-media-text alignfull has-media-on-the-right is-stacked-on-mobile is-pattern-p4-page-header is-style-parallax\">\n\n                <div class=\"wp-block-media-text__content\">\n                    <div class=\"wp-block-group is-layout-flow wp-block-group-is-layout-flow\">\n                    \n                        <h1 class=\"wp-block-heading has-white-background-color has-background\">\n                            S&#8217;engager pour le changement\n                        <\/h1>\n                    <\/div>\n                \n\n                \n\n                \n\n                <\/div>\n                <figure class=\"wp-block-media-text__media\">\n                    <img loading=\"lazy\" decoding=\"async\" width=\"720\" height=\"405\"\n                        src=\"https:\/\/www.greenpeace.ch\/static\/planet4-switzerland-stateless\/2023\/04\/aa83221f-time_for_change__instagram_post__square____instagram_story___facebook_post__landscape____facebook_cover___twitter_post__720.png\"\n                        alt=\"\"\n                        sizes=\"auto, (min-width: 601px) 50vw, 100vw\" srcset=\"https:\/\/www.greenpeace.ch\/static\/planet4-switzerland-stateless\/2023\/04\/aa83221f-time_for_change__instagram_post__square____instagram_story___facebook_post__landscape____facebook_cover___twitter_post__720.png 720w, https:\/\/www.greenpeace.ch\/static\/planet4-switzerland-stateless\/2023\/04\/aa83221f-time_for_change__instagram_post__square____instagram_story___facebook_post__landscape____facebook_cover___twitter_post__720-300x169.png 300w, https:\/\/www.greenpeace.ch\/static\/planet4-switzerland-stateless\/2023\/04\/aa83221f-time_for_change__instagram_post__square____instagram_story___facebook_post__landscape____facebook_cover___twitter_post__720-510x287.png 510w\" class=\"wp-image-97176 size-full\"\n                    \/>\n                <\/figure>\n                <\/div>\n                \n                <\/div>\n                \n                <\/div>\n                \n                <script type=\"text\/javascript\">\n\/* <![CDATA[ *\/\nvar gform;gform||(document.addEventListener(\"gform_main_scripts_loaded\",function(){gform.scriptsLoaded=!0}),document.addEventListener(\"gform\/theme\/scripts_loaded\",function(){gform.themeScriptsLoaded=!0}),window.addEventListener(\"DOMContentLoaded\",function(){gform.domLoaded=!0}),gform={domLoaded:!1,scriptsLoaded:!1,themeScriptsLoaded:!1,isFormEditor:()=>\"function\"==typeof InitializeEditor,callIfLoaded:function(o){return!(!gform.domLoaded||!gform.scriptsLoaded||!gform.themeScriptsLoaded&&!gform.isFormEditor()||(gform.isFormEditor()&&console.warn(\"The use of gform.initializeOnLoaded() is deprecated in the form editor context and will be removed in Gravity Forms 3.1.\"),o(),0))},initializeOnLoaded:function(o){gform.callIfLoaded(o)||(document.addEventListener(\"gform_main_scripts_loaded\",()=>{gform.scriptsLoaded=!0,gform.callIfLoaded(o)}),document.addEventListener(\"gform\/theme\/scripts_loaded\",()=>{gform.themeScriptsLoaded=!0,gform.callIfLoaded(o)}),window.addEventListener(\"DOMContentLoaded\",()=>{gform.domLoaded=!0,gform.callIfLoaded(o)}))},hooks:{action:{},filter:{}},addAction:function(o,r,e,t){gform.addHook(\"action\",o,r,e,t)},addFilter:function(o,r,e,t){gform.addHook(\"filter\",o,r,e,t)},doAction:function(o){gform.doHook(\"action\",o,arguments)},applyFilters:function(o){return gform.doHook(\"filter\",o,arguments)},removeAction:function(o,r){gform.removeHook(\"action\",o,r)},removeFilter:function(o,r,e){gform.removeHook(\"filter\",o,r,e)},addHook:function(o,r,e,t,n){null==gform.hooks[o][r]&&(gform.hooks[o][r]=[]);var d=gform.hooks[o][r];null==n&&(n=r+\"_\"+d.length),gform.hooks[o][r].push({tag:n,callable:e,priority:t=null==t?10:t})},doHook:function(r,o,e){var t;if(e=Array.prototype.slice.call(e,1),null!=gform.hooks[r][o]&&((o=gform.hooks[r][o]).sort(function(o,r){return o.priority-r.priority}),o.forEach(function(o){\"function\"!=typeof(t=o.callable)&&(t=window[t]),\"action\"==r?t.apply(null,e):e[0]=t.apply(null,e)})),\"filter\"==r)return e[0]},removeHook:function(o,r,t,n){var e;null!=gform.hooks[o][r]&&(e=(e=gform.hooks[o][r]).filter(function(o,r,e){return!!(null!=n&&n!=o.tag||null!=t&&t!=o.priority)}),gform.hooks[o][r]=e)}});\n\/* ]]> *\/\n<\/script>\n\n                <div class='gf_browser_gecko gform_wrapper gravity-theme gform-theme--no-framework' data-form-theme='gravity-theme' data-form-index='0' id='gform_wrapper_332' style='display:none'><div id='gf_332' class='gform_anchor' tabindex='-1'><\/div>\n                        <div class='gform_heading'>\n\t\t\t\t\t\t\t<p class='gform_required_legend'>\u00ab\u00a0<span class=\"gfield_required gfield_required_asterisk\">*<\/span>\u00a0\u00bb indique les champs n\u00e9cessaires<\/p>\n                        <\/div><form method='post' enctype='multipart\/form-data' target='gform_ajax_frame_332' id='gform_332'  action='\/fr\/wp-json\/wp\/v2\/pages\/97819#gf_332' data-formid='332' novalidate>\n                        <div class='gform-body gform_body'><div id='gform_fields_332' class='gform_fields top_label form_sublabel_below description_below validation_below'><div id=\"field_332_27\" class=\"gfield gfield--type-html gfield--width-full gfield_html gfield_html_formatted gfield_no_follows_desc field_sublabel_below gfield--no-description field_description_below field_validation_below gfield_visibility_visible\"  ><p><strong>Abonnez-vous \u00e0 la newsletter de la campagne Change.<\/strong><\/p><\/div><div id=\"field_332_6\" class=\"gfield gfield--type-email gfield--width-full gfield_contains_required field_sublabel_below gfield--no-description field_description_below field_validation_below gfield_visibility_visible\"  ><label class='gfield_label gform-field-label' for='input_332_6'>E-Mail<span class=\"gfield_required\"><span class=\"gfield_required gfield_required_asterisk\">*<\/span><\/span><\/label><div class='ginput_container ginput_container_email'>\n                            <input name='input_6' id='input_332_6' type='email' value='' class='large'    aria-required=\"true\" aria-invalid=\"false\"  autocomplete=\"email\"\/>\n                        <\/div><\/div><div id=\"field_332_3\" class=\"gfield gfield--type-select gfield_contains_required field_sublabel_below gfield--no-description field_description_below field_validation_below gfield_visibility_visible\"  ><label class='gfield_label gform-field-label' for='input_332_3'>Titre<span class=\"gfield_required\"><span class=\"gfield_required gfield_required_asterisk\">*<\/span><\/span><\/label><div class='ginput_container ginput_container_select'><select name='input_3' id='input_332_3' class='large gfield_select'    aria-required=\"true\" aria-invalid=\"false\" ><option value='Formule d&#039;appel neutre' >Formule d&#039;appel neutre<\/option><option value='Madame' >Madame<\/option><option value='Monsieur' >Monsieur<\/option><\/select><\/div><\/div><div id=\"field_332_4\" class=\"gfield gfield--type-text gfield_contains_required field_sublabel_below gfield--no-description field_description_below field_validation_below gfield_visibility_visible\"  ><label class='gfield_label gform-field-label' for='input_332_4'>Pr\u00e9nom<span class=\"gfield_required\"><span class=\"gfield_required gfield_required_asterisk\">*<\/span><\/span><\/label><div class='ginput_container ginput_container_text'><input name='input_4' id='input_332_4' type='text' value='' class='large'     aria-required=\"true\" aria-invalid=\"false\"  autocomplete=\"given-name\" \/><\/div><\/div><div id=\"field_332_5\" class=\"gfield gfield--type-text gfield_contains_required field_sublabel_below gfield--no-description field_description_below field_validation_below gfield_visibility_visible\"  ><label class='gfield_label gform-field-label' for='input_332_5'>Nom de famille<span class=\"gfield_required\"><span class=\"gfield_required gfield_required_asterisk\">*<\/span><\/span><\/label><div class='ginput_container ginput_container_text'><input name='input_5' id='input_332_5' type='text' value='' class='large'     aria-required=\"true\" aria-invalid=\"false\"  autocomplete=\"family-name\" \/><\/div><\/div><fieldset id=\"field_332_20\" class=\"gfield gfield--type-checkbox gfield--type-choice privacy-field gfield_contains_required field_sublabel_below gfield--no-description field_description_below field_validation_below gfield_visibility_visible custom-control\"  data-field-class=\"custom-control\" ><legend class='gfield_label gform-field-label screen-reader-text gfield_label_before_complex' ><span class=\"gfield_required\"><span class=\"gfield_required gfield_required_asterisk\">*<\/span><\/span><\/legend><div class='ginput_container ginput_container_checkbox'><div class='gfield_checkbox ' id='input_332_20'><div class='gchoice gchoice_332_20_1'>\n\t\t\t\t\t\t\t\t<input class='gfield-choice-input' name='input_20.1' type='checkbox'  value='J&#039;accepte les &lt;a href=&quot;https:\/\/www.greenpeace.ch\/fr\/protection-des-donnees\/&quot; target=&quot;_blank&quot;&gt;dispositions relatives \u00e0 la protection des donn\u00e9es&lt;\/a&gt; de Greenpeace Suisse.' checked='checked' id='choice_332_20_1'   \/>\n\t\t\t\t\t\t\t\t<label for='choice_332_20_1' id='label_332_20_1' class='gform-field-label gform-field-label--type-inline'>J&rsquo;accepte les <a href=\"https:\/\/www.greenpeace.ch\/fr\/protection-des-donnees\/\" target=\"_blank\">dispositions relatives \u00e0 la protection des donn\u00e9es<\/a> de Greenpeace Suisse.<\/label>\n\t\t\t\t\t\t\t<\/div><\/div><\/div><\/fieldset><div id=\"field_332_12\" class=\"gfield gfield--type-hidden gform_hidden field_sublabel_below gfield--no-description field_description_below field_validation_below gfield_visibility_visible\"  ><div class='ginput_container ginput_container_text'><input name='input_12' id='input_332_12' type='hidden' class='gform_hidden'  aria-invalid=\"false\" value='' \/><\/div><\/div><div id=\"field_332_13\" class=\"gfield gfield--type-hidden gform_hidden field_sublabel_below gfield--no-description field_description_below field_validation_below gfield_visibility_visible\"  ><div class='ginput_container ginput_container_text'><input name='input_13' id='input_332_13' type='hidden' class='gform_hidden'  aria-invalid=\"false\" value='' \/><\/div><\/div><div id=\"field_332_14\" class=\"gfield gfield--type-hidden gform_hidden field_sublabel_below gfield--no-description field_description_below field_validation_below gfield_visibility_visible\"  ><div class='ginput_container ginput_container_text'><input name='input_14' id='input_332_14' type='hidden' class='gform_hidden'  aria-invalid=\"false\" value='' \/><\/div><\/div><div id=\"field_332_15\" class=\"gfield gfield--type-hidden gform_hidden field_sublabel_below gfield--no-description field_description_below field_validation_below gfield_visibility_visible\"  ><div class='ginput_container ginput_container_text'><input name='input_15' id='input_332_15' type='hidden' class='gform_hidden'  aria-invalid=\"false\" value='' \/><\/div><\/div><div id=\"field_332_16\" class=\"gfield gfield--type-hidden gform_hidden field_sublabel_below gfield--no-description field_description_below field_validation_below gfield_visibility_visible\"  ><div class='ginput_container ginput_container_text'><input name='input_16' id='input_332_16' type='hidden' class='gform_hidden'  aria-invalid=\"false\" value='' \/><\/div><\/div><div id=\"field_332_23\" class=\"gfield gfield--type-hidden gfield--width-full gform_hidden field_sublabel_below gfield--no-description field_description_below field_validation_below gfield_visibility_visible\"  ><div class='ginput_container ginput_container_text'><input name='input_23' id='input_332_23' type='hidden' class='gform_hidden'  aria-invalid=\"false\" value='subscription' \/><\/div><\/div><div id=\"field_332_25\" class=\"gfield gfield--type-hidden gform_hidden field_sublabel_below gfield--no-description field_description_below field_validation_below gfield_visibility_visible\"  ><div class='ginput_container ginput_container_text'><input name='input_25' id='input_332_25' type='hidden' class='gform_hidden'  aria-invalid=\"false\" value='701090000005g7fAAA' \/><\/div><\/div><div id=\"field_332_26\" class=\"gfield gfield--type-hidden gfield--width-full gform_hidden field_sublabel_below gfield--no-description field_description_below field_validation_below gfield_visibility_visible\"  ><div class='ginput_container ginput_container_text'><input name='input_26' id='input_332_26' type='hidden' class='gform_hidden'  aria-invalid=\"false\" value='allgemein,change' \/><\/div><\/div><\/div><\/div>\n        <div class='gform-footer gform_footer top_label'> <input type='submit' id='gform_submit_button_332' class='gform_button button' onclick='gform.submission.handleButtonClick(this);' data-submission-type='submit' value='Envoyer'  \/> <input type='hidden' name='gform_ajax' value='form_id=332&amp;title=&amp;description=&amp;tabindex=0&amp;theme=gravity-theme&amp;styles=[]&amp;hash=2c2492c792031736ff8ac02e1431ef8b' \/>\n            <input type='hidden' class='gform_hidden' name='gform_submission_method' data-js='gform_submission_method_332' value='iframe' \/>\n            <input type='hidden' class='gform_hidden' name='gform_theme' data-js='gform_theme_332' id='gform_theme_332' value='gravity-theme' \/>\n            <input type='hidden' class='gform_hidden' name='gform_style_settings' data-js='gform_style_settings_332' id='gform_style_settings_332' value='[]' \/>\n            <input type='hidden' class='gform_hidden' name='is_submit_332' value='1' \/>\n            <input type='hidden' class='gform_hidden' name='gform_submit' value='332' \/>\n            \n            <input type='hidden' class='gform_hidden' name='gform_currency' data-currency='CHF' value='twHeTTtqhlcvRtdSTbFas6NOwuRDqE8dDwsBOwV5lDc1uYOczIMQD\/WMhVEHb9QiOKGStK1bvFj+ul6Z6S6OuihJIvtvMfdaCgyclCPsnnwNsq0=' \/>\n            <input type='hidden' class='gform_hidden' name='gform_unique_id' value='' \/>\n            <input type='hidden' class='gform_hidden' name='state_332' value='WyJbXSIsIjAyYTRhYjNlYmQ4MDQ2NmNkNDhhYmQ4MGQwMjNjMDZjIl0=' \/>\n            <input type='hidden' autocomplete='off' class='gform_hidden' name='gform_target_page_number_332' id='gform_target_page_number_332' value='0' \/>\n            <input type='hidden' autocomplete='off' class='gform_hidden' name='gform_source_page_number_332' id='gform_source_page_number_332' value='1' \/>\n            <input type='hidden' name='gform_field_values' value='' \/>\n            \n        <\/div>\n                        <\/form>\n                        <\/div>\n\t\t                <iframe style='display:none;width:0px;height:0px;' src='about:blank' name='gform_ajax_frame_332' id='gform_ajax_frame_332' title='Cette iframe contient la logique n\u00e9cessaire pour manipuler Gravity Forms avec Ajax.'><\/iframe>\n\t\t                <script type=\"text\/javascript\">\n\/* <![CDATA[ *\/\n gform.initializeOnLoaded( function() {gformInitSpinner( 332, 'https:\/\/www.greenpeace.ch\/wp-content\/plugins\/gravityforms\/images\/spinner.svg', true );jQuery('#gform_ajax_frame_332').on('load',function(){var contents = jQuery(this).contents().find('*').html();var is_postback = contents.indexOf('GF_AJAX_POSTBACK') >= 0;if(!is_postback){return;}var form_content = jQuery(this).contents().find('#gform_wrapper_332');var is_confirmation = jQuery(this).contents().find('#gform_confirmation_wrapper_332').length > 0;var is_redirect = contents.indexOf('gformRedirect(){') >= 0;var is_form = form_content.length > 0 && ! is_redirect && ! is_confirmation;var mt = parseInt(jQuery('html').css('margin-top'), 10) + parseInt(jQuery('body').css('margin-top'), 10) + 100;if(is_form){form_content.find('form').css('opacity', 0);jQuery('#gform_wrapper_332').html(form_content.html());if(form_content.hasClass('gform_validation_error')){jQuery('#gform_wrapper_332').addClass('gform_validation_error');} else {jQuery('#gform_wrapper_332').removeClass('gform_validation_error');}setTimeout( function() { \/* delay the scroll by 50 milliseconds to fix a bug in chrome *\/ jQuery(document).scrollTop(jQuery('#gform_wrapper_332').offset().top - mt); }, 50 );if(window['gformInitDatepicker']) {gformInitDatepicker();}if(window['gformInitPriceFields']) {gformInitPriceFields();}var current_page = jQuery('#gform_source_page_number_332').val();gformInitSpinner( 332, 'https:\/\/www.greenpeace.ch\/wp-content\/plugins\/gravityforms\/images\/spinner.svg', true );jQuery(document).trigger('gform_page_loaded', [332, current_page]);window['gf_submitting_332'] = false;}else if(!is_redirect){var confirmation_content = jQuery(this).contents().find('.GF_AJAX_POSTBACK').html();if(!confirmation_content){confirmation_content = contents;}jQuery('#gform_wrapper_332').replaceWith(confirmation_content);jQuery(document).scrollTop(jQuery('#gf_332').offset().top - mt);jQuery(document).trigger('gform_confirmation_loaded', [332]);window['gf_submitting_332'] = false;wp.a11y.speak(jQuery('#gform_confirmation_message_332').text());}else{jQuery('#gform_332').append(contents);if(window['gformRedirect']) {gformRedirect();}}jQuery(document).trigger(\"gform_pre_post_render\", [{ formId: \"332\", currentPage: \"current_page\", abort: function() { this.preventDefault(); } }]);        if (event && event.defaultPrevented) {                return;        }        const gformWrapperDiv = document.getElementById( \"gform_wrapper_332\" );        if ( gformWrapperDiv ) {            const visibilitySpan = document.createElement( \"span\" );            visibilitySpan.id = \"gform_visibility_test_332\";            gformWrapperDiv.insertAdjacentElement( \"afterend\", visibilitySpan );        }        const visibilityTestDiv = document.getElementById( \"gform_visibility_test_332\" );        let postRenderFired = false;        function triggerPostRender() {            if ( postRenderFired ) {                return;            }            postRenderFired = true;            gform.core.triggerPostRenderEvents( 332, current_page );            if ( visibilityTestDiv ) {                visibilityTestDiv.parentNode.removeChild( visibilityTestDiv );            }        }        function debounce( func, wait, immediate ) {            var timeout;            return function() {                var context = this, args = arguments;                var later = function() {                    timeout = null;                    if ( !immediate ) func.apply( context, args );                };                var callNow = immediate && !timeout;                clearTimeout( timeout );                timeout = setTimeout( later, wait );                if ( callNow ) func.apply( context, args );            };        }        const debouncedTriggerPostRender = debounce( function() {            triggerPostRender();        }, 200 );        if ( visibilityTestDiv && visibilityTestDiv.offsetParent === null ) {            const observer = new MutationObserver( ( mutations ) => {                mutations.forEach( ( mutation ) => {                    if ( mutation.type === 'attributes' && visibilityTestDiv.offsetParent !== null ) {                        debouncedTriggerPostRender();                        observer.disconnect();                    }                });            });            observer.observe( document.body, {                attributes: true,                childList: false,                subtree: true,                attributeFilter: [ 'style', 'class' ],            });        } else {            triggerPostRender();        }    } );} ); \n\/* ]]> *\/\n<\/script>\n\n<p><strong>La Suisse d\u00e9passe largement les limites plan\u00e9taires. <\/strong>Notre pays d\u00e9passe 19 fois le seuil des limites plan\u00e9taires en ce qui concerne le climat et 3,8 fois pour la perte de biodiversit\u00e9. <strong>Le 13 mai, la Suisse aura d\u00e9j\u00e0 \u00e9puis\u00e9 toutes ses ressources pour cette ann\u00e9e.<\/strong> La situation est claire: notre mode de vie et notre mod\u00e8le \u00e9conomique hypoth\u00e8quent toujours plus rapidement notre avenir. Nous avons besoin d\u2019un syst\u00e8me POUR la plan\u00e8te et ses habitants\u00b7es.<\/p>\n","protected":false},"excerpt":{"rendered":"<p>La Suisse d\u00e9passe largement les limites plan\u00e9taires. Notre pays d\u00e9passe 19 fois le seuil des limites plan\u00e9taires en ce qui concerne le climat et 3,8 fois pour la perte de biodiversit\u00e9. Le 13 mai, la Suisse aura d\u00e9j\u00e0 \u00e9puis\u00e9 toutes ses ressources pour cette ann\u00e9e. La situation est claire: notre mode de vie et notre [&hellip;]<\/p>\n","protected":false},"author":112,"featured_media":97176,"parent":0,"menu_order":0,"comment_status":"closed","ping_status":"closed","template":"","meta":{"_acf_changed":false,"_planet4_optimize_post_is_variant":false,"_planet4_optimize_experiment_name":"","_planet4_optimize_variant_name":"","ep_exclude_from_search":false,"p4_hide_page_title_checkbox":"on","p4_title":"","p4_subtitle":"","p4_description":"","background_image_id":"","background_image":"","p4_button_title":"","p4_button_link":"","p4_button_link_checkbox":"","p4_og_title":"","p4_og_description":"","p4_og_image":"","p4_og_image_id":"","p4_seo_canonical_url":"","p4_campaign_name":"","p4_local_project":"","p4_basket_name":"","p4_department":"","footnotes":""},"categories":[234,235],"tags":[230],"class_list":["post-97819","page","type-page","status-publish","has-post-thumbnail","hentry","category-change","category-change-fr","tag-change-fr"],"acf":[],"_links":{"self":[{"href":"https:\/\/www.greenpeace.ch\/fr\/wp-json\/wp\/v2\/pages\/97819","targetHints":{"allow":["GET"]}}],"collection":[{"href":"https:\/\/www.greenpeace.ch\/fr\/wp-json\/wp\/v2\/pages"}],"about":[{"href":"https:\/\/www.greenpeace.ch\/fr\/wp-json\/wp\/v2\/types\/page"}],"author":[{"embeddable":true,"href":"https:\/\/www.greenpeace.ch\/fr\/wp-json\/wp\/v2\/users\/112"}],"replies":[{"embeddable":true,"href":"https:\/\/www.greenpeace.ch\/fr\/wp-json\/wp\/v2\/comments?post=97819"}],"version-history":[{"count":2,"href":"https:\/\/www.greenpeace.ch\/fr\/wp-json\/wp\/v2\/pages\/97819\/revisions"}],"predecessor-version":[{"id":121241,"href":"https:\/\/www.greenpeace.ch\/fr\/wp-json\/wp\/v2\/pages\/97819\/revisions\/121241"}],"wp:featuredmedia":[{"embeddable":true,"href":"https:\/\/www.greenpeace.ch\/fr\/wp-json\/wp\/v2\/media\/97176"}],"wp:attachment":[{"href":"https:\/\/www.greenpeace.ch\/fr\/wp-json\/wp\/v2\/media?parent=97819"}],"wp:term":[{"taxonomy":"category","embeddable":true,"href":"https:\/\/www.greenpeace.ch\/fr\/wp-json\/wp\/v2\/categories?post=97819"},{"taxonomy":"post_tag","embeddable":true,"href":"https:\/\/www.greenpeace.ch\/fr\/wp-json\/wp\/v2\/tags?post=97819"}],"curies":[{"name":"wp","href":"https:\/\/api.w.org\/{rel}","templated":true}]}}