{"id":114679,"date":"2024-11-25T11:29:20","date_gmt":"2024-11-25T10:29:20","guid":{"rendered":"https:\/\/www.greenpeace.ch\/fpi-sammeln\/"},"modified":"2025-11-20T14:32:37","modified_gmt":"2025-11-20T13:32:37","slug":"ipf-raccogliere","status":"publish","type":"page","link":"https:\/\/www.greenpeace.ch\/it\/ipf-raccogliere\/","title":{"rendered":"FPI Raccogliere &#8211; Pagina Iniziale"},"content":{"rendered":"\n<div class=\"wp-block-group is-nowrap is-layout-flex wp-container-core-group-is-layout-ad2f72ca wp-block-group-is-layout-flex\">\n<h1 class=\"wp-block-heading has-x-large-font-size\">Iniziativa per una piazza finanziaria sostenibile \u270d\ufe0f Raccogliere con Greenpeace<\/h1>\n<\/div>\n\n<div class=\"wp-block-group is-nowrap is-layout-flex wp-container-core-group-is-layout-ad2f72ca wp-block-group-is-layout-flex\">\n<p>Ogni anno, migliaia di miliardi di franchi svizzeri vengono emessi dal nostro Paese in attivit\u00e0 economiche dannose per il clima e per la natura in tutto il mondo. Le attivit\u00e0 delle istituzioni finanziarie, ovvero banche, compagnie assicurative, gestori patrimoniali e fondi pensione con sede nel nostro Paese, sono responsabili di una quantit\u00e0 di emissioni di carbonio almeno 18 volte superiore a quella emessa all&#8217;interno dei nostri confini.<\/p>\n<\/div>\n\n<div class=\"wp-block-group is-nowrap is-layout-flex wp-container-core-group-is-layout-ad2f72ca wp-block-group-is-layout-flex\">\n<p>Nonostante l&#8217;impegno di Greenpeace e di altre organizzazioni nel corso degli anni, le istituzioni finanziarie continuano a sottrarsi alle proprie responsabilit\u00e0 di fronte alle crise del clima e della biodiversit\u00e0. Per questo motivo, Greenpeace ha sostenuto l&#8217;Iniziativa per una Piazza Finanziaria Sostenibile sin dall&#8217;inizio.<\/p>\n<\/div>\n\n<div class=\"wp-block-group is-nowrap is-layout-flex wp-container-core-group-is-layout-ad2f72ca wp-block-group-is-layout-flex\">\n<p>Vogliamo contribuire al rapido successo dell&#8217;iniziativa raccogliendo almeno 15.000 firme. Possiamo contare su di voi? Abbiamo bisogno di tutto il sostegno possibile!<\/p>\n<\/div>\n\n\n<div class=\"wp-block-group alignfull is-layout-flow wp-block-group-is-layout-flow\">\n<div class=\"wp-block-group container is-layout-flow wp-block-group-is-layout-flow\">\n<hr class=\"wp-block-separator has-alpha-channel-opacity\"\/>\n\n\n\n<div class=\"wp-block-media-text alignfull is-stacked-on-mobile is-pattern-p4-page-header is-style-parallax\"><figure class=\"wp-block-media-text__media\"><img loading=\"lazy\" decoding=\"async\" width=\"1024\" height=\"584\" src=\"https:\/\/www.greenpeace.ch\/static\/planet4-switzerland-stateless\/2024\/10\/acb5570d-screenshot-2024-10-29-at-16.54.00-1024x584.png\" alt=\"\" sizes=\"auto, (min-width: 601px) 50vw, 100vw\" srcset=\"https:\/\/www.greenpeace.ch\/static\/planet4-switzerland-stateless\/2024\/10\/acb5570d-screenshot-2024-10-29-at-16.54.00.png 1600w, https:\/\/www.greenpeace.ch\/static\/planet4-switzerland-stateless\/2024\/10\/acb5570d-screenshot-2024-10-29-at-16.54.00-300x171.png 300w, https:\/\/www.greenpeace.ch\/static\/planet4-switzerland-stateless\/2024\/10\/acb5570d-screenshot-2024-10-29-at-16.54.00-1024x584.png 1024w, https:\/\/www.greenpeace.ch\/static\/planet4-switzerland-stateless\/2024\/10\/acb5570d-screenshot-2024-10-29-at-16.54.00-768x438.png 768w, https:\/\/www.greenpeace.ch\/static\/planet4-switzerland-stateless\/2024\/10\/acb5570d-screenshot-2024-10-29-at-16.54.00-1536x876.png 1536w, https:\/\/www.greenpeace.ch\/static\/planet4-switzerland-stateless\/2024\/10\/acb5570d-screenshot-2024-10-29-at-16.54.00-510x291.png 510w\" class=\"wp-image-113963 size-full\"\/><\/figure><div class=\"wp-block-media-text__content\">\n<div class=\"wp-block-group is-layout-flow wp-block-group-is-layout-flow\">\n<p><\/p>\n\n\n\n<h1 class=\"wp-block-heading has-white-background-color has-background\" id=\"Fermare-distruzione\"><strong>Raccogliere firme.<\/strong> <strong>Fermare la distruzione.<\/strong><\/h1>\n<\/div>\n\n\n\n<p style=\"font-size:1.25rem\">Da oltre dieci anni, Greenpeace si batte per una piazza finanziaria svizzera pi\u00f9 verde ed equa. Greenpeace fa parte del comitato di sostegno dell&#8217;iniziativa sulla piazza finanziaria. Scoprite perch\u00e9 questa iniziativa \u00e8 cos\u00ec importante.<br><\/p>\n\n\n\n<div class=\"wp-block-buttons is-layout-flex wp-block-buttons-is-layout-flex\">\n<div class=\"wp-block-button has-custom-width wp-block-button__width-75 is-style-cta\"><a class=\"wp-block-button__link wp-element-button\" href=\"https:\/\/iniziativa-centro-finanziario.ch\" target=\"_blank\" rel=\"noreferrer noopener\">Ulteriori informazioni sull&#8217;iniziativa<\/a><\/div>\n<\/div>\n<\/div><\/div>\n\n\n\n<hr class=\"wp-block-separator has-alpha-channel-opacity\"\/>\n\n\n\n<div class=\"wp-block-columns is-layout-flex wp-container-core-columns-is-layout-9d6595d7 wp-block-columns-is-layout-flex\">\n<div class=\"wp-block-column is-layout-flow wp-block-column-is-layout-flow\">\n<h2 class=\"wp-block-heading\" id=\"15000-firme\"><strong>9703\u00a0su 15.000 firme ottenute<\/strong><\/h2>\n<\/div>\n<\/div>\n\n\n<div class=\"gpch-block-form-progress-outer\" style=\"background-color: #303133;\">\n    <div class=\"gpch-block-form-progress-inner\" style=\"width: 64.686666666667%; background-color: #58b006\">\n\n    <\/div>\n<\/div>\n\n\n<p>Vogliamo contribuire all&#8217;iniziativa raccogliendo 15.000 firme. Il vostro aiuto \u00e8 essenziale! Raccogliete le firme ora: sul posto di lavoro, al pranzo di Natale del vostro club sportivo, nella vostra cerchia di amici o nel vostro quartiere. Per aiutarvi, abbiamo preparato un kit speciale e programmato sessioni di formazione online.<\/p>\n\n\n\n<p>Preferite raccogliere le firme in buona compagnia? Iscrivetevi al gruppo di raccolta pi\u00f9 vicino a voi o unitevi a noi sabato 14 dicembre per la giornata nazionale di raccolta firme in tutta la Svizzera. Siete interessati? Iscrivetevi qui sotto!<\/p>\n\n\n\n<h2 class=\"wp-block-heading\" id=\"Gruppi-raccolta\"><strong>Gruppi di raccolta<\/strong><\/h2>\n\n\n\n<p><strong>Effettuiamo raccolte in tutta la Svizzera. Iscrivetevi al gruppo pi\u00f9 vicino a voi.<\/strong><\/p>\n\n\n\n<p>Iscrivendosi a un gruppo di raccolta, si viene inseriti nel corrispondente gruppo Signal e si viene aggiornati sulle attivit\u00e0 di raccolta e sugli eventi. Questo vi d\u00e0 la possibilit\u00e0 di entrare in contatto con altre persone motivate e di organizzare incontri per raccogliere insieme. \u00c8 anche una buona occasione per condividere l&#8217;argomento con altri.<\/p>\n\n\n\n<div class=\"wp-block-group is-nowrap is-layout-flex wp-container-core-group-is-layout-ad2f72ca wp-block-group-is-layout-flex\">\n<section class=\"block accordion-block wp-block-planet4-blocks-accordion is-style-light\"><div class=\"accordion-content\"><div class=\"accordion-headline\" name=\"Aarau\">Aarau<\/div><div class=\"panel panel-hidden\"><p class=\"accordion-text\">Cliccate qui per il modulo di registrazione. Vi aggiungeremo poi alla Chat Signal del gruppo di raccolta, dove riceverete tutte le informazioni sui prossimi eventi di raccolta.<\/p><a class=\"btn btn-secondary accordion-btn\" href=\"https:\/\/www.greenpeace.ch\/it\/iniziativa-centro-finanziario-registrazione-gruppo-di-raccolta\/\" target=\"_blank\" rel=\"noopener noreferrer\">Ci sto!<\/a><\/div><\/div><div class=\"accordion-content\"><div class=\"accordion-headline\" name=\"Basilea\">Basilea<\/div><div class=\"panel panel-hidden\"><p class=\"accordion-text\">Cliccate qui per il modulo di registrazione. Vi aggiungeremo poi alla Chat Signal del gruppo di raccolta, dove riceverete tutte le informazioni sui prossimi eventi di raccolta.<\/p><a class=\"btn btn-secondary accordion-btn\" href=\"https:\/\/www.greenpeace.ch\/it\/iniziativa-centro-finanziario-registrazione-gruppo-di-raccolta\/\" target=\"_blank\" rel=\"noopener noreferrer\">Ci sto!<\/a><\/div><\/div><div class=\"accordion-content\"><div class=\"accordion-headline\" name=\"Berna\">Berna<\/div><div class=\"panel panel-hidden\"><p class=\"accordion-text\">Cliccate qui per il modulo di registrazione. Vi aggiungeremo poi alla Chat Signal del gruppo di raccolta, dove riceverete tutte le informazioni sui prossimi eventi di raccolta.<\/p><a class=\"btn btn-secondary accordion-btn\" href=\"https:\/\/www.greenpeace.ch\/it\/iniziativa-centro-finanziario-registrazione-gruppo-di-raccolta\/\" target=\"_blank\" rel=\"noopener noreferrer\">Ci sto!<\/a><\/div><\/div><div class=\"accordion-content\"><div class=\"accordion-headline\" name=\"Coira\">Coira<\/div><div class=\"panel panel-hidden\"><p class=\"accordion-text\">Cliccate qui per il modulo di registrazione. Vi aggiungeremo poi alla Chat Signal del gruppo di raccolta, dove riceverete tutte le informazioni sui prossimi eventi di raccolta.<\/p><a class=\"btn btn-secondary accordion-btn\" href=\"https:\/\/www.greenpeace.ch\/it\/iniziativa-centro-finanziario-registrazione-gruppo-di-raccolta\/\" target=\"_blank\" rel=\"noopener noreferrer\">Ci sto!<\/a><\/div><\/div><div class=\"accordion-content\"><div class=\"accordion-headline\" name=\"Lucerna\">Lucerna<\/div><div class=\"panel panel-hidden\"><p class=\"accordion-text\">Cliccate qui per il modulo di registrazione. Vi aggiungeremo poi alla Chat Signal del gruppo di raccolta, dove riceverete tutte le informazioni sui prossimi eventi di raccolta.<\/p><a class=\"btn btn-secondary accordion-btn\" href=\"https:\/\/www.greenpeace.ch\/it\/iniziativa-centro-finanziario-registrazione-gruppo-di-raccolta\/\" target=\"_blank\" rel=\"noopener noreferrer\">Ci sto!<\/a><\/div><\/div><div class=\"accordion-content\"><div class=\"accordion-headline\" name=\"San Gallo\">San Gallo<\/div><div class=\"panel panel-hidden\"><p class=\"accordion-text\">Cliccate qui per il modulo di registrazione. Vi aggiungeremo poi alla Chat Signal del gruppo di raccolta, dove riceverete tutte le informazioni sui prossimi eventi di raccolta.<\/p><a class=\"btn btn-secondary accordion-btn\" href=\"https:\/\/www.greenpeace.ch\/it\/iniziativa-centro-finanziario-registrazione-gruppo-di-raccolta\/\" target=\"_blank\" rel=\"noopener noreferrer\">Ci sto!<\/a><\/div><\/div><div class=\"accordion-content\"><div class=\"accordion-headline\" name=\"Zurigo\">Zurigo<\/div><div class=\"panel panel-hidden\"><p class=\"accordion-text\">Cliccate qui per il modulo di registrazione. Vi aggiungeremo poi alla Chat Signal del gruppo di raccolta, dove riceverete tutte le informazioni sui prossimi eventi di raccolta.<\/p><a class=\"btn btn-secondary accordion-btn\" href=\"https:\/\/www.greenpeace.ch\/it\/iniziativa-centro-finanziario-registrazione-gruppo-di-raccolta\/\" target=\"_blank\" rel=\"noopener noreferrer\">Ci sto!<\/a><\/div><\/div><div class=\"accordion-content\"><div class=\"accordion-headline\" name=\"Ginevra\">Ginevra<\/div><div class=\"panel panel-hidden\"><p class=\"accordion-text\">Cliccate qui per il modulo di registrazione. Vi aggiungeremo poi alla Chat Signal del gruppo di raccolta, dove riceverete tutte le informazioni sui prossimi eventi di raccolta.<\/p><a class=\"btn btn-secondary accordion-btn\" href=\"https:\/\/www.greenpeace.ch\/it\/iniziativa-centro-finanziario-registrazione-gruppo-di-raccolta\/\" target=\"_blank\" rel=\"noopener noreferrer\">Ci sto!<\/a><\/div><\/div><div class=\"accordion-content\"><div class=\"accordion-headline\" name=\"Losanna\">Losanna<\/div><div class=\"panel panel-hidden\"><p class=\"accordion-text\">Cliccate qui per il modulo di registrazione. Vi aggiungeremo poi alla Chat Signal del gruppo di raccolta, dove riceverete tutte le informazioni sui prossimi eventi di raccolta.<\/p><a class=\"btn btn-secondary accordion-btn\" href=\"https:\/\/www.greenpeace.ch\/it\/iniziativa-centro-finanziario-registrazione-gruppo-di-raccolta\/\" target=\"_blank\" rel=\"noopener noreferrer\">Ci sto!<\/a><\/div><\/div><div class=\"accordion-content\"><div class=\"accordion-headline\" name=\"Neuch\u00e2tel\">Neuch\u00e2tel<\/div><div class=\"panel panel-hidden\"><p class=\"accordion-text\"><br>Cliccate qui per il modulo di registrazione. Vi aggiungeremo poi alla Chat Signal del gruppo di raccolta, dove riceverete tutte le informazioni sui prossimi eventi di raccolta.<\/p><a class=\"btn btn-secondary accordion-btn\" href=\"https:\/\/www.greenpeace.ch\/it\/iniziativa-centro-finanziario-registrazione-gruppo-di-raccolta\/\" target=\"_blank\" rel=\"noopener noreferrer\">Ci sto!<\/a><\/div><\/div><div class=\"accordion-content\"><div class=\"accordion-headline\" name=\"Sion\">Sion<\/div><div class=\"panel panel-hidden\"><p class=\"accordion-text\">Cliccate qui per il modulo di registrazione. Vi aggiungeremo poi alla Chat Signal del gruppo di raccolta, dove riceverete tutte le informazioni sui prossimi eventi di raccolta.<\/p><a class=\"btn btn-secondary accordion-btn\" href=\"https:\/\/www.greenpeace.ch\/it\/iniziativa-centro-finanziario-registrazione-gruppo-di-raccolta\/\" target=\"_blank\" rel=\"noopener noreferrer\">Ci sto!<\/a><\/div><\/div><div class=\"accordion-content\"><div class=\"accordion-headline\" name=\"Lugano\">Lugano<\/div><div class=\"panel panel-hidden\"><p class=\"accordion-text\">Cliccate qui per il modulo di registrazione. Vi aggiungeremo poi alla Chat Signal del gruppo di raccolta, dove riceverete tutte le informazioni sui prossimi eventi di raccolta.<\/p><a class=\"btn btn-secondary accordion-btn\" href=\"https:\/\/www.greenpeace.ch\/it\/iniziativa-centro-finanziario-registrazione-gruppo-di-raccolta\/\" target=\"_blank\" rel=\"noopener noreferrer\">Ci sto!<\/a><\/div><\/div><\/section>\n<\/div>\n\n\n\n<hr class=\"wp-block-separator has-alpha-channel-opacity\"\/>\n\n\n<div data-render=\"planet4-blocks\/columns\" data-attributes=\"{&quot;attributes&quot;:{&quot;columns_title&quot;:&quot;Giornate di raccolta e formazione&quot;,&quot;columns_description&quot;:&quot;Qui troverete tutti i prossimi eventi di raccolta, corsi di formazione e workshop. Non \\u00e8 necessario essere membri di un gruppo per partecipare. Naturalmente, \\u00e8 sempre possibile unirsi al gruppo di raccolta in seguito.&quot;,&quot;columns&quot;:[{&quot;title&quot;:&quot;Registrazione - Webinar DE&quot;,&quot;description&quot;:&quot;webinar online con informazioni sull&#039;iniziativa e consigli e suggerimenti per la raccolta. Lingua: francese&quot;,&quot;cta_text&quot;:&quot;Guarda il webinar&quot;,&quot;cta_link&quot;:&quot;https:\\\/\\\/www.youtube.com\\\/watch?v=xWDk1uZE3kY&quot;,&quot;link_new_tab&quot;:true},{&quot;title&quot;:&quot;24 maggio - raccolta&quot;,&quot;description&quot;:&quot;Giornata di raccolta nazionale - effettuiamo la raccolta in oltre dieci diverse localit\\u00e0 della Svizzera.&quot;,&quot;cta_text&quot;:&quot;Accedi&quot;,&quot;cta_link&quot;:&quot;https:\\\/\\\/www.greenpeace.ch\\\/it\\\/iniziativa-centro-finanziario-registrazione-agli-eventi-di-raccolta-firme\\\/&quot;,&quot;link_new_tab&quot;:true},{&quot;title&quot;:&quot;24 maggio - raccolta&quot;,&quot;description&quot;:&quot;Giornata di raccolta nazionale - effettuiamo la raccolta in oltre dieci diverse localit\\u00e0 della Svizzera.&quot;,&quot;cta_text&quot;:&quot;Accedi&quot;,&quot;cta_link&quot;:&quot;https:\\\/\\\/www.greenpeace.ch\\\/it\\\/iniziativa-centro-finanziario-registrazione-agli-eventi-di-raccolta-firme\\\/&quot;,&quot;link_new_tab&quot;:true}],&quot;className&quot;:&quot;is-style-no_image&quot;,&quot;columns_block_style&quot;:&quot;no_image&quot;}}\"><\/div>\n\n\n<hr class=\"wp-block-separator has-alpha-channel-opacity\"\/>\n\n\n\n<div class=\"wp-block-media-text alignfull has-media-on-the-right is-stacked-on-mobile is-pattern-p4-page-header is-style-parallax\"><div class=\"wp-block-media-text__content\">\n<div class=\"wp-block-group is-layout-flow wp-block-group-is-layout-flow\">\n<h1 class=\"wp-block-heading has-white-background-color has-background\" id=\"100-100\"><strong>Sfida 100 di 100!<\/strong><\/h1>\n<\/div>\n\n\n\n<p>Stiamo cercando 100 persone disposte a raccogliere 100 firme in meno di sei mesi. A coloro che ci riusciranno verr\u00e0 servito un delizioso pasto dal team di Greenpeace Svizzera. \ud83e\udd70<\/p>\n\n\n\n<div class=\"wp-block-buttons is-content-justification-center is-layout-flex wp-container-core-buttons-is-layout-16018d1d wp-block-buttons-is-layout-flex\">\n<div class=\"wp-block-button has-custom-width wp-block-button__width-25\"><a class=\"wp-block-button__link has-small-font-size has-custom-font-size wp-element-button\" href=\"https:\/\/www.greenpeace.ch\/it\/iniziativa-centro-finanziario-sfida-100-di-100\/\" target=\"_blank\" rel=\"noreferrer noopener\">Mi impegno a raccogliere 100 firme!<\/a><\/div>\n<\/div>\n<\/div><figure class=\"wp-block-media-text__media\"><img loading=\"lazy\" decoding=\"async\" width=\"1024\" height=\"584\" src=\"https:\/\/www.greenpeace.ch\/static\/planet4-switzerland-stateless\/2024\/10\/f432307b-screenshot-2024-10-29-at-16.53.52-1024x584.png\" alt=\"\" sizes=\"auto, (min-width: 601px) 50vw, 100vw\" srcset=\"https:\/\/www.greenpeace.ch\/static\/planet4-switzerland-stateless\/2024\/10\/f432307b-screenshot-2024-10-29-at-16.53.52.png 1600w, https:\/\/www.greenpeace.ch\/static\/planet4-switzerland-stateless\/2024\/10\/f432307b-screenshot-2024-10-29-at-16.53.52-300x171.png 300w, https:\/\/www.greenpeace.ch\/static\/planet4-switzerland-stateless\/2024\/10\/f432307b-screenshot-2024-10-29-at-16.53.52-1024x584.png 1024w, https:\/\/www.greenpeace.ch\/static\/planet4-switzerland-stateless\/2024\/10\/f432307b-screenshot-2024-10-29-at-16.53.52-768x438.png 768w, https:\/\/www.greenpeace.ch\/static\/planet4-switzerland-stateless\/2024\/10\/f432307b-screenshot-2024-10-29-at-16.53.52-1536x876.png 1536w, https:\/\/www.greenpeace.ch\/static\/planet4-switzerland-stateless\/2024\/10\/f432307b-screenshot-2024-10-29-at-16.53.52-510x291.png 510w\" class=\"wp-image-113967 size-full\"\/><\/figure><\/div>\n\n\n\n<hr class=\"wp-block-separator has-alpha-channel-opacity\"\/>\n\n\n\n<h2 class=\"wp-block-heading\" id=\"Informazioni-importanti\">Informazioni importanti sulla raccolta<\/h2>\n\n\n\n<p>Volete partecipare? Affinch\u00e9 le firme siano valide, \u00e8 importante che vengano rispettati alcuni punti. A tale scopo abbiamo preparato un foglio informativo. <strong>Leggilo attentamente prima di iniziare!<\/strong><\/p>\n\n\n\n<p>Abbiamo preparato uno \u201cstarter\u201d kit per chiunque voglia raccogliere firme. L&#8217;ideale sarebbe stampare personalmente i documenti.<\/p>\n\n\n\n<p><strong><a href=\"https:\/\/www.greenpeace.ch\/static\/planet4-switzerland-stateless\/2024\/12\/d619a09c-261124_ipf_-foglio-informativo-raccolta-firme-.pdf\">Foglio informativo \u201cRaccolta firme\u201d in formato PDF<\/a><\/strong> <\/p>\n\n\n\n<p><strong><a href=\"https:\/\/www.greenpeace.ch\/static\/planet4-switzerland-stateless\/2024\/11\/6ff35099-241119_gp_fi_unterschriftenbogen_a4_it_off-1.pdf\">Foglio firma, A4 in formato PDF<\/a><\/strong><\/p>\n\n\n\n<p><strong><a href=\"https:\/\/www.greenpeace.ch\/static\/planet4-switzerland-stateless\/2024\/12\/543dcf0e-domande_e_risposte.pdf\">Domande e Risposte in formato PDF<\/a><\/strong><\/p>\n\n\n\n<p><a href=\"https:\/\/www.greenpeace.ch\/static\/planet4-switzerland-stateless\/2024\/12\/86fc1a02-testo_delliniziativa-1.pdf\"><strong>Testo dell&#8217;iniziativa in formato PDF<\/strong> <\/a><\/p>\n\n\n\n<p>Non avete una stampante? Saremo lieti di inviarvi i documenti come kit iniziale. Se necessario, possiamo anche includere volantini e libretti di adesivi.<\/p>\n\n\n\n<div class=\"wp-block-buttons is-layout-flex wp-block-buttons-is-layout-flex\">\n<div class=\"wp-block-button\"><a class=\"wp-block-button__link wp-element-button\" href=\"https:\/\/www.greenpeace.ch\/it\/iniziativa-centro-finanziario-ordina-il-starter-kit\/\" target=\"_blank\" rel=\"noreferrer noopener\">Ordin\u00f2 lo starter kit!<\/a><\/div>\n<\/div>\n<\/div>\n<\/div>\n\n\n<p>\ud83d\udc4b In caso di domande o problemi con il modulo di registrazione, contattateci all&#8217;indirizzo freiwillig@greenpeace.ch <\/p>\n","protected":false},"excerpt":{"rendered":"<p>Iniziativa per una piazza finanziaria sostenibile \u270d\ufe0f Raccogliere con Greenpeace Ogni anno, migliaia di miliardi di franchi svizzeri vengono emessi dal nostro Paese in attivit\u00e0 economiche dannose per il clima e per la natura in tutto il mondo. Le attivit\u00e0 delle istituzioni finanziarie, ovvero banche, compagnie assicurative, gestori patrimoniali e fondi pensione con sede nel [&hellip;]<\/p>\n","protected":false},"author":24,"featured_media":114787,"parent":0,"menu_order":0,"comment_status":"closed","ping_status":"closed","template":"","meta":{"_acf_changed":false,"_planet4_optimize_post_is_variant":false,"_planet4_optimize_experiment_name":"","_planet4_optimize_variant_name":"","ep_exclude_from_search":false,"p4_hide_page_title_checkbox":"on","p4_title":"","p4_subtitle":"","p4_description":"","background_image_id":"","background_image":"","p4_button_title":"","p4_button_link":"","p4_button_link_checkbox":"","p4_og_title":"","p4_og_description":"","p4_og_image":"","p4_og_image_id":"","p4_seo_canonical_url":"","p4_campaign_name":"","p4_local_project":"","p4_basket_name":"","p4_department":"","footnotes":""},"categories":[],"tags":[],"class_list":["post-114679","page","type-page","status-publish","has-post-thumbnail","hentry"],"acf":[],"_links":{"self":[{"href":"https:\/\/www.greenpeace.ch\/it\/wp-json\/wp\/v2\/pages\/114679","targetHints":{"allow":["GET"]}}],"collection":[{"href":"https:\/\/www.greenpeace.ch\/it\/wp-json\/wp\/v2\/pages"}],"about":[{"href":"https:\/\/www.greenpeace.ch\/it\/wp-json\/wp\/v2\/types\/page"}],"author":[{"embeddable":true,"href":"https:\/\/www.greenpeace.ch\/it\/wp-json\/wp\/v2\/users\/24"}],"replies":[{"embeddable":true,"href":"https:\/\/www.greenpeace.ch\/it\/wp-json\/wp\/v2\/comments?post=114679"}],"version-history":[{"count":20,"href":"https:\/\/www.greenpeace.ch\/it\/wp-json\/wp\/v2\/pages\/114679\/revisions"}],"predecessor-version":[{"id":127723,"href":"https:\/\/www.greenpeace.ch\/it\/wp-json\/wp\/v2\/pages\/114679\/revisions\/127723"}],"wp:featuredmedia":[{"embeddable":true,"href":"https:\/\/www.greenpeace.ch\/it\/wp-json\/wp\/v2\/media\/114787"}],"wp:attachment":[{"href":"https:\/\/www.greenpeace.ch\/it\/wp-json\/wp\/v2\/media?parent=114679"}],"wp:term":[{"taxonomy":"category","embeddable":true,"href":"https:\/\/www.greenpeace.ch\/it\/wp-json\/wp\/v2\/categories?post=114679"},{"taxonomy":"post_tag","embeddable":true,"href":"https:\/\/www.greenpeace.ch\/it\/wp-json\/wp\/v2\/tags?post=114679"}],"curies":[{"name":"wp","href":"https:\/\/api.w.org\/{rel}","templated":true}]}}