{"id":40981,"date":"2020-01-20T17:43:26","date_gmt":"2020-01-20T15:43:26","guid":{"rendered":"https:\/\/www.greenpeace.ch\/?page_id=40981"},"modified":"2022-06-13T09:50:42","modified_gmt":"2022-06-13T07:50:42","slug":"la-nostra-politica-di-donazione","status":"publish","type":"page","link":"https:\/\/www.greenpeace.ch\/it\/agir\/dons\/la-nostra-politica-di-donazione\/","title":{"rendered":"La nostra politica di donazione"},"content":{"rendered":"\n<h2 class=\"wp-block-heading\">Forma legale<\/h2>\n\n<p>Greenpeace Svizzera \u00e8 una fondazione ai sensi dell\u2019articolo 80 e seguenti del codice civile svizzero ed \u00e8 riconosciuta di pubblica utilit\u00e0.<\/p>\n\n<h2 class=\"wp-block-heading\">Finanziamento<\/h2>\n\n<p>Per garantire la completa indipendenza, Greenpeace Svizzera non accetta donazioni da Stati, partiti, imprese o organizzazioni governative internazionali. Inoltre, rifiutiamo i finanziamenti che potrebbero compromettere i nostri obiettivi e la nostra integrit\u00e0. Rinunciamo a fondi provenienti dal lavoro minorile, dal commercio di armi o dalla tratta di esseri umani nonch\u00e9 da attivit\u00e0 criminali, illegali e discriminatorie dal punto di vista sessuale, religioso o culturale. Greenpeace verifica inoltre l\u2019origine delle singole donazioni di oltre CHF 5\u2019000 e si riserva il diritto di rifiutare qualsiasi donazione, indipendentemente dall\u2019importo, la cui accettazione potrebbe compromettere i principi fondanti dell\u2019organizzazione.<\/p>\n\n<h2 class=\"wp-block-heading\">Uso delle risorse<\/h2>\n\n<p>Greenpeace acquisisce solo eccezionalmente fondi vincolati a progetti particolari. In linea di principio, i suoi mezzi finanziari sono utilizzati laddove \u00e8 necessario a livello nazionale e internazionale.<\/p>\n\n<h2 class=\"wp-block-heading\">Investimenti<\/h2>\n\n<p>Greenpeace non fa trading speculativo. I suoi modesti investimenti vengono effettuati esclusivamente sulla base della sicurezza e dell\u2019ecologia. Per principio, non effettua investimenti speculativi in titoli e colloca le proprie risorse in obbligazioni garantite dallo Stato e in fondi etici. Greenpeace, tuttavia, detiene alcune azioni isolate che le consentono di accedere a determinate assemblee generali degli azionisti.<\/p>\n\n<h2 class=\"wp-block-heading\">Trasparenza<\/h2>\n\n<p>La gestione di Greenpeace \u00e8 trasparente. Greenpeace rende conto ai suoi donatori, sostenitori, al pubblico, ai media e alle autorit\u00e0 di sorveglianza su come raccoglie, utilizza e distribuisce i suoi fondi. La sua contabilit\u00e0 e il bilancio annuale sono controllati da una fiduciaria. I rapporti annuali di Greenpeace Svizzera e di Greenpeace International sono disponibili su richiesta.<\/p>\n","protected":false},"excerpt":{"rendered":"<p>Forma legale Greenpeace Svizzera \u00e8 una fondazione ai sensi dell\u2019articolo 80 e seguenti del codice civile svizzero ed \u00e8 riconosciuta di pubblica utilit\u00e0. Finanziamento Per garantire la completa indipendenza, Greenpeace Svizzera non accetta donazioni da Stati, partiti, imprese o organizzazioni governative internazionali. Inoltre, rifiutiamo i finanziamenti che potrebbero compromettere i nostri obiettivi e la nostra [&hellip;]<\/p>\n","protected":false},"author":62,"featured_media":0,"parent":33133,"menu_order":0,"comment_status":"closed","ping_status":"closed","template":"","meta":{"_acf_changed":false,"_planet4_optimize_post_is_variant":false,"_planet4_optimize_experiment_name":"","_planet4_optimize_variant_name":"","ep_exclude_from_search":false,"p4_hide_page_title_checkbox":"","p4_title":"","p4_subtitle":"","p4_description":"","background_image_id":"","background_image":"","p4_button_title":"","p4_button_link":"","p4_button_link_checkbox":"","p4_og_title":"","p4_og_description":"","p4_og_image":"","p4_og_image_id":"","p4_seo_canonical_url":"","p4_campaign_name":"not set","p4_local_project":"not set","p4_basket_name":"not set","p4_department":"","footnotes":""},"categories":[],"tags":[],"class_list":["post-40981","page","type-page","status-publish","hentry"],"acf":[],"_links":{"self":[{"href":"https:\/\/www.greenpeace.ch\/it\/wp-json\/wp\/v2\/pages\/40981","targetHints":{"allow":["GET"]}}],"collection":[{"href":"https:\/\/www.greenpeace.ch\/it\/wp-json\/wp\/v2\/pages"}],"about":[{"href":"https:\/\/www.greenpeace.ch\/it\/wp-json\/wp\/v2\/types\/page"}],"author":[{"embeddable":true,"href":"https:\/\/www.greenpeace.ch\/it\/wp-json\/wp\/v2\/users\/62"}],"replies":[{"embeddable":true,"href":"https:\/\/www.greenpeace.ch\/it\/wp-json\/wp\/v2\/comments?post=40981"}],"version-history":[{"count":0,"href":"https:\/\/www.greenpeace.ch\/it\/wp-json\/wp\/v2\/pages\/40981\/revisions"}],"up":[{"embeddable":true,"href":"https:\/\/www.greenpeace.ch\/it\/wp-json\/wp\/v2\/pages\/33133"}],"wp:attachment":[{"href":"https:\/\/www.greenpeace.ch\/it\/wp-json\/wp\/v2\/media?parent=40981"}],"wp:term":[{"taxonomy":"category","embeddable":true,"href":"https:\/\/www.greenpeace.ch\/it\/wp-json\/wp\/v2\/categories?post=40981"},{"taxonomy":"post_tag","embeddable":true,"href":"https:\/\/www.greenpeace.ch\/it\/wp-json\/wp\/v2\/tags?post=40981"}],"curies":[{"name":"wp","href":"https:\/\/api.w.org\/{rel}","templated":true}]}}