{"id":41050,"date":"2020-01-20T17:20:44","date_gmt":"2020-01-20T15:20:44","guid":{"rendered":"https:\/\/www.greenpeace.ch\/?page_id=41050"},"modified":"2025-10-14T09:18:22","modified_gmt":"2025-10-14T07:18:22","slug":"il-coraggio-cambia-il-mondo","status":"publish","type":"page","link":"https:\/\/www.greenpeace.ch\/it\/","title":{"rendered":"Il coraggio cambia il mondo"},"content":{"rendered":"\n<div class=\"wp-block-planet4-blocks-carousel-header\"><div data-hydrate=\"planet4-blocks\/carousel-header\" data-attributes=\"{&quot;carousel_autoplay&quot;:true,&quot;slides&quot;:[{&quot;image&quot;:41977,&quot;focal_points&quot;:{&quot;x&quot;:0.6240169701986755,&quot;y&quot;:0.4363051470588235},&quot;header&quot;:&quot;Il Pianeta \u00e8 una grande famiglia&quot;,&quot;subheader&quot;:&quot;&quot;,&quot;description&quot;:&quot;Unisciti a noi per difendere la natura e l\u2019ambiente.&quot;,&quot;link_text&quot;:&quot;Dona ora&quot;,&quot;link_url&quot;:&quot;https:\/\/www.greenpeace.ch\/it\/agire\/una-donazione-per-la-protezione-dellambiente\/&quot;,&quot;link_url_new_tab&quot;:false,&quot;image_url&quot;:&quot;https:\/\/www.greenpeace.ch\/static\/planet4-switzerland-stateless\/2020\/03\/3e668791-gp0sttcf9_pressmedia.jpg&quot;,&quot;image_srcset&quot;:&quot;https:\/\/www.greenpeace.ch\/static\/planet4-switzerland-stateless\/2020\/03\/3e668791-gp0sttcf9_pressmedia-150x150.jpg 150w,https:\/\/www.greenpeace.ch\/static\/planet4-switzerland-stateless\/2020\/03\/3e668791-gp0sttcf9_pressmedia-300x169.jpg 300w,https:\/\/www.greenpeace.ch\/static\/planet4-switzerland-stateless\/2020\/03\/3e668791-gp0sttcf9_pressmedia-1024x575.jpg 1024w,https:\/\/www.greenpeace.ch\/static\/planet4-switzerland-stateless\/2020\/03\/3e668791-gp0sttcf9_pressmedia-510x287.jpg 510w,https:\/\/www.greenpeace.ch\/static\/planet4-switzerland-stateless\/2020\/03\/3e668791-gp0sttcf9_pressmedia-2048x1151.jpg 2048w,https:\/\/www.greenpeace.ch\/static\/planet4-switzerland-stateless\/2020\/03\/3e668791-gp0sttcf9_pressmedia.jpg 2499w&quot;}]}\" data-reactroot=\"\"><section class=\"block block-header alignfull carousel-header \"><div class=\"carousel-wrapper-header\"><div class=\"carousel-inner\" role=\"listbox\"><div class=\"carousel-item active\"><div class=\"carousel-item-mask\"><div class=\"background-holder\"><img decoding=\"async\" src=\"https:\/\/www.greenpeace.ch\/static\/planet4-switzerland-stateless\/2020\/03\/3e668791-gp0sttcf9_pressmedia.jpg\" style=\"object-position:62.401697019867555% 43.63051470588235%\" srcSet=\"https:\/\/www.greenpeace.ch\/static\/planet4-switzerland-stateless\/2020\/03\/3e668791-gp0sttcf9_pressmedia-150x150.jpg 150w,https:\/\/www.greenpeace.ch\/static\/planet4-switzerland-stateless\/2020\/03\/3e668791-gp0sttcf9_pressmedia-300x169.jpg 300w,https:\/\/www.greenpeace.ch\/static\/planet4-switzerland-stateless\/2020\/03\/3e668791-gp0sttcf9_pressmedia-1024x575.jpg 1024w,https:\/\/www.greenpeace.ch\/static\/planet4-switzerland-stateless\/2020\/03\/3e668791-gp0sttcf9_pressmedia-510x287.jpg 510w,https:\/\/www.greenpeace.ch\/static\/planet4-switzerland-stateless\/2020\/03\/3e668791-gp0sttcf9_pressmedia-2048x1151.jpg 2048w,https:\/\/www.greenpeace.ch\/static\/planet4-switzerland-stateless\/2020\/03\/3e668791-gp0sttcf9_pressmedia.jpg 2499w\"\/><\/div><div class=\"carousel-caption\"><div class=\"caption-overlay\"><\/div><div class=\"container main-header\"><div class=\"carousel-captions-wrapper\"><h2>Il Pianeta \u00e8 una grande famiglia<\/h2><p>Unisciti a noi per difendere la natura e l\u2019ambiente.<\/p><\/div><div class=\"col-xs-12 col-sm-8 col-md-4 action-button\"><a href=\"https:\/\/www.greenpeace.ch\/it\/agire\/una-donazione-per-la-protezione-dellambiente\/\" target=\"_self\" class=\"btn btn-primary btn-block\" data-ga-category=\"Carousel Header\" data-ga-action=\"Call to Action\" rel=\"noopener noreferrer\"><span>Dona ora<\/span><\/a><\/div><\/div><\/div><\/div><\/div><\/div><\/div><\/section><\/div><\/div>\n\n<h2 class=\"wp-block-heading is-style-underline\">Il pianeta ha bisogno di te e del tuo coraggio<\/h2>\n\n<div class=\"wp-block-columns has-2-columns is-layout-flex wp-container-core-columns-is-layout-9d6595d7 wp-block-columns-is-layout-flex\">\n<div class=\"wp-block-column is-layout-flow wp-block-column-is-layout-flow\">\n<p><strong>3 possibilit\u00e0 per impegnarti assieme a noi.<\/strong><\/p>\n\n\n\n<ul class=\"wp-block-list\">\n<li><strong>Organizzati con persone che condividono le tue idee.<\/strong> Unisciti a uno dei nostri gruppi regionali che si ritrovano regolarmente e sostengono le campagne di Greenpeace con progetti locali e regionali.<\/li>\n\n\n\n<li><strong>Attivati online per l\u2019ambiente. <\/strong>Diventa cyberattivista con Greenpeace. Sostieni le campagne di difesa dell\u2019ambiente in corso con azioni audaci e creative e fai pressione sulle imprese per mezzo dei canali digitali.<\/li>\n\n\n\n<li><strong>Promuovi la giustizia climatica. <\/strong>Collabora con il movimento per la giustizia climatica e partecipa a progetti come \u201cIniziativa per i ghiacciai\u201d o \u201cAnziane per il clima\u201d.<\/li>\n<\/ul>\n<\/div>\n\n\n\n<div class=\"wp-block-column is-layout-flow wp-block-column-is-layout-flow\">\n<p class=\"is-style-accent-1\"><strong><strong>Ti interessa? Non esitare. Agire assieme a persone che la pensano allo stesso modo d\u00e0 forza e fiducia.<\/strong><\/strong><\/p>\n\n\n\n<div class=\"wp-block-button\"><a class=\"wp-block-button__link wp-element-button\" href=\"https:\/\/www.greenpeace.ch\/it\/handeln\/freiwillige\/regru-ticino\/\">Unisciti al gruppo regionale<\/a><\/div>\n\n\n\n<p><\/p>\n<\/div>\n<\/div>\n\n<hr class=\"wp-block-separator has-css-opacity\"\/>\n\n<h2 class=\"wp-block-heading\"><strong>Cosa rende Greenpeace cos\u00ec efficace?<\/strong><\/h2>\n\n<div class=\"wp-block-columns has-2-columns is-layout-flex wp-container-core-columns-is-layout-9d6595d7 wp-block-columns-is-layout-flex\">\n<div class=\"wp-block-column is-layout-flow wp-block-column-is-layout-flow\">\n<p>Noi di Greenpeace siamo persone come te, che fanno cose straordinarie. La nostra motivazione? Alcuni principi radicati nel profondo del nostro cuore.<\/p>\n\n\n\n<ul class=\"wp-block-list\">\n<li>Siamo attivi in una rete mondiale<\/li>\n\n\n\n<li>Siamo coraggiosi e denunciamo senza timore i crimini ambientali<\/li>\n\n\n\n<li>Siamo nonviolenti in ogni circostanza<\/li>\n\n\n\n<li>Siamo finanziariamente indipendenti da governi e imprese<\/li>\n<\/ul>\n\n\n\n<p>Greenpeace conduce ricerche per documentare l&#8217;impatto ambientale, formula rivendicazioni e propone soluzioni. A tal fine collaboriamo in tutto il mondo con scienziati, politici e altri gruppi ambientalisti. Solo basandoci su fatti concreti e sul sostegno globale otteniamo risultati duraturi per un futuro ecologico e pacifico.<\/p>\n\n\n\n<div class=\"wp-block-button\"><a class=\"wp-block-button__link wp-element-button\" href=\"https:\/\/www.greenpeace.ch\/it\/su-di-noi\/\">Su di noi<\/a><\/div>\n<\/div>\n\n\n\n<div class=\"wp-block-column is-layout-flow wp-block-column-is-layout-flow\">\n<figure class=\"wp-block-image caption-style-medium caption-alignment-center\"><img loading=\"lazy\" decoding=\"async\" width=\"1024\" height=\"683\" src=\"https:\/\/www.greenpeace.ch\/static\/planet4-switzerland-stateless\/2019\/08\/81ec41a8-gp04z2i_high_res-1024x683.jpg\" alt=\"\" class=\"wp-image-35522\" srcset=\"https:\/\/www.greenpeace.ch\/static\/planet4-switzerland-stateless\/2019\/08\/81ec41a8-gp04z2i_high_res-1024x683.jpg 1024w, https:\/\/www.greenpeace.ch\/static\/planet4-switzerland-stateless\/2019\/08\/81ec41a8-gp04z2i_high_res-300x200.jpg 300w, https:\/\/www.greenpeace.ch\/static\/planet4-switzerland-stateless\/2019\/08\/81ec41a8-gp04z2i_high_res-768x512.jpg 768w, https:\/\/www.greenpeace.ch\/static\/planet4-switzerland-stateless\/2019\/08\/81ec41a8-gp04z2i_high_res-2048x1366.jpg 2048w, https:\/\/www.greenpeace.ch\/static\/planet4-switzerland-stateless\/2019\/08\/81ec41a8-gp04z2i_high_res-510x340.jpg 510w\" sizes=\"auto, (max-width: 1024px) 100vw, 1024px\" \/><\/figure>\n<\/div>\n<\/div>\n\n<hr class=\"wp-block-separator has-css-opacity\"\/>\n\n<div class=\"wp-block-query posts-list p4-query-loop is-custom-layout-list is-layout-flow wp-block-query-is-layout-flow\">\n<div class=\"wp-block-group is-content-justification-space-between is-layout-flex wp-container-core-group-is-layout-3d213aab wp-block-group-is-layout-flex\">\n<h2 class=\"wp-block-heading\">Notizie<\/h2>\n\n\n<li class=\" wp-block-navigation-item see-all-link wp-block-navigation-link\"><a class=\"wp-block-navigation-item__content\"  href=\"http:\/\/www.greenpeace.ch\/de\/posts\/?post-type=story-it\"><span class=\"wp-block-navigation-item__label\">See all posts<\/span><\/a><\/li><\/div>\n\n\n\n<p style=\"margin-top:24px;margin-bottom:36px\"><\/p>\n\n\n\n\n<ul class=\"wp-block-post-template is-layout-flow wp-block-post-template-is-layout-flow\"><li class=\"wp-block-post post-127782 post type-post status-publish format-standard has-post-thumbnail hentry category-non-categorizzato p4-page-type-story-it\">\n\n<div class=\"wp-block-columns is-layout-flex wp-container-core-columns-is-layout-9d6595d7 wp-block-columns-is-layout-flex\"><figure class=\"wp-block-post-featured-image\"><a href=\"https:\/\/www.greenpeace.ch\/it\/story-it\/127782\/superaffari-shein-rischio-di-cancro-compreso\/\" target=\"_self\"  ><img loading=\"lazy\" decoding=\"async\" width=\"1200\" height=\"800\" src=\"https:\/\/www.greenpeace.ch\/static\/planet4-switzerland-stateless\/2025\/11\/dee3ab51-gp0su66z9_medium-res-with-credit-line-1200px.jpg\" class=\"attachment-post-thumbnail size-post-thumbnail wp-post-image wp-stateless-item\" alt=\"Superaffari Shein, rischio di cancro compreso\" style=\"object-fit:cover;\" srcset=\"https:\/\/www.greenpeace.ch\/static\/planet4-switzerland-stateless\/2025\/11\/dee3ab51-gp0su66z9_medium-res-with-credit-line-1200px.jpg 1200w, https:\/\/www.greenpeace.ch\/static\/planet4-switzerland-stateless\/2025\/11\/dee3ab51-gp0su66z9_medium-res-with-credit-line-1200px-300x200.jpg 300w, https:\/\/www.greenpeace.ch\/static\/planet4-switzerland-stateless\/2025\/11\/dee3ab51-gp0su66z9_medium-res-with-credit-line-1200px-1024x683.jpg 1024w, https:\/\/www.greenpeace.ch\/static\/planet4-switzerland-stateless\/2025\/11\/dee3ab51-gp0su66z9_medium-res-with-credit-line-1200px-768x512.jpg 768w, https:\/\/www.greenpeace.ch\/static\/planet4-switzerland-stateless\/2025\/11\/dee3ab51-gp0su66z9_medium-res-with-credit-line-1200px-510x340.jpg 510w\" sizes=\"auto, (max-width: 1200px) 100vw, 1200px\" data-image-size=\"post-thumbnail\" data-stateless-media-bucket=\"planet4-switzerland-stateless\" data-stateless-media-name=\"2025\/11\/dee3ab51-gp0su66z9_medium-res-with-credit-line-1200px.jpg\" \/><\/a><\/figure>\n\n\n<div class=\"wp-block-group is-layout-flow wp-block-group-is-layout-flow\">\n<div class=\"wp-block-group is-layout-flex wp-block-group-is-layout-flex\"><div class=\"wp-block-post-terms\"><a href=\"https:\/\/www.greenpeace.ch\/it\/story-it\/\">Story<\/a><\/div>\n\n<\/div>\n\n\n<h3 class=\"wp-block-post-title\"><a href=\"https:\/\/www.greenpeace.ch\/it\/story-it\/127782\/superaffari-shein-rischio-di-cancro-compreso\/\" target=\"_self\" >Superaffari Shein, rischio di cancro compreso<\/a><\/h3>\n\n<div class=\"wp-block-post-excerpt\"><p class=\"wp-block-post-excerpt__excerpt\">I capi d\u2019abbigliamento dell\u2019emporio di moda online Shein contengono tuttora sostanze chimiche pericolose. <\/p><\/div>\n\n\n<div class=\"wp-block-group posts-list-meta is-layout-flow wp-block-group-is-layout-flow\"><span class='article-list-item-author'>Greenpeace Svizzera<\/span>\n\n<div class=\"wp-block-post-date\"><time datetime=\"2025-11-27T12:16:53+01:00\">27. November 2025<\/time><\/div><\/div>\n<\/div>\n<\/div>\n\n<\/li><li class=\"wp-block-post post-127299 post type-post status-publish format-standard has-post-thumbnail hentry category-greenpeace-it p4-page-type-story-it\">\n\n<div class=\"wp-block-columns is-layout-flex wp-container-core-columns-is-layout-9d6595d7 wp-block-columns-is-layout-flex\"><figure class=\"wp-block-post-featured-image\"><a href=\"https:\/\/www.greenpeace.ch\/it\/story-it\/127299\/come-putin-distrugge-lambiente-e-la-democrazia\/\" target=\"_self\"  ><img loading=\"lazy\" decoding=\"async\" width=\"1200\" height=\"800\" src=\"https:\/\/www.greenpeace.ch\/static\/planet4-switzerland-stateless\/2025\/10\/497dbc02-gp1sx90z.jpg\" class=\"attachment-post-thumbnail size-post-thumbnail wp-post-image wp-stateless-item\" alt=\"Come Putin distrugge l\u2019ambiente e la democrazia\" style=\"object-fit:cover;\" srcset=\"https:\/\/www.greenpeace.ch\/static\/planet4-switzerland-stateless\/2025\/10\/497dbc02-gp1sx90z.jpg 1200w, https:\/\/www.greenpeace.ch\/static\/planet4-switzerland-stateless\/2025\/10\/497dbc02-gp1sx90z-300x200.jpg 300w, https:\/\/www.greenpeace.ch\/static\/planet4-switzerland-stateless\/2025\/10\/497dbc02-gp1sx90z-1024x683.jpg 1024w, https:\/\/www.greenpeace.ch\/static\/planet4-switzerland-stateless\/2025\/10\/497dbc02-gp1sx90z-768x512.jpg 768w, https:\/\/www.greenpeace.ch\/static\/planet4-switzerland-stateless\/2025\/10\/497dbc02-gp1sx90z-510x340.jpg 510w\" sizes=\"auto, (max-width: 1200px) 100vw, 1200px\" data-image-size=\"post-thumbnail\" data-stateless-media-bucket=\"planet4-switzerland-stateless\" data-stateless-media-name=\"2025\/10\/497dbc02-gp1sx90z.jpg\" \/><\/a><\/figure>\n\n\n<div class=\"wp-block-group is-layout-flow wp-block-group-is-layout-flow\">\n<div class=\"wp-block-group is-layout-flex wp-block-group-is-layout-flex\"><div class=\"wp-block-post-terms\"><a href=\"https:\/\/www.greenpeace.ch\/it\/story-it\/\">Story<\/a><\/div>\n\n<\/div>\n\n\n<h3 class=\"wp-block-post-title\"><a href=\"https:\/\/www.greenpeace.ch\/it\/story-it\/127299\/come-putin-distrugge-lambiente-e-la-democrazia\/\" target=\"_self\" >Come Putin distrugge l\u2019ambiente e la democrazia<\/a><\/h3>\n\n<div class=\"wp-block-post-excerpt\"><p class=\"wp-block-post-excerpt__excerpt\">L\u2019ultimo report di Greenpeace \u00abFossil Fuel Empire\u00bb dimostra come il regime di Putin si basi sul saccheggio delle materie prime, sulla guerra e sulla dittatura. <\/p><\/div>\n\n\n<div class=\"wp-block-group posts-list-meta is-layout-flow wp-block-group-is-layout-flow\"><span class='article-list-item-author'>Greenpeace Svizzera<\/span>\n\n<div class=\"wp-block-post-date\"><time datetime=\"2025-10-28T15:07:31+01:00\">28. October 2025<\/time><\/div><\/div>\n<\/div>\n<\/div>\n\n<\/li><li class=\"wp-block-post post-126013 post type-post status-publish format-standard has-post-thumbnail hentry category-non-categorizzato p4-page-type-story-it\">\n\n<div class=\"wp-block-columns is-layout-flex wp-container-core-columns-is-layout-9d6595d7 wp-block-columns-is-layout-flex\"><figure class=\"wp-block-post-featured-image\"><a href=\"https:\/\/www.greenpeace.ch\/it\/story-it\/126013\/il-trattato-delle-nazioni-unite-sugli-oceani-efinalmente-ratificato\/\" target=\"_self\"  ><img loading=\"lazy\" decoding=\"async\" width=\"1200\" height=\"805\" src=\"https:\/\/www.greenpeace.ch\/static\/planet4-switzerland-stateless\/2025\/09\/fd9b66ed-gp0su5xsp_medium-res-1200px.jpg\" class=\"attachment-post-thumbnail size-post-thumbnail wp-post-image wp-stateless-item\" alt=\"Il Trattato delle Nazioni Unite sugli oceani \u00e8finalmente ratificato\" style=\"object-fit:cover;\" srcset=\"https:\/\/www.greenpeace.ch\/static\/planet4-switzerland-stateless\/2025\/09\/fd9b66ed-gp0su5xsp_medium-res-1200px.jpg 1200w, https:\/\/www.greenpeace.ch\/static\/planet4-switzerland-stateless\/2025\/09\/fd9b66ed-gp0su5xsp_medium-res-1200px-300x201.jpg 300w, https:\/\/www.greenpeace.ch\/static\/planet4-switzerland-stateless\/2025\/09\/fd9b66ed-gp0su5xsp_medium-res-1200px-1024x687.jpg 1024w, https:\/\/www.greenpeace.ch\/static\/planet4-switzerland-stateless\/2025\/09\/fd9b66ed-gp0su5xsp_medium-res-1200px-768x515.jpg 768w, https:\/\/www.greenpeace.ch\/static\/planet4-switzerland-stateless\/2025\/09\/fd9b66ed-gp0su5xsp_medium-res-1200px-507x340.jpg 507w\" sizes=\"auto, (max-width: 1200px) 100vw, 1200px\" data-image-size=\"post-thumbnail\" data-stateless-media-bucket=\"planet4-switzerland-stateless\" data-stateless-media-name=\"2025\/09\/fd9b66ed-gp0su5xsp_medium-res-1200px.jpg\" \/><\/a><\/figure>\n\n\n<div class=\"wp-block-group is-layout-flow wp-block-group-is-layout-flow\">\n<div class=\"wp-block-group is-layout-flex wp-block-group-is-layout-flex\"><div class=\"wp-block-post-terms\"><a href=\"https:\/\/www.greenpeace.ch\/it\/story-it\/\">Story<\/a><\/div>\n\n<\/div>\n\n\n<h3 class=\"wp-block-post-title\"><a href=\"https:\/\/www.greenpeace.ch\/it\/story-it\/126013\/il-trattato-delle-nazioni-unite-sugli-oceani-efinalmente-ratificato\/\" target=\"_self\" >Il Trattato delle Nazioni Unite sugli oceani \u00e8finalmente ratificato<\/a><\/h3>\n\n<div class=\"wp-block-post-excerpt\"><p class=\"wp-block-post-excerpt__excerpt\">Con la ratifica di Sri Lanka, St. Vincent e Grenadine, Sierra Leone e Marocco, il Trattato delle Nazioni Unite per la protezione dell\u2019alto mare ha raggiunto le 60 ratifiche necessarie&hellip; <\/p><\/div>\n\n\n<div class=\"wp-block-group posts-list-meta is-layout-flow wp-block-group-is-layout-flow\"><span class='article-list-item-author'>Greenpeace Svizzera<\/span>\n\n<div class=\"wp-block-post-date\"><time datetime=\"2025-09-30T10:16:31+02:00\">30. September 2025<\/time><\/div><\/div>\n<\/div>\n<\/div>\n\n<\/li><\/ul>\n\n\n<div class=\"wp-block-buttons carousel-controls is-horizontal is-content-justification-space-between is-nowrap is-layout-flex wp-container-core-buttons-is-layout-044bd602 wp-block-buttons-is-layout-flex\">\n<div class=\"wp-block-button carousel-control-prev\"><button type=\"button\" class=\"wp-block-button__link wp-element-button\">Prev<\/button><\/div>\n\n\n\n<div class=\"wp-block-button carousel-control-next\"><button type=\"button\" class=\"wp-block-button__link wp-element-button\">Next<\/button><\/div>\n<\/div>\n\n\n<li class=\" wp-block-navigation-item see-all-link wp-block-navigation-link\"><a class=\"wp-block-navigation-item__content\"  href=\"http:\/\/www.greenpeace.ch\/de\/posts\/?post-type=story-it\"><span class=\"wp-block-navigation-item__label\">See all posts<\/span><\/a><\/li><\/div>\n\n<h2 class=\"wp-block-heading\">Pace tra uomo e natura<\/h2>\n\n<p>Questa \u00e8 la visione con cui innumerevoli attivisti di Greenpeace in tutto il mondo si impegnano per un mondo pacifico ed ecologico in cui la vita possa prosperare in tutta la sua variet\u00e0. <strong>Il coraggio crea il mondo in cui vogliamo vivere.<\/strong><\/p>\n\n<div class=\"wp-block-columns has-4-columns is-layout-flex wp-container-core-columns-is-layout-9d6595d7 wp-block-columns-is-layout-flex\">\n<div class=\"wp-block-column is-layout-flow wp-block-column-is-layout-flow\">\n<figure class=\"wp-block-image caption-style-medium caption-alignment-center\"><img loading=\"lazy\" decoding=\"async\" width=\"427\" height=\"427\" src=\"https:\/\/www.greenpeace.ch\/static\/planet4-switzerland-stateless\/2019\/09\/7a4d00b9-georg-klingler-2.jpg\" alt=\"\" class=\"wp-image-36151\" srcset=\"https:\/\/www.greenpeace.ch\/static\/planet4-switzerland-stateless\/2019\/09\/7a4d00b9-georg-klingler-2.jpg 427w, https:\/\/www.greenpeace.ch\/static\/planet4-switzerland-stateless\/2019\/09\/7a4d00b9-georg-klingler-2-150x150.jpg 150w, https:\/\/www.greenpeace.ch\/static\/planet4-switzerland-stateless\/2019\/09\/7a4d00b9-georg-klingler-2-300x300.jpg 300w, https:\/\/www.greenpeace.ch\/static\/planet4-switzerland-stateless\/2019\/09\/7a4d00b9-georg-klingler-2-340x340.jpg 340w\" sizes=\"auto, (max-width: 427px) 100vw, 427px\" \/><\/figure>\n<\/div>\n\n\n\n<div class=\"wp-block-column is-layout-flow wp-block-column-is-layout-flow\">\n<blockquote class=\"wp-block-quote is-layout-flow wp-block-quote-is-layout-flow\">\n<p>\u00abVoglio partecipare oggi alla decisione sul nostro futuro. Altrimenti, sar\u00e0 il caos climatico a decidere.\u00bb  <\/p>\n<cite><br><strong><em>Georg Klingler Heiligtag, esperto di problemi climatici<\/em><\/strong><\/cite><\/blockquote>\n<\/div>\n\n\n\n<div class=\"wp-block-column is-layout-flow wp-block-column-is-layout-flow\"><\/div>\n<\/div>\n\n<div class=\"wp-block-columns has-2-columns is-layout-flex wp-container-core-columns-is-layout-9d6595d7 wp-block-columns-is-layout-flex\">\n<div class=\"wp-block-column is-layout-flow wp-block-column-is-layout-flow\">\n<p>La crisi climatica \u00e8 uno dei temi prioritari di Greenpeace Svizzera. Ci impegniamo per un&#8217;economia che investe in un futuro pacifico e in un ambiente intatto. Insieme, riduciamo le emissioni di gas serra in modo da lasciare alle prossime generazioni un sistema climatico stabile.<\/p>\n\n\n\n<div class=\"wp-block-button\"><a class=\"wp-block-button__link wp-element-button\" href=\"https:\/\/www.greenpeace.ch\/it\/contatto\/\">CONTATTO<\/a><\/div>\n<\/div>\n<\/div>\n","protected":false},"excerpt":{"rendered":"<p>Il pianeta ha bisogno di te e del tuo coraggio 3 possibilit\u00e0 per impegnarti assieme a noi. Ti interessa? Non esitare. Agire assieme a persone che la pensano allo stesso modo d\u00e0 forza e fiducia. Cosa rende Greenpeace cos\u00ec efficace? Noi di Greenpeace siamo persone come te, che fanno cose straordinarie. La nostra motivazione? Alcuni [&hellip;]<\/p>\n","protected":false},"author":62,"featured_media":93289,"parent":0,"menu_order":0,"comment_status":"closed","ping_status":"closed","template":"","meta":{"_acf_changed":false,"_planet4_optimize_post_is_variant":false,"_planet4_optimize_experiment_name":"","_planet4_optimize_variant_name":"","ep_exclude_from_search":false,"p4_hide_page_title_checkbox":"on","p4_title":"","p4_subtitle":"","p4_description":"","background_image_id":"","background_image":"","p4_button_title":"","p4_button_link":"","p4_button_link_checkbox":"","p4_og_title":"","p4_og_description":"","p4_og_image":"","p4_og_image_id":"","p4_seo_canonical_url":"","p4_campaign_name":"not set","p4_local_project":"not set","p4_basket_name":"not set","p4_department":"","footnotes":""},"categories":[],"tags":[],"class_list":["post-41050","page","type-page","status-publish","has-post-thumbnail","hentry"],"acf":[],"_links":{"self":[{"href":"https:\/\/www.greenpeace.ch\/it\/wp-json\/wp\/v2\/pages\/41050","targetHints":{"allow":["GET"]}}],"collection":[{"href":"https:\/\/www.greenpeace.ch\/it\/wp-json\/wp\/v2\/pages"}],"about":[{"href":"https:\/\/www.greenpeace.ch\/it\/wp-json\/wp\/v2\/types\/page"}],"author":[{"embeddable":true,"href":"https:\/\/www.greenpeace.ch\/it\/wp-json\/wp\/v2\/users\/62"}],"replies":[{"embeddable":true,"href":"https:\/\/www.greenpeace.ch\/it\/wp-json\/wp\/v2\/comments?post=41050"}],"version-history":[{"count":20,"href":"https:\/\/www.greenpeace.ch\/it\/wp-json\/wp\/v2\/pages\/41050\/revisions"}],"predecessor-version":[{"id":126812,"href":"https:\/\/www.greenpeace.ch\/it\/wp-json\/wp\/v2\/pages\/41050\/revisions\/126812"}],"wp:featuredmedia":[{"embeddable":true,"href":"https:\/\/www.greenpeace.ch\/it\/wp-json\/wp\/v2\/media\/93289"}],"wp:attachment":[{"href":"https:\/\/www.greenpeace.ch\/it\/wp-json\/wp\/v2\/media?parent=41050"}],"wp:term":[{"taxonomy":"category","embeddable":true,"href":"https:\/\/www.greenpeace.ch\/it\/wp-json\/wp\/v2\/categories?post=41050"},{"taxonomy":"post_tag","embeddable":true,"href":"https:\/\/www.greenpeace.ch\/it\/wp-json\/wp\/v2\/tags?post=41050"}],"curies":[{"name":"wp","href":"https:\/\/api.w.org\/{rel}","templated":true}]}}