{"id":57870,"date":"2020-01-20T09:23:16","date_gmt":"2020-01-20T07:23:16","guid":{"rendered":"https:\/\/www.greenpeace.ch\/?page_id=57870"},"modified":"2026-01-05T08:16:33","modified_gmt":"2026-01-05T07:16:33","slug":"donare","status":"publish","type":"page","link":"https:\/\/www.greenpeace.ch\/it\/agire\/donare\/","title":{"rendered":"Una donazione per la protezione dell&#8217;ambiente"},"content":{"rendered":"\n\n<div class=\"wp-block-group alignfull is-layout-flow wp-block-group-is-layout-flow\">\n<div class=\"wp-block-group container is-layout-flow wp-block-group-is-layout-flow\">\n<div class=\"wp-block-media-text alignfull has-media-on-the-right is-stacked-on-mobile is-pattern-p4-page-header is-style-parallax\"><div class=\"wp-block-media-text__content\">\n<div class=\"wp-block-group is-layout-flow wp-block-group-is-layout-flow\">\n<h1 class=\"wp-block-heading has-white-background-color has-background\">\n                            Una donazione per la protezione dell\u2019ambiente\n                        <\/h1>\n<\/div>\n<\/div><figure class=\"wp-block-media-text__media\"><img loading=\"lazy\" decoding=\"async\" width=\"2200\" height=\"803\" src=\"https:\/\/www.greenpeace.ch\/static\/planet4-switzerland-stateless\/2020\/08\/6e78448c-gletschermontage_06_quer2_rgb-1-e1562592087293.png\" alt=\"\" sizes=\"auto, (min-width: 601px) 50vw, 100vw\" srcset=\"https:\/\/www.greenpeace.ch\/static\/planet4-switzerland-stateless\/2020\/08\/6e78448c-gletschermontage_06_quer2_rgb-1-e1562592087293.png 2200w, https:\/\/www.greenpeace.ch\/static\/planet4-switzerland-stateless\/2020\/08\/6e78448c-gletschermontage_06_quer2_rgb-1-e1562592087293-300x110.png 300w, https:\/\/www.greenpeace.ch\/static\/planet4-switzerland-stateless\/2020\/08\/6e78448c-gletschermontage_06_quer2_rgb-1-e1562592087293-1024x374.png 1024w, https:\/\/www.greenpeace.ch\/static\/planet4-switzerland-stateless\/2020\/08\/6e78448c-gletschermontage_06_quer2_rgb-1-e1562592087293-768x280.png 768w, https:\/\/www.greenpeace.ch\/static\/planet4-switzerland-stateless\/2020\/08\/6e78448c-gletschermontage_06_quer2_rgb-1-e1562592087293-1536x561.png 1536w, https:\/\/www.greenpeace.ch\/static\/planet4-switzerland-stateless\/2020\/08\/6e78448c-gletschermontage_06_quer2_rgb-1-e1562592087293-2048x748.png 2048w, https:\/\/www.greenpeace.ch\/static\/planet4-switzerland-stateless\/2020\/08\/6e78448c-gletschermontage_06_quer2_rgb-1-e1562592087293-510x186.png 510w\" class=\"wp-image-57886 size-full\"\/><\/figure><\/div>\n<\/div>\n<\/div>\n\n\n<div class=\"wp-block-group is-vertical is-layout-flex wp-container-core-group-is-layout-8cf370e7 wp-block-group-is-layout-flex\"><\/div>\n\n<h2 class=\"wp-block-heading is-style-underline\" id=\"donare\">Donare<\/h2>\n\n<p>Con la tua donazione, rendi possibile il nostro impegno per un futuro pacifico ed ecologico.<\/p>\n\n<p>Finanziamo il nostro impegno per l\u2019ambiente esclusivamente tramite contributi di persone private e fondazioni, perch\u00e9 l\u2019indipendenza \u00e8 la nostra forza.<\/p>\n\n<div class=\"wp-block-columns has-2-columns is-layout-flex wp-container-core-columns-is-layout-9d6595d7 wp-block-columns-is-layout-flex\">\n<div class=\"wp-block-column is-layout-flow wp-block-column-is-layout-flow\"><div class=\"wp-block-planet4-gpch-tamaro-tamaro-widget\">\n\n\t<div class=\"rnw-widget-container\"><\/div>\n\n\t<script src=\"https:\/\/tamaro.raisenow.com\/greenpeace-ch-default\/latest\/widget.js\"><\/script>\n\n\t<script>\n\t\twindow.rnw.tamaro.runWidget('.rnw-widget-container', {\n\t\t\tdebug: false,\n\t\t\ttestMode: false,\n\t\t\tlanguage: 'it',\n\t\t\tdefaultPaymentType: 'recurring',\n\t\t\tdefaultRecurringInterval: 'monthly',\n\t\t\tshowStoredCustomerEmailPermission: true,\n\t\t\tshowStoredCustomerDonationReceipt: false,\n\t\t\tshow_submit_button: false,\n\t\t\tshow_footer: false,\n\t\t\tpaymentFormPrefill: {\n\t\t\t\tstored_customer_email_permission: true,\n\t\t\t\tstored_customer_donation_receipt: true,\n\t\t\t\tstored_sf_Contact_Source__c: 'Internet',\n\t\t\t\tgpch_product: 'Standard Donation',\n\t\t\t\tstored_sf_Opportunity_Product__c: '',\n\t\t\t\tstored_sf_npe03__Recurring_Donation__c_Product__c: ''\n\t\t\t},\n\t\t\tpaymentMethods: [\n\t\t\t\t'twint',\n\t\t\t\t'card',\n\t\t\t\t{\n\t\t\t\t\t\"if\": \"paymentType() != recurring\",\n\t\t\t\t\t\"then\": [\n\t\t\t\t\t\t\"chqr\"\n\t\t\t\t\t]\n\t\t\t\t},\n\t\t\t\t{\n\t\t\t\t\t\"if\": \"paymentType() == recurring\",\n\t\t\t\t\t\"then\": [\n\t\t\t\t\t\t\"dd\"\n\t\t\t\t\t]\n\t\t\t\t},\n\t\t\t\t{\n\t\t\t\t\t\"if\": \"paymentType() != recurring\",\n\t\t\t\t\t\"then\": [\n\t\t\t\t\t\t\"paypal\"\n\t\t\t\t\t]\n\t\t\t\t},\n\t\t\t],\n\t\t\tshowBlocks: {\n                \t\t\t},\n            forceShowBlocks: {\n                payment_amounts_and_intervals: true,\n                slot_gpch_next_step_button: true,\n                payment_purposes: false,\n                payment_payment_methods: false,\n                payment_profile: false,\n                payment_address: false,\n                payment_cover_fee: false,\n            },\n\t\t\tpurposes: ['p1'],\n\t\t\tpurposeDetails: {\n\t\t\t\tp1: {\n\t\t\t\t\tstored_campaign_id: '701bH00000Ys3gYQAR'\n\t\t\t\t}\n\t\t\t},\n            blocksOrder: [\n                                'payment_purposes',\n                'payment_amounts_and_intervals',\n                                'slot_gpch_next_step_button',\n                'payment_payment_methods',\n                'payment_profile',\n                'payment_profile_short',\n                'payment_address',\n                'payment_email_permission',\n                'payment_cover_fee',\n                'payment_sepa_mandate_terms',\n                            ],\n\t\t\tslots: {\n\t\t\t\tslot_gpch_next_step_button: [{\n\t\t\t\t\tcomponent: \"block\",\n\t\t\t\t\tchildren: [{\n\t\t\t\t\t\tcomponent: \"block_content\",\n\t\t\t\t\t\tchildren: [{\n\t\t\t\t\t\t\tcomponent: \"content\",\n\t\t\t\t\t\t\ttext_html: \"gpch_next_step_button\"\n\t\t\t\t\t\t}]\n\t\t\t\t\t}]\n\t\t\t\t}],\n                \t\t\t},\n            paymentValidations: {\n                            },\n\t\t\ttranslations: {\n\t\t\t\ten: {\n\t\t\t\t\tpurposes: {\n\t\t\t\t\t\tp1: 'Greenpeace Switzerland'\n\t\t\t\t\t},\n\t\t\t\t\tblocks: {\n\t\t\t\t\t\tpayment_profile: {\n\t\t\t\t\t\t\temail_permission_info_html: \"<p>I would like Greenpeace Switzerland to inform me by e-mail about ongoing projects.<\/p>\\n\"\n\t\t\t\t\t\t}\n\t\t\t\t\t},\n\t\t\t\t\tgpch_next_step_button: '<button type=\"button\" class=\"btn btn-block btn-primary\" onClick=\"gpchTamaro.nextStep()\"><span class=\"btn-text\">Next Step<\/span><\/button>',\n                    custom_fields_text: '',\n                },\n\t\t\t\tde: {\n\t\t\t\t\tpurposes: {\n\t\t\t\t\t\tp1: 'Greenpeace Schweiz'\n\t\t\t\t\t},\n\t\t\t\t\tblocks: {\n\t\t\t\t\t\tpayment_profile: {\n\t\t\t\t\t\t\temail_permission_info_html: \"<p>Ich m\u00f6chte, dass Greenpeace Schweiz mich per E-Mail \u00fcber laufende Projekte informiert.<\/p>\\n\"\n\t\t\t\t\t\t}\n\t\t\t\t\t}\n\t\t\t\t},\n\t\t\t\tfr: {\n\t\t\t\t\tpurposes: {\n\t\t\t\t\t\tp1: 'Greenpeace Suisse'\n\t\t\t\t\t},\n\t\t\t\t\tblocks: {\n\t\t\t\t\t\tpayment_profile: {\n\t\t\t\t\t\t\temail_permission_info_html: \"<p>Je veux que Greenpeace Suisse m'informe par e-mail des projets en cours.<\/p>\\n\"\n\t\t\t\t\t\t}\n\t\t\t\t\t}\n\t\t\t\t},\n\t\t\t\tit: {\n\t\t\t\t\tpurposes: {\n\t\t\t\t\t\tp1: 'Greenpeace Svizzera'\n\t\t\t\t\t},\n\t\t\t\t\tblocks: {\n\t\t\t\t\t\tpayment_profile: {\n\t\t\t\t\t\t\temail_permission_info_html: \"<p>Desidero che Greenpeace Svizzera mi informi via e-mail sui progetti in corso.<\/p>\\n\"\n\t\t\t\t\t\t}\n\t\t\t\t\t}\n\t\t\t\t}\n\t\t\t},\n\t\t\tamounts: [\n\t\t\t\t{\n\t\t\t\t\t\"if\": \"paymentType() == onetime\",\n\t\t\t\t\t\"then\": [50,100,150]\n\t\t\t\t},\n\t\t\t\t{\n\t\t\t\t\t\"if\": \"paymentType() == recurring && recurringInterval() == monthly\",\n\t\t\t\t\t\"then\": [5,7,10]\n\t\t\t\t},\n\t\t\t\t{\n\t\t\t\t\t\"if\": \"paymentType() == recurring && recurringInterval() == quarterly\",\n\t\t\t\t\t\"then\": [15,21,30]\n\t\t\t\t},\n\t\t\t\t{\n\t\t\t\t\t\"if\": \"paymentType() == recurring && recurringInterval() == semestral\",\n\t\t\t\t\t\"then\": [30,42,60]\n\t\t\t\t},\n\t\t\t\t{\n\t\t\t\t\t\"if\": \"paymentType() == recurring && recurringInterval() == yearly\",\n\t\t\t\t\t\"then\": [60,84,120]\n\t\t\t\t}\n\t\t\t],\n\t\t\tminimumCustomAmount: [\n\t\t\t\t{\n\t\t\t\t\t\"if\": \"paymentType() == onetime\",\n\t\t\t\t\t\"then\": 10\n\t\t\t\t},\n\t\t\t\t{\n\t\t\t\t\t\"if\": \"paymentType() == recurring && recurringInterval() == monthly\",\n\t\t\t\t\t\"then\": 5\n\t\t\t\t},\n\t\t\t\t{\n\t\t\t\t\t\"if\": \"paymentType() == recurring && recurringInterval() == quarterly\",\n\t\t\t\t\t\"then\": 15\n\t\t\t\t},\n\t\t\t\t{\n\t\t\t\t\t\"if\": \"paymentType() == recurring && recurringInterval() == semestral\",\n\t\t\t\t\t\"then\": 30\n\t\t\t\t},\n\t\t\t\t{\n\t\t\t\t\t\"if\": \"paymentType() == recurring && recurringInterval() == yearly\",\n\t\t\t\t\t\"then\": 60\n\t\t\t\t}\n\t\t\t],\n\t\t\tcoverFeePercentage: [\n\t\t\t\t\t{\n\t\t\t\t\t\"if\": \"paymentMethod() == twint\", \/\/ TWINT\n\t\t\t\t\t\"then\": 2\n\t\t\t\t},\n\t\t\t\t{\n\t\t\t\t\t\"if\": \"paymentMethod() == card\", \/\/ Credit Card (vis & eca)\n\t\t\t\t\t\"then\": 2\n\t\t\t\t},\n\t\t\t\t{\n\t\t\t\t\t\"if\": \"paymentMethod() == chqr\", \/\/ QR-Bill\n\t\t\t\t\t\"then\": 0\n\t\t\t\t},\n\t\t\t\t{\n\t\t\t\t\t\"if\": \"paymentMethod() == paypal\", \/\/ PayPal\n\t\t\t\t\t\"then\": 2\n\t\t\t\t},\n\t\t\t\t{\n\t\t\t\t\t\"if\": \"paymentMethod() == dd\", \/\/ DD & LSV\n\t\t\t\t\t\"then\": 0\n\t\t\t\t},\n\t\t\t\t5\n\t\t\t]\n\t\t});\n\n\t\tvar gpchTamaro = gpchTamaro || {};\n\n\t\t\/\/ The currently selected payment method\n\t\tlet tamaroPaymentMethod = null;\n\n\t\t\/\/ True if showing the whole form, false if only the first block\n\t\tlet tamaroFullForm = false;\n\n\t\twindow.rnw.tamaro.events.paymentMethodChanged.subscribe(function (event) {\n\t\t\tif (tamaroFullForm) {\n\t\t\t\t\/\/ Hide the cover fees block for payment methods that have 0% fees\n\t\t\t\tif (tamaroPaymentMethod === 'chqr' || tamaroPaymentMethod === 'dd') {\n\t\t\t\t\trnw.tamaro.instance.config.forceShowBlocks = {\n\t\t\t\t\t\tpayment_cover_fee: false\n\t\t\t\t\t};\n\t\t\t\t}\n\t\t\t\telse {\n\t\t\t\t\trnw.tamaro.instance.config.forceShowBlocks = {\n\t\t\t\t\t\tpayment_cover_fee: true\n\t\t\t\t\t};\n\t\t\t\t}\n\n\t\t\t}\n\t\t});\n\n\t\tgpchTamaro.callbackBeforePaymentValidateAndSend = function (event) {\n\n\t\t\tvar payment_type = window.rnw.tamaro.instance.paymentForm.data.payment_type;\n\n\t\t\tif (payment_type === 'onetime') {\n\t\t\t\twindow.rnw.tamaro.instance.paymentForm.data.stored_sf_Opportunity_Product__c = window.rnw.tamaro.instance.paymentForm.data.gpch_product;\n\t\t\t\twindow.rnw.tamaro.instance.paymentForm.data.stored_sf_npe03__Recurring_Donation__c_Product__c = '';\n\t\t\t}\n\n\t\t\tif (payment_type === 'recurring') {\n\t\t\t\tif (typeof event.data.api.paymentForm.data.exp !== \"undefined\" && event.data.api.paymentForm.data.exp !== \"\") {\n\t\t\t\t\tconst exp_date = event.data.api.paymentForm.data.exp;\n\t\t\t\t\tconst [exp_month, exp_year] = exp_date.split(\"\/\").map(Number);\n\n\t\t\t\t\t\/\/ exp_year can be yy or yyyy. Add 2000 to a 2 digit year.\n\t\t\t\t\tconst full_year = exp_year < 100 ? 2000 + exp_year : exp_year;\n\n\t\t\t\t\t\/\/ Get the last day of the given month\n\t\t\t\t\tconst last_day = new Date(full_year, exp_month, 0).getDate();\n\n\t\t\t\t\t\/\/ Format as YYYY-MM-DD\n\t\t\t\t\tformatted_exp_date = `${full_year}-${String(exp_month).padStart(2, \"0\")}-${last_day}`;\n\n\t\t\t\t\twindow.rnw.tamaro.instance.paymentForm.data.stored_sf_npe03__Recurring_Donation__c_CC_Exp__c = formatted_exp_date;\n\t\t\t\t}\n\n\t\t\t\twindow.rnw.tamaro.instance.paymentForm.data.stored_sf_npe03__Recurring_Donation__c_Product__c = window.rnw.tamaro.instance.paymentForm.data.gpch_product;\n\t\t\t\twindow.rnw.tamaro.instance.paymentForm.data.stored_sf_Opportunity_Product__c = '';\n\t\t\t}\n\t\t}\n\n\t\twindow.rnw.tamaro.events.beforePaymentValidateAndSend.subscribe(gpchTamaro.callbackBeforePaymentValidateAndSend);\n\n\t\tgpchTamaro.nextStep = function() {\n\t\t\ttamaroFullForm = true;\n\n            rnw.tamaro.instance.config.showBlocks = {\n                slot_custom_fields: true,\n            };\n\t\t\trnw.tamaro.instance.config.forceShowBlocks = {\n\t\t\t\tslot_gpch_next_step_button: false,\n\t\t\t\tpayment_payment_methods: true,\n\t\t\t\tpayment_profile: true,\n\t\t\t\tpayment_address: true,\n\t\t\t\tpayment_cover_fee: true,\n\t\t\t};\n\n\t\t\trnw.tamaro.instance.config.showSubmitButton = true;\n\t\t\trnw.tamaro.instance.config.showFooter = true;\n\t\t}\n\n\t\t\/\/ Generate a gp_user_id from the email address\n\t\tasync function generate_gp_user_id(email) {\n\t\t\tfunction bufferToBase64(buffer) {\n\t\t\t\treturn btoa(String.fromCharCode.apply(null, new Uint8Array(buffer)));\n\t\t\t}\n\n\t\t\ttry {\n\t\t\t\tconst hashBuffer = await crypto.subtle.digest('SHA-256', new TextEncoder().encode(email));\n\t\t\t\tlet hashString = bufferToBase64(hashBuffer);\n\t\t\t\thashString = hashString.replace(\/\\\/\/g, '');\n\t\t\t\treturn hashString;\n\t\t\t} catch (error) {\n\t\t\t\treturn '';\n\t\t\t}\n\t\t}\n\n\t\t\/\/ DataLayer Event for web analytics\n\t\twindow.rnw.tamaro.events[\"paymentComplete\"].subscribe(async function (event) {\n\t\t\tlet donation_type = \"Single\";\n\t\t\tdonation_frequency = \"One-time\";\n\t\t\tif (event.data.api.paymentForm !== null) {\n\t\t\t\tif (event.data.api.paymentForm.data.payment_type === \"recurring\") {\n\t\t\t\t\tdonation_type = \"Recurring\";\n\t\t\t\t\tdonation_frequency = event.data.api.paymentForm.data.recurring_interval;\n\t\t\t\t}\n\t\t\t}\n\n\t\t\tconst hashed_email = await generate_gp_user_id(event.data.api.paymentForm.data.stored_customer_email);\n\n\t\t\tif (typeof event.data.api.transactionInfo !== \"undefined\") {\n\t\t\t\t\/\/ Use legacy RaiseNow Manager data\n\t\t\t\tif (event.data.api.transactionInfo.epayment_status === \"success\") {\n\t\t\t\t\twindow.dataLayer = window.dataLayer || [];\n\t\t\t\t\twindow.dataLayer.push({\n\t\t\t\t\t\t'event': 'donation_completed',\n\t\t\t\t\t\t'donation_type': donation_type,\n\t\t\t\t\t\t'donation_value': event.data.api.paymentForm.data.amount,\n\t\t\t\t\t\t'donation_currency': event.data.api.paymentForm.data.currency,\n\t\t\t\t\t\t'donation_frequency': donation_frequency,\n\t\t\t\t\t\t'donation_payment_method': event.data.api.paymentForm.data.payment_method,\n\t\t\t\t\t\t'donation_campaign_id': event.data.api.paymentForm.data.stored_campaign_id,\n\t\t\t\t\t\t'donation_product': event.data.api.paymentForm.data.gpch_product,\n\t\t\t\t\t\t'donation_transaction_id': event.data.api.transactionInfo.epp_transaction_id,\n\t\t\t\t\t\t'gp_user_id': hashed_email\n\t\t\t\t\t});\n\t\t\t\t}\n\t\t\t}\n\t\t\telse if (typeof event.data.api.epmsPaymentInfo !== \"undefined\") {\n\t\t\t\t\/\/ Use RaiseNow Hub data\n\t\t\t\tif (event.data.api.epmsPaymentInfo.last_status === \"succeeded\") {\n\t\t\t\t\twindow.dataLayer = window.dataLayer || [];\n\t\t\t\t\twindow.dataLayer.push({\n\t\t\t\t\t\t'event': 'donation_completed',\n\t\t\t\t\t\t'donation_type': donation_type,\n\t\t\t\t\t\t'donation_value': event.data.api.paymentForm.data.amount,\n\t\t\t\t\t\t'donation_currency': event.data.api.paymentForm.data.currency,\n\t\t\t\t\t\t'donation_frequency': donation_frequency,\n\t\t\t\t\t\t'donation_payment_method': event.data.api.paymentForm.data.payment_method,\n\t\t\t\t\t\t'donation_campaign_id': event.data.api.paymentForm.data.stored_campaign_id,\n\t\t\t\t\t\t'donation_product': event.data.api.paymentForm.data.gpch_product,\n\t\t\t\t\t\t'donation_transaction_id': event.data.api.epmsPaymentInfo.uuid,\n\t\t\t\t\t\t'gp_user_id': hashed_email\n\t\t\t\t\t});\n\t\t\t\t}\n\t\t\t}\n\t\t});\n\n\t\t\/\/ Tracks if an observer was already started\n\t\tlet observerStarted = false;\n\n\t\t\/**\n\t\t * Monitors and modifies the content of the widget and modified it in certain conditions:\n\t\t * - When the subscription info is shown: Moves the unsubscribe section to the bottom\n\t\t * - When payment methods are changed and the current method is PostFinance: Remove the current method so it\n\t\t * can't be selected anymore.\n\t\t *\/\n\t\tconst observeWidgetContent = (event) => {\n\t\t\t\/\/ Node to observe\n\t\t\tconst widgetContentElement = document.querySelector(\"#tamaro-widget\");\n\n\t\t\t\/\/ Callback to modify the widget content\n\t\t\tconst modifyWidgetContent = (mutationList, observer) => {\n\t\t\t\tfor (const mutation of mutationList) {\n\t\t\t\t\tif (mutation.type === \"childList\") {\n\t\t\t\t\t\t\/\/ Look for subscription info sections\n\t\t\t\t\t\tconst sections = document.querySelectorAll(\"section.subscription-info .main section\");\n\n\t\t\t\t\t\tif (typeof(sections[0]) !== 'undefined' && sections[0].classList.contains('subscription-details')) {\n\t\t\t\t\t\t\t\/\/ Change element order\n\t\t\t\t\t\t\tsections[2].append(sections[0])\n\n\t\t\t\t\t\t\t\/\/ Adapt styling to new order\n\t\t\t\t\t\t\tsections[0].style.borderTopWidth = '1px';\n\t\t\t\t\t\t\tsections[0].style.marginTop = '1.25rem';\n\t\t\t\t\t\t\tsections[0].style.paddingTop = '1.25rem';\n\t\t\t\t\t\t\tsections[1].style.borderTopWidth = '0';\n\t\t\t\t\t\t\tsections[1].style.marginTop = '0';\n\t\t\t\t\t\t\tsections[1].style.paddingTop = '0';\n\t\t\t\t\t\t}\n\n\t\t\t\t\t\t\/\/ Look for PostFinance as current payment method\n\t\t\t\t\t\tconst currentMethodElement = document.querySelector(\"section.update-current-payment-method\");\n\n\t\t\t\t\t\tif (currentMethodElement !== null) {\n\t\t\t\t\t\t\t\/\/ PostFinance button as current payment method\n\t\t\t\t\t\t\tconst pfcButton = currentMethodElement.querySelector(\"button.payment-method.pfc.current\");\n\n\t\t\t\t\t\t\tif (pfcButton !== null) {\n\t\t\t\t\t\t\t\tcurrentMethodElement.style.display = 'none';\n\t\t\t\t\t\t\t}\n\t\t\t\t\t\t}\n\t\t\t\t\t}\n\t\t\t\t}\n\t\t\t}\n\n\t\t\tif (widgetContentElement !== null && observerStarted === false) {\n\t\t\t\t\/\/ Observer config\n\t\t\t\tconst config = { attributes: false, childList: true, subtree: true };\n\n\t\t\t\t\/\/ Create an observer instance linked to the callback function\n\t\t\t\tconst observer = new MutationObserver(modifyWidgetContent);\n\n\t\t\t\t\/\/ Start observing the target node for configured mutations\n\t\t\t\tobserver.observe(widgetContentElement, config);\n\n\t\t\t\tobserverStarted = true;\n\t\t\t}\n\t\t}\n\t\twindow.rnw.tamaro.events.fetchPaymentDataEnd.subscribe(observeWidgetContent);\n\n\t<\/script>\n<\/div>\n\n<\/div>\n\n\n\n<div class=\"wp-block-column is-layout-flow wp-block-column-is-layout-flow\">\n<h3 class=\"wp-block-heading\">Cosa rende Greenpeace cos\u00ec efficace?<\/h3>\n\n<ul class=\"is-style-accent-info wp-block-list\"><li>Siamo attivi in rete in tutto il mondo e promuoviamo campagne creative.<\/li><li>Siamo coraggiosi, denunciamo i crimini ambientali e offriamo soluzioni.<\/li><li>Siamo nonviolenti in ogni circostanza.<\/li><li>Siamo indipendenti finanziariamente dai governi e non accettiamo donazioni da imprese o partiti politici.<\/li><li>Nel mondo ci sostengono 2,8 milioni di persone, di cui oltre 150\u2019000 in Svizzera.<\/li><\/ul>\n\n\n\n<p><\/p>\n<\/div>\n<\/div>\n\n<hr class=\"wp-block-separator has-css-opacity is-style-default\"\/>\n\n<h2 class=\"wp-block-heading\"> Entra a far parte del movimento! <\/h2>\n\n<div class=\"wp-block-columns has-3-columns is-layout-flex wp-container-core-columns-is-layout-9d6595d7 wp-block-columns-is-layout-flex\">\n<div class=\"wp-block-column is-layout-flow wp-block-column-is-layout-flow\">\n<figure class=\"wp-block-image caption-style-blue-overlay caption-alignment-center\"><img loading=\"lazy\" decoding=\"async\" width=\"1024\" height=\"576\" src=\"https:\/\/www.greenpeace.ch\/static\/planet4-switzerland-stateless\/2019\/05\/cde8dd4f-gp04pw5_16-9-1024x576.jpg\" alt=\"\" class=\"wp-image-2882\" srcset=\"https:\/\/www.greenpeace.ch\/static\/planet4-switzerland-stateless\/2019\/05\/cde8dd4f-gp04pw5_16-9-1024x576.jpg 1024w, https:\/\/www.greenpeace.ch\/static\/planet4-switzerland-stateless\/2019\/05\/cde8dd4f-gp04pw5_16-9-300x169.jpg 300w, https:\/\/www.greenpeace.ch\/static\/planet4-switzerland-stateless\/2019\/05\/cde8dd4f-gp04pw5_16-9-768x432.jpg 768w, https:\/\/www.greenpeace.ch\/static\/planet4-switzerland-stateless\/2019\/05\/cde8dd4f-gp04pw5_16-9-2048x1152.jpg 2048w, https:\/\/www.greenpeace.ch\/static\/planet4-switzerland-stateless\/2019\/05\/cde8dd4f-gp04pw5_16-9-510x287.jpg 510w\" sizes=\"auto, (max-width: 1024px) 100vw, 1024px\" \/><\/figure>\n\n\n\n<p><strong><strong>Aderisci a Greenpeace<\/strong><\/strong><\/p>\n\n\n\n<p>La quota minima di 84 franchi all\u2019anno d\u00e0 diritto a ricevere regolari informazioni sulle nostre campagne e alla nostra rivista periodica riservata ai membri.<br><\/p>\n\n\n\n<div class=\"wp-block-button\"><a class=\"wp-block-button__link wp-element-button\" href=\"https:\/\/www.greenpeace.ch\/it\/handeln\/spenden\/membro-di-greenpeace\/\">ADESIONE A GREENPEACE<\/a><\/div>\n<\/div>\n\n\n\n<div class=\"wp-block-column is-layout-flow wp-block-column-is-layout-flow\"><\/div>\n<\/div>\n\n<hr class=\"wp-block-separator has-css-opacity is-style-default\"\/>\n\n<h2 class=\"wp-block-heading\">Domande e risposte<\/h2>\n\n<div class=\"wp-block-columns has-2-columns is-layout-flex wp-container-core-columns-is-layout-9d6595d7 wp-block-columns-is-layout-flex\">\n<div class=\"wp-block-column is-layout-flow wp-block-column-is-layout-flow\">\n<section class=\"block accordion-block wp-block-planet4-blocks-accordion\"><div class=\"accordion-content\"><div class=\"accordion-headline\" name=\"A cosa serve la mia donazione?\">A cosa serve la mia donazione?<\/div><div class=\"panel panel-hidden\"><p class=\"accordion-text\">Con il pagamento della tua quota di membro o con una donazione, sostieni le nostre campagne su clima, zero rifiuti, agricoltura e biodiversit\u00e0, oceani, foreste, rifiuti tossici ed energie rinnovabili. La tua donazione \u00e8 la base della nostra indipendenza e ci consente di impiegare i nostri mezzi in qualsiasi momento e ovunque sia pi\u00f9 urgente e utile. Il nostro rapporto annuale ti fornisce tutti i dettagli sull\u2019utilizzo delle risorse economiche per le nostre campagne.<\/p><\/div><\/div><div class=\"accordion-content\"><div class=\"accordion-headline\" name=\"Posso dedurre la mia donazione dalla dichiarazione d\u2019imposta?\">Posso dedurre la mia donazione dalla dichiarazione d\u2019imposta?<\/div><div class=\"panel panel-hidden\"><p class=\"accordion-text\">S\u00ec, puoi dedurre le tue donazioni a Greenpeace dalla tua dichiarazione d\u2019imposta.<\/p><\/div><\/div><div class=\"accordion-content\"><div class=\"accordion-headline\" name=\"Come posso essere sicuro che i miei soldi giungano nel posto giusto?\">Come posso essere sicuro che i miei soldi giungano nel posto giusto?<\/div><div class=\"panel panel-hidden\"><p class=\"accordion-text\">Oltre il 75% delle donazioni che riceviamo vengono utilizzate per le nostre campagne. Con il tuo contributo sostieni il nostro impegno per il clima, zero rifiuti, agricoltura e biodiversit\u00e0, oceani, foreste, sostanze tossiche ed energie rinnovabili. Troverai tutti i dettagli nel nostro rapporto annuale.<\/p><\/div><\/div><div class=\"accordion-content\"><div class=\"accordion-headline\" name=\"Una donazione \u00e8 possibile solo attraverso un modulo online?\">Una donazione \u00e8 possibile solo attraverso un modulo online?<\/div><div class=\"panel panel-hidden\"><p class=\"accordion-text\">No, puoi donare anche mediante polizza di versamento o e-banking:<br><br>IBAN<br>CH07 0900 0000 0000 8000 6222 8<\/p><\/div><\/div><div class=\"accordion-content\"><div class=\"accordion-headline\" name=\"Come posso seguire i progetti?\">Come posso seguire i progetti?<\/div><div class=\"panel panel-hidden\"><p class=\"accordion-text\">Nella nostra newsletter ti informiamo regolarmente su tutti i nostri progetti, con notizie d\u2019attualit\u00e0 e informazioni sui risultati ottenuti.<br>Abonnati alla newsletter in <a href=\"https:\/\/www.greenpeace.ch\/de\/newsletter-abonnieren\/\">tedesco<\/a> \/ in <a href=\"https:\/\/www.greenpeace.ch\/fr\/abonnement-newsletter\/\">francese<\/a> o <a href=\"mailto: ticino@greenpeace.ch\">contatta il gruppo regionale ticino<\/a>.<\/p><\/div><\/div><\/section>\n<\/div>\n\n\n\n<div class=\"wp-block-column is-layout-flow wp-block-column-is-layout-flow\">\n<figure class=\"wp-block-image caption-style-blue-overlay caption-alignment-center\"><img loading=\"lazy\" decoding=\"async\" width=\"1024\" height=\"685\" src=\"https:\/\/www.greenpeace.ch\/static\/planet4-switzerland-stateless\/2019\/05\/0ddc6a5c-gp034kn_high_res-1024x685.jpg\" alt=\"\" class=\"wp-image-20043\" srcset=\"https:\/\/www.greenpeace.ch\/static\/planet4-switzerland-stateless\/2019\/05\/0ddc6a5c-gp034kn_high_res-1024x685.jpg 1024w, https:\/\/www.greenpeace.ch\/static\/planet4-switzerland-stateless\/2019\/05\/0ddc6a5c-gp034kn_high_res-300x201.jpg 300w, https:\/\/www.greenpeace.ch\/static\/planet4-switzerland-stateless\/2019\/05\/0ddc6a5c-gp034kn_high_res-768x514.jpg 768w, https:\/\/www.greenpeace.ch\/static\/planet4-switzerland-stateless\/2019\/05\/0ddc6a5c-gp034kn_high_res-2041x1366.jpg 2041w, https:\/\/www.greenpeace.ch\/static\/planet4-switzerland-stateless\/2019\/05\/0ddc6a5c-gp034kn_high_res-508x340.jpg 508w\" sizes=\"auto, (max-width: 1024px) 100vw, 1024px\" \/><\/figure>\n<\/div>\n<\/div>\n","protected":false},"excerpt":{"rendered":"<p>Con la tua donazione, rendi possibile il nostro impegno per un futuro pacifico ed ecologico.<\/p>\n","protected":false},"author":23,"featured_media":57886,"parent":42262,"menu_order":0,"comment_status":"closed","ping_status":"closed","template":"","meta":{"_acf_changed":false,"_planet4_optimize_post_is_variant":false,"_planet4_optimize_experiment_name":"","_planet4_optimize_variant_name":"","ep_exclude_from_search":false,"p4_hide_page_title_checkbox":"on","p4_title":"","p4_subtitle":"","p4_description":"","background_image_id":"","background_image":"","p4_button_title":"","p4_button_link":"","p4_button_link_checkbox":"","p4_og_title":"","p4_og_description":"","p4_og_image":"","p4_og_image_id":"","p4_seo_canonical_url":"","p4_campaign_name":"not set","p4_local_project":"not set","p4_basket_name":"not set","p4_department":"","footnotes":""},"categories":[],"tags":[],"class_list":["post-57870","page","type-page","status-publish","has-post-thumbnail","hentry"],"acf":[],"_links":{"self":[{"href":"https:\/\/www.greenpeace.ch\/it\/wp-json\/wp\/v2\/pages\/57870","targetHints":{"allow":["GET"]}}],"collection":[{"href":"https:\/\/www.greenpeace.ch\/it\/wp-json\/wp\/v2\/pages"}],"about":[{"href":"https:\/\/www.greenpeace.ch\/it\/wp-json\/wp\/v2\/types\/page"}],"author":[{"embeddable":true,"href":"https:\/\/www.greenpeace.ch\/it\/wp-json\/wp\/v2\/users\/23"}],"replies":[{"embeddable":true,"href":"https:\/\/www.greenpeace.ch\/it\/wp-json\/wp\/v2\/comments?post=57870"}],"version-history":[{"count":6,"href":"https:\/\/www.greenpeace.ch\/it\/wp-json\/wp\/v2\/pages\/57870\/revisions"}],"predecessor-version":[{"id":128287,"href":"https:\/\/www.greenpeace.ch\/it\/wp-json\/wp\/v2\/pages\/57870\/revisions\/128287"}],"up":[{"embeddable":true,"href":"https:\/\/www.greenpeace.ch\/it\/wp-json\/wp\/v2\/pages\/42262"}],"wp:featuredmedia":[{"embeddable":true,"href":"https:\/\/www.greenpeace.ch\/it\/wp-json\/wp\/v2\/media\/57886"}],"wp:attachment":[{"href":"https:\/\/www.greenpeace.ch\/it\/wp-json\/wp\/v2\/media?parent=57870"}],"wp:term":[{"taxonomy":"category","embeddable":true,"href":"https:\/\/www.greenpeace.ch\/it\/wp-json\/wp\/v2\/categories?post=57870"},{"taxonomy":"post_tag","embeddable":true,"href":"https:\/\/www.greenpeace.ch\/it\/wp-json\/wp\/v2\/tags?post=57870"}],"curies":[{"name":"wp","href":"https:\/\/api.w.org\/{rel}","templated":true}]}}