{"id":96629,"date":"2023-04-06T14:44:51","date_gmt":"2023-04-06T12:44:51","guid":{"rendered":"https:\/\/www.greenpeace.ch\/?page_id=96629"},"modified":"2025-05-05T12:04:09","modified_gmt":"2025-05-05T10:04:09","slug":"benvenuto","status":"publish","type":"page","link":"https:\/\/www.greenpeace.ch\/it\/benvenuto\/","title":{"rendered":"Il nostro mondo: Verde. Equo. Pacifico."},"content":{"rendered":"\n                \n                <div class=\"wp-block-group alignfull is-layout-flow wp-block-group-is-layout-flow\">\n                \n                <div class=\"wp-block-group container is-layout-flow wp-block-group-is-layout-flow\">\n                \n                <div class=\"wp-block-media-text alignfull has-media-on-the-right is-stacked-on-mobile is-pattern-p4-page-header is-style-parallax\">\n\n                <div class=\"wp-block-media-text__content\">\n                    <div class=\"wp-block-group is-layout-flow wp-block-group-is-layout-flow\">\n                    \n                        <h1 class=\"wp-block-heading has-white-background-color has-background\">\n                            Il nostro mondo: Verde. Equo. Pacifico.\n                        <\/h1>\n                    <\/div>\n                \n\n                \n\n                \n\n                <\/div>\n                <figure class=\"wp-block-media-text__media\">\n                    <img loading=\"lazy\" decoding=\"async\" width=\"885\" height=\"497\"\n                        src=\"https:\/\/www.greenpeace.ch\/static\/planet4-switzerland-stateless\/2023\/02\/0622fdd2-header-welcome.png\"\n                        alt=\"\"\n                        sizes=\"auto, (min-width: 601px) 50vw, 100vw\" srcset=\"https:\/\/www.greenpeace.ch\/static\/planet4-switzerland-stateless\/2023\/02\/0622fdd2-header-welcome.png 885w, https:\/\/www.greenpeace.ch\/static\/planet4-switzerland-stateless\/2023\/02\/0622fdd2-header-welcome-300x168.png 300w, https:\/\/www.greenpeace.ch\/static\/planet4-switzerland-stateless\/2023\/02\/0622fdd2-header-welcome-768x431.png 768w, https:\/\/www.greenpeace.ch\/static\/planet4-switzerland-stateless\/2023\/02\/0622fdd2-header-welcome-510x286.png 510w\" class=\"wp-image-94587 size-full\"\n                    \/>\n                <\/figure>\n                <\/div>\n                \n                <\/div>\n                \n                <\/div>\n                \n                \n                    <div class=\"wp-block-group is-vertical is-layout-flex wp-container-core-group-is-layout-8cf370e7 wp-block-group-is-layout-flex\">\n                    \n\n                    \n                    <\/div>\n                    \n<h2 class=\"wp-block-heading\">Insieme cambiamo il mondo.<\/h2>\n\n<p>Con questa visione, Greenpeace si impegna in tutto il mondo per un mondo verde, giusto e pacifico, dove la vita possa fiorire in tutta la sua diversit\u00e0.<\/p>\n\n<div class=\"wp-block-columns is-layout-flex wp-container-core-columns-is-layout-9d6595d7 wp-block-columns-is-layout-flex\">\n<div class=\"wp-block-column is-layout-flow wp-block-column-is-layout-flow\">\n<blockquote class=\"wp-block-quote is-layout-flow wp-block-quote-is-layout-flow\">\n<p>Ci impegniamo per una soluzione<br>globale alla crisi climatica.<\/p>\n<cite>Georg Klingler Heiligtag,<br>esperto del clima<\/cite><\/blockquote>\n\n\n\n<figure class=\"wp-block-image size-large is-resized\"><img loading=\"lazy\" decoding=\"async\" src=\"https:\/\/www.greenpeace.ch\/static\/planet4-switzerland-stateless\/2023\/02\/6d08c438-georg-1024x1024.png\" alt=\"\" class=\"wp-image-94614\" width=\"256\" height=\"256\" srcset=\"https:\/\/www.greenpeace.ch\/static\/planet4-switzerland-stateless\/2023\/02\/6d08c438-georg-1024x1024.png 1024w, https:\/\/www.greenpeace.ch\/static\/planet4-switzerland-stateless\/2023\/02\/6d08c438-georg-300x300.png 300w, https:\/\/www.greenpeace.ch\/static\/planet4-switzerland-stateless\/2023\/02\/6d08c438-georg-150x150.png 150w, https:\/\/www.greenpeace.ch\/static\/planet4-switzerland-stateless\/2023\/02\/6d08c438-georg-768x768.png 768w, https:\/\/www.greenpeace.ch\/static\/planet4-switzerland-stateless\/2023\/02\/6d08c438-georg-340x340.png 340w, https:\/\/www.greenpeace.ch\/static\/planet4-switzerland-stateless\/2023\/02\/6d08c438-georg.png 1080w\" sizes=\"auto, (max-width: 256px) 100vw, 256px\" \/><\/figure>\n\n\n\n<p>La piazza finanziaria svizzera \u00e8 la pi\u00f9 grande leva su cui possiamo agire per risolvere la crisi climatica: se gli operatori del settore optassero per una vera sostenibilit\u00e0 anzich\u00e9 puntare sulle energie fossili, sulla distruzione della natura e su soluzioni ingannevoli, si potrebbe evitare un aumento delle emissioni svizzere. Tuttavia, anche la Svizzera, come tutti gli altri Paesi, deve contribuire alla soluzione, ed \u00e8 per questo che ci stiamo concentrando, di concerto con il movimento per il clima, a sensibilizzare la<br>maggioranza della popolazione e la politica sull\u2019urgenza di un\u2019inversione di tendenza in materia di protezione del clima.<\/p>\n<\/div>\n\n\n\n<div class=\"wp-block-column is-layout-flow wp-block-column-is-layout-flow\">\n<blockquote class=\"wp-block-quote is-layout-flow wp-block-quote-is-layout-flow\">\n<p>Chiediamo una vera economia circolare che rispetti i limiti del Pianeta.<\/p>\n<cite>Jo\u00eblle H\u00e9rin,<br>esperta di sistemi di consumo<\/cite><\/blockquote>\n\n\n\n<figure class=\"wp-block-image size-large is-resized\"><img loading=\"lazy\" decoding=\"async\" src=\"https:\/\/www.greenpeace.ch\/static\/planet4-switzerland-stateless\/2023\/02\/cb5a6823-joelle-1024x1024.png\" alt=\"\" class=\"wp-image-94617\" width=\"256\" height=\"256\" srcset=\"https:\/\/www.greenpeace.ch\/static\/planet4-switzerland-stateless\/2023\/02\/cb5a6823-joelle-1024x1024.png 1024w, https:\/\/www.greenpeace.ch\/static\/planet4-switzerland-stateless\/2023\/02\/cb5a6823-joelle-300x300.png 300w, https:\/\/www.greenpeace.ch\/static\/planet4-switzerland-stateless\/2023\/02\/cb5a6823-joelle-150x150.png 150w, https:\/\/www.greenpeace.ch\/static\/planet4-switzerland-stateless\/2023\/02\/cb5a6823-joelle-768x768.png 768w, https:\/\/www.greenpeace.ch\/static\/planet4-switzerland-stateless\/2023\/02\/cb5a6823-joelle-340x340.png 340w, https:\/\/www.greenpeace.ch\/static\/planet4-switzerland-stateless\/2023\/02\/cb5a6823-joelle.png 1080w\" sizes=\"auto, (max-width: 256px) 100vw, 256px\" \/><\/figure>\n\n\n\n<p>Il sistema di consumo in Svizzera \u00e8 all\u2019origine, qui e nel Sud globale, di una profonda distruzione ecologica con conseguenze sociali disastrose. I settori della politica, della produzione e del commercio al dettaglio devono<br>promuovere il passaggio a un\u2019economia circolare in armonia con la natura, di cui fa parte anche un\u2019agricoltura ecologica adatta al luogo. Abbiamo urgentemente bisogno di alternative sostenibili al consumo eccessivo.<\/p>\n<\/div>\n\n\n\n<div class=\"wp-block-column is-layout-flow wp-block-column-is-layout-flow\">\n<blockquote class=\"wp-block-quote is-layout-flow wp-block-quote-is-layout-flow\">\n<p>\u00c8 arrivato il momento di percorrere nuove strade.<\/p>\n<cite><br>Agnes Jezler,<br>esperta di cambiamento<\/cite><\/blockquote>\n\n\n\n<figure class=\"wp-block-image size-large is-resized\"><img loading=\"lazy\" decoding=\"async\" src=\"https:\/\/www.greenpeace.ch\/static\/planet4-switzerland-stateless\/2023\/02\/f18fdbff-agnes-1024x1024.png\" alt=\"\" class=\"wp-image-94620\" width=\"256\" height=\"256\" srcset=\"https:\/\/www.greenpeace.ch\/static\/planet4-switzerland-stateless\/2023\/02\/f18fdbff-agnes-1024x1024.png 1024w, https:\/\/www.greenpeace.ch\/static\/planet4-switzerland-stateless\/2023\/02\/f18fdbff-agnes-300x300.png 300w, https:\/\/www.greenpeace.ch\/static\/planet4-switzerland-stateless\/2023\/02\/f18fdbff-agnes-150x150.png 150w, https:\/\/www.greenpeace.ch\/static\/planet4-switzerland-stateless\/2023\/02\/f18fdbff-agnes-768x768.png 768w, https:\/\/www.greenpeace.ch\/static\/planet4-switzerland-stateless\/2023\/02\/f18fdbff-agnes-340x340.png 340w, https:\/\/www.greenpeace.ch\/static\/planet4-switzerland-stateless\/2023\/02\/f18fdbff-agnes.png 1080w\" sizes=\"auto, (max-width: 256px) 100vw, 256px\" \/><\/figure>\n\n\n\n<p>Non riusciremo a fermare la crisi del clima, della biodiversit\u00e0 e le crisi sociali con una semplice riforma del sistema esistente. Si impone urgentemente un ripensamento del nostro sistema nel suo insieme. Un mondo equo a livello globale nei limiti del Pianeta non solo \u00e8 necessario, ma anche possibile. Il raggiungimento di questo traguardo \u00e8 un compito dell\u2019intera societ\u00e0: ciascuna, ciascuno pu\u00f2 e deve dare il proprio contributo al cambiamento.<\/p>\n<\/div>\n<\/div>\n\n<hr class=\"wp-block-separator has-alpha-channel-opacity\"\/>\n\n<h2 class=\"wp-block-heading\">Su quali temi si concentra Greenpeace?<\/h2>\n\n<div class=\"wp-block-columns is-layout-flex wp-container-core-columns-is-layout-9d6595d7 wp-block-columns-is-layout-flex\">\n<div class=\"wp-block-column is-layout-flow wp-block-column-is-layout-flow\">\n<h3 class=\"wp-block-heading\">Clima<\/h3>\n\n\n\n<figure class=\"wp-block-image size-full\"><img loading=\"lazy\" decoding=\"async\" width=\"512\" height=\"342\" src=\"https:\/\/www.greenpeace.ch\/static\/planet4-switzerland-stateless\/2023\/02\/a5376339-kima.png\" alt=\"\" class=\"wp-image-94589\" srcset=\"https:\/\/www.greenpeace.ch\/static\/planet4-switzerland-stateless\/2023\/02\/a5376339-kima.png 512w, https:\/\/www.greenpeace.ch\/static\/planet4-switzerland-stateless\/2023\/02\/a5376339-kima-300x200.png 300w, https:\/\/www.greenpeace.ch\/static\/planet4-switzerland-stateless\/2023\/02\/a5376339-kima-510x340.png 510w\" sizes=\"auto, (max-width: 512px) 100vw, 512px\" \/><\/figure>\n<\/div>\n\n\n\n<div class=\"wp-block-column is-layout-flow wp-block-column-is-layout-flow\">\n<h3 class=\"wp-block-heading\">Consumo<\/h3>\n\n\n\n<figure class=\"wp-block-image size-full\"><img loading=\"lazy\" decoding=\"async\" width=\"512\" height=\"342\" src=\"https:\/\/www.greenpeace.ch\/static\/planet4-switzerland-stateless\/2023\/02\/26f09873-konsum.png\" alt=\"\" class=\"wp-image-94592\" srcset=\"https:\/\/www.greenpeace.ch\/static\/planet4-switzerland-stateless\/2023\/02\/26f09873-konsum.png 512w, https:\/\/www.greenpeace.ch\/static\/planet4-switzerland-stateless\/2023\/02\/26f09873-konsum-300x200.png 300w, https:\/\/www.greenpeace.ch\/static\/planet4-switzerland-stateless\/2023\/02\/26f09873-konsum-510x340.png 510w\" sizes=\"auto, (max-width: 512px) 100vw, 512px\" \/><\/figure>\n<\/div>\n\n\n\n<div class=\"wp-block-column is-layout-flow wp-block-column-is-layout-flow\">\n<h3 class=\"wp-block-heading\">Oceani<\/h3>\n\n\n\n<figure class=\"wp-block-image size-full\"><img loading=\"lazy\" decoding=\"async\" width=\"512\" height=\"342\" src=\"https:\/\/www.greenpeace.ch\/static\/planet4-switzerland-stateless\/2023\/02\/157bbb9a-meer.png\" alt=\"\" class=\"wp-image-94595\" srcset=\"https:\/\/www.greenpeace.ch\/static\/planet4-switzerland-stateless\/2023\/02\/157bbb9a-meer.png 512w, https:\/\/www.greenpeace.ch\/static\/planet4-switzerland-stateless\/2023\/02\/157bbb9a-meer-300x200.png 300w, https:\/\/www.greenpeace.ch\/static\/planet4-switzerland-stateless\/2023\/02\/157bbb9a-meer-510x340.png 510w\" sizes=\"auto, (max-width: 512px) 100vw, 512px\" \/><\/figure>\n<\/div>\n<\/div>\n\n<div class=\"wp-block-columns is-layout-flex wp-container-core-columns-is-layout-9d6595d7 wp-block-columns-is-layout-flex\">\n<div class=\"wp-block-column is-layout-flow wp-block-column-is-layout-flow\">\n<h3 class=\"wp-block-heading\">Finanza<\/h3>\n\n\n\n<figure class=\"wp-block-image size-full\"><img loading=\"lazy\" decoding=\"async\" width=\"512\" height=\"342\" src=\"https:\/\/www.greenpeace.ch\/static\/planet4-switzerland-stateless\/2023\/02\/95c2e406-finanzplatz.png\" alt=\"\" class=\"wp-image-94598\" srcset=\"https:\/\/www.greenpeace.ch\/static\/planet4-switzerland-stateless\/2023\/02\/95c2e406-finanzplatz.png 512w, https:\/\/www.greenpeace.ch\/static\/planet4-switzerland-stateless\/2023\/02\/95c2e406-finanzplatz-300x200.png 300w, https:\/\/www.greenpeace.ch\/static\/planet4-switzerland-stateless\/2023\/02\/95c2e406-finanzplatz-510x340.png 510w\" sizes=\"auto, (max-width: 512px) 100vw, 512px\" \/><\/figure>\n<\/div>\n\n\n\n<div class=\"wp-block-column is-layout-flow wp-block-column-is-layout-flow\">\n<h3 class=\"wp-block-heading\">Foreste<\/h3>\n\n\n\n<figure class=\"wp-block-image size-full\"><img loading=\"lazy\" decoding=\"async\" width=\"512\" height=\"342\" src=\"https:\/\/www.greenpeace.ch\/static\/planet4-switzerland-stateless\/2023\/02\/2d2f0c66-waelder.png\" alt=\"\" class=\"wp-image-94601\" srcset=\"https:\/\/www.greenpeace.ch\/static\/planet4-switzerland-stateless\/2023\/02\/2d2f0c66-waelder.png 512w, https:\/\/www.greenpeace.ch\/static\/planet4-switzerland-stateless\/2023\/02\/2d2f0c66-waelder-300x200.png 300w, https:\/\/www.greenpeace.ch\/static\/planet4-switzerland-stateless\/2023\/02\/2d2f0c66-waelder-510x340.png 510w\" sizes=\"auto, (max-width: 512px) 100vw, 512px\" \/><\/figure>\n<\/div>\n\n\n\n<div class=\"wp-block-column is-layout-flow wp-block-column-is-layout-flow\">\n<h3 class=\"wp-block-heading\">Artico e Antartide<\/h3>\n\n\n\n<figure class=\"wp-block-image size-full\"><img loading=\"lazy\" decoding=\"async\" width=\"512\" height=\"342\" src=\"https:\/\/www.greenpeace.ch\/static\/planet4-switzerland-stateless\/2023\/02\/1c0ca686-arktis.png\" alt=\"\" class=\"wp-image-94604\" srcset=\"https:\/\/www.greenpeace.ch\/static\/planet4-switzerland-stateless\/2023\/02\/1c0ca686-arktis.png 512w, https:\/\/www.greenpeace.ch\/static\/planet4-switzerland-stateless\/2023\/02\/1c0ca686-arktis-300x200.png 300w, https:\/\/www.greenpeace.ch\/static\/planet4-switzerland-stateless\/2023\/02\/1c0ca686-arktis-510x340.png 510w\" sizes=\"auto, (max-width: 512px) 100vw, 512px\" \/><\/figure>\n<\/div>\n<\/div>\n\n<div class=\"wp-block-columns is-layout-flex wp-container-core-columns-is-layout-9d6595d7 wp-block-columns-is-layout-flex\">\n<div class=\"wp-block-column is-layout-flow wp-block-column-is-layout-flow\">\n<h3 class=\"wp-block-heading\">Cabiamento<\/h3>\n\n\n\n<figure class=\"wp-block-image size-full\"><img loading=\"lazy\" decoding=\"async\" width=\"512\" height=\"342\" src=\"https:\/\/www.greenpeace.ch\/static\/planet4-switzerland-stateless\/2023\/02\/ebaddf43-change.png\" alt=\"\" class=\"wp-image-94607\" srcset=\"https:\/\/www.greenpeace.ch\/static\/planet4-switzerland-stateless\/2023\/02\/ebaddf43-change.png 512w, https:\/\/www.greenpeace.ch\/static\/planet4-switzerland-stateless\/2023\/02\/ebaddf43-change-300x200.png 300w, https:\/\/www.greenpeace.ch\/static\/planet4-switzerland-stateless\/2023\/02\/ebaddf43-change-510x340.png 510w\" sizes=\"auto, (max-width: 512px) 100vw, 512px\" \/><\/figure>\n<\/div>\n\n\n\n<div class=\"wp-block-column is-layout-flow wp-block-column-is-layout-flow\"><\/div>\n\n\n\n<div class=\"wp-block-column is-layout-flow wp-block-column-is-layout-flow\"><\/div>\n<\/div>\n\n<hr class=\"wp-block-separator has-alpha-channel-opacity\"\/>\n\n<h2 class=\"wp-block-heading\">Come Greenpeace trasforma il mondo da oltre 50 anni<\/h2>\n\n<div class=\"wp-block-columns is-layout-flex wp-container-core-columns-is-layout-9d6595d7 wp-block-columns-is-layout-flex\">\n<div class=\"wp-block-column is-layout-flow wp-block-column-is-layout-flow\">\n<h3 class=\"wp-block-heading\">1971<\/h3>\n\n\n\n<p>Come tutto ebbe inizio: Greenpeace libera il<br>mondo dai test nucleari.<\/p>\n\n\n\n<h3 class=\"wp-block-heading\"><strong>1991<\/strong><\/h3>\n\n\n\n<p>Dopo anni d\u2019impegno di Greenpeace: per 50 anni, l\u2019Antartide \u00e8 al riparo dallo sfruttamento delle materie prime.<\/p>\n\n\n\n<h3 class=\"wp-block-heading\"><strong>2014<\/strong><\/h3>\n\n\n\n<p>Una vittoria per le balene e per Greenpeace: la caccia alle balene in Giappone \u00e8 dichiarata illegale.<\/p>\n\n\n\n<h3 class=\"wp-block-heading\"><strong>2018<\/strong><\/h3>\n\n\n\n<p>Successi per la campagna sui pesticidi: i veleni pi\u00f9 letali per le api sono messi al bando nell\u2019UE e in Svizzera.<\/p>\n\n\n\n<h3 class=\"wp-block-heading\">2021<\/h3>\n\n\n\n<p>Protezione dalla deforestazione per l\u2019olio di palma: insieme alle comunit\u00e0 indigene, Greenpeace riesce a proteggere 320.000 ettari di foreste<br>indonesiane.<\/p>\n<\/div>\n\n\n\n<div class=\"wp-block-column is-layout-flow wp-block-column-is-layout-flow\">\n<figure class=\"wp-block-image size-large\"><img loading=\"lazy\" decoding=\"async\" width=\"1024\" height=\"600\" src=\"https:\/\/www.greenpeace.ch\/static\/planet4-switzerland-stateless\/2023\/04\/1f076957-bildschirmfoto-2023-04-06-um-10.07.19-1024x600.png\" alt=\"\" class=\"wp-image-96601\" srcset=\"https:\/\/www.greenpeace.ch\/static\/planet4-switzerland-stateless\/2023\/04\/1f076957-bildschirmfoto-2023-04-06-um-10.07.19-1024x600.png 1024w, https:\/\/www.greenpeace.ch\/static\/planet4-switzerland-stateless\/2023\/04\/1f076957-bildschirmfoto-2023-04-06-um-10.07.19-300x176.png 300w, https:\/\/www.greenpeace.ch\/static\/planet4-switzerland-stateless\/2023\/04\/1f076957-bildschirmfoto-2023-04-06-um-10.07.19-768x450.png 768w, https:\/\/www.greenpeace.ch\/static\/planet4-switzerland-stateless\/2023\/04\/1f076957-bildschirmfoto-2023-04-06-um-10.07.19-510x299.png 510w, https:\/\/www.greenpeace.ch\/static\/planet4-switzerland-stateless\/2023\/04\/1f076957-bildschirmfoto-2023-04-06-um-10.07.19.png 1164w\" sizes=\"auto, (max-width: 1024px) 100vw, 1024px\" \/><\/figure>\n<\/div>\n<\/div>\n\n<hr class=\"wp-block-separator has-alpha-channel-opacity\"\/>\n\n<h2 class=\"wp-block-heading\">Il vostro contributo alla protezione dell&#8217;ambiente<\/h2>\n\n<p>Greenpeace \u00e8 indipendente. Il nostro lavoro \u00e8 indipendente da governi, partiti e gruppi d\u2019interesse economico e ci finanziamo unicamente con le donazioni di privati e devoluzioni di fondazioni selezionate. Allo stesso modo, non accettiamo finanziamenti dei nostri progetti da parte dell\u2019UE o dell\u2019ONU. Questo ci distingue in maniera sostanziale da altre organizzazioni. Tanto pi\u00f9 vi siamo grati se con il vostro impegno rendete possibile il nostro lavoro.<\/p>\n\n<div class=\"wp-block-columns is-layout-flex wp-container-core-columns-is-layout-9d6595d7 wp-block-columns-is-layout-flex\">\n<div class=\"wp-block-column is-layout-flow wp-block-column-is-layout-flow\">\n<h3 class=\"wp-block-heading\"><strong>Don<\/strong>azione<\/h3>\n\n\n\n<p><a href=\"https:\/\/www.greenpeace.ch\/it\/agire\/donare\/\">Ogni importo<\/a> \u00e8 prezioso per sostenere le nostre campagne.<\/p>\n\n\n\n<h3 class=\"wp-block-heading\"><strong>Ad<\/strong>esione<\/h3>\n\n\n\n<p>Entrate a far parte della comunit\u00e0 di Greenpeace versando la <a href=\"https:\/\/www.greenpeace.ch\/it\/handeln\/spenden\/membro-di-greenpeace\/\">quota d\u2019adesione<\/a> da CHF 84 l\u2019anno. Regalare un\u2019adesione a una persona cara fa sempre piacere.<\/p>\n\n\n\n<h3 class=\"wp-block-heading\">Donazione d&#8217;evento<\/h3>\n\n\n\n<p>Fate una colletta per Greenpeace in occasione di un evento speciale.<\/p>\n\n\n\n<h3 class=\"wp-block-heading\">Lascito<\/h3>\n\n\n\n<p>Date un importante contributo per il mondo di domani.<\/p>\n\n\n\n<h3 class=\"wp-block-heading\">Filantropia<\/h3>\n\n\n\n<p>Effettuate una donazione per un progetto facendo del bene per il Pianeta.<\/p>\n<\/div>\n\n\n\n<div class=\"wp-block-column is-layout-flow wp-block-column-is-layout-flow\">\n<figure class=\"wp-block-image size-large\"><img loading=\"lazy\" decoding=\"async\" width=\"1024\" height=\"683\" src=\"https:\/\/www.greenpeace.ch\/static\/planet4-switzerland-stateless\/2023\/02\/290d8164-gemeinsam-veraendern-wir-die-welt-1024x683.jpg\" alt=\"\" class=\"wp-image-94630\" srcset=\"https:\/\/www.greenpeace.ch\/static\/planet4-switzerland-stateless\/2023\/02\/290d8164-gemeinsam-veraendern-wir-die-welt-1024x683.jpg 1024w, https:\/\/www.greenpeace.ch\/static\/planet4-switzerland-stateless\/2023\/02\/290d8164-gemeinsam-veraendern-wir-die-welt-300x200.jpg 300w, https:\/\/www.greenpeace.ch\/static\/planet4-switzerland-stateless\/2023\/02\/290d8164-gemeinsam-veraendern-wir-die-welt-768x512.jpg 768w, https:\/\/www.greenpeace.ch\/static\/planet4-switzerland-stateless\/2023\/02\/290d8164-gemeinsam-veraendern-wir-die-welt-1536x1024.jpg 1536w, https:\/\/www.greenpeace.ch\/static\/planet4-switzerland-stateless\/2023\/02\/290d8164-gemeinsam-veraendern-wir-die-welt-2048x1366.jpg 2048w, https:\/\/www.greenpeace.ch\/static\/planet4-switzerland-stateless\/2023\/02\/290d8164-gemeinsam-veraendern-wir-die-welt-510x340.jpg 510w\" sizes=\"auto, (max-width: 1024px) 100vw, 1024px\" \/><\/figure>\n\n\n\n<h3 class=\"wp-block-heading\">Volontariato<\/h3>\n\n\n\n<p class=\"has-text-align-left is-style-accent-1\">\u00c8 possibile partecipare sotto forma di <a href=\"https:\/\/greenwire.greenpeace.ch\/it\/node\/222\">volontariato<\/a> alle campagne di Greenpeace in diversi modi: in un gruppo regionale, nell\u2019ambito di un progetto specifico oppure a lungo termine. <\/p>\n\n\n\n<p>Scriveteci un\u2019e-mail all\u2019indirizzo: <a href=\"mailto:svizzera@greenpeace.org\" target=\"_blank\" rel=\"noreferrer noopener\">svizzera@greenpeace.org<\/a><\/p>\n<\/div>\n<\/div>\n","protected":false},"excerpt":{"rendered":"<p>Insieme cambiamo il mondo. Con questa visione, Greenpeace si impegna in tutto il mondo per un mondo verde, giusto e pacifico, dove la vita possa fiorire in tutta la sua diversit\u00e0. Ci impegniamo per una soluzioneglobale alla crisi climatica. La piazza finanziaria svizzera \u00e8 la pi\u00f9 grande leva su cui possiamo agire per risolvere la [&hellip;]<\/p>\n","protected":false},"author":23,"featured_media":94587,"parent":0,"menu_order":0,"comment_status":"closed","ping_status":"closed","template":"","meta":{"_acf_changed":false,"_planet4_optimize_post_is_variant":false,"_planet4_optimize_experiment_name":"","_planet4_optimize_variant_name":"","ep_exclude_from_search":false,"p4_hide_page_title_checkbox":"on","p4_title":"","p4_subtitle":"","p4_description":"","background_image_id":"","background_image":"","p4_button_title":"","p4_button_link":"","p4_button_link_checkbox":"","p4_og_title":"","p4_og_description":"","p4_og_image":"https:\/\/www.greenpeace.ch\/static\/planet4-switzerland-stateless\/2023\/02\/0622fdd2-header-welcome.png","p4_og_image_id":"94587","p4_seo_canonical_url":"","p4_campaign_name":"","p4_local_project":"","p4_basket_name":"","p4_department":"","footnotes":""},"categories":[],"tags":[],"class_list":["post-96629","page","type-page","status-publish","has-post-thumbnail","hentry"],"acf":[],"_links":{"self":[{"href":"https:\/\/www.greenpeace.ch\/it\/wp-json\/wp\/v2\/pages\/96629","targetHints":{"allow":["GET"]}}],"collection":[{"href":"https:\/\/www.greenpeace.ch\/it\/wp-json\/wp\/v2\/pages"}],"about":[{"href":"https:\/\/www.greenpeace.ch\/it\/wp-json\/wp\/v2\/types\/page"}],"author":[{"embeddable":true,"href":"https:\/\/www.greenpeace.ch\/it\/wp-json\/wp\/v2\/users\/23"}],"replies":[{"embeddable":true,"href":"https:\/\/www.greenpeace.ch\/it\/wp-json\/wp\/v2\/comments?post=96629"}],"version-history":[{"count":3,"href":"https:\/\/www.greenpeace.ch\/it\/wp-json\/wp\/v2\/pages\/96629\/revisions"}],"predecessor-version":[{"id":119779,"href":"https:\/\/www.greenpeace.ch\/it\/wp-json\/wp\/v2\/pages\/96629\/revisions\/119779"}],"wp:featuredmedia":[{"embeddable":true,"href":"https:\/\/www.greenpeace.ch\/it\/wp-json\/wp\/v2\/media\/94587"}],"wp:attachment":[{"href":"https:\/\/www.greenpeace.ch\/it\/wp-json\/wp\/v2\/media?parent=96629"}],"wp:term":[{"taxonomy":"category","embeddable":true,"href":"https:\/\/www.greenpeace.ch\/it\/wp-json\/wp\/v2\/categories?post=96629"},{"taxonomy":"post_tag","embeddable":true,"href":"https:\/\/www.greenpeace.ch\/it\/wp-json\/wp\/v2\/tags?post=96629"}],"curies":[{"name":"wp","href":"https:\/\/api.w.org\/{rel}","templated":true}]}}